{"id":9939,"date":"2024-04-11T10:19:31","date_gmt":"2024-04-11T17:19:31","guid":{"rendered":"https:\/\/cleanwaterservices.org\/?page_id=9939"},"modified":"2025-08-26T10:14:07","modified_gmt":"2025-08-26T17:14:07","slug":"tours-de-las-instalaciones","status":"publish","type":"page","link":"https:\/\/cleanwaterservices.org\/es\/comunidad-y-casa\/compromiso-de-la-comunidad\/tours-de-las-instalaciones\/","title":{"rendered":"Recorridos por las Instalaciones"},"content":{"rendered":"\n<figure class=\"wp-block-image alignright size-large is-resized is-style-circle\"><img loading=\"lazy\" decoding=\"async\" width=\"1024\" height=\"768\" src=\"https:\/\/cleanwaterservices.org\/wp-content\/uploads\/2022\/06\/Facility-tour-1024x768.jpg\" alt=\"\" class=\"wp-image-6074\" style=\"width:330px;height:auto\" srcset=\"https:\/\/cleanwaterservices.org\/wp-content\/uploads\/2022\/06\/Facility-tour-1024x768.jpg 1024w, https:\/\/cleanwaterservices.org\/wp-content\/uploads\/2022\/06\/Facility-tour-300x225.jpg 300w, https:\/\/cleanwaterservices.org\/wp-content\/uploads\/2022\/06\/Facility-tour-768x576.jpg 768w, https:\/\/cleanwaterservices.org\/wp-content\/uploads\/2022\/06\/Facility-tour-1536x1152.jpg 1536w, https:\/\/cleanwaterservices.org\/wp-content\/uploads\/2022\/06\/Facility-tour-2048x1536.jpg 2048w\" sizes=\"auto, 384px\" \/><\/figure>\n\n\n\n<p class=\"wp-block-paragraph\">En las tasas de ba\u00f1o, lavabos, lavadoras de platos, tinas ba\u00f1eras y lavadoras de ropa\u2014hay muchas formas de utilizar el agua en casa todos los d\u00edas. \u00bfSe ha usted preguntado qu\u00e9 pasa con esa agua despu\u00e9s de tirarla por el desag\u00fce? Al final, el agua del Condado de Washington termina de nuevo en el R\u00edo Tualatin, pero pasa por un gran proceso para llegar all\u00ed.&nbsp;&nbsp;<\/p>\n\n\n\n<p class=\"wp-block-paragraph\">Explore nuestro proceso virtual del tratamiento u observe de primera mano la forma de c\u00f3mo limpiamos el agua usada de los hogares y negocios hasta lograr est\u00e1ndares de agua casi potable.&nbsp;<\/p>\n\n\n\n<h3 class=\"wp-block-heading\">Recorridos p\u00fablicos<\/h3>\n\n\n\n<p class=\"wp-block-paragraph\">Los recorridos p\u00fablicos est\u00e1n en pausa por la temporada. Vuelva a consultar m\u00e1s tarde para actualizaciones. <\/p>\n\n\n\n<h3 class=\"wp-block-heading\">Recorridos<strong> guiados para Grupos Escolares y Comunitarios<\/strong><\/h3>\n\n\n\n<p class=\"wp-block-paragraph\">Env\u00ede <a href=\"https:\/\/dynamic.cleanwaterservices.org\/Forms\/Tour\">este formulario en l\u00ednea<\/a> para solicitar un recorrido para su grupo de 10 o m\u00e1s.&nbsp;<\/p>\n\n\n\n<ul class=\"wp-block-list\">\n<li>Recorridos con gu\u00eda para grupos escolares y comunitarios&nbsp;<\/li>\n\n\n\n<li>Env\u00ede este formulario en l\u00ednea para solicitar un recorrido para su grupo de 10 o m\u00e1s.&nbsp;<\/li>\n\n\n\n<li>\u2022 Los horarios de los recorridos son de martes a jueves, de 9:30 a 11:30 a. m. y de 1 a 3 p. m.&nbsp;<\/li>\n\n\n\n<li>\u2022 Los recorridos est\u00e1n a su disposici\u00f3n en nuestras instalaciones de Durham (Tigard), Rock Creek (Hillsboro) o Forest Grove.&nbsp;<\/li>\n\n\n\n<li>\u2022 Los recorridos duran 90 minutos.&nbsp;<\/li>\n\n\n\n<li>\u2022 El tama\u00f1o del grupo es de 10 a 30 personas.&nbsp;<\/li>\n\n\n\n<li>\u2022 Los recorridos se realizan a pie y recorren superficies irregulares, escaleras y t\u00faneles. V\u00edstase seg\u00fan el clima y use zapatos cerrados.&nbsp;<\/li>\n\n\n\n<li>\u2022 Los recorridos son adecuados para los grados del 4 en adelante. Los grupos escolares, deber\u00e1n traer un acompa\u00f1ante adulto por cada 10 estudiantes.&nbsp;<\/li>\n\n\n\n<li>Conozca nuestros <a href=\"https:\/\/cleanwaterservices.org\/es\/comunidad-y-casa\/compromiso-de-la-comunidad\/educacion\/general\/\" target=\"_blank\" rel=\"noreferrer noopener\">programas de educaci\u00f3n estudiantil<\/a>.&nbsp;<\/li>\n<\/ul>\n\n\n\n<p class=\"wp-block-paragraph\"><\/p>\n","protected":false},"excerpt":{"rendered":"<p>En las tasas de ba\u00f1o, lavabos, lavadoras de platos, tinas ba\u00f1eras y lavadoras de ropa\u2014hay muchas formas de utilizar el agua en casa todos los d\u00edas. \u00bfSe ha usted preguntado qu\u00e9 pasa con esa agua despu\u00e9s de tirarla por el desag\u00fce? Al final, el agua del Condado de Washington termina de nuevo en el R\u00edo [&hellip;]<\/p>\n","protected":false},"author":220134314,"featured_media":6074,"parent":4391,"menu_order":3,"comment_status":"closed","ping_status":"closed","template":"","meta":{"_acf_changed":false,"_crdt_document":"","footnotes":""},"class_list":["post-9939","page","type-page","status-publish","has-post-thumbnail","hentry"],"acf":[],"_links":{"self":[{"href":"https:\/\/cleanwaterservices.org\/es\/wp-json\/wp\/v2\/pages\/9939","targetHints":{"allow":["GET"]}}],"collection":[{"href":"https:\/\/cleanwaterservices.org\/es\/wp-json\/wp\/v2\/pages"}],"about":[{"href":"https:\/\/cleanwaterservices.org\/es\/wp-json\/wp\/v2\/types\/page"}],"author":[{"embeddable":true,"href":"https:\/\/cleanwaterservices.org\/es\/wp-json\/wp\/v2\/users\/220134314"}],"replies":[{"embeddable":true,"href":"https:\/\/cleanwaterservices.org\/es\/wp-json\/wp\/v2\/comments?post=9939"}],"version-history":[{"count":5,"href":"https:\/\/cleanwaterservices.org\/es\/wp-json\/wp\/v2\/pages\/9939\/revisions"}],"predecessor-version":[{"id":12895,"href":"https:\/\/cleanwaterservices.org\/es\/wp-json\/wp\/v2\/pages\/9939\/revisions\/12895"}],"up":[{"embeddable":true,"href":"https:\/\/cleanwaterservices.org\/es\/wp-json\/wp\/v2\/pages\/4391"}],"wp:featuredmedia":[{"embeddable":true,"href":"https:\/\/cleanwaterservices.org\/es\/wp-json\/wp\/v2\/media\/6074"}],"wp:attachment":[{"href":"https:\/\/cleanwaterservices.org\/es\/wp-json\/wp\/v2\/media?parent=9939"}],"curies":[{"name":"wp","href":"https:\/\/api.w.org\/{rel}","templated":true}]}}