{"id":9381,"date":"2023-12-22T09:23:57","date_gmt":"2023-12-22T17:23:57","guid":{"rendered":"https:\/\/cleanwaterservices.org\/?page_id=9381"},"modified":"2026-01-14T13:02:20","modified_gmt":"2026-01-14T21:02:20","slug":"programa-de-las-aguas-pluviales-industriales-y-comerciales","status":"publish","type":"page","link":"https:\/\/cleanwaterservices.org\/es\/industria-de-negocios\/programa-de-las-aguas-pluviales-industriales-y-comerciales\/","title":{"rendered":"Programa de las Aguas Pluviales Industriales y Comerciales"},"content":{"rendered":"\n<figure class=\"wp-block-image alignright size-large is-style-circle\"><img loading=\"lazy\" decoding=\"async\" width=\"1024\" height=\"683\" src=\"https:\/\/cleanwaterservices.org\/wp-content\/uploads\/2022\/06\/GettyImages-825725708-1024x683.jpg\" alt=\"GettyImages-825725708\" class=\"wp-image-2821\" srcset=\"https:\/\/cleanwaterservices.org\/wp-content\/uploads\/2022\/06\/GettyImages-825725708-1024x683.jpg 1024w, https:\/\/cleanwaterservices.org\/wp-content\/uploads\/2022\/06\/GettyImages-825725708-300x200.jpg 300w, https:\/\/cleanwaterservices.org\/wp-content\/uploads\/2022\/06\/GettyImages-825725708-768x512.jpg 768w, https:\/\/cleanwaterservices.org\/wp-content\/uploads\/2022\/06\/GettyImages-825725708-1536x1024.jpg 1536w, https:\/\/cleanwaterservices.org\/wp-content\/uploads\/2022\/06\/GettyImages-825725708-2048x1365.jpg 2048w\" sizes=\"auto, 384px\" \/><\/figure>\n\n\n\n<p class=\"wp-block-paragraph\">Los drenajes de aguas pluviales en el \u00e1rea de servicio de la agencia Servicios de Agua Limpia o Clean Water Services (CWS, siglas en ingl\u00e9s) conducen a arroyos locales o al R\u00edo Tualatin, y nuestras acciones tienen un impacto directo en la cuenca. Nuestra Ordenanza de Residuos No Dom\u00e9sticos 42 proh\u00edbe verter o canalizar las aguas residuales u otros contaminantes al sistema de drenaje de las aguas pluviales. <\/p>\n\n\n\n\n\n<p class=\"wp-block-paragraph\">El objetivo de nuestro programa de aguas pluviales industriales y comerciales es reducir las cargas de contaminantes en las corrientes de aguas pluviales a la Cuenca del r\u00edo Tualatin centr\u00e1ndose en las Mejores Pr\u00e1cticas Administrativas del control de las fuentes.<\/p>\n\n\n\n<h3 class=\"wp-block-heading\"><strong>El permiso de Descarga de Aguas Pluviales Industriales<\/strong><\/h3>\n\n\n\n<p class=\"wp-block-paragraph\">Bas\u00e1ndonos en las reglamentaciones federales, las instalaciones industriales que descargan las aguas pluviales desde sus \u00e1reas industriales a las aguas de superficie o a los desag\u00fces pluviales que descargan a las aguas de superficie deben tener cobertura de permiso del Sistema Nacional de Eliminaci\u00f3n de Descargas de Contaminantes (NPDES, siglas en ingl\u00e9s). <\/p>\n\n\n\n<p class=\"wp-block-paragraph\">Nuestro programa de Servicios Ambientales administra una parte de este programa NPDES a trav\u00e9s de un acuerdo con el Departamento de Calidad Ambiental de Oregon (DEQ, siglas en ingl\u00e9s). Espec\u00edficamente, administramos el Permiso General DEQ NPDES 1200-Z dentro de nuestra \u00e1rea de servicio. Si su instalaci\u00f3n industrial se encuentra dentro del alcance de estas reglamentaciones, debe solicitar este permiso a trav\u00e9s de los Servicios Ambientales para descargar aguas pluviales asociadas con actividades industriales al sistema de aguas de superficie. Consulte el C\u00f3digo de Regulaci\u00f3n Federal, parte 122.26 (b)(14) o la Tabla 1 del Permiso General 1200-Z para obtener una lista de las instalaciones industriales que se requieren para obtener este permiso.<\/p>\n\n\n\n<h3 class=\"wp-block-heading\"><strong>Contactos<\/strong><\/h3>\n\n\n\n<p class=\"wp-block-paragraph\"><strong>Clean Water Services <\/strong><br>Programa de Servicios Ambientales <br><a href=\"mailto:escasemanagers@cleanwaterservices.org\">escasemanagers@cleanwaterservices.org<\/a> <br>503.681.5175<\/p>\n\n\n\n<h3 class=\"wp-block-heading\"><strong>Formas de DEQ<\/strong><\/h3>\n\n\n\n<ul class=\"wp-block-list\">\n<li><a href=\"https:\/\/cleanwaterservices.org\/wp-content\/uploads\/2026\/01\/2025-WQ-1200-Z-New-Application.pdf\" target=\"_blank\" rel=\"noreferrer noopener\">Solicitud del Permiso 1200-Z<\/a> (PDF)<\/li>\n\n\n\n<li><a href=\"https:\/\/cleanwaterservices.org\/wp-content\/uploads\/2022\/06\/name-change-or-transfer.pdf\" target=\"_blank\" rel=\"noreferrer noopener\">Cambio o Transferencia de Nombre <\/a>(PDF)<\/li>\n\n\n\n<li><a href=\"https:\/\/cleanwaterservices.org\/wp-content\/uploads\/2022\/06\/not_1200a_1200z.pdf\" target=\"_blank\" rel=\"noreferrer noopener\">Aviso de Terminaci\u00f3n <\/a> (PDF)<\/li>\n\n\n\n<li><a href=\"https:\/\/cleanwaterservices.org\/wp-content\/uploads\/2022\/06\/1200zdmr_2021-agents-final.xlsx\" target=\"_blank\" rel=\"noreferrer noopener\">Reportes de Monitoreo de la Ddescarga <\/a> (XLS)<\/li>\n\n\n\n<li><a href=\"https:\/\/cleanwaterservices.org\/wp-content\/uploads\/2022\/06\/lucs.pdf\" target=\"_blank\" rel=\"noreferrer noopener\">Declaraci\u00f3n de Compatibilidad del Uso de la Tierra<\/a> (PDF)<\/li>\n\n\n\n<li><a href=\"https:\/\/cleanwaterservices.org\/wp-content\/uploads\/2025\/01\/No-Exposure-Certification-NEC-Application-ADA.pdf\" target=\"_blank\" rel=\"noreferrer noopener\">Certificaci\u00f3n de no Exposici\u00f3n <\/a> (PDF)<\/li>\n<\/ul>\n\n\n\n<h3 class=\"wp-block-heading\"><strong>Instalaciones de la Calidad del Agua<\/strong><\/h3>\n\n\n\n<p class=\"wp-block-paragraph\">Instalaciones de Calidad del Aagua Clean Water Services y sus ciudades asociadas han iniciado un programa para peri\u00f3dicamente inspeccionar y apoyar el mantenimiento de las instalaciones de calidad del agua de propiedad privada. Estas instalaciones est\u00e1n construidas para proteger los preciosos recursos hidr\u00e1ulicos al eliminar la contaminaci\u00f3n de las corrientes de aguas pluviales. La ley exige las instalaciones de calidad del agua y deben cumplir con el permiso municipal de aguas pluviales (MS4) de Clean Water Services y las regulaciones de DEQ.<\/p>\n\n\n\n<ul class=\"wp-block-list\">\n<li><a href=\"https:\/\/cleanwaterservices.org\/es\/industria-de-negocios\/programa-de-instalaciones-privadas-de-calidad-del-agua\/\" data-type=\"page\" data-id=\"537\">Obtenga m\u00e1s informaci\u00f3n<\/a> sobre el dise\u00f1o y la funci\u00f3n de las instalaciones de calidad del agua, la inspecci\u00f3n preferida, y las pr\u00e1cticas de mantenimiento.<\/li>\n<\/ul>\n\n\n\n<div class=\"block-cws-image \">\n\t<div class=\"cws-image__img \">\n\t\t<img loading=\"lazy\" decoding=\"async\" width=\"300\" height=\"200\" src=\"https:\/\/cleanwaterservices.org\/wp-content\/uploads\/2022\/06\/2016-aerial-West-Linn-Tualatin-River-loop-335-300x200.jpg\" srcset=\"https:\/\/cleanwaterservices.org\/wp-content\/uploads\/2022\/06\/2016-aerial-West-Linn-Tualatin-River-loop-335-300x200.jpg 300w, https:\/\/cleanwaterservices.org\/wp-content\/uploads\/2022\/06\/2016-aerial-West-Linn-Tualatin-River-loop-335-1024x683.jpg 1024w, https:\/\/cleanwaterservices.org\/wp-content\/uploads\/2022\/06\/2016-aerial-West-Linn-Tualatin-River-loop-335-768x512.jpg 768w, https:\/\/cleanwaterservices.org\/wp-content\/uploads\/2022\/06\/2016-aerial-West-Linn-Tualatin-River-loop-335-1536x1024.jpg 1536w, https:\/\/cleanwaterservices.org\/wp-content\/uploads\/2022\/06\/2016-aerial-West-Linn-Tualatin-River-loop-335.jpg 1920w\" sizes=\"auto, (max-width: 820px) 93vw, 515px\" class=\"wp-image-6218\" alt=\"Imagen a\u00e9rea del r\u00edo Tualatin curv\u00e1ndose alrededor de las casas residenciales. El monte Hood y el monte St Helens se encuentran en el fondo.\">\t<\/div>\n\t\t<div class=\"cws-image__caption\">\n\t\t<h3 class=\"title\">Programa de las Aguas Pluviales<\/h3>\t\t<div class=\"text\"><p>CWS, el Condado de Washington y nuestras 12 ciudades socias trabajan de forma colaborativa para considerar toda la cuenca al manejar los recursos hidr\u00e1ulicos.\u00a0Cuando hablamos de aguas pluviales, aqu\u00ed se incluyen las corrientes de agua de los vecindarios al igual que las de las empresas, y abarca una amplia gama de medidas de reducci\u00f3n de la contaminaci\u00f3n de las aguas pluviales, en donde se incluye el mantenimiento de los canales, el barrido de las calles, la educaci\u00f3n, y m\u00e1s. Aprenda m\u00e1s sobre el <a href=\"https:\/\/cleanwaterservices.org\/es\/aguas-pluviales\">Programa de Aguas Pluviales<\/a>.<\/p>\n<\/div>\t<\/div>\n<\/div>\n","protected":false},"excerpt":{"rendered":"<p>Los drenajes de aguas pluviales en el \u00e1rea de servicio de la agencia Servicios de Agua Limpia o Clean Water Services (CWS, siglas en ingl\u00e9s) conducen a arroyos locales o al R\u00edo Tualatin, y nuestras acciones tienen un impacto directo en la cuenca. Nuestra Ordenanza de Residuos No Dom\u00e9sticos 42 proh\u00edbe verter o canalizar las [&hellip;]<\/p>\n","protected":false},"author":220134314,"featured_media":0,"parent":4149,"menu_order":2,"comment_status":"closed","ping_status":"closed","template":"","meta":{"_acf_changed":false,"_crdt_document":"","footnotes":""},"class_list":["post-9381","page","type-page","status-publish","hentry"],"acf":[],"_links":{"self":[{"href":"https:\/\/cleanwaterservices.org\/es\/wp-json\/wp\/v2\/pages\/9381","targetHints":{"allow":["GET"]}}],"collection":[{"href":"https:\/\/cleanwaterservices.org\/es\/wp-json\/wp\/v2\/pages"}],"about":[{"href":"https:\/\/cleanwaterservices.org\/es\/wp-json\/wp\/v2\/types\/page"}],"author":[{"embeddable":true,"href":"https:\/\/cleanwaterservices.org\/es\/wp-json\/wp\/v2\/users\/220134314"}],"replies":[{"embeddable":true,"href":"https:\/\/cleanwaterservices.org\/es\/wp-json\/wp\/v2\/comments?post=9381"}],"version-history":[{"count":8,"href":"https:\/\/cleanwaterservices.org\/es\/wp-json\/wp\/v2\/pages\/9381\/revisions"}],"predecessor-version":[{"id":14088,"href":"https:\/\/cleanwaterservices.org\/es\/wp-json\/wp\/v2\/pages\/9381\/revisions\/14088"}],"up":[{"embeddable":true,"href":"https:\/\/cleanwaterservices.org\/es\/wp-json\/wp\/v2\/pages\/4149"}],"wp:attachment":[{"href":"https:\/\/cleanwaterservices.org\/es\/wp-json\/wp\/v2\/media?parent=9381"}],"curies":[{"name":"wp","href":"https:\/\/api.w.org\/{rel}","templated":true}]}}