{"id":8955,"date":"2023-06-01T09:25:58","date_gmt":"2023-06-01T16:25:58","guid":{"rendered":"https:\/\/cleanwaterservices.org\/comunidad-y-casa\/recursos\/recursos-de-patio-y-vecindario\/soluciones-amigables-con-la-transmision\/descarte-su-fregadero\/"},"modified":"2023-06-01T12:03:06","modified_gmt":"2023-06-01T19:03:06","slug":"descarte-su-fregadero","status":"publish","type":"page","link":"https:\/\/cleanwaterservices.org\/es\/comunidad-y-casa\/recursos\/recursos-de-patio-y-vecindario\/soluciones-amigables-con-la-transmision\/descarte-su-fregadero\/","title":{"rendered":"Descarte su Fregadero"},"content":{"rendered":"\n<figure class=\"wp-block-image alignright size-large is-style-circle\"><img loading=\"lazy\" decoding=\"async\" width=\"1024\" height=\"630\" src=\"https:\/\/cleanwaterservices.org\/wp-content\/uploads\/2023\/06\/dishwasher-1-1024x630.jpg\" alt=\"Open dishwasher loaded with various flatware and cutlery, ready to be run.\" class=\"wp-image-8933\" srcset=\"https:\/\/cleanwaterservices.org\/wp-content\/uploads\/2023\/06\/dishwasher-1-1024x630.jpg 1024w, https:\/\/cleanwaterservices.org\/wp-content\/uploads\/2023\/06\/dishwasher-1-300x185.jpg 300w, https:\/\/cleanwaterservices.org\/wp-content\/uploads\/2023\/06\/dishwasher-1-768x472.jpg 768w, https:\/\/cleanwaterservices.org\/wp-content\/uploads\/2023\/06\/dishwasher-1-1536x945.jpg 1536w, https:\/\/cleanwaterservices.org\/wp-content\/uploads\/2023\/06\/dishwasher-1-2048x1260.jpg 2048w\" sizes=\"auto, 384px\" \/><figcaption class=\"wp-element-caption\">Cocina<\/figcaption><\/figure>\n\n<p class=\"wp-block-paragraph\">\u00bfQuiere ahorrar tiempo, agua, dinero y energ\u00eda? Haga que la limpieza despu\u00e9s de sus comidas sea una tarea menos complicada y de un impacto menor en su cuenta bancaria, en sus tuber\u00edas, y en el medio ambiente al no usar su fregadero y dejar que su lavadora de trastes haga el trabajo que debe hacer.<\/p>\n\n<h3 class=\"wp-block-heading\">Raspar, Meter los Platos, Prender<\/h3>\n\n<p class=\"wp-block-paragraph\">Raspe la mayor cantidad de comida que pueda en su cubeta de compost o basura, luego meta los platos y prenda su lavadora. Unos cuantos minutos de abrir de la llave consumen m\u00e1s agua \u2014 y energ\u00eda si lo hace funcionar con agua caliente \u2014 que un ciclo completo de la lavadora de trastes.<\/p>\n\n<p class=\"wp-block-paragraph\">Adem\u00e1s, las lavadoras de trastes de hoy en d\u00eda son lo suficientemente potentes y eficientes como para que rara vez se necesite un enjuague previo.<\/p>\n\n<h3 class=\"wp-block-heading\"><strong>Use agua fr\u00eda y Fluyendo<\/strong><\/h3>\n\n<p class=\"wp-block-paragraph\">El raspar los platos en lugar de enjuagarlos mantiene m\u00e1s <a href=\"https:\/\/cleanwaterservices.org\/es\/comunidad-y-casa\/recursos\/como-desechar\/congelar-la-grasa\/\">basura potencial que podr\u00eda obstruir las <\/a>tuber\u00edas. Y m\u00e1s agua caliente por el desag\u00fce hace que sea m\u00e1s dif\u00edcil mantener el R\u00edo Tualatin tan fresco como debe ser para mantenerse saludable \u2014\u00a0especialmente a medida que nos adaptamos a temperaturas cada vez m\u00e1s c\u00e1lidas en el verano.<\/p>\n\n<div class=\"block-cws-image \">\n\t<div class=\"cws-image__img \">\n\t\t<img loading=\"lazy\" decoding=\"async\" width=\"300\" height=\"169\" src=\"https:\/\/cleanwaterservices.org\/wp-content\/uploads\/2023\/06\/scrape-300x169.jpg\" srcset=\"https:\/\/cleanwaterservices.org\/wp-content\/uploads\/2023\/06\/scrape-300x169.jpg 300w, https:\/\/cleanwaterservices.org\/wp-content\/uploads\/2023\/06\/scrape-1024x576.jpg 1024w, https:\/\/cleanwaterservices.org\/wp-content\/uploads\/2023\/06\/scrape-768x432.jpg 768w, https:\/\/cleanwaterservices.org\/wp-content\/uploads\/2023\/06\/scrape-1536x864.jpg 1536w, https:\/\/cleanwaterservices.org\/wp-content\/uploads\/2023\/06\/scrape-2048x1152.jpg 2048w\" sizes=\"auto, (max-width: 820px) 93vw, 515px\" class=\"wp-image-8939\" alt=\"Person scraping a white plate with food into a lined garbage can\">\t<\/div>\n\t\t<div class=\"cws-image__caption\">\n\t\t<h3 class=\"title\">\u00bfSab\u00eda usted que\u2026?<\/h3>\t\t<div class=\"text\"><p>Puede ahorrar alrededor de 440 litros de agua a la semana y alrededor de $135 d\u00f3lares en su factura de electricidad cada a\u00f1o si no usa su lavadora de trastes.<\/p>\n<\/div>\t<\/div>\n<\/div>\n\n<h3 class=\"wp-block-heading\"><strong>M\u00e1s Formas de Ahorro<\/strong><\/h3>\n\n<p class=\"wp-block-paragraph\">Para los art\u00edculos que no pueden lavarse en la lavadora de trastes, llene el fregadero o un recipiente con agua y jab\u00f3n para fregar y abra la llave solo para enjuagar \u2014 preferiblemente con agua fr\u00eda.<\/p>\n\n<p class=\"wp-block-paragraph\">\u00bfBusca ahorrar a\u00fan m\u00e1s agua, dinero, y energ\u00eda al mismo tiempo que usted ayuda a mantener limpios nuestros arroyos y r\u00edos?<\/p>\n\n<ul class=\"wp-block-list\">\n<li>Lave su ropa con agua fr\u00eda<\/li>\n\n\n\n<li>B\u00e1\u00f1ese y en la regadera dure menos tiempo y con agua poco fr\u00eda<\/li>\n\n\n\n<li>Vaya a un lavado de autos profesional en lugar de <a href=\"https:\/\/cleanwaterservices.org\/es\/comunidad-y-casa\/recursos\/recursos-de-patio-y-vecindario\/soluciones-amigables-con-la-transmision\/lavarlo-bien\/\">lavar su veh\u00edcul<\/a>o en casa.<\/li>\n<\/ul>\n\n<p class=\"wp-block-paragraph\"><u>Obtenga m\u00e1s informaci\u00f3n<\/u> de nuestros <a href=\"https:\/\/www.regionalh2o.org\/water-conservation\" rel=\"nofollow noopener\">Proveedores Regionales del Agua<\/a> sobre los beneficios de evitar el fregadero, as\u00ed como otros consejos para ahorrar agua.<\/p>\n\n<p class=\"wp-block-paragraph\"><\/p>\n","protected":false},"excerpt":{"rendered":"<p>\u00bfQuiere ahorrar tiempo, agua, dinero y energ\u00eda? Haga que la limpieza despu\u00e9s de sus comidas sea una tarea menos complicada y de un impacto menor en su cuenta bancaria, en sus tuber\u00edas, y en el medio ambiente al no usar su fregadero y dejar que su lavadora de trastes haga el trabajo que debe hacer. [&hellip;]<\/p>\n","protected":false},"author":220134330,"featured_media":0,"parent":4257,"menu_order":6,"comment_status":"closed","ping_status":"closed","template":"","meta":{"_acf_changed":false,"_crdt_document":"","footnotes":""},"class_list":["post-8955","page","type-page","status-publish","hentry"],"acf":[],"_links":{"self":[{"href":"https:\/\/cleanwaterservices.org\/es\/wp-json\/wp\/v2\/pages\/8955","targetHints":{"allow":["GET"]}}],"collection":[{"href":"https:\/\/cleanwaterservices.org\/es\/wp-json\/wp\/v2\/pages"}],"about":[{"href":"https:\/\/cleanwaterservices.org\/es\/wp-json\/wp\/v2\/types\/page"}],"author":[{"embeddable":true,"href":"https:\/\/cleanwaterservices.org\/es\/wp-json\/wp\/v2\/users\/220134330"}],"replies":[{"embeddable":true,"href":"https:\/\/cleanwaterservices.org\/es\/wp-json\/wp\/v2\/comments?post=8955"}],"version-history":[{"count":1,"href":"https:\/\/cleanwaterservices.org\/es\/wp-json\/wp\/v2\/pages\/8955\/revisions"}],"predecessor-version":[{"id":8956,"href":"https:\/\/cleanwaterservices.org\/es\/wp-json\/wp\/v2\/pages\/8955\/revisions\/8956"}],"up":[{"embeddable":true,"href":"https:\/\/cleanwaterservices.org\/es\/wp-json\/wp\/v2\/pages\/4257"}],"wp:attachment":[{"href":"https:\/\/cleanwaterservices.org\/es\/wp-json\/wp\/v2\/media?parent=8955"}],"curies":[{"name":"wp","href":"https:\/\/api.w.org\/{rel}","templated":true}]}}