{"id":8361,"date":"2023-01-05T12:15:55","date_gmt":"2023-01-05T20:15:55","guid":{"rendered":"https:\/\/cleanwaterservices.org\/?page_id=8361"},"modified":"2023-01-09T13:49:18","modified_gmt":"2023-01-09T21:49:18","slug":"presente-su-reclamacion","status":"publish","type":"page","link":"https:\/\/cleanwaterservices.org\/es\/acerca-de\/contactenos-enlace\/presente-su-reclamacion\/","title":{"rendered":"Presente su Reclamaci\u00f3n"},"content":{"rendered":"\n<p class=\"wp-block-paragraph\">La seguridad es nuestra principal prioridad. Si bien Clean Water Services trabaja para minimizar los riesgos potenciales, pueden ocurrir accidentes.  Cuando se reportan da\u00f1os a la propiedad, o lesiones personales, el equipo de Riesgos trabaja para investigar, evaluar, y resolver las reclamaciones. <\/p>\n\n\n\n<p class=\"wp-block-paragraph\">Estos reportes son para reclamos de seguros y no se revisan de inmediato ni se controlan diariamente. <strong>Si usted necesita reportar alg\u00fan problema que requiera asistencia inmediata, llame por favor al 503.681.3600.<\/strong><\/p>\n\n\n\n<p class=\"wp-block-paragraph\">Si tiene motivos para creer que Clean Water Services es responsable de su p\u00e9rdida, puede presentar una reclamaci\u00f3n por:<\/p>\n\n\n\n<div class=\"cta-columns-block\">\n\t<div class=\"cta-columns\">\n\t\t\t\t\t<div class=\"cta-column\">\n\t\t\t\t\t\t\t\t<ul>\n\t\t\t\t\t\t\t\t\t\t\t<li style=\"--fa: '\\f5e1'\">\n\t\t\t\t\t\t<a class=\"button\" href=\"https:\/\/live.origamirisk.com\/Origami\/IncidentEntry\/Direct?token=1m7WARXGbeVTcu0kSmjRZOYt7VFRxzDQ14ILi25FAZhfCNHkNZ9jzJzp9E9FEMIBNKBqMgzIaX9TXVoEFeiy8dhzWM2B65cvDP23LT25waU809CE260WVaMJ1%2Fjr7yoI&#038;CollectionLinkItemID=15\" rel=\"nofollow noopener\">Un incidente que involucra alg\u00fan veh\u00edculo<\/a>\t\t\t\t\t\t<\/li>\n\t\t\t\t\t\t\t\t\t<\/ul>\n\t\t\t<\/div>\n\t\t\t\t\t<div class=\"cta-column\">\n\t\t\t\t\t\t\t\t<ul>\n\t\t\t\t\t\t\t\t\t\t\t<li style=\"--fa: '\\f6f1'\">\n\t\t\t\t\t\t<a class=\"button\" href=\"https:\/\/live.origamirisk.com\/Origami\/IncidentEntry\/Direct?token=1m7WARXGbeVTcu0kSmjRZOYt7VFRxzDQ14ILi25FAZhfCNHkNZ9jzJzp9E9FEMIBNKBqMgzIaX9TXVoEFeiy8dhzWM2B65cvDP23LT25waU809CE260WVaMJ1%2Fjr7yoI&#038;CollectionLinkItemID=6\" rel=\"nofollow noopener\">Da\u00f1o a propiedad\r\n<\/a>\t\t\t\t\t\t<\/li>\n\t\t\t\t\t\t\t\t\t<\/ul>\n\t\t\t<\/div>\n\t\t\t\t\t<div class=\"cta-column\">\n\t\t\t\t\t\t\t\t<ul>\n\t\t\t\t\t\t\t\t\t\t\t<li style=\"--fa: '\\e547'\">\n\t\t\t\t\t\t<a class=\"button\" href=\"https:\/\/live.origamirisk.com\/Origami\/IncidentEntry\/Direct?token=1m7WARXGbeVTcu0kSmjRZOYt7VFRxzDQ14ILi25FAZhfCNHkNZ9jzJzp9E9FEMIBNKBqMgzIaX9TXVoEFeiy8dhzWM2B65cvDP23LT25waU809CE260WVaMJ1%2Fjr7yoI&#038;CollectionLinkItemID=16\" rel=\"nofollow noopener\">Alguna lesi\u00f3n<\/a>\t\t\t\t\t\t<\/li>\n\t\t\t\t\t\t\t\t\t<\/ul>\n\t\t\t<\/div>\n\t\t\t<\/div>\n<\/div>\n\n\n\n<div style=\"height:20px\" aria-hidden=\"true\" class=\"wp-block-spacer\"><\/div>\n\n\n\n<figure class=\"wp-block-image alignright size-medium is-style-circle\"><img loading=\"lazy\" decoding=\"async\" width=\"300\" height=\"200\" src=\"https:\/\/cleanwaterservices.org\/wp-content\/uploads\/2023\/01\/Getty-Accident-1-300x200.jpg\" alt=\"Persona con tablet en mano con coche da\u00f1ado borroso en el fondo.\" class=\"wp-image-8364\" srcset=\"https:\/\/cleanwaterservices.org\/wp-content\/uploads\/2023\/01\/Getty-Accident-1-300x200.jpg 300w, https:\/\/cleanwaterservices.org\/wp-content\/uploads\/2023\/01\/Getty-Accident-1-1024x683.jpg 1024w, https:\/\/cleanwaterservices.org\/wp-content\/uploads\/2023\/01\/Getty-Accident-1-768x512.jpg 768w, https:\/\/cleanwaterservices.org\/wp-content\/uploads\/2023\/01\/Getty-Accident-1-1536x1024.jpg 1536w, https:\/\/cleanwaterservices.org\/wp-content\/uploads\/2023\/01\/Getty-Accident-1-2048x1366.jpg 2048w\" sizes=\"auto, 384px\" \/><\/figure>\n\n\n\n<p class=\"wp-block-paragraph\">Reporte su reclamo lo antes posible, aun cuando no tenga toda la informaci\u00f3n requerida. Seg\u00fan ORS 30.275, debe presentar su reclamo dentro de los 180 d\u00edas a partir de la fecha de la p\u00e9rdida. <\/p>\n\n\n\n<p class=\"wp-block-paragraph\">No se requiere toda la informaci\u00f3n para el reporte inicial, pero proporcione:<\/p>\n\n\n\n<ul class=\"wp-block-list\">\n<li><strong>Su informaci\u00f3n de contacto<\/strong><br>Informaci\u00f3n de contacto para usted y otras partes, incluyendo la direcci\u00f3n de correo electr\u00f3nico. H\u00e1ganos saber su relaci\u00f3n con el reclamo, y la mejor manera de contactarlo. \u00bfEs usted la parte lesionada, propietario de la propiedad\/veh\u00edculo? <\/li>\n<\/ul>\n\n\n\n<ul class=\"wp-block-list\">\n<li><strong>Detalles Sobre el Reclamo<br><\/strong>Describa lo que sucedi\u00f3, incluida la fecha y la hora del evento, as\u00ed como la direcci\u00f3n del lugar de la p\u00e9rdida. Proporcione informaci\u00f3n sobre cualquier da\u00f1o o lesi\u00f3n. Incluya el n\u00famero de placas de los veh\u00edculos involucrados y cualquier informaci\u00f3n de contacto de los pasajeros o testigos.<\/li>\n<\/ul>\n\n\n\n<p class=\"wp-block-paragraph\"><\/p>\n\n\n\n<ul class=\"wp-block-list\">\n<li><strong>Documentaci\u00f3n Adicional<\/strong><br>Deben incluirse elementos como fotograf\u00edas, presupuestos, recibos y facturas que respalden su reclamo. Sin embargo, no env\u00ede registros personales o m\u00e9dicos confidenciales con su reclamo. Nuestro ajustador solicitar\u00e1 sus registros personales o m\u00e9dicos si es necesario.<\/li>\n<\/ul>\n","protected":false},"excerpt":{"rendered":"<p>La seguridad es nuestra principal prioridad. Si bien Clean Water Services trabaja para minimizar los riesgos potenciales, pueden ocurrir accidentes. Cuando se reportan da\u00f1os a la propiedad, o lesiones personales, el equipo de Riesgos trabaja para investigar, evaluar, y resolver las reclamaciones. Estos reportes son para reclamos de seguros y no se revisan de inmediato [&hellip;]<\/p>\n","protected":false},"author":220134314,"featured_media":8353,"parent":4589,"menu_order":3,"comment_status":"closed","ping_status":"closed","template":"","meta":{"_acf_changed":false,"_crdt_document":"","footnotes":""},"class_list":["post-8361","page","type-page","status-publish","has-post-thumbnail","hentry"],"acf":[],"_links":{"self":[{"href":"https:\/\/cleanwaterservices.org\/es\/wp-json\/wp\/v2\/pages\/8361","targetHints":{"allow":["GET"]}}],"collection":[{"href":"https:\/\/cleanwaterservices.org\/es\/wp-json\/wp\/v2\/pages"}],"about":[{"href":"https:\/\/cleanwaterservices.org\/es\/wp-json\/wp\/v2\/types\/page"}],"author":[{"embeddable":true,"href":"https:\/\/cleanwaterservices.org\/es\/wp-json\/wp\/v2\/users\/220134314"}],"replies":[{"embeddable":true,"href":"https:\/\/cleanwaterservices.org\/es\/wp-json\/wp\/v2\/comments?post=8361"}],"version-history":[{"count":5,"href":"https:\/\/cleanwaterservices.org\/es\/wp-json\/wp\/v2\/pages\/8361\/revisions"}],"predecessor-version":[{"id":8425,"href":"https:\/\/cleanwaterservices.org\/es\/wp-json\/wp\/v2\/pages\/8361\/revisions\/8425"}],"up":[{"embeddable":true,"href":"https:\/\/cleanwaterservices.org\/es\/wp-json\/wp\/v2\/pages\/4589"}],"wp:featuredmedia":[{"embeddable":true,"href":"https:\/\/cleanwaterservices.org\/es\/wp-json\/wp\/v2\/media\/8353"}],"wp:attachment":[{"href":"https:\/\/cleanwaterservices.org\/es\/wp-json\/wp\/v2\/media?parent=8361"}],"curies":[{"name":"wp","href":"https:\/\/api.w.org\/{rel}","templated":true}]}}