{"id":6955,"date":"2022-04-12T22:04:24","date_gmt":"2022-04-13T05:04:24","guid":{"rendered":"https:\/\/cleanwaterservices.org\/politica-de-privacidad\/"},"modified":"2022-07-05T10:21:30","modified_gmt":"2022-07-05T17:21:30","slug":"politica-de-privacidad","status":"publish","type":"page","link":"https:\/\/cleanwaterservices.org\/es\/politica-de-privacidad\/","title":{"rendered":"Pol\u00edtica de privacidad"},"content":{"rendered":"\n<h2 class=\"wp-block-heading\">Qui\u00e9nes somos<\/h2>\n\n<p class=\"wp-block-paragraph\">This is <a href=\"https:\/\/cleanwaterservices.org\/es\/\" data-type=\"page\" data-id=\"2\">Clean Water Services<\/a>&#8216; website, provided as a public service. Our website address is: cleanwaterservices.org. Government personnel and the general public may use this website to review and retrieve publicly available government information.<\/p>\n\n<h2 class=\"wp-block-heading\">Comentarios<\/h2>\n\n<p class=\"wp-block-paragraph\">Los comentarios est\u00e1n actualmente deshabilitados en este sitio. Sin embargo, el contenido puede enviarse a trav\u00e9s de las formas conectadas a este sitio web. Estas formas y los comentarios que se dejan en ellas est\u00e1n dirigidos y administrados por los trabajadores de Clean Water Services.<\/p>\n\n<h2 class=\"wp-block-heading\">Medios de comunicaci\u00f3n<\/h2>\n\n<p class=\"wp-block-paragraph\">Si usted carga im\u00e1genes o documentos a trav\u00e9s del sitio web, usted debe evitar cargar im\u00e1genes con datos de ubicaci\u00f3n incrustados (GPS EXIF) que se incluyen si no desea que se comparta esta informaci\u00f3n.<\/p>\n\n<h2 class=\"wp-block-heading\">Cookies<\/h2>\n\n<p class=\"wp-block-paragraph\">Si usted env\u00eda informaci\u00f3n a trav\u00e9s de las formas conectadas a nuestro sitio, puede optar por guardar su nombre, direcci\u00f3n de correo electr\u00f3nico, y sitio web en cookies. Estas cookies son para su comodidad, para que no tenga que volver a rellenar sus datos cuando deje otro comentario. Estas cookies tendr\u00e1n una duraci\u00f3n de un a\u00f1o.<\/p>\n\n<h2 class=\"wp-block-heading\">Contenido incrustado de otros sitios web<\/h2>\n\n<p class=\"wp-block-paragraph\">Los art\u00edculos en este sitio pueden incluir contenido incrustado (por ejemplo, videos, im\u00e1genes, art\u00edculos, etc.). El contenido incrustado de otros sitios web se comporta exactamente de la misma manera que si el visitante hubiera visitado el otro sitio web.<\/p>\n\n<p class=\"wp-block-paragraph\">Estos sitios web pueden recopilar datos sobre usted, usar cookies, incrustar un seguimiento adicional de terceros, y monitorear su interacci\u00f3n con ese contenido incrustado, incluyendo el seguimiento de su interacci\u00f3n con el contenido incrustado si tiene una cuenta y ha iniciado sesi\u00f3n en ese sitio web.<\/p>\n\n<h2 class=\"wp-block-heading\">Con qui\u00e9n compartimos sus datos<\/h2>\n\n<p class=\"wp-block-paragraph\">La informaci\u00f3n recopilada a trav\u00e9s de los formularios conectados a este sitio web se env\u00eda a las partes necesarias para resolver los problemas o inquietudes que contiene. Su informaci\u00f3n no se vender\u00e1 ni se compartir\u00e1 fuera de lo necesario para resolver sus solicitudes o inquietudes.<\/p>\n\n<h2 class=\"wp-block-heading\">Cu\u00e1nto tiempo conservamos sus datos<\/h2>\n\n<p class=\"wp-block-paragraph\">Si usted deja un comentario o env\u00eda una solicitud a trav\u00e9s de este sitio o de los formularios conectados a \u00e9l, el comentario y sus metadatos se pueden conservar indefinidamente. Esto es para que la agencia Clean Water Services pueda reconocer y aprobar cualquier comentario de seguimiento autom\u00e1ticamente en lugar de mantenerlos en una fila de moderaci\u00f3n.<\/p>\n\n<h2 class=\"wp-block-heading\">Qu\u00e9 derechos tiene usted sobre sus datos<\/h2>\n\n<p class=\"wp-block-paragraph\">Si usted complet\u00f3 alguna forma o dej\u00f3 comentarios, puede solicitar recibir un archivo exportado de los datos personales que Clean Water Services tiene sobre usted, incluyendo los datos que haya proporcionado a Clean Water Services. Tambi\u00e9n puede solicitar que Clean Water Services borre cualquier dato personal que tenga sobre usted. Esto no incluye ning\u00fan dato que Clean Water Services tenga la obligaci\u00f3n de conservar con fines administrativos, legales o de seguridad.<\/p>\n\n<h2 class=\"wp-block-heading\">A d\u00f3nde enviamos sus datos<\/h2>\n\n<p class=\"wp-block-paragraph\">Los comentarios de los visitantes puede que sean revisados por alg\u00fan servicio de detecci\u00f3n autom\u00e1tica de spam.<\/p>\n\n<hr class=\"wp-block-separator has-alpha-channel-opacity\"\/>\n\n<h1 class=\"wp-block-heading\"><strong>Exclusi\u00f3n de Garant\u00edas<\/strong><\/h1>\n\n<h2 class=\"wp-block-heading\"><strong>Descargo de Responsabilidad<\/strong><\/h2>\n\n<p class=\"wp-block-paragraph\">Al preparar estos sitios, se ha hecho todo lo posible para ofrecer la informaci\u00f3n m\u00e1s actual, correcta y claramente expresada posible. Sin embargo, pueden ocurrir errores involuntarios en la informaci\u00f3n y, por supuesto, la informaci\u00f3n cambia constantemente. Clean Water Services excluye cualquier responsabilidad por errores tipogr\u00e1ficos o inexactitud de la informaci\u00f3n que pueda contenerse en las p\u00e1ginas web de Clean Water Services.<\/p>\n\n<p class=\"wp-block-paragraph\">La informaci\u00f3n y los datos incluidos en los servidores de Clean Water Services han sido compilados por los empleados de Clean Water Services usando una variedad de fuentes y est\u00e1n sujetos a cambios sin previo aviso. Clean Water Services no ofrece garant\u00edas ni representaciones de ning\u00fan tipo con respecto a la calidad, el contenido, la integridad, la puntualidad, o la adecuaci\u00f3n de dicha informaci\u00f3n y datos. En cualquier situaci\u00f3n en la que las publicaciones impresas oficiales de Clean Water Services difieran del texto de este sistema, los documentos impresos oficiales tienen prioridad.<\/p>\n\n<p class=\"wp-block-paragraph\">El sitio web de Clean Water Services puede incluir enlaces a otros sitios de la web mundial o World Wide Web. Clean Water Services no tiene control sobre la informaci\u00f3n en otros sitios web y dicha informaci\u00f3n se ofrece solo como una conveniencia, y se accede o se conf\u00eda en ella completamente bajo el propio riesgo del usuario.<\/p>\n\n<p class=\"wp-block-paragraph\">Si se nos informa sobre alguna informaci\u00f3n enga\u00f1osa, inexacta o inapropiada, se har\u00e1 un esfuerzo razonable para corregirla o eliminarla. Dichas inquietudes se deben dirigir al Encargado de la Web.<\/p>\n\n<h2 class=\"wp-block-heading\">Descargo de Responsabilidad de Confiabilidad<\/h2>\n\n<p class=\"wp-block-paragraph\">Clean Water Services no hace representaciones ni garant\u00edas con respecto a la condici\u00f3n o funcionalidad de este sitio web, su idoneidad para el uso, o que el servicio de este sitio web ser\u00e1 ininterrumpido o libre de errores.<\/p>\n\n<h2 class=\"wp-block-heading\">Descargo de Responsabilidad de Da\u00f1os<\/h2>\n\n<p class=\"wp-block-paragraph\">Al usar las p\u00e1ginas web de Clean Water Services, usted asume todos los riesgos asociados con el uso de este sitio, incluyendo cualquier riesgo de que su computadora, software, o sus datos sean da\u00f1ados por cualquier virus, software, o cualquier otro archivo que pueda transmitirse o activarse a trav\u00e9s de un sitio web limpio de la p\u00e1gina web de Water Services o su acceso a la misma. Clean Water Services no ser\u00e1 responsable de ning\u00fan da\u00f1o directo, especial, incidental o consecuente, incluyendo, entre otros, la p\u00e9rdida de ingresos o la p\u00e9rdida de ganancias, que resulten del uso o mal uso de la informaci\u00f3n en las p\u00e1ginas web de Clean Water Services.<\/p>\n\n<h2 class=\"wp-block-heading\">Descargo de Responsabilidad de Endoso<\/h2>\n\n<p class=\"wp-block-paragraph\">La referencia en este documento a cualquier producto, proceso o servicio comercial espec\u00edfico por nombre comercial, marca comercial, fabricante, o de alg\u00fan otro modo, no constituye ni implica necesariamente su respaldo o recomendaci\u00f3n por parte de Clean Water Services. Los puntos de vista y las opiniones de los autores expresados \u200b\u200ben este documento no necesariamente declaran ni reflejan los de Clean Water Services y no se pueden utilizar con fines publicitarios ni para endosar otros productos.<\/p>\n","protected":false},"excerpt":{"rendered":"<p>Qui\u00e9nes somos This is Clean Water Services&#8216; website, provided as a public service. Our website address is: cleanwaterservices.org. Government personnel and the general public may use this website to review and retrieve publicly available government information. Comentarios Los comentarios est\u00e1n actualmente deshabilitados en este sitio. Sin embargo, el contenido puede enviarse a trav\u00e9s de las [&hellip;]<\/p>\n","protected":false},"author":220134314,"featured_media":0,"parent":0,"menu_order":14,"comment_status":"closed","ping_status":"closed","template":"","meta":{"_acf_changed":false,"_crdt_document":"","footnotes":""},"class_list":["post-6955","page","type-page","status-publish","hentry"],"acf":[],"_links":{"self":[{"href":"https:\/\/cleanwaterservices.org\/es\/wp-json\/wp\/v2\/pages\/6955","targetHints":{"allow":["GET"]}}],"collection":[{"href":"https:\/\/cleanwaterservices.org\/es\/wp-json\/wp\/v2\/pages"}],"about":[{"href":"https:\/\/cleanwaterservices.org\/es\/wp-json\/wp\/v2\/types\/page"}],"author":[{"embeddable":true,"href":"https:\/\/cleanwaterservices.org\/es\/wp-json\/wp\/v2\/users\/220134314"}],"replies":[{"embeddable":true,"href":"https:\/\/cleanwaterservices.org\/es\/wp-json\/wp\/v2\/comments?post=6955"}],"version-history":[{"count":5,"href":"https:\/\/cleanwaterservices.org\/es\/wp-json\/wp\/v2\/pages\/6955\/revisions"}],"predecessor-version":[{"id":6991,"href":"https:\/\/cleanwaterservices.org\/es\/wp-json\/wp\/v2\/pages\/6955\/revisions\/6991"}],"wp:attachment":[{"href":"https:\/\/cleanwaterservices.org\/es\/wp-json\/wp\/v2\/media?parent=6955"}],"curies":[{"name":"wp","href":"https:\/\/api.w.org\/{rel}","templated":true}]}}