{"id":4566,"date":"2022-05-24T12:34:00","date_gmt":"2022-05-24T19:34:00","guid":{"rendered":"https:\/\/cleanwaterservices.org\/acerca-de\/presupuesto-redireccionamiento\/aviso-de-reunion-del-comite\/"},"modified":"2026-04-24T10:24:12","modified_gmt":"2026-04-24T17:24:12","slug":"aviso-de-reunion-del-comite","status":"publish","type":"page","link":"https:\/\/cleanwaterservices.org\/es\/acerca-de\/presupuesto-redireccionamiento\/aviso-de-reunion-del-comite\/","title":{"rendered":"Aviso de Reuni\u00f3n del Comit\u00e9 de Presupuesto"},"content":{"rendered":"\n<p class=\"wp-block-paragraph\">Se llevar\u00e1 a cabo una reuni\u00f3n p\u00fablica del Comit\u00e9 de Presupuesto de Clean Water Services (CWS, Servicios de Agua Limpia), una unidad componente del condado de Washington, estado de Oregon, para discutir el presupuesto para el a\u00f1o fiscal del 1.\u00b0 de julio de 2026 al 30 de junio de 2027. La reuni\u00f3n se realizar\u00e1 el 8 de mayo de 2026 a las 9:00 a. m. en 155 North First Avenue, Hillsboro, Oregon en el auditorio del edificio de servicios p\u00fablicos Charles D. Cameron (Charles D. Cameron Public Services Building Auditorium).\u00a0<\/p>\n\n\n\n<p class=\"wp-block-paragraph\">El objetivo de la reuni\u00f3n es escuchar la propuesta del presupuesto y recibir los comentarios del p\u00fablico al respecto.\u00a0 Esta es una reuni\u00f3n p\u00fablica donde los integrantes del Comit\u00e9 de Presupuesto deliberar\u00e1n la propuesta del presupuesto.\u00a0 Cualquier persona puede acudir a la reuni\u00f3n y discutir los programas propuestos por el Comit\u00e9 de Presupuesto. Esta reuni\u00f3n se transmitir\u00e1 en vivo desde el <a href=\"https:\/\/www.youtube.com\/@CleanWaterServices\" rel=\"nofollow noopener\">canal de YouTube de CWS<\/a>.<\/p>\n\n\n\n<p class=\"wp-block-paragraph\">Esta reuni\u00f3n del Comit\u00e9 de Presupuesto tambi\u00e9n estar\u00e1 disponible virtualmente en Zoom. Para dar testimonio p\u00fablico a trav\u00e9s de Zoom por tel\u00e9fono o en l\u00ednea, debe notificar a Clean Water Services por lo menos 2 horas antes de la reuni\u00f3n, enviando un correo electr\u00f3nico a: PublicMeetings@cleanwaterservices.org o llamando al 503.615.6241. El p\u00fablico tambi\u00e9n puede enviar sus testimonios por correo electr\u00f3nico a m\u00e1s tardar a las 2:00 p. m. del lunes previo a la reuni\u00f3n, enviando un correo electr\u00f3nico a: PublicMeetings@cleanwaterservices.org.<\/p>\n\n\n\n<p class=\"wp-block-paragraph\">Se puede consultar una copia del documento del presupuesto a trav\u00e9s del sitio web del Distrito <a href=\"https:\/\/cleanwaterservices.org\/budget\">https:\/\/cleanwaterservices.org\/budget<\/a> a partir del 22 de abril de 2026.<\/p>\n","protected":false},"excerpt":{"rendered":"<p>Se llevar\u00e1 a cabo una reuni\u00f3n p\u00fablica del Comit\u00e9 de Presupuesto de Clean Water Services (CWS, Servicios de Agua Limpia), una unidad componente del condado de Washington, estado de Oregon, para discutir el presupuesto para el a\u00f1o fiscal del 1.\u00b0 de julio de 2026 al 30 de junio de 2027. La reuni\u00f3n se realizar\u00e1 el [&hellip;]<\/p>\n","protected":false},"author":220134337,"featured_media":0,"parent":4561,"menu_order":3,"comment_status":"closed","ping_status":"closed","template":"","meta":{"_acf_changed":false,"_crdt_document":"","footnotes":""},"class_list":["post-4566","page","type-page","status-publish","hentry"],"acf":[],"_links":{"self":[{"href":"https:\/\/cleanwaterservices.org\/es\/wp-json\/wp\/v2\/pages\/4566","targetHints":{"allow":["GET"]}}],"collection":[{"href":"https:\/\/cleanwaterservices.org\/es\/wp-json\/wp\/v2\/pages"}],"about":[{"href":"https:\/\/cleanwaterservices.org\/es\/wp-json\/wp\/v2\/types\/page"}],"author":[{"embeddable":true,"href":"https:\/\/cleanwaterservices.org\/es\/wp-json\/wp\/v2\/users\/220134337"}],"replies":[{"embeddable":true,"href":"https:\/\/cleanwaterservices.org\/es\/wp-json\/wp\/v2\/comments?post=4566"}],"version-history":[{"count":8,"href":"https:\/\/cleanwaterservices.org\/es\/wp-json\/wp\/v2\/pages\/4566\/revisions"}],"predecessor-version":[{"id":14984,"href":"https:\/\/cleanwaterservices.org\/es\/wp-json\/wp\/v2\/pages\/4566\/revisions\/14984"}],"up":[{"embeddable":true,"href":"https:\/\/cleanwaterservices.org\/es\/wp-json\/wp\/v2\/pages\/4561"}],"wp:attachment":[{"href":"https:\/\/cleanwaterservices.org\/es\/wp-json\/wp\/v2\/media?parent=4566"}],"curies":[{"name":"wp","href":"https:\/\/api.w.org\/{rel}","templated":true}]}}