{"id":4557,"date":"2022-05-24T12:32:05","date_gmt":"2022-05-24T19:32:05","guid":{"rendered":"https:\/\/cleanwaterservices.org\/acerca-de\/ubicaciones\/"},"modified":"2025-03-25T13:27:52","modified_gmt":"2025-03-25T20:27:52","slug":"ubicaciones","status":"publish","type":"page","link":"https:\/\/cleanwaterservices.org\/es\/acerca-de\/ubicaciones\/","title":{"rendered":"Ubicaciones"},"content":{"rendered":"\n<figure class=\"wp-block-image alignright size-large is-style-circle\"><img loading=\"lazy\" decoding=\"async\" width=\"1024\" height=\"683\" src=\"https:\/\/cleanwaterservices.org\/wp-content\/uploads\/2022\/05\/2016-aerial-Hillsboro-CWS-Rock-Creek-284-1024x683.jpg\" alt=\"una vista a\u00e9rea de la instalaci\u00f3n de recuperaci\u00f3n de recursos h\u00eddricos de Rock Creek.\" class=\"wp-image-1053\" srcset=\"https:\/\/cleanwaterservices.org\/wp-content\/uploads\/2022\/05\/2016-aerial-Hillsboro-CWS-Rock-Creek-284-1024x683.jpg 1024w, https:\/\/cleanwaterservices.org\/wp-content\/uploads\/2022\/05\/2016-aerial-Hillsboro-CWS-Rock-Creek-284-300x200.jpg 300w, https:\/\/cleanwaterservices.org\/wp-content\/uploads\/2022\/05\/2016-aerial-Hillsboro-CWS-Rock-Creek-284-768x512.jpg 768w, https:\/\/cleanwaterservices.org\/wp-content\/uploads\/2022\/05\/2016-aerial-Hillsboro-CWS-Rock-Creek-284-1536x1024.jpg 1536w, https:\/\/cleanwaterservices.org\/wp-content\/uploads\/2022\/05\/2016-aerial-Hillsboro-CWS-Rock-Creek-284.jpg 1920w\" sizes=\"auto, 384px\" \/><\/figure>\n\n\n\n<p class=\"wp-block-paragraph\">Clean Water Services <a href=\"https:\/\/storymaps.arcgis.com\/stories\/3642d8840da345bcb49e8576d1e80c00\" rel=\"nofollow noopener\">limpia 66 millones de galones de aguas residuales<\/a> cada d\u00eda, en promedio, para m\u00e1s de 600,000 clientes en el condado urbano de Washington. Las aguas residuales son recolectadas por una vasta red de m\u00e1s de 1,900 millas de tuber\u00edas de alcantarillado y 44 estaciones de bombeo y enviadas a una de nuestras cuatro instalaciones de recuperaci\u00f3n de recursos h\u00eddricos: Durham, Rock Creek, Hillsboro y Forest Grove. El agua limpia se devuelve al r\u00edo Tualatin para ser reutilizada. Tambi\u00e9n contamos con una oficina de operaciones de campo y un complejo de edificios administrativos para servir mejor a nuestras comunidades. \u00bfQuerer aprender m\u00e1s? <a href=\"https:\/\/cleanwaterservices.org\/es\/comunidad-y-casa\/compromiso-de-la-comunidad\/tours-de-las-instalaciones\/\"><strong>Programe un tour<\/strong><\/a> en una de nuestras instalaciones de tratamiento.<\/p>\n\n\n\n\n\n\n\n<h3 class=\"wp-block-heading\"><strong>Complejo de edificios administrativos (ABC)<\/strong><\/h3>\n\n\n\n<p class=\"wp-block-paragraph\">Nuestro complejo de edificios administrativos en <a href=\"http:\/\/maps.google.com\/maps?q=2550+SW+Hillsboro+Hwy,+Hillsboro,+OR+97123&amp;spn=0.019574,0.026582&amp;hl=en\" rel=\"nofollow noopener\">2550 Southwest Hillsboro Highway<\/a> est\u00e1 ubicado junto al r\u00edo Tualatin y la reserva de humedales Jackson Bottom. Esta tambi\u00e9n es nuestra direcci\u00f3n postal principal. El complejo se construy\u00f3 sobre nuestro laboratorio de calidad del agua existente en 2003 y consolid\u00f3 el personal de cuatro instalaciones en un solo campus central de recursos h\u00eddricos con un total de 69,000 pies cuadrados.<\/p>\n\n\n\n<p class=\"wp-block-paragraph\">El ABC obtuvo la certificaci\u00f3n LEED GOLD en 2005, el primer edificio p\u00fablico con certificaci\u00f3n LEED Gold en el condado de Washington. Usando accesorios de bajo flujo y la recolecci\u00f3n de agua de lluvia para descargar los inodoros, se estima que el uso de agua es un 66 por ciento menor que el de un edificio de c\u00f3digo comparable. El uso de sensores de ocupaci\u00f3n, iluminaci\u00f3n de alta eficiencia y sistemas de calefacci\u00f3n y refrigeraci\u00f3n por suelo radiante ahorra aproximadamente un 45 por ciento en costos de energ\u00eda. M\u00e1s del 60 por ciento de los materiales de construcci\u00f3n se fabricaron en un radio de 500 millas, lo que respald\u00f3 la econom\u00eda local y redujo los costos de transporte. La ventilaci\u00f3n natural, los estantes de luz interior y la orientaci\u00f3n del edificio en el sitio brindan aire fresco y luz natural de alta calidad en todo el edificio. <\/p>\n\n\n\n<p class=\"wp-block-paragraph\">El complejo incluye el laboratorio de calidad del agua de Clean Water Services, administraci\u00f3n, servicios ambientales, sistemas de informaci\u00f3n, inspecci\u00f3n, ingenier\u00eda, asuntos p\u00fablicos, recursos humanos y grupos de planificaci\u00f3n. La expansi\u00f3n de 2003 permiti\u00f3 a CWS restaurar un sitio degradado, construir un edificio que demuestra p\u00fablicamente nuestra gesti\u00f3n ambiental y ubicarnos junto al r\u00edo al que servimos.<\/p>\n\n\n\n<h3 class=\"wp-block-heading\"><strong>Instalaciones de Recuperaci\u00f3n de Recursos Hidr\u00e1ulicos de Durham<\/strong><\/h3>\n\n\n\n<p class=\"wp-block-paragraph\">La <strong><a href=\"https:\/\/cleanwaterservices.org\/es\/nuestra-agua\/proceso-de-tratamiento-de-agua\/instalacion-de-recuperacion-de-recursos-hidricos-de-durham\/\">instalaci\u00f3n de Durham<\/a><\/strong> , ubicada en <a href=\"https:\/\/goo.gl\/maps\/QiPGyqbGAfm\" rel=\"nofollow noopener\">16060 SW 85th Avenue, Tigard<\/a> , es una instalaci\u00f3n galardonada y de \u00faltima generaci\u00f3n que atiende a los residentes del condado de Washington en Beaverton, Durham, King City, Sherwood, Tigard, Tualatin y peque\u00f1as porciones de suroeste de Portland y el lago Oswego. La instalaci\u00f3n limpia 26 millones de galones de aguas residuales en un d\u00eda promedio con algunos de los est\u00e1ndares de seguridad y calidad m\u00e1s altos del pa\u00eds.<\/p>\n\n\n\n<h3 class=\"wp-block-heading\"><strong>Instalaci\u00f3n de recuperaci\u00f3n de recursos h\u00eddricos de Hillsboro<\/strong><\/h3>\n\n\n\n<p class=\"wp-block-paragraph\">La <strong><a href=\"https:\/\/cleanwaterservices.org\/es\/nuestra-agua\/proceso-de-tratamiento-de-agua\/instalacion-de-recuperacion-de-recursos-hidricos-de-hillsboro\/\">instalaci\u00f3n de Hillsboro<\/a><\/strong> , ubicada en <a href=\"http:\/\/maps.google.com\/maps?q=770+S+1st+Ave,+Hillsboro,+OR+97123&amp;spn=0.019141,0.026500&amp;hl=en\" rel=\"nofollow noopener\">770 S. First Avenue en Hillsboro,<\/a> brinda tratamiento de aguas residuales para las ciudades de North Plains, Banks, la regi\u00f3n occidental de Hillsboro, la parte sureste de Cornelius y la parte noroeste de Forest Grove. La instalaci\u00f3n limpia aproximadamente 4 millones de galones de aguas residuales en un d\u00eda promedio.<\/p>\n\n\n\n<h3 class=\"wp-block-heading\"><strong>Instalaciones de Recuperaci\u00f3n de Recursos Hidr\u00e1ulicos de Rock Creek<\/strong><\/h3>\n\n\n\n<p class=\"wp-block-paragraph\">La <strong><a href=\"https:\/\/cleanwaterservices.org\/es\/nuestra-agua\/proceso-de-tratamiento-de-agua\/instalacion-de-recuperacion-de-recursos-hidricos-de-rock-creek\/\">planta de Rock Creek<\/a><\/strong> , ubicada en <a href=\"https:\/\/goo.gl\/maps\/Cd2kXkjUWFL2\" rel=\"nofollow noopener\">3235 SE River Road en Hillsboro<\/a> , proporciona tratamiento de aguas residuales para la ciudad de Hillsboro, partes de Beaverton, Aloha y \u00e1reas no incorporadas en el condado de Washington. La instalaci\u00f3n limpia 39 millones de galones de aguas residuales en un d\u00eda promedio, liberando agua tan limpia que mejora la calidad del agua del r\u00edo Tualatin. <\/p>\n\n\n\n<h3 class=\"wp-block-heading\"><strong>Instalaci\u00f3n de recuperaci\u00f3n de recursos h\u00eddricos de Forest Grove<\/strong><\/h3>\n\n\n\n<p class=\"wp-block-paragraph\">La <strong><a href=\"https:\/\/cleanwaterservices.org\/es\/nuestra-agua\/proceso-de-tratamiento-de-agua\/instalacion-de-recuperacion-de-recursos-hidricos-de-forest-grove\/\">instalaci\u00f3n de Forest Grove<\/a><\/strong> , ubicada en <a href=\"http:\/\/maps.google.com\/maps?q=1345+Fern+Hill+Rd+Forest+Grove+Or&amp;hl=en\" rel=\"nofollow noopener\">1345 Fern Hill Road<\/a> en Forest Grove, proporciona tratamiento de aguas residuales para Forest Grove, Gaston y Cornelius. La instalaci\u00f3n actualmente limpia aproximadamente 4.5 millones de galones de aguas residuales en un d\u00eda promedio.<\/p>\n\n\n\n<h3 class=\"wp-block-heading\"><\/h3>\n\n\n\n<h3 class=\"wp-block-heading\"><strong>Fernhill<\/strong><\/h3>\n\n\n\n<p class=\"wp-block-paragraph\"><a href=\"https:\/\/fernhillnts.org\/\" target=\"_blank\" data-type=\"URL\" data-id=\"https:\/\/fernhillnts.org\/\" rel=\"noreferrer noopener nofollow\">Fernhill<\/a>, ubicado <a href=\"https:\/\/goo.gl\/maps\/PgrKfXiB9emMHyHx6\" target=\"_blank\" data-type=\"URL\" data-id=\"https:\/\/goo.gl\/maps\/PgrKfXiB9emMHyHx6\" rel=\"noreferrer noopener nofollow\">junto a las instalaciones de Forest Grove<\/a>, es parte de m\u00e1s de 700 acres en Forest Grove propiedad de Clean Water Services para el manejo de los recursos hidr\u00e1ulicos. Fernhill utiliza sistemas de tratamiento natural, o terrenos pantanosos, para mejorar la calidad del agua mediante la eliminaci\u00f3n de nutrientes, el enfriamiento y la naturalizaci\u00f3n del agua despu\u00e9s del tratamiento convencional. Fernhill est\u00e1 designada como \u00c1rea Importante para las Aves y tambi\u00e9n alberga castores, ranas, coyotes y otra vida silvestre.<\/p>\n\n\n\n<h3 class=\"wp-block-heading\"><strong>ripl<\/strong><\/h3>\n\n\n\n<p class=\"wp-block-paragraph\">(Investigaci\u00f3n+Innovaci\u00f3n+Socios+Laboratorios) alberga actualmente su laboratorio de biolog\u00eda molecular, los empleados de construcci\u00f3n de Operaciones de Campo y de almacenamiento para los Servicios de Edificios e Instalaciones. Se est\u00e1 realizando una renovaci\u00f3n completa del edificio para construir laboratorios; y crear espacios de investigaci\u00f3n, oficinas y reuniones para apoyar el desarrollo de tecnolog\u00edas innovadoras de tratamiento. Se espera que el trabajo comience en 2024 y deber\u00eda estar terminado en 2026.<\/p>\n\n\n\n<h3 class=\"wp-block-heading\"><strong>Operaciones de campo<\/strong><\/h3>\n\n\n\n<p class=\"wp-block-paragraph\">Nuestra ubicaci\u00f3n de operaciones de campo en <a href=\"http:\/\/maps.google.com\/maps?f=q&amp;hl=en&amp;q=2025+SW+Merlo+Court,+Beaverton+OR+97006&amp;ll=45.505354,-122.841139&amp;spn=0.013144,0.041113&amp;om=1\" rel=\"nofollow noopener\">2025 SW Merlo Court en Beaverton<\/a> abri\u00f3 en 2003. Se utilizaron caracter\u00edsticas de dise\u00f1o especiales y m\u00e9todos de construcci\u00f3n cuidadosos para proteger los arroyos locales y el cercano Parque Natural THPRD. La instalaci\u00f3n es un escaparate para el desarrollo de bajo impacto, equilibrando la protecci\u00f3n ambiental y la construcci\u00f3n de la comunidad. <\/p>\n\n\n\n<p class=\"wp-block-paragraph\">La tierra natural y la vegetaci\u00f3n aut\u00f3ctona absorben la lluvia, pero los edificios y el pavimento pueden generar una escorrent\u00eda no natural que aumenta la contaminaci\u00f3n del agua, la temperatura y la erosi\u00f3n. Para resolver estos problemas, un dise\u00f1o inteligente puede imitar la naturaleza para crear pavimentos y edificios que absorban agua. Las instalaciones y los estacionamientos se dise\u00f1aron para gestionar las aguas superficiales en el sitio. En lugar de tuber\u00edas de drenaje y sumideros que llevar\u00edan el agua, las plantas y los \u00abpaisajes blandos\u00bb porosos permiten que la lluvia penetre en el suelo y se filtre a trav\u00e9s de las plantas. La escorrent\u00eda se reduce y se ralentiza mientras se mejora la calidad del agua que fluye hacia los arroyos.<\/p>\n\n\n\n<p class=\"wp-block-paragraph\">Las innovaciones incluyen:<\/p>\n\n\n\n<ul class=\"wp-block-list\">\n<li><strong>Ecoroof<\/strong> &#8211; El suelo y las plantas en el techo absorben la lluvia y a\u00edslan el edificio. <\/li>\n\n\n\n<li><strong>Pavimento poroso<\/strong> : permite que la lluvia penetre en el suelo y se mantenga fresco.<\/li>\n\n\n\n<li><strong>Green Street<\/strong> : zanjas de suave pendiente reemplazan los bordillos y las canaletas para reducir la velocidad del agua y eliminar los contaminantes.<\/li>\n<\/ul>\n\n\n\n<h3 class=\"wp-block-heading\">Granja del R\u00edo Tualatin<\/h3>\n\n\n\n<p class=\"wp-block-paragraph\">La Granja del R\u00edo Tualatin, ubicada en <a href=\"https:\/\/goo.gl\/maps\/TiunnCbuhU3z4Er48\" target=\"_blank\" rel=\"noreferrer noopener nofollow\">4490 SW Minter Bridge Road<\/a> en Hillsboro, proporciona algunas de las m\u00e1s de un mill\u00f3n de plantas nativas instaladas cada a\u00f1o por la agencia Servicios de Agua Limpia o Clean Water Services (CWS, siglas en ingl\u00e9s) y nuestros socios de <a href=\"https:\/\/www.jointreeforall.org\/\" target=\"_blank\" rel=\"noreferrer noopener nofollow\">Tree for All<\/a>. Tambi\u00e9n funciona como una granja en funcionamiento, un vivero, y un sitio de demostraci\u00f3n de t\u00e9cnicas innovadoras de restauraci\u00f3n. Obtenga m\u00e1s informaci\u00f3n sobre la Granja del R\u00edo Tualatin del estudio de la <a href=\"https:\/\/www.jointreeforall.org\/tualatin-river-farm\" target=\"_blank\" rel=\"noreferrer noopener nofollow\">Investigaci\u00f3n de casos de Tree for All<\/a>. Para programar una visita a la Granja del R\u00edo Tualatin, env\u00ede un correo electr\u00f3nico a <a href=\"mailto:TRF@cleanwaterservices.org\" target=\"_blank\" rel=\"noreferrer noopener\">TRF@cleanwaterservices.org<\/a>. <\/p>\n","protected":false},"excerpt":{"rendered":"<p>Clean Water Services limpia 66 millones de galones de aguas residuales cada d\u00eda, en promedio, para m\u00e1s de 600,000 clientes en el condado urbano de Washington. Las aguas residuales son recolectadas por una vasta red de m\u00e1s de 1,900 millas de tuber\u00edas de alcantarillado y 44 estaciones de bombeo y enviadas a una de nuestras [&hellip;]<\/p>\n","protected":false},"author":220134337,"featured_media":0,"parent":4146,"menu_order":5,"comment_status":"closed","ping_status":"closed","template":"","meta":{"_acf_changed":false,"_crdt_document":"","footnotes":""},"class_list":["post-4557","page","type-page","status-publish","hentry"],"acf":[],"_links":{"self":[{"href":"https:\/\/cleanwaterservices.org\/es\/wp-json\/wp\/v2\/pages\/4557","targetHints":{"allow":["GET"]}}],"collection":[{"href":"https:\/\/cleanwaterservices.org\/es\/wp-json\/wp\/v2\/pages"}],"about":[{"href":"https:\/\/cleanwaterservices.org\/es\/wp-json\/wp\/v2\/types\/page"}],"author":[{"embeddable":true,"href":"https:\/\/cleanwaterservices.org\/es\/wp-json\/wp\/v2\/users\/220134337"}],"replies":[{"embeddable":true,"href":"https:\/\/cleanwaterservices.org\/es\/wp-json\/wp\/v2\/comments?post=4557"}],"version-history":[{"count":5,"href":"https:\/\/cleanwaterservices.org\/es\/wp-json\/wp\/v2\/pages\/4557\/revisions"}],"predecessor-version":[{"id":10962,"href":"https:\/\/cleanwaterservices.org\/es\/wp-json\/wp\/v2\/pages\/4557\/revisions\/10962"}],"up":[{"embeddable":true,"href":"https:\/\/cleanwaterservices.org\/es\/wp-json\/wp\/v2\/pages\/4146"}],"wp:attachment":[{"href":"https:\/\/cleanwaterservices.org\/es\/wp-json\/wp\/v2\/media?parent=4557"}],"curies":[{"name":"wp","href":"https:\/\/api.w.org\/{rel}","templated":true}]}}