{"id":4535,"date":"2022-05-24T12:23:28","date_gmt":"2022-05-24T19:23:28","guid":{"rendered":"https:\/\/cleanwaterservices.org\/acerca-de\/programa-de-aguas-pluviales\/"},"modified":"2025-10-20T10:31:48","modified_gmt":"2025-10-20T17:31:48","slug":"programa-de-aguas-pluviales","status":"publish","type":"page","link":"https:\/\/cleanwaterservices.org\/es\/acerca-de\/programa-de-aguas-pluviales\/","title":{"rendered":"Programa de las Aguas Pluviales"},"content":{"rendered":"\n<figure class=\"wp-block-image alignright size-large is-style-circle\"><img loading=\"lazy\" decoding=\"async\" width=\"1024\" height=\"683\" src=\"https:\/\/cleanwaterservices.org\/wp-content\/uploads\/2023\/11\/GettyImages-1390581165-1024x683.jpg\" alt=\"\" class=\"wp-image-9394\" srcset=\"https:\/\/cleanwaterservices.org\/wp-content\/uploads\/2023\/11\/GettyImages-1390581165-1024x683.jpg 1024w, https:\/\/cleanwaterservices.org\/wp-content\/uploads\/2023\/11\/GettyImages-1390581165-300x200.jpg 300w, https:\/\/cleanwaterservices.org\/wp-content\/uploads\/2023\/11\/GettyImages-1390581165-768x512.jpg 768w, https:\/\/cleanwaterservices.org\/wp-content\/uploads\/2023\/11\/GettyImages-1390581165-1536x1024.jpg 1536w, https:\/\/cleanwaterservices.org\/wp-content\/uploads\/2023\/11\/GettyImages-1390581165-2048x1365.jpg 2048w\" sizes=\"auto, 384px\" \/><figcaption class=\"wp-element-caption\">The grate of the storm sewer after the rain. The water drains into the storm drain. Sun glare, defocused background<\/figcaption><\/figure>\n\n\n\n<p class=\"wp-block-paragraph\">El a\u00f1o 2004, la agencia Clean Water Services (CWS, siglas en ingl\u00e9s) recibi\u00f3 el primer <a href=\"https:\/\/cleanwaterservices.org\/wp-content\/uploads\/2023\/02\/CWS-2022-NPDES-Permit.pdf\">permiso del Sistema Nacional de Eliminaci\u00f3n de Descargas Contaminantes<\/a> (NPDES, siglas en ingl\u00e9s) basado en las cuencas hidrogr\u00e1ficas del pa\u00eds.&nbsp;<\/p>\n\n\n\n\n\n<p class=\"wp-block-paragraph\">Emitido bajo la Ley Federal de Aguas Limpias, este permiso NPDES basado en las cuencas hidrogr\u00e1ficas combina los permisos para nuestras cuatro instalaciones de recuperaci\u00f3n de recursos hidr\u00e1ulicos y el Sistema Municipal Separado de Alcantarillado Pluvial (MS4) en un \u00fanico permiso integrado que se puede manejar en todas las instalaciones y en la Cuenca del R\u00edo Tualatin<\/p>\n\n\n\n<p class=\"wp-block-paragraph\"><a href=\"https:\/\/cleanwaterservices.org\/es\/acerca-de\/a-quien-y-donde-servimos\/\">CWS, el Condado de Washington y nuestras 12 ciudades socias<\/a> trabajan de forma colaborativa para considerar toda la cuenca al manejar los recursos hidr\u00e1ulicos. <\/p>\n\n\n\n<p class=\"wp-block-paragraph\">Se requiere que CWS informe anualmente sobre el progreso en el logro de los objetivos que se pueden medir, y las formas de seguimiento.&nbsp;<\/p>\n\n\n\n<ul class=\"wp-block-list\">\n<li><a href=\"https:\/\/cleanwaterservices.org\/wp-content\/uploads\/2024\/06\/2023-NPDES-Annual-Report.pdf\">Informe Annual del NPDES<\/a><\/li>\n\n\n\n<li><a href=\"https:\/\/cleanwaterservices.org\/wp-content\/uploads\/2022\/09\/CWS-2023-MS4-Stormwater-Annual-Report-ADA.pdf\" target=\"_blank\" rel=\"noreferrer noopener\">Informe Annual de Aguas Pluviales<\/a><\/li>\n<\/ul>\n\n\n\n<h3 class=\"wp-block-heading\"><strong>Desechos Ilegales en los Drenajes Pluviales<\/strong>&nbsp;<\/h3>\n\n\n\n<p class=\"wp-block-paragraph\">Si usted ve a alguien tirando pintura, aceite, jab\u00f3n, fertilizante u otros desechos en un desag\u00fce pluvial, <a href=\"mailto:escasemanagers@cleanwaterservices.org\" target=\"_blank\" rel=\"noreferrer noopener\">notifique a la agencia de Servicios Amibentales<\/a>.&nbsp; Alguien de nuestro equipo har\u00e1 un seguimiento para recopilar informaci\u00f3n sobre la ubicaci\u00f3n y la posible fuente para determinar los pasos a seguir.&nbsp;<\/p>\n\n\n\n<p class=\"wp-block-paragraph\">Nuestro programa de Servicios Ambientales administra una parte de este programa NPDES a trav\u00e9s de un acuerdo con el Departamento de Calidad Ambiental de Oregon (DEQ, siglas en ingl\u00e9s). Espec\u00edficamente, administramos el Permiso General DEQ NPDES 1200-Z dentro de nuestra \u00e1rea de servicio. Si su instalaci\u00f3n industrial se encuentra dentro del alcance de estas reglamentaciones, debe solicitar este permiso a trav\u00e9s de los Servicios Ambientales para descargar aguas pluviales asociadas con actividades industriales al sistema de aguas de superficie. Consulte el C\u00f3digo de Regulaci\u00f3n Federal, parte 122.26 (b)(14) o la Tabla 1 del Permiso General 1200-Z para obtener una lista de las instalaciones industriales que se requieren para obtener este permiso.<\/p>\n\n\n\n<h3 class=\"wp-block-heading\"><strong>Contacto<\/strong><\/h3>\n\n\n\n<p class=\"wp-block-paragraph\"><a href=\"https:\/\/dynamic.cleanwaterservices.org\/ContactUs\" target=\"_blank\" rel=\"noreferrer noopener\">Cont\u00e1ctenos<\/a> \u2013 Los Desechos Ilegales en Drenajes Pluviales, Permisos y Operativos de Campo<br><a href=\"https:\/\/cleanwaterservices.org\/es\/comunidad-y-casa\/recursos\/recursos-de-patio-y-vecindario\/soluciones-amigables-con-la-transmision\/barriles-de-lluvia\/\" target=\"_blank\" data-type=\"page\" data-id=\"4236\" rel=\"noreferrer noopener\">Reporte los Problema<\/a>s \u2013 Los Desechos Ilegales en Drenajes Pluviales y Descargas Industriales&nbsp;<\/p>\n\n\n\n<h3 class=\"wp-block-heading\">La Estrategia Referente a las Aguas de Lluvia se Encuentra Disponible para los comentarios p\u00fablicos<\/h3>\n\n\n\n<p class=\"wp-block-paragraph\">La agencia Clean Water Services (CWS, siglas en ingl\u00e9s) est\u00e1 actualizando su estrategia multifac\u00e9tica industrial y comercial para las aguas de lluvia para rastrear y mitigar las entradas de los contaminantes emergentes y de otros elementos t\u00f3xicos de inter\u00e9s para el programa Municipal MS4 del Sistema Separado del Drenaje Pluvial de CWS. <\/p>\n\n\n\n<p class=\"wp-block-paragraph\">De conformidad con el Anexo A.14.C vii de su permiso para el Sistema Nacional de Eliminaci\u00f3n de Descargas Contaminantes, CWS ya est\u00e1 publicando la Estrategia de Aguas Pluviales para las Instalaciones Industriales y Comerciales actualizada con el fin de recibir comentarios p\u00fablicos 30 d\u00edas antes de su presentaci\u00f3n al Departamento de Calidad Ambiental de Oregon.<\/p>\n\n\n\n<ul class=\"wp-block-list\">\n<li><a href=\"https:\/\/cleanwaterservices.org\/wp-content\/uploads\/2024\/10\/CWS-Industrial-and-Commercial-Stormwater-Strategy-2024.pdf\">Estrategia de Aguas Pluviales para las Instalaciones Industriales y Comerciales<\/a><\/li>\n<\/ul>\n\n\n\n<p class=\"wp-block-paragraph\">Env\u00ede por favor un <a href=\"mailto:loslik@cleanwaterservices.org\">correo electr\u00f3nico<\/a> con cualquier pregunta, comentario o preocupaci\u00f3n que usted tenga antes del mediod\u00eda (hora del Pac\u00edfico) para el 31 de octubre de 2024.<\/p>\n\n\n\n<h3 class=\"wp-block-heading\"><strong><strong>Programa del Manejo de las Aguas Pluviales<\/strong><\/strong><\/h3>\n\n\n\n<p class=\"wp-block-paragraph\">Cuando llueve, las aguas pluviales inundan las calles, los techos, el pasto y los estacionamientos \u2014 recogiendo petr\u00f3leo, sedimentos, bacterias, grasa y productos qu\u00edmicos que pueden contaminar nuestros arroyos y el R\u00edo Tualatin.&nbsp;<\/p>\n\n\n\n<p class=\"wp-block-paragraph\">CWS, el Condado de Washington y nuestras <a href=\"https:\/\/cleanwaterservices.org\/es\/acerca-de\/a-quien-y-donde-servimos\/\" target=\"_blank\" rel=\"noreferrer noopener\">12 ciudades socias<\/a> tienen la responsabilidad del sistema que transporta las corrientes de las aguas pluviales, o el flujo, de un lugar a otro \u2013 y se le conoce como el transporte de aguas pluviales.&nbsp;<\/p>\n\n\n\n<p class=\"wp-block-paragraph\">La parte del permiso del Sistema Municipal Separado de Alcantarillado Pluvial (MS4) tiene como objetivo proteger y mejorar la calidad del agua y requiere la implementaci\u00f3n de una amplia gama de medidas de reducci\u00f3n de la contaminaci\u00f3n de las aguas pluviales, incluyendo el mantenimiento de los canales, el barrido de las calles, la educaci\u00f3n, y m\u00e1s.&nbsp;Estas medidas est\u00e1n documentadas en el <a href=\"https:\/\/cleanwaterservices.org\/wp-content\/uploads\/2024\/12\/stormwater-management-plan.pdf.pdf\">Plan de Manejo de las Aguas Pluviales<\/a> (SWMP).&nbsp;El permiso tambi\u00e9n requiere el monitoreo de la calidad del agua seg\u00fan lo documentado en el Plan de Monitoreo de las Aguas Pluviales.&nbsp;<\/p>\n\n\n\n<p class=\"wp-block-paragraph\">CWS y las ciudades socias colectan las tarifas para operar, mantener, y mejorar el sistema de manejo de las aguas pluviales de la comunidad.&nbsp;Los clientes residenciales y comerciales pagan las tarifas mensual o bimensualmente y los urbanizadores pagan una tarifa \u00fanica para conectarse al sistema de aguas pluviales.&nbsp;<\/p>\n\n\n\n<ul class=\"wp-block-list\">\n<li>Obtenga m\u00e1s informaci\u00f3n sobre las aguas pluviales del <a href=\"https:\/\/cleanwaterservices.org\/es\/comunidad-y-casa\/servicios-de-alcantarillado-y-aguas-pluviales\/gestion-de-aguas-pluviales\/manejo-de-las-aguas-pluviales\/\" target=\"_blank\" rel=\"noreferrer noopener\">vecindario<\/a>&nbsp;<\/li>\n\n\n\n<li>Obtenga m\u00e1s informaci\u00f3n sobre las aguas <a href=\"https:\/\/cleanwaterservices.org\/es\/industria-de-negocios\/programa-de-las-aguas-pluviales-industriales-y-comerciales\/\" target=\"_blank\" rel=\"noreferrer noopener\">pluviales industriales y comerciales<\/a>&nbsp;<\/li>\n<\/ul>\n\n\n\n<h3 class=\"wp-block-heading\"><strong>Componentes del Programa<\/strong>&nbsp;<\/h3>\n\n\n\n<p class=\"wp-block-paragraph\">El <a href=\"https:\/\/cleanwaterservices.org\/wp-content\/uploads\/2024\/12\/stormwater-management-plan.pdf.pdf\" target=\"_blank\" rel=\"noreferrer noopener\">Plan de Manejo de las Aguas Pluviales<\/a> identifica las mejores pr\u00e1cticas para su manejo de acuerdo con todos los requisitos del permiso en las siguientes secciones:&nbsp;<\/p>\n\n\n\n<p class=\"wp-block-paragraph\"><strong><strong>Educaci\u00f3n P\u00fablica y Extensi\u00f3n<\/strong><\/strong><\/p>\n\n\n\n<p class=\"wp-block-paragraph\">Programas que informan y educan al p\u00fablico, las empresas, la industria y el gobierno sobre las causas de la contaminaci\u00f3n de las aguas pluviales, los efectos en los arroyos y en los r\u00edos locales, y fomentan cambios de comportamiento que reducir\u00e1n la contaminaci\u00f3n de las aguas pluviales y promover\u00e1n la salud de la Cuenca del R\u00edo Tualatin.&nbsp;<\/p>\n\n\n\n<p class=\"wp-block-paragraph\"><strong><strong>Involucramiento y Participaci\u00f3n P\u00fablica<\/strong><\/strong><\/p>\n\n\n\n<p class=\"wp-block-paragraph\">Programas que brindan oportunidades para que el p\u00fablico participe efectivamente en todo el desarrollo, en la implementaci\u00f3n y en la modificaci\u00f3n del programa de manejo de las aguas pluviales del titular del permiso.&nbsp;<\/p>\n\n\n\n<p class=\"wp-block-paragraph\"><strong><strong>Detecci\u00f3n y Eliminaci\u00f3n de Descargas Il\u00edcitas<\/strong>&nbsp;<\/strong><\/p>\n\n\n\n<p class=\"wp-block-paragraph\">Programas que mejoran la calidad del agua mediante la prevenci\u00f3n, la investigaci\u00f3n proactiva (detecci\u00f3n, caracterizaci\u00f3n y rastreo) y la eliminaci\u00f3n de las descargas il\u00edcitas al sistema de aguas pluviales.&nbsp;<\/p>\n\n\n\n<ul class=\"wp-block-list\">\n<li>Documento gu\u00eda de <a href=\"https:\/\/acrobat.adobe.com\/id\/urn:aaid:sc:va6c2:592ce0e7-54ef-4ad2-90fa-9ae7f9d84314\" target=\"_blank\" data-type=\"link\" data-id=\"https:\/\/acrobat.adobe.com\/id\/urn:aaid:sc:va6c2:592ce0e7-54ef-4ad2-90fa-9ae7f9d84314\" rel=\"noreferrer noopener nofollow\">Descripci\u00f3n del Programa IDDE&nbsp;<\/a><\/li>\n<\/ul>\n\n\n\n<p class=\"wp-block-paragraph\"><strong><strong><strong>Control de las Corrientes de Agua en los Sitios de Construcci\u00f3n<\/strong>&nbsp;<\/strong><\/strong><\/p>\n\n\n\n<p class=\"wp-block-paragraph\">Programas que mejoran la calidad del agua reduciendo o previniendo la erosi\u00f3n del suelo e implementando medidas de control de sedimentos en los sitios de construcci\u00f3n a trav\u00e9s de la regulaci\u00f3n, inspecci\u00f3n, aplicaci\u00f3n de la ley, y educaci\u00f3n.&nbsp;<\/p>\n\n\n\n<ul class=\"wp-block-list\">\n<li><a href=\"https:\/\/cleanwaterservices.org\/wp-content\/uploads\/2022\/06\/erosion-prevention-and-sediment-control-manual.pdf\" target=\"_blank\" rel=\"noreferrer noopener\">Manual Para Prevenir la Erosi\u00f3n y el Control de los Sedimentos<\/a><\/li>\n<\/ul>\n\n\n\n<p class=\"wp-block-paragraph\"><strong>Corrientes de Agua del Sitio Posterior a la Construcci\u00f3n para los Nuevos Urbanismos y Reurbanizaciones<\/strong>&nbsp;<\/p>\n\n\n\n<p class=\"wp-block-paragraph\">Programas que mejoran la calidad del agua mediante el desarrollo y la aplicaci\u00f3n de est\u00e1ndares apropiados de dise\u00f1o y construcci\u00f3n al desarrollo.&nbsp;<\/p>\n\n\n\n<ul class=\"wp-block-list\">\n<li><a href=\"https:\/\/cleanwaterservices.org\/wp-content\/uploads\/2023\/12\/Construction-Site-Runoff-Inspection-Guidance-ADA.pdf\" target=\"_blank\" rel=\"noreferrer noopener\">Gu\u00eda de Inspecci\u00f3n de las Corrientes de Agua en Sitios de Construcci\u00f3n<\/a>&nbsp;<\/li>\n\n\n\n<li><a href=\"https:\/\/cleanwaterservices.org\/es\/permisos-y-desarrollo\/estandares-de-diseno-y-construccion\/ver-los-estandares\/\" target=\"_blank\" rel=\"noreferrer noopener\">Est\u00e1ndares de Dise\u00f1o y Construcci\u00f3n<\/a><\/li>\n\n\n\n<li><a href=\"https:\/\/cleanwaterservices.org\/es\/permisos-y-desarrollo\/estandares-de-diseno-y-construccion\/manual-de-enfoques-de-desarrollo-de-bajo-impacto-lida\/\" target=\"_blank\" rel=\"noreferrer noopener\">Manual LIDA<\/a>&nbsp;<\/li>\n<\/ul>\n\n\n\n<p class=\"wp-block-paragraph\"><strong>Prevenci\u00f3n de la Contaminaci\u00f3n y Buen Mantenimiento de las Operaciones Municipales<\/strong>&nbsp;<\/p>\n\n\n\n<p class=\"wp-block-paragraph\">Programas que mejoran la calidad del agua y reducen los impactos asociados con las operaciones municipales, como las instalaciones utilizadas para el almacenamiento, transporte y tratamiento de los residuos verdes (recortes de jard\u00edn, hojas).&nbsp;<\/p>\n\n\n\n<p class=\"wp-block-paragraph\">Programas que mejoran la calidad del agua y reducen los impactos asociados con las operaciones municipales, como las instalaciones utilizadas para el almacenamiento, transporte y tratamiento de los residuos verdes (recortes de jard\u00edn, hojas).&nbsp;<\/p>\n\n\n\n<ul class=\"wp-block-list\">\n<li><a href=\"https:\/\/cleanwaterservices.org\/wp-content\/uploads\/2025\/10\/IPM-doc-2025-v3.pdf\" target=\"_blank\" rel=\"noreferrer noopener\">Plan del Manejo Integrado de las Plagas<\/a>\u00a0<\/li>\n<\/ul>\n\n\n\n<p class=\"wp-block-paragraph\"><strong>Instalaciones Industriales y Comerciales<\/strong><\/p>\n\n\n\n<p class=\"wp-block-paragraph\">Programas que mejoran la calidad del agua mediante la regulaci\u00f3n de descargas industriales y comerciales seleccionadas al sistema de aguas pluviales.&nbsp;En esto se incluye identificar las instalaciones sujetas a requisitos de permisos industriales, revisar los planes de control de la contaminaci\u00f3n de las aguas pluviales, realizar las inspecciones, revisar los datos de monitoreo de descargas, y brindar la asistencia t\u00e9cnica.<\/p>\n\n\n\n<p class=\"wp-block-paragraph\"><strong>Actualizaci\u00f3n de la Evaluaci\u00f3n de Modernizaci\u00f3n e Hidromodificaci\u00f3n de la Infraestructura<\/strong>&nbsp;<\/p>\n\n\n\n<p class=\"wp-block-paragraph\">Desde el a\u00f1o 2019, CWS ha estado implementando sus programas de Hidromodificaci\u00f3n y Modernizaci\u00f3n de las Aguas Pluviales.&nbsp;Estos programas contin\u00faan enfoc\u00e1ndose en trabajar estrechamente con los co-implementadores para enfrentar los problemas de manejo de la cantidad de agua, as\u00ed como las \u00e1reas con un manejo insuficiente de las aguas pluviales.&nbsp;<\/p>\n\n\n\n<ul class=\"wp-block-list\">\n<li><a href=\"https:\/\/cleanwaterservices.org\/es\/industria-de-negocios\/programa-de-instalaciones-privadas-de-calidad-del-agua\/\" target=\"_blank\" rel=\"noreferrer noopener\">Programa de Manejo de las Instalaciones Privadas de Calidad del Agua<\/a>&nbsp;<\/li>\n\n\n\n<li><a href=\"http:\/\/Informe de Evaluaci\u00f3n de Hidromodificaci\u00f3n\" target=\"_blank\" rel=\"noreferrer noopener nofollow\">Informe de Evaluaci\u00f3n de Hidromodificaci\u00f3n<\/a>&nbsp;<\/li>\n\n\n\n<li><a href=\"https:\/\/cleanwaterservices.org\/wp-content\/uploads\/2023\/12\/Stormwater-Retrofit-Program-Plan-ADA.pdf\" target=\"_blank\" rel=\"noreferrer noopener\">Plan del Programa de Modernizaci\u00f3n de Aguas Pluviales<\/a>&nbsp;<\/li>\n<\/ul>\n\n\n\n<h3 class=\"wp-block-heading\"><strong>Autorizaci\u00f3n<\/strong>&nbsp;<\/h3>\n\n\n\n<p class=\"wp-block-paragraph\">Como distrito de servicios del condado habilitado bajo el <a href=\"https:\/\/www.oregonlegislature.gov\/bills_laws\/ors\/ors451.html\" target=\"_blank\" rel=\"noreferrer noopener nofollow\">Estatuto Revisado de Oregon (ORS) 451<\/a>, CWS est\u00e1 encargado de brindar, entre otros servicios, el \u00abtratamiento y la eliminaci\u00f3n de aguas residuales sanitarias o pluviales\u00bb.&nbsp;ORS 451.550 otorga a CWS la autoridad para \u201cadoptar planes, programas y regulaciones del manejo de las aguas pluviales y de la superficie que se relacionan con la calidad y cantidad de dichas aguas, y realizar estudios de la calidad del agua\u201d.&nbsp;Utilizando esta autoridad, la Junta Directiva electa de CWS ha aprobado ordenanzas, resoluciones y \u00f3rdenes que regulan la descarga de aguas pluviales, el desarrollo (incluidos los est\u00e1ndares de dise\u00f1o y construcci\u00f3n para la calidad y cantidad de las corrientes de agua posteriores a la construcci\u00f3n) y las descargas del sitio de construcci\u00f3n.&nbsp;Adem\u00e1s, CWS opera bajo acuerdos con DEQ para administrar los permisos en los sitios de construcci\u00f3n y los permisos de descarga de las aguas pluviales industriales.&nbsp;A continuaci\u00f3n, se encuentran los documentos relacionados con la autoridad de CWS para regular las aguas pluviales, as\u00ed como los documentos que describen los est\u00e1ndares, estudios y otros elementos de nuestro programa.&nbsp;<\/p>\n\n\n\n<ul class=\"wp-block-list\">\n<li>Ordenanzas <a href=\"https:\/\/cleanwaterservices.org\/wp-content\/uploads\/2023\/12\/Ordinance-27-ADA.pdf\" target=\"_blank\" rel=\"noreferrer noopener\">27<\/a><a href=\"https:\/\/cleanwaterservices.sharepoint.com\/:b:\/r\/teams\/StormwaterCoreGroup\/Shared%20Documents\/General\/Working%20Documents\/Website%20content\/Ordinance%2027.pdf?csf=1&amp;web=1&amp;e=8vryKj\" target=\"_blank\" rel=\"noreferrer noopener nofollow\">,<\/a> <a href=\"https:\/\/cleanwaterservices.org\/wp-content\/uploads\/2023\/12\/Ordinance-29-ADA.pdf\" target=\"_blank\" rel=\"noreferrer noopener\">29<\/a> y <a href=\"https:\/\/cleanwaterservices.org\/wp-content\/uploads\/2023\/12\/Ordinance-40-ADA.pdf\">40&nbsp;<\/a><\/li>\n\n\n\n<li><a href=\"https:\/\/cleanwaterservices.org\/wp-content\/uploads\/2023\/12\/CWS-NPDES-MS4-Stormwater-Monitoring-Plan-ADA.pdf\" target=\"_blank\" rel=\"noreferrer noopener\">Plan de Monitoreo de las<\/a><a href=\"https:\/\/cleanwaterservices.sharepoint.com\/:b:\/r\/sites\/RADDocumentsOfRecord\/FinalPlans\/NPDES%20MS4%20Stormwater%20Monitoring%20Plan%20December%202020.pdf?csf=1&amp;web=1&amp;e=0MKari\" target=\"_blank\" rel=\"noreferrer noopener nofollow\"> Aguas Pluviales<\/a>&nbsp;<\/li>\n\n\n\n<li><a href=\"https:\/\/cleanwaterservices.org\/wp-content\/uploads\/2023\/12\/Sanitary-Storm-and-Surface-Water-Management-Performance-Standards-ADA.pdf\">Est\u00e1ndares de Desempe\u00f1o<\/a><\/li>\n\n\n\n<li><a href=\"https:\/\/cleanwaterservices.org\/wp-content\/uploads\/2024\/04\/Willamette-Basin-Mercury-TMDL-Implementation-Plan-Aug-2022.pdf\">Plan de Implementaci\u00f3n de mercurio<\/a><\/li>\n<\/ul>\n\n\n\n<h3 class=\"wp-block-heading\"><strong>Historia<\/strong>&nbsp;<\/h3>\n\n\n\n<p class=\"wp-block-paragraph\">La agencia CWS ha estado implementando medidas de reducci\u00f3n de la contaminaci\u00f3n de las aguas pluviales desde que se estableci\u00f3 la empresa del manejo de las aguas de superficie (SWM, siglas en ingl\u00e9s) para la calidad y el drenaje del agua con los socios de la ciudad en 1990.&nbsp;El permiso se ha reexpedido tres veces desde entonces: los a\u00f1os 2004, 2016 y, m\u00e1s recientemente, en enero de 2023.&nbsp;<\/p>\n\n\n\n<p class=\"wp-block-paragraph\">En 1998, se implement\u00f3 el programa de aguas pluviales industriales para resolver las corrientes de agua de los negocios y de la industria en el condado de Washington.&nbsp;<\/p>\n\n\n\n<p class=\"wp-block-paragraph\">Con cada iteraci\u00f3n del permiso, y en ciertos momentos entre la emisi\u00f3n de permisos, se requieren actualizaciones del Plan de Manejo de las Aguas Pluviales y del Plan de Monitoreo de Aguas Pluviales para garantizar el cumplimiento continuo de las regulaciones cambiantes, y reflejar una mayor eficacia del programa a trav\u00e9s de un manejo adaptativo.&nbsp;<\/p>\n\n\n\n<h3 class=\"wp-block-heading\"><strong>Planificaci\u00f3n de Subcuencas<\/strong>&nbsp;<\/h3>\n\n\n\n<p class=\"wp-block-paragraph\">La planificaci\u00f3n de subcuencas es el proceso y el marco que utiliza CWS para proporcionar soluciones recomendadas para enfrentar cuestiones tales como: el deterioro de la calidad del agua, los efectos de la urbanizaci\u00f3n, y la adaptaci\u00f3n a un clima cambiante.&nbsp;Utilizando un enfoque de cuencas m\u00e1s peque\u00f1as, CWS puede adaptar estas soluciones para que se ajusten a las necesidades, visiones, desaf\u00edos y oportunidades espec\u00edficas de las cuencas y de las comunidades.&nbsp;A trav\u00e9s de la planificaci\u00f3n de subcuencas, CWS est\u00e1 en mejores condiciones de considerar una variedad de resultados ambientales al desarrollar las soluciones recomendadas.&nbsp;La planificaci\u00f3n de subcuencas tambi\u00e9n puede proporcionar un camino para integrar nuestro trabajo con el de las ciudades y otros socios.&nbsp;<\/p>\n\n\n\n<div class=\"block-cws-image \">\n\t<div class=\"cws-image__img \">\n\t\t<img loading=\"lazy\" decoding=\"async\" width=\"300\" height=\"200\" src=\"https:\/\/cleanwaterservices.org\/wp-content\/uploads\/2022\/06\/2016-aerial-Tualatin-Tualatin-River-313-300x200.jpg\" srcset=\"https:\/\/cleanwaterservices.org\/wp-content\/uploads\/2022\/06\/2016-aerial-Tualatin-Tualatin-River-313-300x200.jpg 300w, https:\/\/cleanwaterservices.org\/wp-content\/uploads\/2022\/06\/2016-aerial-Tualatin-Tualatin-River-313-1024x683.jpg 1024w, https:\/\/cleanwaterservices.org\/wp-content\/uploads\/2022\/06\/2016-aerial-Tualatin-Tualatin-River-313-768x512.jpg 768w, https:\/\/cleanwaterservices.org\/wp-content\/uploads\/2022\/06\/2016-aerial-Tualatin-Tualatin-River-313-1536x1024.jpg 1536w, https:\/\/cleanwaterservices.org\/wp-content\/uploads\/2022\/06\/2016-aerial-Tualatin-Tualatin-River-313.jpg 1920w\" sizes=\"auto, (max-width: 820px) 93vw, 515px\" class=\"wp-image-6257\" alt=\"Aerial view of the Tualatin River as it sways through communities. Mt Hood peaks out in the back and the river is lined with lush trees and vegetation, casting large shadows across the water.\">\t<\/div>\n\t\t<div class=\"cws-image__caption\">\n\t\t<h3 class=\"title\">Un Enfoque Pionero en la Naci\u00f3n para Proteger Nuestra Agua<\/h3>\t\t<div class=\"text\"><p>Nuestro permiso, como nuestro r\u00edo, es \u00fanico. En 2004, trabajamos con el Departamento de la Calidad Ambiental de Oregon (DEQ, siglas en ingl\u00e9s) para crear el primer\u00a0permiso NPDES basado en la cuenca.\u00a0Este tipo de permiso sigue siendo una rareza, y ninguno de los permisos basados en cuencas que existen hoy en d\u00eda es tan complejo como el que regula la\u00a0Cuenca del R\u00edo Tualatin. <a href=\"https:\/\/cleanwaterservices.org\/es\/2022\/09\/19\/la-innovacion-se-encuentra-con-la-regulacion-un-enfoque-pionero-en-la-nacion-para-proteger-nuestra-agua\/\">Aprenda m\u00e1s<\/a>.<\/p>\n<\/div>\t<\/div>\n<\/div>\n","protected":false},"excerpt":{"rendered":"<p>El a\u00f1o 2004, la agencia Clean Water Services (CWS, siglas en ingl\u00e9s) recibi\u00f3 el primer permiso del Sistema Nacional de Eliminaci\u00f3n de Descargas Contaminantes (NPDES, siglas en ingl\u00e9s) basado en las cuencas hidrogr\u00e1ficas del pa\u00eds.&nbsp; Emitido bajo la Ley Federal de Aguas Limpias, este permiso NPDES basado en las cuencas hidrogr\u00e1ficas combina los permisos para [&hellip;]<\/p>\n","protected":false},"author":220134337,"featured_media":0,"parent":4146,"menu_order":8,"comment_status":"closed","ping_status":"closed","template":"","meta":{"_acf_changed":false,"_crdt_document":"","footnotes":""},"class_list":["post-4535","page","type-page","status-publish","hentry"],"acf":[],"_links":{"self":[{"href":"https:\/\/cleanwaterservices.org\/es\/wp-json\/wp\/v2\/pages\/4535","targetHints":{"allow":["GET"]}}],"collection":[{"href":"https:\/\/cleanwaterservices.org\/es\/wp-json\/wp\/v2\/pages"}],"about":[{"href":"https:\/\/cleanwaterservices.org\/es\/wp-json\/wp\/v2\/types\/page"}],"author":[{"embeddable":true,"href":"https:\/\/cleanwaterservices.org\/es\/wp-json\/wp\/v2\/users\/220134337"}],"replies":[{"embeddable":true,"href":"https:\/\/cleanwaterservices.org\/es\/wp-json\/wp\/v2\/comments?post=4535"}],"version-history":[{"count":5,"href":"https:\/\/cleanwaterservices.org\/es\/wp-json\/wp\/v2\/pages\/4535\/revisions"}],"predecessor-version":[{"id":13554,"href":"https:\/\/cleanwaterservices.org\/es\/wp-json\/wp\/v2\/pages\/4535\/revisions\/13554"}],"up":[{"embeddable":true,"href":"https:\/\/cleanwaterservices.org\/es\/wp-json\/wp\/v2\/pages\/4146"}],"wp:attachment":[{"href":"https:\/\/cleanwaterservices.org\/es\/wp-json\/wp\/v2\/media?parent=4535"}],"curies":[{"name":"wp","href":"https:\/\/api.w.org\/{rel}","templated":true}]}}