{"id":4526,"date":"2022-05-24T12:17:59","date_gmt":"2022-05-24T19:17:59","guid":{"rendered":"https:\/\/cleanwaterservices.org\/nuestra-agua\/recuperacion-de-recursos\/energia\/"},"modified":"2022-07-01T14:54:51","modified_gmt":"2022-07-01T21:54:51","slug":"energia","status":"publish","type":"page","link":"https:\/\/cleanwaterservices.org\/es\/nuestra-agua\/recuperacion-de-recursos\/energia\/","title":{"rendered":"Energ\u00eda"},"content":{"rendered":"\n<figure class=\"wp-block-image alignright size-large is-style-circle\"><img loading=\"lazy\" decoding=\"async\" width=\"1024\" height=\"683\" src=\"https:\/\/cleanwaterservices.org\/wp-content\/uploads\/2022\/06\/JES_7119-1024x683.jpg\" alt=\"JES_7119\" class=\"wp-image-2630\" srcset=\"https:\/\/cleanwaterservices.org\/wp-content\/uploads\/2022\/06\/JES_7119-1024x683.jpg 1024w, https:\/\/cleanwaterservices.org\/wp-content\/uploads\/2022\/06\/JES_7119-300x200.jpg 300w, https:\/\/cleanwaterservices.org\/wp-content\/uploads\/2022\/06\/JES_7119-768x512.jpg 768w, https:\/\/cleanwaterservices.org\/wp-content\/uploads\/2022\/06\/JES_7119-1536x1024.jpg 1536w, https:\/\/cleanwaterservices.org\/wp-content\/uploads\/2022\/06\/JES_7119-2048x1365.jpg 2048w\" sizes=\"auto, 384px\" \/><\/figure>\n\n<p class=\"wp-block-paragraph\">La limpieza del agua usada es un proceso que consume mucha energ\u00eda.<\/p>\n\n<p class=\"wp-block-paragraph\">Para administrar nuestros costos operativos y reducir el impacto ambiental de nuestro uso de energ\u00eda, contamos con un programa activo de eficiencia energ\u00e9tica. Tambi\u00e9n generamos gran parte de nuestra propia energ\u00eda a partir de fuentes renovables. Gracias a nuestras asociaciones con la compa\u00f1\u00eda Energy Trust de Oregon y el Departamento de Energ\u00eda de Oregon, producimos suficiente energ\u00eda para alimentar el equivalente a 400 hogares por a\u00f1o.<\/p>\n\n<p class=\"wp-block-paragraph\">Clean Water Services genera m\u00e1s de 21 millones de kilovatios-hora de electricidad al a\u00f1o, lo que satisface alrededor del 45% de las necesidades de electricidad de las instalaciones, y compensa alrededor del 70% del gas natural necesario para la calefacci\u00f3n.<\/p>\n\n<h3 class=\"wp-block-heading\"><strong>Gas Del DigeridorGas Del Digeridor<\/strong><\/h3>\n\n<p class=\"wp-block-paragraph\">El gas metano se crea durante la descomposici\u00f3n anaer\u00f3bica de la materia org\u00e1nica en el proceso de tratamiento de aguas residuales. Aunque el exceso de gas se quema en antorchas, usamos la mayor parte para producir energ\u00eda en sistemas de cogeneraci\u00f3n en nuestras instalaciones de Rock Creek y Durham. El sistema de cogeneraci\u00f3n produce electricidad y agua caliente para procesos y calefacci\u00f3n de espacios en nuestras instalaciones de tratamiento.<\/p>\n\n<h3 class=\"wp-block-heading\"><strong>Cogeneraci\u00f3n<\/strong><\/h3>\n\n<p class=\"wp-block-paragraph\">A trav\u00e9s de la cogeneraci\u00f3n, la generaci\u00f3n conjunta de electricidad y otra energ\u00eda, satisfacemos el 30% de las necesidades de energ\u00eda el\u00e9ctrica en nuestra planta de Rock Creek y alrededor del 60% de las necesidades de energ\u00eda el\u00e9ctrica en nuestra planta de Durham. La producci\u00f3n de energ\u00eda en las instalaciones de Durham se mejora utilizando m\u00e1s de 150,000 galones de mantecas o unos 682 millones de litros de mantecas, aceites y grasas (FOG, siglas en ingl\u00e9s) entregados semanalmente desde los restaurantes locales. FOG, tambi\u00e9n conocida como \u00abgrasa marr\u00f3n\u00bb, se limpia de las trampas e interceptores de grasa de los restaurantes a intervalos regulares. En el pasado, esta importante fuente de energ\u00eda se desechaba en vertederos, pero cada vez se usa m\u00e1s como materia prima para producir energ\u00eda. La adici\u00f3n de FOG ha duplicado la cantidad de gas digeridor producido en Durham.<\/p>\n\n<h3 class=\"wp-block-heading\"><strong>Energ\u00eda Solar<\/strong><\/h3>\n\n<p class=\"wp-block-paragraph\">A trav\u00e9s de una asociaci\u00f3n p\u00fablico-privada con <a href=\"https:\/\/www.tesla.com\/solarpanels\" target=\"_blank\" rel=\"noreferrer noopener nofollow\">Tesla<\/a>, un proveedor nacional de sistemas de energ\u00eda limpia, los proyectos de paneles solares en nuestras instalaciones de Durham y Rock Creek producen m\u00e1s de 500,000 kilovatios-hora de electricidad al a\u00f1o.<\/p>\n","protected":false},"excerpt":{"rendered":"<p>La limpieza del agua usada es un proceso que consume mucha energ\u00eda. Para administrar nuestros costos operativos y reducir el impacto ambiental de nuestro uso de energ\u00eda, contamos con un programa activo de eficiencia energ\u00e9tica. Tambi\u00e9n generamos gran parte de nuestra propia energ\u00eda a partir de fuentes renovables. Gracias a nuestras asociaciones con la compa\u00f1\u00eda [&hellip;]<\/p>\n","protected":false},"author":220134337,"featured_media":0,"parent":4186,"menu_order":3,"comment_status":"closed","ping_status":"closed","template":"","meta":{"_acf_changed":false,"_crdt_document":"","footnotes":""},"class_list":["post-4526","page","type-page","status-publish","hentry"],"acf":[],"_links":{"self":[{"href":"https:\/\/cleanwaterservices.org\/es\/wp-json\/wp\/v2\/pages\/4526","targetHints":{"allow":["GET"]}}],"collection":[{"href":"https:\/\/cleanwaterservices.org\/es\/wp-json\/wp\/v2\/pages"}],"about":[{"href":"https:\/\/cleanwaterservices.org\/es\/wp-json\/wp\/v2\/types\/page"}],"author":[{"embeddable":true,"href":"https:\/\/cleanwaterservices.org\/es\/wp-json\/wp\/v2\/users\/220134337"}],"replies":[{"embeddable":true,"href":"https:\/\/cleanwaterservices.org\/es\/wp-json\/wp\/v2\/comments?post=4526"}],"version-history":[{"count":3,"href":"https:\/\/cleanwaterservices.org\/es\/wp-json\/wp\/v2\/pages\/4526\/revisions"}],"predecessor-version":[{"id":6658,"href":"https:\/\/cleanwaterservices.org\/es\/wp-json\/wp\/v2\/pages\/4526\/revisions\/6658"}],"up":[{"embeddable":true,"href":"https:\/\/cleanwaterservices.org\/es\/wp-json\/wp\/v2\/pages\/4186"}],"wp:attachment":[{"href":"https:\/\/cleanwaterservices.org\/es\/wp-json\/wp\/v2\/media?parent=4526"}],"curies":[{"name":"wp","href":"https:\/\/api.w.org\/{rel}","templated":true}]}}