{"id":4524,"date":"2022-05-24T12:17:38","date_gmt":"2022-05-24T19:17:38","guid":{"rendered":"https:\/\/cleanwaterservices.org\/nuestra-agua\/recuperacion-de-recursos\/nutrientes\/"},"modified":"2022-07-01T14:54:51","modified_gmt":"2022-07-01T21:54:51","slug":"nutrientes","status":"publish","type":"page","link":"https:\/\/cleanwaterservices.org\/es\/nuestra-agua\/recuperacion-de-recursos\/nutrientes\/","title":{"rendered":"Nutrientes"},"content":{"rendered":"\n<figure class=\"wp-block-image alignright size-large is-style-circle\"><img loading=\"lazy\" decoding=\"async\" width=\"683\" height=\"1024\" src=\"https:\/\/cleanwaterservices.org\/wp-content\/uploads\/2022\/06\/WWDT_Ostara-683x1024.jpg\" alt=\"WWDT_Ostara\" class=\"wp-image-2624\" srcset=\"https:\/\/cleanwaterservices.org\/wp-content\/uploads\/2022\/06\/WWDT_Ostara-683x1024.jpg 683w, https:\/\/cleanwaterservices.org\/wp-content\/uploads\/2022\/06\/WWDT_Ostara-200x300.jpg 200w, https:\/\/cleanwaterservices.org\/wp-content\/uploads\/2022\/06\/WWDT_Ostara-768x1152.jpg 768w, https:\/\/cleanwaterservices.org\/wp-content\/uploads\/2022\/06\/WWDT_Ostara.jpg 800w\" sizes=\"auto, 384px\" \/><\/figure>\n\n<p class=\"wp-block-paragraph\">Recuperamos valiosos nutrientes a trav\u00e9s del proceso de tratamiento, ahorrando tiempo, dinero y capacidad.<\/p>\n\n<h3 class=\"wp-block-heading\"><strong>F\u00f3sforo <\/strong><\/h3>\n\n<p class=\"wp-block-paragraph\">Para cumplir con el l\u00edmite bajo de f\u00f3sforo (0,1 mg\/l) para el R\u00edo Tualatin, nuestras instalaciones de Rock Creek y Durham participan en una asociaci\u00f3n \u00fanica con la compa\u00f1\u00eda <a href=\"https:\/\/ostara.com\/\" target=\"_blank\" rel=\"noreferrer noopener nofollow\">Ostara Nutrient Recovery Technologies<\/a>. Ostara ha desarrollado una tecnolog\u00eda para eliminar directamente el f\u00f3sforo y el amon\u00edaco de las aguas residuales que, de lo contrario, tendr\u00edan que ser retiradas. Esta tecnolog\u00eda patentada, denominada proceso PEARL\u2122, desv\u00eda el f\u00f3sforo y el amon\u00edaco a un reactor que los convierte en un fertilizante comercial de primera calidad y de liberaci\u00f3n lenta y respetuoso con el medio ambiente llamado Crystal Green\u00ae. Las instalaciones producen m\u00e1s de 780 toneladas al a\u00f1o de fertilizante que se vende a la industria agr\u00edcola y de los viveros. Crystal Green\u00ae tambi\u00e9n es un componente muy importante en <a href=\"https:\/\/www.cleanwatergrow.com\/\" target=\"_blank\" rel=\"noreferrer noopener nofollow\">Clean Water Grow\u00ae<\/a>, nuestro fertilizante minorista. Esta innovaci\u00f3n ahorra los costos de tratamiento y mantenimiento, y aumenta la capacidad de las instalaciones de tratamiento. <\/p>\n\n<h3 class=\"wp-block-heading\"><strong>Bios\u00f3lidos<\/strong><\/h3>\n\n<p class=\"wp-block-paragraph\">Las cuatro instalaciones de tratamiento de aguas residuales de Clean Water Services reciclan m\u00e1s de 32 toneladas secas de material org\u00e1nico seguro y rico en nutrientes de los m\u00e1s de 65 millones de galones o 295.5 millones de aguas residuales que limpiamos en promedio cada d\u00eda. Este proceso de reciclaje da como resultado la producci\u00f3n de bios\u00f3lidos. De hecho, cuanto m\u00e1s tengamos \u00e9xito en la limpieza de nuestra agua, m\u00e1s bios\u00f3lidos podremos producir y reciclar para uso beneficioso en granjas locales y pastizales en el este de Oregon y el valle del Willamette para el mejoramiento del subsuelo.<\/p>\n\n<p class=\"wp-block-paragraph\">Los s\u00f3lidos que se asientan durante el tratamiento primario y secundario se env\u00edan a los digestores, grandes tanques cil\u00edndricos que se mantienen mezclados y calentados a la temperatura corporal. Los s\u00f3lidos son tratados durante aproximadamente tres semanas, pasando por una digesti\u00f3n anaer\u00f3bica, que es la digesti\u00f3n por bacterias que no necesitan aire. En su metabolismo se desprenden gases metano. A menudo ver\u00e1 metano ardiendo en un dispositivo similar a una antorcha en cualquier planta de aguas residuales, pero en Clean Water Services se convierte en energ\u00eda.<\/p>\n","protected":false},"excerpt":{"rendered":"<p>Recuperamos valiosos nutrientes a trav\u00e9s del proceso de tratamiento, ahorrando tiempo, dinero y capacidad. F\u00f3sforo Para cumplir con el l\u00edmite bajo de f\u00f3sforo (0,1 mg\/l) para el R\u00edo Tualatin, nuestras instalaciones de Rock Creek y Durham participan en una asociaci\u00f3n \u00fanica con la compa\u00f1\u00eda Ostara Nutrient Recovery Technologies. Ostara ha desarrollado una tecnolog\u00eda para eliminar [&hellip;]<\/p>\n","protected":false},"author":220134311,"featured_media":0,"parent":4186,"menu_order":2,"comment_status":"closed","ping_status":"closed","template":"","meta":{"_acf_changed":false,"_crdt_document":"","footnotes":""},"class_list":["post-4524","page","type-page","status-publish","hentry"],"acf":[],"_links":{"self":[{"href":"https:\/\/cleanwaterservices.org\/es\/wp-json\/wp\/v2\/pages\/4524","targetHints":{"allow":["GET"]}}],"collection":[{"href":"https:\/\/cleanwaterservices.org\/es\/wp-json\/wp\/v2\/pages"}],"about":[{"href":"https:\/\/cleanwaterservices.org\/es\/wp-json\/wp\/v2\/types\/page"}],"author":[{"embeddable":true,"href":"https:\/\/cleanwaterservices.org\/es\/wp-json\/wp\/v2\/users\/220134311"}],"replies":[{"embeddable":true,"href":"https:\/\/cleanwaterservices.org\/es\/wp-json\/wp\/v2\/comments?post=4524"}],"version-history":[{"count":3,"href":"https:\/\/cleanwaterservices.org\/es\/wp-json\/wp\/v2\/pages\/4524\/revisions"}],"predecessor-version":[{"id":6650,"href":"https:\/\/cleanwaterservices.org\/es\/wp-json\/wp\/v2\/pages\/4524\/revisions\/6650"}],"up":[{"embeddable":true,"href":"https:\/\/cleanwaterservices.org\/es\/wp-json\/wp\/v2\/pages\/4186"}],"wp:attachment":[{"href":"https:\/\/cleanwaterservices.org\/es\/wp-json\/wp\/v2\/media?parent=4524"}],"curies":[{"name":"wp","href":"https:\/\/api.w.org\/{rel}","templated":true}]}}