{"id":4522,"date":"2022-05-24T12:17:13","date_gmt":"2022-05-24T19:17:13","guid":{"rendered":"https:\/\/cleanwaterservices.org\/nuestra-agua\/recuperacion-de-recursos\/reutilizacion-del-agua\/"},"modified":"2024-04-02T15:50:00","modified_gmt":"2024-04-02T22:50:00","slug":"reuso-del-agua","status":"publish","type":"page","link":"https:\/\/cleanwaterservices.org\/es\/nuestra-agua\/recuperacion-de-recursos\/reuso-del-agua\/","title":{"rendered":"Reuso del Agua"},"content":{"rendered":"\n<figure class=\"wp-block-image alignright size-large is-style-circle\"><img loading=\"lazy\" decoding=\"async\" width=\"1024\" height=\"683\" src=\"https:\/\/cleanwaterservices.org\/wp-content\/uploads\/2024\/01\/Sprinkler-in-Park-1024x683.jpg\" alt=\"\" class=\"wp-image-9634\" srcset=\"https:\/\/cleanwaterservices.org\/wp-content\/uploads\/2024\/01\/Sprinkler-in-Park-1024x683.jpg 1024w, https:\/\/cleanwaterservices.org\/wp-content\/uploads\/2024\/01\/Sprinkler-in-Park-300x200.jpg 300w, https:\/\/cleanwaterservices.org\/wp-content\/uploads\/2024\/01\/Sprinkler-in-Park-768x512.jpg 768w, https:\/\/cleanwaterservices.org\/wp-content\/uploads\/2024\/01\/Sprinkler-in-Park-1536x1024.jpg 1536w, https:\/\/cleanwaterservices.org\/wp-content\/uploads\/2024\/01\/Sprinkler-in-Park-2048x1365.jpg 2048w\" sizes=\"auto, 384px\" \/><figcaption class=\"wp-element-caption\">Irrigation system watering green grass, blurred background<\/figcaption><\/figure>\n\n\n\n<p class=\"wp-block-paragraph\">La misma agua que hoy bebemos, tiramos y desechamos por el drenaje ha existido desde hace miles de millones de a\u00f1os. Toda el agua se ha utilizado antes y se volver\u00e1 a utilizar. Al tratarla mediante nuestras tecnolog\u00edas de purificaci\u00f3n, podemos reutilizarla para m\u00faltiples prop\u00f3sitos de gran beneficio.&nbsp;<\/p>\n\n\n\n<p class=\"wp-block-paragraph\">En Clean Water Services (CWS, siglas en ingl\u00e9s), producimos 68 millones de galones de agua limpia todos los d\u00edas, y estamos comprometidos a garantizar que esa agua se aproveche al m\u00e1ximo para satisfacer y equilibrar las necesidades a largo plazo de nuestra regi\u00f3n. Gran parte del agua,<a href=\"https:\/\/cleanwaterservices.org\/es\/nuestra-agua\/proceso-de-tratamiento-de-agua\/general\/\" data-type=\"link\" data-id=\"https:\/\/cleanwaterservices.org\/es\/nuestra-agua\/proceso-de-tratamiento-de-agua\/general\/\"> limpiada hasta alcanzar est\u00e1ndares de agua casi potable<\/a>, regresa al <a href=\"https:\/\/cleanwaterservices.org\/es\/nuestra-agua\/cuenca-del-rio-tualatin\/acerca-de-nuestro-rio-y-cuenca\/\" data-type=\"link\" data-id=\"https:\/\/cleanwaterservices.org\/es\/nuestra-agua\/cuenca-del-rio-tualatin\/acerca-de-nuestro-rio-y-cuenca\/\">R\u00edo Tualatin<\/a>, pero reutilizamos parte para regar los campos de golf, los parques y escuelas, y para las plantas de los terrenos pantanosos y la restauraci\u00f3n ecol\u00f3gica.\u00a0<\/p>\n\n\n\n<p class=\"wp-block-paragraph\">Mucha gente piensa que siempre tenemos agua en abundancia en el \u00e1rea metropolitana de Portland, pero cada vez m\u00e1s la escasez y la imprevisibilidad del agua son problemas crecientes. Al limpiar el agua para su uso espec\u00edfico ahorramos energ\u00eda y productos qu\u00edmicos, y podemos ayudar a que nuestras comunidades sean m\u00e1s resilientes y a que nuestro suministro de agua sea m\u00e1s estable a medida que nos vamos adaptando a un clima cambiante y a una poblaci\u00f3n en crecimiento.&nbsp;<\/p>\n\n\n\n<h3 class=\"wp-block-heading\"><strong>\u00bfQuiere usted saber m\u00e1s sobre la reutilizaci\u00f3n del agua?<\/strong><\/h3>\n\n\n\n<p class=\"wp-block-paragraph\">Visite la <a href=\"https:\/\/www.watereuse.org\/\" target=\"_blank\" rel=\"noreferrer noopener nofollow\">Asociaci\u00f3n del Reuso del Agua, o WaterReuse<\/a>.<\/p>\n","protected":false},"excerpt":{"rendered":"<p>La misma agua que hoy bebemos, tiramos y desechamos por el drenaje ha existido desde hace miles de millones de a\u00f1os. Toda el agua se ha utilizado antes y se volver\u00e1 a utilizar. Al tratarla mediante nuestras tecnolog\u00edas de purificaci\u00f3n, podemos reutilizarla para m\u00faltiples prop\u00f3sitos de gran beneficio.&nbsp; En Clean Water Services (CWS, siglas en [&hellip;]<\/p>\n","protected":false},"author":220134337,"featured_media":0,"parent":4186,"menu_order":1,"comment_status":"closed","ping_status":"closed","template":"","meta":{"_acf_changed":false,"_crdt_document":"","footnotes":""},"class_list":["post-4522","page","type-page","status-publish","hentry"],"acf":[],"_links":{"self":[{"href":"https:\/\/cleanwaterservices.org\/es\/wp-json\/wp\/v2\/pages\/4522","targetHints":{"allow":["GET"]}}],"collection":[{"href":"https:\/\/cleanwaterservices.org\/es\/wp-json\/wp\/v2\/pages"}],"about":[{"href":"https:\/\/cleanwaterservices.org\/es\/wp-json\/wp\/v2\/types\/page"}],"author":[{"embeddable":true,"href":"https:\/\/cleanwaterservices.org\/es\/wp-json\/wp\/v2\/users\/220134337"}],"replies":[{"embeddable":true,"href":"https:\/\/cleanwaterservices.org\/es\/wp-json\/wp\/v2\/comments?post=4522"}],"version-history":[{"count":5,"href":"https:\/\/cleanwaterservices.org\/es\/wp-json\/wp\/v2\/pages\/4522\/revisions"}],"predecessor-version":[{"id":9887,"href":"https:\/\/cleanwaterservices.org\/es\/wp-json\/wp\/v2\/pages\/4522\/revisions\/9887"}],"up":[{"embeddable":true,"href":"https:\/\/cleanwaterservices.org\/es\/wp-json\/wp\/v2\/pages\/4186"}],"wp:attachment":[{"href":"https:\/\/cleanwaterservices.org\/es\/wp-json\/wp\/v2\/media?parent=4522"}],"curies":[{"name":"wp","href":"https:\/\/api.w.org\/{rel}","templated":true}]}}