{"id":4502,"date":"2022-05-24T12:14:17","date_gmt":"2022-05-24T19:14:17","guid":{"rendered":"https:\/\/cleanwaterservices.org\/nuestra-agua\/proceso-de-tratamiento-de-agua-redirigir\/proceso-de-tratamiento-de-agua\/"},"modified":"2025-06-24T15:55:37","modified_gmt":"2025-06-24T22:55:37","slug":"general","status":"publish","type":"page","link":"https:\/\/cleanwaterservices.org\/es\/nuestra-agua\/proceso-de-tratamiento-de-agua\/general\/","title":{"rendered":"Proceso para el Tratamiento del Agua"},"content":{"rendered":"\n<figure class=\"wp-block-image alignright is-style-circle\"><img loading=\"lazy\" decoding=\"async\" width=\"1920\" height=\"1280\" src=\"https:\/\/cleanwaterservices.org\/wp-content\/uploads\/2022\/05\/2016-aerial-Hillsboro-CWS-Rock-Creek-284.jpg\" alt=\"an aerial view of the rock creek water resource recovery facility.\" class=\"wp-image-1053\" srcset=\"https:\/\/cleanwaterservices.org\/wp-content\/uploads\/2022\/05\/2016-aerial-Hillsboro-CWS-Rock-Creek-284.jpg 1920w, https:\/\/cleanwaterservices.org\/wp-content\/uploads\/2022\/05\/2016-aerial-Hillsboro-CWS-Rock-Creek-284-300x200.jpg 300w, https:\/\/cleanwaterservices.org\/wp-content\/uploads\/2022\/05\/2016-aerial-Hillsboro-CWS-Rock-Creek-284-1024x683.jpg 1024w, https:\/\/cleanwaterservices.org\/wp-content\/uploads\/2022\/05\/2016-aerial-Hillsboro-CWS-Rock-Creek-284-768x512.jpg 768w, https:\/\/cleanwaterservices.org\/wp-content\/uploads\/2022\/05\/2016-aerial-Hillsboro-CWS-Rock-Creek-284-1536x1024.jpg 1536w\" sizes=\"auto, 384px\" \/><\/figure>\n\n\n\n<p class=\"wp-block-paragraph\">En nuestras instalaciones m\u00e1s modernas de tratamiento, limpiamos m\u00e1s de 65 millones de galones, o 296 millones de litros de aguas residuales cada d\u00eda con algunos de los est\u00e1ndares m\u00e1s altos de la naci\u00f3n.<\/p>\n\n\n\n<p class=\"wp-block-paragraph\">Despu\u00e9s de que m\u00e1s de 600,000 clientes en el condado urbano de Washington usan el agua adentro, se recolecta y se env\u00eda a una de nuestras cuatro <a href=\"https:\/\/cleanwaterservices.org\/es\/acerca-de\/ubicaciones\/\" data-type=\"page\" data-id=\"658\">instalaciones de recuperaci\u00f3n de recursos<\/a> \u2014 Durham, Rock Creek, Hillsboro, y Forest Grove. Luego comenzamos el trabajo de recuperar los recursos naturales y limpiar el agua usada antes de devolverla al R\u00edo Tualatin. Obtenga m\u00e1s informaci\u00f3n sobre el proceso a continuaci\u00f3n y en este <a href=\"https:\/\/cleanwaterservices.org\/es\/nuestra-agua\/proceso-de-tratamiento-de-agua\/explore-el-proceso-de-tratamiento-de-agua\/\" data-type=\"URL\" data-id=\"https:\/\/cleanwaterservices.org\/our-water\/treatment-process\/virtual-process\/\">mapa de historias<\/a>, y sobre los <a href=\"https:\/\/cleanwaterservices.org\/es\/nuestra-agua\/recuperacion-de-recursos\/acerca-de-la-recuperacion-de-recursos\/\" data-type=\"page\" data-id=\"1466\">recursos que recuperamos<\/a> como parte del proceso. <\/p>\n\n\n\n<p class=\"wp-block-paragraph\">Explore el <a href=\"https:\/\/cleanwaterservices.org\/es\/nuestra-agua\/proceso-de-tratamiento-de-agua\/explore-el-proceso-de-tratamiento-de-agua\/\" data-type=\"page\" data-id=\"903\">Proceso Virtual del Tratamientos<\/a> para saber c\u00f3mo se limpia el agua y el interactivo sitio web del <a href=\"https:\/\/cleanwaterservices.org\/es\/nuestra-agua\/un-ciclo-del-agua\/\" data-type=\"page\" data-id=\"627\">Ciclo de Una Sola Agua<\/a> para seguir los muchos caminos que puede tomar el agua desde la lluvia, a trav\u00e9s de los sistemas de tuber\u00edas y de las instalaciones de tratamiento, y de vuelta al medio ambiente para ser utilizada de nuevo.<\/p>\n\n\n\n<p class=\"wp-block-paragraph\">\u00bfQuiere usted ver el proceso de primera mano? <a href=\"https:\/\/cleanwaterservices.org\/es\/comunidad-y-casa\/compromiso-de-la-comunidad\/tours-de-las-instalaciones\/\">Solicite un tour<\/a> en alguna de nuestras instalaciones de tratamiento.<\/p>\n\n\n\n<h4 class=\"wp-block-heading\">Las tuber\u00edas y las bombas llevan agua a las plantas<\/h4>\n\n\n\n<p class=\"wp-block-paragraph\">Bajo tierra en el condado de Washington, m\u00e1s de 1,900 millas de tuber\u00edas de alcantarillado y 44 estaciones de bombeo llevan aguas residuales a una de nuestras cuatro instalaciones de recuperaci\u00f3n de recursos hidr\u00e1ulicos. Al igual que cuando la lluvia fluye hacia los arroyos y r\u00edos, usamos la gravedad para mover el agua donde podemos. Sin embargo, a veces el agua necesita un impulso desde las <a href=\"https:\/\/cleanwaterservices.org\/wp-content\/uploads\/2025\/06\/Pump-Station-Fact-Sheet-06.25.pdf\">estaciones de bombeo<\/a> para subir las colinas y dejar que la gravedad tome el control.<\/p>\n\n\n\n<h4 class=\"wp-block-heading\">Preliminar<\/h4>\n\n\n\n<p class=\"wp-block-paragraph\">Antes de comenzar a limpiar el agua, primero la filtramos para eliminar los desechos grandes y la basura, como toallitas limpiadoras, pajitas y bastoncillos de algod\u00f3n, que se env\u00edan al basurero. Despu\u00e9s de la selecci\u00f3n, eliminamos los objetos pesados que no son f\u00e1cilmente biodegradables, como arena, grava y cascajo. Esta \u00abgranilla\u00bb es lo suficientemente peque\u00f1a como para escapar del filtrado, pero lo suficientemente pesada como para separarla f\u00e1cilmente del resto del flujo.<\/p>\n\n\n\n<h4 class=\"wp-block-heading\">Primario<\/h4>\n\n\n\n<p class=\"wp-block-paragraph\">El agua se bombea a grandes tanques donde se vuelve inactiva, como el agua de un estanque. Esto permite que cualquier cosa m\u00e1s densa que el agua (como los desechos humanos y el papel higi\u00e9nico) se asiente y cualquier cosa m\u00e1s ligera que el agua (mantecas, aceites y grasas) flote. Los brazos giratorios empujan estos s\u00f3lidos hacia las bombas que env\u00edan los materiales a nuestras instalaciones de manejo de s\u00f3lidos para la <a href=\"https:\/\/cleanwaterservices.org\/es\/nuestra-agua\/recuperacion-de-recursos\/acerca-de-la-recuperacion-de-recursos\/\" data-type=\"page\" data-id=\"1466\">recuperaci\u00f3n de recursos<\/a>. La instalaci\u00f3n de Forest Grove es la \u00fanica instalaci\u00f3n de Servicios de Agua Limpia que no usa Tratamiento Primario.<\/p>\n\n\n\n<h4 class=\"wp-block-heading\">Secundario<\/h4>\n\n\n\n<p class=\"wp-block-paragraph\">La cuenca de aireaci\u00f3n es el hogar de decenas de miles de libras de microorganismos naturales, que se podr\u00eda encontrar viviendo en arroyos de monta\u00f1a v\u00edrgenes o suelos saludables. Los microorganismos est\u00e1n felices de consumir y metabolizar el material org\u00e1nico que encuentran.<\/p>\n\n\n\n<p class=\"wp-block-paragraph\">Gran parte del costo de limpiar las aguas residuales consiste en asegurarse de que su medio ambiente, el suministro de alimentos y la poblaci\u00f3n sean saludables y productivos. Esto requiere mucha energ\u00eda para darles el ox\u00edgeno disuelto que necesitan. Luego de metabolizar su alimento, la mezcla de microorganismos y agua se desborda hacia clarificadores secundarios donde son separados por gravedad. Solo mantenemos suficientes microorganismos para hacer el trabajo, lo que significa monitorear constantemente la poblaci\u00f3n y enviar el exceso al manejo de los s\u00f3lidos.<\/p>\n\n\n\n<h4 class=\"wp-block-heading\">Terciario<\/h4>\n\n\n\n<p class=\"wp-block-paragraph\">El siguiente paso es muy parecido al proceso para producir agua potable. Todav\u00eda hay algunos s\u00f3lidos muy peque\u00f1os y f\u00f3sforo disuelto que debemos eliminar. El alumbre y el pol\u00edmero se agregan al agua y se convierten en un s\u00f3lido al que se adhieren las part\u00edculas finas. A medida que la masa crece, tambi\u00e9n se vuelve m\u00e1s pesada y se hunde hasta el fondo de un tercer conjunto de clarificadores antes de pasar al <a href=\"https:\/\/cleanwaterservices.org\/es\/nuestra-agua\/recuperacion-de-recursos\/nutrientes\/\" data-type=\"page\" data-id=\"623\">manejo de los s\u00f3lidos<\/a>. Al igual que las plantas de agua potable, tambi\u00e9n filtramos el agua. Usamos varios pies de arena finamente graduada por la que pasa el agua para eliminar los restos de s\u00f3lidos qu\u00edmicos y otras part\u00edculas muy finas que no se asentaron en los pasos anteriores.<\/p>\n\n\n\n<h4 class=\"wp-block-heading\">Desinfecci\u00f3n<\/h4>\n\n\n\n<p class=\"wp-block-paragraph\">La desinfecci\u00f3n es el proceso para inactivar o destruir microorganismos da\u00f1inos (pat\u00f3genos). En las instalaciones de Durham y Rock Creek, agregamos una peque\u00f1a cantidad de cloro (menos que en una piscina) para eliminar cualquier pat\u00f3geno. Luego confirmamos que sea seguro para la vida silvestre eliminando el cloro restante con bisulfito de sodio.<\/p>\n\n\n\n<p class=\"wp-block-paragraph\">En las instalaciones de Forest Grove y Hillsboro, desinfectamos con luz ultravioleta (UV, siglas en ingl\u00e9s). El flujo de la planta pasa frente a la luz ultravioleta, que inactiva las bacterias da\u00f1\u00e1ndolas para que ya no puedan multiplicarse.<\/p>\n\n\n\n<p class=\"wp-block-paragraph\">Despu\u00e9s de la desinfecci\u00f3n, el agua limpia se puede reutilizar nuevamente para el riego, o se puede devolver al <a href=\"https:\/\/cleanwaterservices.org\/es\/nuestra-agua\/cuenca-del-rio-tualatin\/acerca-de-nuestro-rio-y-cuenca\/\" data-type=\"page\" data-id=\"599\">R\u00edo Tualatin<\/a><a href=\"https:\/\/cleanwaterservices.org\/es\/nuestra-agua\/cuenca-del-rio-tualatin\/acerca-de-nuestro-rio-y-cuenca\/\" data-type=\"URL\" data-id=\"https:\/\/cleanwaterservices.org\/our-water\/watershed\/watershed\/\">,<\/a> ayud\u00e1ndolo a mantener un flujo saludable durante todo el a\u00f1o.<\/p>\n\n\n\n<hr class=\"wp-block-separator has-alpha-channel-opacity\"\/>\n\n\n\n<h2 class=\"wp-block-heading\">Cada una de nuestras instalaciones est\u00e1 dise\u00f1ada para satisfacer las necesidades de las comunidades a las que sirve.<\/h2>\n\n\n\n<ul class=\"wp-block-list is-style-bar\">\n<li><a href=\"https:\/\/cleanwaterservices.org\/es\/nuestra-agua\/proceso-de-tratamiento-de-agua\/instalacion-de-recuperacion-de-recursos-hidricos-de-durham\/\" data-type=\"page\" data-id=\"611\"><strong>Durham<\/strong><\/a><\/li>\n\n\n\n<li><a href=\"https:\/\/cleanwaterservices.org\/es\/nuestra-agua\/proceso-de-tratamiento-de-agua\/instalacion-de-recuperacion-de-recursos-hidricos-de-rock-creek\/\" data-type=\"page\" data-id=\"613\"><strong>Rock Creek<\/strong><\/a><\/li>\n\n\n\n<li><a href=\"https:\/\/cleanwaterservices.org\/es\/nuestra-agua\/proceso-de-tratamiento-de-agua\/instalacion-de-recuperacion-de-recursos-hidricos-de-hillsboro\/\" data-type=\"page\" data-id=\"615\"><strong>Hillsboro<\/strong><\/a><\/li>\n\n\n\n<li><a href=\"https:\/\/cleanwaterservices.org\/es\/nuestra-agua\/proceso-de-tratamiento-de-agua\/instalacion-de-recuperacion-de-recursos-hidricos-de-forest-grove\/\" data-type=\"page\" data-id=\"617\"><strong>Forest Grove<\/strong><\/a><\/li>\n<\/ul>\n","protected":false},"excerpt":{"rendered":"<p>En nuestras instalaciones m\u00e1s modernas de tratamiento, limpiamos m\u00e1s de 65 millones de galones, o 296 millones de litros de aguas residuales cada d\u00eda con algunos de los est\u00e1ndares m\u00e1s altos de la naci\u00f3n. Despu\u00e9s de que m\u00e1s de 600,000 clientes en el condado urbano de Washington usan el agua adentro, se recolecta y se [&hellip;]<\/p>\n","protected":false},"author":220134337,"featured_media":0,"parent":4501,"menu_order":1,"comment_status":"closed","ping_status":"closed","template":"","meta":{"_acf_changed":false,"_crdt_document":"","footnotes":""},"class_list":["post-4502","page","type-page","status-publish","hentry"],"acf":[],"_links":{"self":[{"href":"https:\/\/cleanwaterservices.org\/es\/wp-json\/wp\/v2\/pages\/4502","targetHints":{"allow":["GET"]}}],"collection":[{"href":"https:\/\/cleanwaterservices.org\/es\/wp-json\/wp\/v2\/pages"}],"about":[{"href":"https:\/\/cleanwaterservices.org\/es\/wp-json\/wp\/v2\/types\/page"}],"author":[{"embeddable":true,"href":"https:\/\/cleanwaterservices.org\/es\/wp-json\/wp\/v2\/users\/220134337"}],"replies":[{"embeddable":true,"href":"https:\/\/cleanwaterservices.org\/es\/wp-json\/wp\/v2\/comments?post=4502"}],"version-history":[{"count":5,"href":"https:\/\/cleanwaterservices.org\/es\/wp-json\/wp\/v2\/pages\/4502\/revisions"}],"predecessor-version":[{"id":12189,"href":"https:\/\/cleanwaterservices.org\/es\/wp-json\/wp\/v2\/pages\/4502\/revisions\/12189"}],"up":[{"embeddable":true,"href":"https:\/\/cleanwaterservices.org\/es\/wp-json\/wp\/v2\/pages\/4501"}],"wp:attachment":[{"href":"https:\/\/cleanwaterservices.org\/es\/wp-json\/wp\/v2\/media?parent=4502"}],"curies":[{"name":"wp","href":"https:\/\/api.w.org\/{rel}","templated":true}]}}