{"id":4489,"date":"2022-05-24T12:11:40","date_gmt":"2022-05-24T19:11:40","guid":{"rendered":"https:\/\/cleanwaterservices.org\/acerca-de-nuestro-rio-y-cuenca\/"},"modified":"2023-01-06T16:44:57","modified_gmt":"2023-01-07T00:44:57","slug":"acerca-de-nuestro-rio-y-cuenca","status":"publish","type":"page","link":"https:\/\/cleanwaterservices.org\/es\/nuestra-agua\/cuenca-del-rio-tualatin\/acerca-de-nuestro-rio-y-cuenca\/","title":{"rendered":"Acerca de la Cuenca y de Nuestro R\u00edo"},"content":{"rendered":"\n\n\n<figure class=\"wp-block-image alignright is-style-circle\"><img loading=\"lazy\" decoding=\"async\" width=\"340\" height=\"340\" src=\"https:\/\/cleanwaterservices.org\/wp-content\/uploads\/2022\/06\/River-Ranger-Watershed-Bowl_square.png\" alt=\"Un gr\u00e1fico que muestra que la cuenca hidrogr\u00e1fica es un cuenco con las monta\u00f1as en el borde y los r\u00edos que fluyen hacia el fondo.\" class=\"wp-image-3908\" srcset=\"https:\/\/cleanwaterservices.org\/wp-content\/uploads\/2022\/06\/River-Ranger-Watershed-Bowl_square.png 340w, https:\/\/cleanwaterservices.org\/wp-content\/uploads\/2022\/06\/River-Ranger-Watershed-Bowl_square-300x300.png 300w, https:\/\/cleanwaterservices.org\/wp-content\/uploads\/2022\/06\/River-Ranger-Watershed-Bowl_square-150x150.png?crop=1 150w\" sizes=\"auto, 384px\" \/><\/figure>\n\n\n\n<p class=\"wp-block-paragraph\">Una cuenca hidrogr\u00e1fica es un \u00e1rea geogr\u00e1fica que funciona como un taz\u00f3n muy grande para vincular la tierra, el agua y las personas. La <a href=\"https:\/\/watershednavigator.org\/learn-about-water\/living-in-a-watershed\" target=\"_blank\" rel=\"noreferrer noopener nofollow\">cuenca del R\u00edo Tualatin<\/a> incluye 712 millas cuadradas y abarca desde \u00e1reas densamente pobladas hasta \u00e1reas agr\u00edcolas, y los bosques de la Cordillera de la Costa de Oregon. Explore m\u00e1s de nuestra cuenca con el <a href=\"https:\/\/watershednavigator.org\/\" target=\"_blank\" rel=\"noreferrer noopener nofollow\">Navegador de la Cuenca<\/a>.<\/p>\n\n\n\n\n\n<p class=\"wp-block-paragraph\">El <a href=\"https:\/\/watershednavigator.org\/learn-about-water\/the-tualatin-river\" target=\"_blank\" rel=\"noreferrer noopener nofollow\">R\u00edo Tualatin<\/a>, de 80 millas de largo, es diferente a la mayor\u00eda de los r\u00edos del noroeste. Serpentea lentamente a trav\u00e9s de un terreno relativamente plano, drenando m\u00e1s de 700 millas cuadradas de \u00e1reas boscosas, agr\u00edcolas y urbanas antes de unirse al R\u00edo Willamette. El Tualatin en el Condado de Washington es el \u00fanico r\u00edo y un importante recurso para la regi\u00f3n. El r\u00edo se utiliza para el suministro regional de agua potable y riego agr\u00edcola. Adem\u00e1s, el uso de canoas, la pesca y la observaci\u00f3n de la vida silvestre atraen a miles de entusiastas del aire libre cada a\u00f1o.<\/p>\n\n\n\n<hr class=\"wp-block-separator has-alpha-channel-opacity\"\/>\n\n\n\n<h2 class=\"wp-block-heading\">Estado Del R\u00edo Tualatin<\/h2>\n\n\n\n<p class=\"wp-block-paragraph\">Obtenga informaci\u00f3n actualizada sobre los niveles del agua, el flujo, la temperatura y m\u00e1s.<\/p>\n\n\n\n<ul class=\"wp-block-list\">\n<li><a href=\"https:\/\/or.water.usgs.gov\/tualatin\/\" target=\"_blank\" rel=\"noreferrer noopener nofollow\">Encuesta Geol\u00f3gica de USA<\/a><\/li>\n\n\n\n<li><a href=\"https:\/\/or.water.usgs.gov\/usgs_precip\/\" rel=\"nofollow noopener\">Red de Precipitaciones de Lluvia USGS<\/a><\/li>\n\n\n\n<li><a href=\"https:\/\/apps.wrd.state.or.us\/apps\/sw\/hydro_near_real_time\/Default.aspx\" target=\"_blank\" rel=\"noreferrer noopener nofollow\">Maestros del Agua<\/a><\/li>\n\n\n\n<li><a href=\"https:\/\/www.usbr.gov\/pn\/hydromet\/tuatea.html\" target=\"_blank\" rel=\"noreferrer noopener nofollow\">Bur\u00f3 de Reclamaciones de USA<\/a><\/li>\n\n\n\n<li><a href=\"https:\/\/www.jacksonbottom.org\/natural-resources\/wetlands\/\" target=\"_blank\" rel=\"noreferrer noopener nofollow\">Terrenos Pantanosos de Jackson Bottom<\/a><\/li>\n\n\n\n<li><a href=\"https:\/\/www.co.washington.or.us\/Watermaster\/SurfaceWater\/tualatin-river-flow-technical-committee-annual-report.cfm\" target=\"_blank\" rel=\"noreferrer noopener nofollow\">Comit\u00e9 de gesti\u00f3n del caudal del r\u00edo Tualatin<\/a> &#8211; Informes anuales de caudal<\/li>\n\n\n\n<li>\u00bfBusque\u00a0<a href=\"https:\/\/cleanwaterservices.org\/community\/stormwater\/rainwater\/flood-facts\/\" data-type=\"page\" data-id=\"209\">informaci\u00f3n referente a las inundaciones<\/a>?<\/li>\n<\/ul>\n","protected":false},"excerpt":{"rendered":"<p>Una cuenca hidrogr\u00e1fica es un \u00e1rea geogr\u00e1fica que funciona como un taz\u00f3n muy grande para vincular la tierra, el agua y las personas. La cuenca del R\u00edo Tualatin incluye 712 millas cuadradas y abarca desde \u00e1reas densamente pobladas hasta \u00e1reas agr\u00edcolas, y los bosques de la Cordillera de la Costa de Oregon. Explore m\u00e1s de [&hellip;]<\/p>\n","protected":false},"author":220134337,"featured_media":0,"parent":6667,"menu_order":1,"comment_status":"closed","ping_status":"closed","template":"","meta":{"_acf_changed":false,"_crdt_document":"","footnotes":""},"class_list":["post-4489","page","type-page","status-publish","hentry"],"acf":[],"_links":{"self":[{"href":"https:\/\/cleanwaterservices.org\/es\/wp-json\/wp\/v2\/pages\/4489","targetHints":{"allow":["GET"]}}],"collection":[{"href":"https:\/\/cleanwaterservices.org\/es\/wp-json\/wp\/v2\/pages"}],"about":[{"href":"https:\/\/cleanwaterservices.org\/es\/wp-json\/wp\/v2\/types\/page"}],"author":[{"embeddable":true,"href":"https:\/\/cleanwaterservices.org\/es\/wp-json\/wp\/v2\/users\/220134337"}],"replies":[{"embeddable":true,"href":"https:\/\/cleanwaterservices.org\/es\/wp-json\/wp\/v2\/comments?post=4489"}],"version-history":[{"count":5,"href":"https:\/\/cleanwaterservices.org\/es\/wp-json\/wp\/v2\/pages\/4489\/revisions"}],"predecessor-version":[{"id":8416,"href":"https:\/\/cleanwaterservices.org\/es\/wp-json\/wp\/v2\/pages\/4489\/revisions\/8416"}],"up":[{"embeddable":true,"href":"https:\/\/cleanwaterservices.org\/es\/wp-json\/wp\/v2\/pages\/6667"}],"wp:attachment":[{"href":"https:\/\/cleanwaterservices.org\/es\/wp-json\/wp\/v2\/media?parent=4489"}],"curies":[{"name":"wp","href":"https:\/\/api.w.org\/{rel}","templated":true}]}}