{"id":4464,"date":"2022-05-24T11:59:59","date_gmt":"2022-05-24T18:59:59","guid":{"rendered":"https:\/\/cleanwaterservices.org\/permisos-y-desarrollo\/estandares-de-diseno-y-construccion-redireccionamiento\/manual-de-enfoques-de-desarrollo-de-bajo-impacto-lida\/"},"modified":"2024-12-31T16:48:31","modified_gmt":"2025-01-01T00:48:31","slug":"manual-de-enfoques-de-desarrollo-de-bajo-impacto-lida","status":"publish","type":"page","link":"https:\/\/cleanwaterservices.org\/es\/permisos-y-desarrollo\/estandares-de-diseno-y-construccion\/manual-de-enfoques-de-desarrollo-de-bajo-impacto-lida\/","title":{"rendered":"Manual de Enfoques para el Desarrollo de Bajo Impacto (LIDA)"},"content":{"rendered":"\n<figure class=\"wp-block-image alignright is-style-circle\"><img loading=\"lazy\" decoding=\"async\" width=\"3887\" height=\"2915\" src=\"https:\/\/cleanwaterservices.org\/wp-content\/uploads\/2022\/06\/20190618_100009.jpg\" alt=\"Una zona llena de jardines de lluvia LIDA para ayudar a regular las aguas pluviales.\" class=\"wp-image-2285\" srcset=\"https:\/\/cleanwaterservices.org\/wp-content\/uploads\/2022\/06\/20190618_100009.jpg 3887w, https:\/\/cleanwaterservices.org\/wp-content\/uploads\/2022\/06\/20190618_100009-300x225.jpg 300w, https:\/\/cleanwaterservices.org\/wp-content\/uploads\/2022\/06\/20190618_100009-1024x768.jpg 1024w, https:\/\/cleanwaterservices.org\/wp-content\/uploads\/2022\/06\/20190618_100009-768x576.jpg 768w, https:\/\/cleanwaterservices.org\/wp-content\/uploads\/2022\/06\/20190618_100009-1536x1152.jpg 1536w, https:\/\/cleanwaterservices.org\/wp-content\/uploads\/2022\/06\/20190618_100009-2048x1536.jpg 2048w\" sizes=\"auto, 384px\" \/><\/figure>\n\n\n\n<p class=\"wp-block-paragraph\">Los Enfoques de Desarrollo de Bajo Impacto (LIDA, siglas en ingl\u00e9s), como jardines de lluvia, zanjas con vegetaci\u00f3n, pavimento poroso y otras instalaciones, pueden ayudar a maximizar el potencial de un sitio para tratar las aguas pluviales.<\/p>\n\n\n\n\n\n<p class=\"wp-block-paragraph\">Clean Water Services y sus socios dieron origen al Manual de Enfoques de Desarrollo de Bajo Impacto para promover pr\u00e1cticas de desarrollo sostenible para la cuenca del R\u00edo Tualatin en 2009. Los Enfoques de Desarrollo de Bajo Impacto (LIDA) pueden maximizar el potencial de un sitio al reducir o incorporar el \u00e1rea necesaria para el manejo de las aguas pluviales y el tratamiento de la calidad del agua, al mismo tiempo se protegen los recursos naturales y el h\u00e1bitat.<\/p>\n\n\n\n<p class=\"wp-block-paragraph\">El <strong><a href=\"https:\/\/cleanwaterservices.org\/wp-content\/uploads\/2022\/06\/lida-handbook.pdf\" target=\"_blank\" rel=\"noreferrer noopener\">Manual LIDA<\/a><\/strong> (PDF, 13.7) es un complemento de los <a href=\"https:\/\/cleanwaterservices.org\/es\/permisos-y-desarrollo\/estandares-de-diseno-y-construccion\/ver-los-estandares\/\" data-type=\"page\" data-id=\"1445\"><strong>Est\u00e1ndares de Dise\u00f1o y Construcci\u00f3n<\/strong><\/a> de Clean Water Servics y debe utilizarse junto con los Est\u00e1ndares y otras reglamentaciones aplicables y c\u00f3digos locales. Se actualiza peri\u00f3dicamente a medida que cambian los c\u00f3digos y las reglamentaciones, y surgen nuevas t\u00e9cnicas y mejores pr\u00e1cticas. La \u00faltima actualizaci\u00f3n es de junio de 2021.<\/p>\n\n\n\n<p class=\"wp-block-paragraph\">Este colorido manual detalla los beneficios de LIDA, la planificaci\u00f3n del sitio y el proceso de dise\u00f1o. Incluye listas de verificaci\u00f3n de inspecci\u00f3n, dibujos detallados, un glosario y enlaces a recursos adicionales. Las hojas informativas de dise\u00f1o ilustran los jardines de lluvia, los cenagales con vegetaci\u00f3n, el pavimento poroso y otros tipos de instalaciones con informaci\u00f3n detallada sobre el dise\u00f1o, la plantaci\u00f3n, y el mantenimiento efectivo.<\/p>\n\n\n\n<p class=\"wp-block-paragraph\">El Manual LIDA es un producto colaborativo, que incluye aportes de las jurisdicciones de Uso de la Tierra en las zonas urbanas del Condado de Washington y los Servicios de Agua Limpia, el Distrito de Parques y Recreo de Tualatin Hills y Metro. Es una referencia para todos los habitantes y jurisdicciones dentro de la Cuenca Tualatin. Se anima a los usuarios a que consulten la jurisdicci\u00f3n local, como ciudades y condados, antes de emprender un proyecto.<\/p>\n\n\n\n<div class=\"wp-block-buttons is-content-justification-center is-layout-flex wp-container-core-buttons-is-layout-fe48e5de wp-block-buttons-is-layout-flex\">\n<div class=\"wp-block-button\"><a class=\"wp-block-button__link wp-element-button\" href=\"https:\/\/cleanwaterservices.org\/wp-content\/uploads\/2022\/06\/lida-handbook.pdf\" target=\"_blank\" rel=\"noreferrer noopener\">Baje el Manual LIDA<\/a><\/div>\n<\/div>\n\n\n\n<hr class=\"wp-block-separator has-alpha-channel-opacity\"\/>\n\n\n\n<h2 class=\"wp-block-heading\"><strong>\u00bfPor Qu\u00e9 Usar LIDA?<\/strong><\/h2>\n\n\n\n<p class=\"wp-block-paragraph\">Por lo general, las instalaciones de LIDA son elementos del paisaje con vegetaci\u00f3n, como jardineras, franjas de filtro con vegetaci\u00f3n, y zanjas que filtran y\/o infiltran las aguas pluviales. Otros tipos de LIDA son pavimentos porosos y techos verdes que reducen el \u00e1rea impermeable y el volumen de la corriente. Los LIDA se integran con el paisaje del sitio para proporcionar gesti\u00f3n de aguas pluviales, servicios visuales y beneficios para el h\u00e1bitat. El dise\u00f1o del sitio de bajo impacto puede preservar los \u00e1rboles y la vegetaci\u00f3n, y conservar y reutilizar el agua. Los enfoques de dise\u00f1o del sitio pueden incluir el promedio del tama\u00f1o del lote, las transferencias de densidad y la agrupaci\u00f3n o ubicaci\u00f3n de edificios y \u00e1reas de estacionamiento para evitar impactos en el h\u00e1bitat, la vegetaci\u00f3n y los cursos de drenaje. El dise\u00f1o de bajo impacto tambi\u00e9n puede reducir la necesidad y\/o el tama\u00f1o de las pr\u00e1cticas que abordan la hidromodificaci\u00f3n.<\/p>\n\n\n\n<p class=\"wp-block-paragraph\">Adem\u00e1s de los beneficios est\u00e9ticos y de h\u00e1bitat, los LIDA pueden:<\/p>\n\n\n\n<ul class=\"wp-block-list\">\n<li><strong>Cumplir con los requisitos de calidad de aguas pluviales de Clean Water Services<\/strong>para nuevos sitios de urbanismo y redesarrollo.<\/li>\n\n\n\n<li><strong>Reducir el \u00e1rea necesaria para la calidad del agua y\/o las instalaciones de hidromodificaci\u00f3n<\/strong>mediante la integraci\u00f3n de LIDA en los jardines, los edificios y los pavimentos, lo que puede resultar en m\u00e1s terreno edificable.<\/li>\n\n\n\n<li><strong>Reducir y disminuir la corriente de las aguas pluviales<\/strong>para una mejor calidad del agua y menos hidromodificaci\u00f3n a trav\u00e9s de la erosi\u00f3n.<\/li>\n\n\n\n<li><strong>Reducir los costos del proyecto<\/strong>al eliminar las tuber\u00edas y otras estructuras de ingenier\u00eda.<\/li>\n\n\n\n<li><strong>Reducir la tuber\u00eda y la excavaci\u00f3n necesarias<\/strong> para gestionar la corriente de las aguas pluviales porque se transporta y trata sobre la superficie.<\/li>\n\n\n\n<li><strong>Usar las mismas \u00e1reas para la gesti\u00f3n de aguas pluviales y la jardiner\u00eda<\/strong> (por ejemplo, una jardinera de flujo continuo puede contar para el jard\u00edn requerido del sitio).<\/li>\n\n\n\n<li><strong>Calificar para cr\u00e9ditos de construcci\u00f3n ecol\u00f3gica, dise\u00f1o de sitios, etc.<\/strong><\/li>\n\n\n\n<li><strong>Calificar para cr\u00e9ditos de desarrollo<\/strong>, como aumentos de altura de construcci\u00f3n permitidos, contratiempos reducidos, o tama\u00f1os de lote reducidos.<\/li>\n\n\n\n<li><strong>Preservar los \u00e1rboles y la vegetaci\u00f3n importante<\/strong>incorpor\u00e1ndolos a las instalaciones de LIDA, o protegi\u00e9ndolos en el dise\u00f1o del sitio.<\/li>\n\n\n\n<li><strong>Proporcionar mitigaci\u00f3n<\/strong>de los efectos de isla debido al calor, y los resultados relacionados con el cambio clim\u00e1tico.<\/li>\n<\/ul>\n\n\n\n<hr class=\"wp-block-separator has-alpha-channel-opacity\"\/>\n\n\n\n<h2 class=\"wp-block-heading\"><strong>La Planificaci\u00f3n del Sitio<\/strong><\/h2>\n\n\n\n<p class=\"wp-block-paragraph\">An\u00e1lisis del Sitio: el primer paso para usar LIDA es un an\u00e1lisis completo del sitio para aprender c\u00f3mo se mueve el agua a trav\u00e9s del lugar y c\u00f3mo se pueden preservar las funciones hidrol\u00f3gicas naturales. Inventariar las condiciones en ese sitio y otros adyacentes al mismo, incluida la topograf\u00eda, los suelos, la hidrolog\u00eda y la vegetaci\u00f3n. El an\u00e1lisis del sitio incluye visitas al lugar, estudios topogr\u00e1ficos y de vegetaci\u00f3n\/h\u00e1bitat, revisi\u00f3n de mapas y reportes, y desarrollo de un mapa base del sitio.<\/p>\n\n\n\n<p class=\"wp-block-paragraph\">En el an\u00e1lisis del sitio, los atributos f\u00edsicos del sitio de desarrollo o redesarrollo deben revisarse antes de colocar calles, estacionamientos, y edificios para optimizar la gesti\u00f3n de aguas pluviales y la protecci\u00f3n del h\u00e1bitat. Las caracter\u00edsticas existentes deben incorporarse en el dise\u00f1o del sitio trabajando con los atributos y restricciones del lugar, en vez de hacerlo contra ellos. El dise\u00f1o del sitio que integre las comodidades del sitio para gestionar las aguas pluviales y proteger el h\u00e1bitat puede reducir las demoras en la obtenci\u00f3n de los permisos.<\/p>\n\n\n\n<p class=\"wp-block-paragraph\">Planificaci\u00f3n del sitio: despu\u00e9s de completar el an\u00e1lisis del sitio, prepare un plan del sitio para la presentaci\u00f3n del permiso que aborde los cinco objetivos de LIDA que se enumeran a continuaci\u00f3n, en orden de importancia:<\/p>\n\n\n\n<ol class=\"wp-block-list\">\n<li>Conservar los recursos existentes.<\/li>\n\n\n\n<li>Minimizar la perturbaci\u00f3n.<\/li>\n\n\n\n<li>Minimizar la compactaci\u00f3n del suelo.<\/li>\n\n\n\n<li>Minimizar la impermeabilidad.<\/li>\n\n\n\n<li>Corriente directa desde \u00e1reas impermeables hacia \u00e1reas permeables.<\/li>\n<\/ol>\n\n\n\n<p class=\"wp-block-paragraph\">Selecci\u00f3n de LIDA para que coincidan con las condiciones del sitio: las instalaciones de LIDA pueden construirse sobre edificios, y junto a ellos, e integrarse en el jard\u00edn y el paisaje del sitio, como estacionamientos, y a lo largo de las calles. Las instalaciones LIDA se pueden usar individualmente para gestionar la lluvia y la corriente de un \u00e1rea de drenaje, o se pueden construir en una serie de m\u00faltiples instalaciones. El an\u00e1lisis del sitio ayuda a identificar los tipos de LIDA que mejor se adapten al sitio.<\/p>\n\n\n\n<p class=\"wp-block-paragraph\">Encuentre detalles y definiciones adicionales en el <a href=\"https:\/\/cleanwaterservices.org\/wp-content\/uploads\/2022\/06\/lida-handbook.pdf\" target=\"_blank\" data-type=\"attachment\" data-id=\"2341\" rel=\"noreferrer noopener\">Manual LIDA<\/a>(PDF, 13,7 MB).<\/p>\n\n\n\n<hr class=\"wp-block-separator has-alpha-channel-opacity\"\/>\n\n\n\n<h2 class=\"wp-block-heading\"><strong>Pasos de dise\u00f1o para instalaciones LIDA<\/strong><\/h2>\n\n\n\n<p class=\"wp-block-paragraph\">Para la mayor\u00eda de los sitios de desarrollo, las instalaciones LIDA pueden dise\u00f1arse usando factores de tama\u00f1o CWS. Los requisitos completos para la presentaci\u00f3n del plan de aguas pluviales se detallan en los Est\u00e1ndares de Dise\u00f1o y Construcci\u00f3n, y las jurisdicciones locales pueden tener requisitos adicionales. Para sitios de menos de un acre, el \u00e1rea impermeable que requiere tratamiento puede reducirse si se usan los LIDA. Esta <a href=\"https:\/\/cleanwaterservices.org\/wp-content\/uploads\/2022\/06\/lida-handbook-sizing-form.pdf\" target=\"_blank\" rel=\"noreferrer noopener\">Forma de Dimensiones LIDA<\/a>(PDF) puede ayudar a determinar el tama\u00f1o. Estos son los pasos para el proceso de las dimensiones: Estos son los pasos para el proceso de dimensionamiento:<\/p>\n\n\n\n<ol class=\"wp-block-list\">\n<li>Determinar el \u00e1rea impermeable que requiere tratamiento.<\/li>\n\n\n\n<li>Deducir cr\u00e9ditos LIDA de \u00e1rea impermeable.<\/li>\n\n\n\n<li>Medir el tama\u00f1o de las instalaciones LIDA para el \u00e1rea impermeable restante.<\/li>\n\n\n\n<li>Si es necesario, dise\u00f1ar instalaciones de calidad del agua para grandes \u00e1reas impermeables o \u00e1reas impermeables restantes sin tratar.<\/li>\n<\/ol>\n\n\n\n<p class=\"wp-block-paragraph\">Encuentre detalles y definiciones adicionales en el <a href=\"https:\/\/cleanwaterservices.org\/wp-content\/uploads\/2022\/06\/lida-handbook.pdf\" data-type=\"attachment\" data-id=\"2341\" target=\"_blank\" rel=\"noreferrer noopener\">Manual LIDA<\/a> (PDF, 13,7 MB).<\/p>\n\n\n\n<hr class=\"wp-block-separator has-alpha-channel-opacity\"\/>\n\n\n\n<h2 class=\"wp-block-heading\"><strong>Hojas de Dise\u00f1o LIDA (Hojas de Hechos)<\/strong><\/h2>\n\n\n\n<p class=\"wp-block-paragraph\">Estas hojas de dise\u00f1o proporcionan fotograf\u00edas como ejemplo, bocetos de dise\u00f1o, criterios de uso y dise\u00f1o, forma de plantar, e informaci\u00f3n de mantenimiento para los tipos de LIDA permitidos por los est\u00e1ndares de CWS.<\/p>\n\n\n\n<ul class=\"wp-block-list\">\n<li><a href=\"https:\/\/cleanwaterservices.org\/wp-content\/uploads\/2022\/09\/porous-pavement.pdf\" target=\"_blank\" rel=\"noreferrer noopener\">Pavimento Poroso<\/a> (PDF) <\/li>\n\n\n\n<li><a href=\"https:\/\/cleanwaterservices.org\/wp-content\/uploads\/2022\/09\/green-roof.pdf\" target=\"_blank\" rel=\"noreferrer noopener\">Techo Ecol\u00f3gico <\/a> (PDF)<\/li>\n\n\n\n<li><a href=\"https:\/\/cleanwaterservices.org\/wp-content\/uploads\/2022\/06\/structural-infiltration-planter.pdf\" target=\"_blank\" rel=\"noreferrer noopener\">Jardinera de Infiltraci\u00f3n Estructural<\/a> (PDF) <\/li>\n\n\n\n<li><a href=\"https:\/\/cleanwaterservices.org\/wp-content\/uploads\/2022\/06\/rain-garden.pdf\" target=\"_blank\" rel=\"noreferrer noopener\">Jard\u00edn de Lluvia\/Maceta de Infiltraci\u00f3n no Estructural<\/a> (PDF)<\/li>\n\n\n\n<li><a href=\"https:\/\/cleanwaterservices.org\/wp-content\/uploads\/2022\/06\/structural-flow-through-planter.pdf\" target=\"_blank\" rel=\"noreferrer noopener\">Sembradora de Flujo Estructural<\/a> (PDF)<\/li>\n\n\n\n<li><a href=\"https:\/\/cleanwaterservices.org\/wp-content\/uploads\/2022\/06\/landscape-filter-strip.pdf\" target=\"_blank\" rel=\"noreferrer noopener\">Franja de Filtro en los Jardines<\/a> (PDF)<\/li>\n\n\n\n<li><a href=\"https:\/\/cleanwaterservices.org\/wp-content\/uploads\/2022\/06\/vegetated-swale-1.pdf\" target=\"_blank\" rel=\"noreferrer noopener\">Zanja con Vegetaci\u00f3n<\/a> (PDF)<\/li>\n\n\n\n<li><a href=\"https:\/\/cleanwaterservices.org\/wp-content\/uploads\/2022\/09\/extended-dry-basin.pdf\" target=\"_blank\" rel=\"noreferrer noopener\">Cuenca Seca Extendida<\/a> (PDF)<\/li>\n\n\n\n<li><a href=\"https:\/\/cleanwaterservices.org\/wp-content\/uploads\/2022\/09\/constructed-water-quality-wetland.pdf\" target=\"_blank\" rel=\"noreferrer noopener\">Terreno Pantanoso Construido para la Calidad del Agua<\/a> (PDF)<\/li>\n\n\n\n<li><a href=\"https:\/\/cleanwaterservices.org\/wp-content\/uploads\/2022\/06\/conveyance-stormwater-art.pdf\" target=\"_blank\" rel=\"noreferrer noopener\">Transporte y Arte de las Aguas Pluviales<\/a> (PDF)<\/li>\n\n\n\n<li><a href=\"https:\/\/cleanwaterservices.org\/wp-content\/uploads\/2022\/06\/planting-design-habitat.pdf\" target=\"_blank\" rel=\"noreferrer noopener\">Dise\u00f1o al Plantar y H\u00e1bitat<\/a> (PDF)<\/li>\n<\/ul>\n\n\n\n<hr class=\"wp-block-separator has-alpha-channel-opacity\"\/>\n\n\n\n<h2 class=\"wp-block-heading\"><strong>Recursos Complementarios<\/strong><\/h2>\n\n\n\n<ul class=\"wp-block-list\">\n<li><a href=\"https:\/\/cleanwaterservices.org\/wp-content\/uploads\/2022\/06\/planting-templates.pdf\" target=\"_blank\" rel=\"noreferrer noopener\">Plantillas de Plantaci\u00f3n<\/a> (PDF)<\/li>\n\n\n\n<li><a href=\"https:\/\/cleanwaterservices.org\/wp-content\/uploads\/2022\/06\/public-private-plant-lists.pdf\" target=\"_blank\" rel=\"noreferrer noopener\">Listas de Plantas de Instalaciones P\u00fablicas y Privadas<\/a>(PDF)<\/li>\n\n\n\n<li><a href=\"https:\/\/cleanwaterservices.org\/wp-content\/uploads\/2022\/06\/operation-maintenance-plans.pdf\" target=\"_blank\" rel=\"noreferrer noopener\">Planes de Operaci\u00f3n y Mantenimiento<\/a> (PDF)<\/li>\n<\/ul>\n\n\n\n<hr class=\"wp-block-separator has-alpha-channel-opacity\"\/>\n\n\n\n<h2 class=\"wp-block-heading\"><strong>Terminolog\u00eda y Definiciones<\/strong><\/h2>\n\n\n\n<p class=\"wp-block-paragraph\">A continuaci\u00f3n, se encuentran los t\u00e9rminos generales y sus definiciones utilizadas en el manual. Se incluyen definiciones adicionales de t\u00e9rminos a lo largo del manual.<\/p>\n\n\n\n<p class=\"wp-block-paragraph\">Las <strong>Mejores Pr\u00e1cticas de Manejo (BMP)<\/strong> son t\u00e9cnicas utilizadas para controlar la corriente de las aguas pluviales, el control de sedimentos y la estabilizaci\u00f3n del suelo, as\u00ed como las decisiones del manejo para prevenir o reducir la contaminaci\u00f3n de fuentes difusas. La EPA define BMP como una \u00abt\u00e9cnica, medida o control estructural que se utiliza para un conjunto determinado de condiciones para administrar la cantidad y mejorar la calidad de la corriente de las aguas pluviales de la manera de costo m\u00e1s efectivo\u00bb.<\/p>\n\n\n\n<p class=\"wp-block-paragraph\"><strong>Los Enfoques de Desarrollo de Bajo Impacto (LIDA)<\/strong>mitigan los impactos del aumento de la corriente y la contaminaci\u00f3n de las aguas pluviales mediante un conjunto de t\u00e9cnicas de planificaci\u00f3n, dise\u00f1o y construcci\u00f3n y enfoques del manejo de las aguas pluviales que promueven el uso de sistemas naturales para la infiltraci\u00f3n, la evapotranspiraci\u00f3n y la reutilizaci\u00f3n del agua de lluvia. LIDA puede ocurrir en una amplia variedad de escalas de jardiner\u00eda (es decir, regional, de vecindario y de sitio) e incluye, entre otros, techos verdes, pavimento poroso y enfoques del manejo de aguas pluviales con vegetaci\u00f3n.<\/p>\n\n\n\n<p class=\"wp-block-paragraph\"><strong>Pr\u00e1cticas de Desarrollo Ecol\u00f3gico<\/strong>: T\u00e9cnicas del manejo de aguas pluviales que utilizan los procesos de retenci\u00f3n, infiltraci\u00f3n y evapotranspiraci\u00f3n para tratar la corriente y reducir el volumen de las aguas pluviales. (C\u00f3digo de Desarrollo de Gresham)<\/p>\n\n\n\n<p class=\"wp-block-paragraph\"><strong>Dise\u00f1o de Bajo Impacto:<\/strong>Un enfoque para el desarrollo del sitio que protege e incorpora las caracter\u00edsticas naturales del sitio en los planes de control de la erosi\u00f3n y los sedimentos y del manejo de las aguas pluviales. (Manual de Dise\u00f1o de Bajo Impacto para la regi\u00f3n de Auckland 2000)<\/p>\n\n\n\n<p class=\"wp-block-paragraph\">El desarrollo de bajo impacto tiene como objetivo imitar la hidrolog\u00eda y los procesos naturales mediante el uso de pr\u00e1cticas descentralizadas a peque\u00f1a escala que infiltran, evaporan y transpiran el agua de la lluvia. En concreto, LID pretende:<\/p>\n\n\n\n<ul class=\"wp-block-list\">\n<li>Minimizar las superficies impermeables.<\/li>\n\n\n\n<li>Desconectar elementos hidrol\u00f3gicos (techos, canaletas de bajada, estacionamientos).<\/li>\n\n\n\n<li>Mantener\/aumentar los trayectos y tiempos de flujo.<\/li>\n\n\n\n<li>Utilizar pr\u00e1cticas de tratamiento descentralizadas. (Servicios de la base de herramientas del centro de investigaci\u00f3n NAHB)<\/li>\n<\/ul>\n\n\n\n<p class=\"wp-block-paragraph\">Adem\u00e1s, una estrategia de manejo de aguas pluviales y desarrollo de la tierra aplicada a escala de parcela y subdivisi\u00f3n que enfatiza la conservaci\u00f3n y el uso de caracter\u00edsticas naturales en el sitio integradas con controles hidrol\u00f3gicos dise\u00f1ados a peque\u00f1a escala para imitar m\u00e1s de cerca las funciones hidrol\u00f3gicas previas al desarrollo. (Desarrollo de Bajo Impacto &#8211; Manual de Orientaci\u00f3n T\u00e9cnica para Puget Sound)<\/p>\n\n\n\n<p class=\"wp-block-paragraph\"><strong>Proyecto de Retroalimentaci\u00f3n:<\/strong>Un proyecto que enfrenta los problemas existentes del manejo de aguas pluviales donde antes no hab\u00eda requisitos.<\/p>\n","protected":false},"excerpt":{"rendered":"<p>Los Enfoques de Desarrollo de Bajo Impacto (LIDA, siglas en ingl\u00e9s), como jardines de lluvia, zanjas con vegetaci\u00f3n, pavimento poroso y otras instalaciones, pueden ayudar a maximizar el potencial de un sitio para tratar las aguas pluviales. Clean Water Services y sus socios dieron origen al Manual de Enfoques de Desarrollo de Bajo Impacto para [&hellip;]<\/p>\n","protected":false},"author":220134311,"featured_media":0,"parent":4461,"menu_order":1,"comment_status":"closed","ping_status":"closed","template":"","meta":{"_acf_changed":false,"_crdt_document":"","footnotes":""},"class_list":["post-4464","page","type-page","status-publish","hentry"],"acf":[],"_links":{"self":[{"href":"https:\/\/cleanwaterservices.org\/es\/wp-json\/wp\/v2\/pages\/4464","targetHints":{"allow":["GET"]}}],"collection":[{"href":"https:\/\/cleanwaterservices.org\/es\/wp-json\/wp\/v2\/pages"}],"about":[{"href":"https:\/\/cleanwaterservices.org\/es\/wp-json\/wp\/v2\/types\/page"}],"author":[{"embeddable":true,"href":"https:\/\/cleanwaterservices.org\/es\/wp-json\/wp\/v2\/users\/220134311"}],"replies":[{"embeddable":true,"href":"https:\/\/cleanwaterservices.org\/es\/wp-json\/wp\/v2\/comments?post=4464"}],"version-history":[{"count":5,"href":"https:\/\/cleanwaterservices.org\/es\/wp-json\/wp\/v2\/pages\/4464\/revisions"}],"predecessor-version":[{"id":10582,"href":"https:\/\/cleanwaterservices.org\/es\/wp-json\/wp\/v2\/pages\/4464\/revisions\/10582"}],"up":[{"embeddable":true,"href":"https:\/\/cleanwaterservices.org\/es\/wp-json\/wp\/v2\/pages\/4461"}],"wp:attachment":[{"href":"https:\/\/cleanwaterservices.org\/es\/wp-json\/wp\/v2\/media?parent=4464"}],"curies":[{"name":"wp","href":"https:\/\/api.w.org\/{rel}","templated":true}]}}