{"id":4449,"date":"2022-05-24T11:58:39","date_gmt":"2022-05-24T18:58:39","guid":{"rendered":"https:\/\/cleanwaterservices.org\/permisos-y-desarrollo\/proceso-y-tarifas-redireccionamiento\/inspecciones\/"},"modified":"2023-08-24T15:26:33","modified_gmt":"2023-08-24T22:26:33","slug":"inspecciones","status":"publish","type":"page","link":"https:\/\/cleanwaterservices.org\/es\/permisos-y-desarrollo\/proceso-y-tarifas\/inspecciones\/","title":{"rendered":"Inspecciones"},"content":{"rendered":"\n<figure class=\"wp-block-image alignright is-style-circle\"><img loading=\"lazy\" decoding=\"async\" width=\"2592\" height=\"2592\" src=\"https:\/\/cleanwaterservices.org\/wp-content\/uploads\/2022\/06\/P1066567-1.jpg\" alt=\"Un empleado de Clean Water Services inspecciona una instalaci\u00f3n de calidad de agua con vegetaci\u00f3n reci\u00e9n instalada mientras usa un chaleco de seguridad y un casco. Empleado, LIDA, casco, inspecci\u00f3n, chaleco de seguridad, Vestimenta, Vestimenta, Humano, Naturaleza, Aire libre, Persona Un empleado de Clean Water Services inspecciona una instalaci\u00f3n de calidad de agua con vegetaci\u00f3n reci\u00e9n instalada mientras usa un chaleco de seguridad y un casco.\" class=\"wp-image-3961\" srcset=\"https:\/\/cleanwaterservices.org\/wp-content\/uploads\/2022\/06\/P1066567-1.jpg 2592w, https:\/\/cleanwaterservices.org\/wp-content\/uploads\/2022\/06\/P1066567-1-300x300.jpg 300w, https:\/\/cleanwaterservices.org\/wp-content\/uploads\/2022\/06\/P1066567-1-1024x1024.jpg 1024w, https:\/\/cleanwaterservices.org\/wp-content\/uploads\/2022\/06\/P1066567-1-150x150.jpg?crop=1 150w, https:\/\/cleanwaterservices.org\/wp-content\/uploads\/2022\/06\/P1066567-1-768x768.jpg 768w, https:\/\/cleanwaterservices.org\/wp-content\/uploads\/2022\/06\/P1066567-1-1536x1536.jpg 1536w, https:\/\/cleanwaterservices.org\/wp-content\/uploads\/2022\/06\/P1066567-1-2048x2048.jpg 2048w\" sizes=\"auto, 384px\" \/><\/figure>\n\n\n\n<p class=\"wp-block-paragraph\">\u00bfNecesita una inspecci\u00f3n en la jurisdicci\u00f3n de Clean Water Services?? Para programar una inspecci\u00f3n, llame a nuestra l\u00ednea directa al tel\u00e9fono 503.681.4444 con al menos 24 horas de anticipaci\u00f3n. El tipo de inspecci\u00f3n depende de la actividad del proyecto.<\/p>\n\n\n\n\n\n<hr class=\"wp-block-separator has-alpha-channel-opacity\"\/>\n\n\n\n<h2 class=\"wp-block-heading\"><strong>Tipos de Inspecci\u00f3n<\/strong><\/h2>\n\n\n\n\n\n<h3 class=\"wp-block-heading\"><strong>Inspecci\u00f3n para el Control de la Erosi\u00f3n<\/strong><\/h3>\n\n\n\n<p class=\"wp-block-paragraph\">Se requiere una inspecci\u00f3n de <a href=\"https:\/\/cleanwaterservices.org\/es\/permisos-y-desarrollo\/proceso-y-tarifas\/control-de-la-erosion\/\" data-type=\"page\" data-id=\"565\">Control de la Erosi\u00f3n<\/a> para viviendas unifamiliares antes de que se construyan los cimientos y cualquier otro desarrollo, y antes de cualquier perturbaci\u00f3n. Se requiere aviso de 24 horas. <\/p>\n\n\n\n<ul class=\"is-style-bullet wp-block-list\">\n<li><a href=\"https:\/\/cleanwaterservices.org\/wp-content\/uploads\/2022\/06\/erosion-control-vendors-plant-resources.pdf\" target=\"_blank\" rel=\"noreferrer noopener\">Proveedores para el Control de la Erosi\u00f3n y Recursos para Plantas<\/a> (PDF)<\/li>\n\n\n\n<li><a href=\"https:\/\/cleanwaterservices.org\/wp-content\/uploads\/2022\/06\/erosion-prevention-and-sediment-control-manual.pdf\" target=\"_blank\" rel=\"noreferrer noopener\">Manual sobre la Prevenci\u00f3n de la Erosi\u00f3n y Control de Sedimentos<\/a>\u00a0(PDF)<\/li>\n<\/ul>\n\n\n\n<h3 class=\"wp-block-heading\"><strong>Inspecci\u00f3n de Sanitario P\u00fablico y Alcantarillado Pluvial<\/strong><\/h3>\n\n\n\n<p class=\"wp-block-paragraph\">Se requiere un aviso de 24 horas.<\/p>\n\n\n\n<h3 class=\"wp-block-heading\"><strong>Inspecci\u00f3n y Finalizaci\u00f3n del Per\u00edodo de Mantenimiento<\/strong><\/h3>\n\n\n\n<p class=\"wp-block-paragraph\">Despu\u00e9s de un a\u00f1o, se inspeccionan los materiales y la mano de obra, y despu\u00e9s de dos a\u00f1os se inspecciona la vegetaci\u00f3n para los corredores con vegetaci\u00f3n y las instalaciones de calidad del agua.<\/p>\n\n\n\n<h3 class=\"wp-block-heading\"><strong>Inspecci\u00f3n de Tomas de L\u00ednea<\/strong><\/h3>\n\n\n\n<p class=\"wp-block-paragraph\">Inspecci\u00f3n del lateral de servicio a la l\u00ednea principal p\u00fablica. <\/p>\n\n\n\n<ul class=\"is-style-bullet wp-block-list\">\n<li><a href=\"https:\/\/cleanwaterservices.org\/wp-content\/uploads\/2022\/06\/line-tap-procedures.pdf\" target=\"_blank\" rel=\"noreferrer noopener\">Procedimientos de Toma de L\u00ednea Sanitaria\/Pluvia<\/a> (PDF)<\/li>\n<\/ul>\n\n\n\n<h3 class=\"wp-block-heading\"><strong>Inspecci\u00f3n de Desconexi\u00f3n<\/strong><\/h3>\n\n\n\n<p class=\"wp-block-paragraph\">Inspecci\u00f3n de la desconexi\u00f3n y tapado del lateral de servicio. <\/p>\n\n\n\n<ul class=\"is-style-bullet wp-block-list\">\n<li><a href=\"https:\/\/cleanwaterservices.org\/wp-content\/uploads\/2022\/09\/Sanitary-Storm-Disconnection-Permit-v4-ADA.pdf\" target=\"_blank\" rel=\"noreferrer noopener\">Hoja de Hechos sobre Permisos para Desconexi\u00f3n de Alcantarillas\/Aguas Pluviales<\/a> (PDF)<\/li>\n<\/ul>\n\n\n\n<hr class=\"wp-block-separator has-alpha-channel-opacity\"\/>\n\n\n\n<h2 class=\"wp-block-heading\"><strong>Contactos<\/strong><\/h2>\n\n\n\n<p class=\"wp-block-paragraph\">L\u00ednea directa de inspecci\u00f3n: 503.681.4444<\/p>\n","protected":false},"excerpt":{"rendered":"<p>\u00bfNecesita una inspecci\u00f3n en la jurisdicci\u00f3n de Clean Water Services?? Para programar una inspecci\u00f3n, llame a nuestra l\u00ednea directa al tel\u00e9fono 503.681.4444 con al menos 24 horas de anticipaci\u00f3n. El tipo de inspecci\u00f3n depende de la actividad del proyecto. Tipos de Inspecci\u00f3n Inspecci\u00f3n para el Control de la Erosi\u00f3n Se requiere una inspecci\u00f3n de Control [&hellip;]<\/p>\n","protected":false},"author":220134337,"featured_media":0,"parent":4427,"menu_order":11,"comment_status":"closed","ping_status":"closed","template":"","meta":{"_acf_changed":false,"_crdt_document":"","footnotes":""},"class_list":["post-4449","page","type-page","status-publish","hentry"],"acf":[],"_links":{"self":[{"href":"https:\/\/cleanwaterservices.org\/es\/wp-json\/wp\/v2\/pages\/4449","targetHints":{"allow":["GET"]}}],"collection":[{"href":"https:\/\/cleanwaterservices.org\/es\/wp-json\/wp\/v2\/pages"}],"about":[{"href":"https:\/\/cleanwaterservices.org\/es\/wp-json\/wp\/v2\/types\/page"}],"author":[{"embeddable":true,"href":"https:\/\/cleanwaterservices.org\/es\/wp-json\/wp\/v2\/users\/220134337"}],"replies":[{"embeddable":true,"href":"https:\/\/cleanwaterservices.org\/es\/wp-json\/wp\/v2\/comments?post=4449"}],"version-history":[{"count":5,"href":"https:\/\/cleanwaterservices.org\/es\/wp-json\/wp\/v2\/pages\/4449\/revisions"}],"predecessor-version":[{"id":9223,"href":"https:\/\/cleanwaterservices.org\/es\/wp-json\/wp\/v2\/pages\/4449\/revisions\/9223"}],"up":[{"embeddable":true,"href":"https:\/\/cleanwaterservices.org\/es\/wp-json\/wp\/v2\/pages\/4427"}],"wp:attachment":[{"href":"https:\/\/cleanwaterservices.org\/es\/wp-json\/wp\/v2\/media?parent=4449"}],"curies":[{"name":"wp","href":"https:\/\/api.w.org\/{rel}","templated":true}]}}