{"id":4447,"date":"2022-05-24T11:58:10","date_gmt":"2022-05-24T18:58:10","guid":{"rendered":"https:\/\/cleanwaterservices.org\/permisos-y-desarrollo\/proceso-y-tarifas-redireccionamiento\/servidumbres\/"},"modified":"2025-03-07T11:33:42","modified_gmt":"2025-03-07T19:33:42","slug":"servidumbres","status":"publish","type":"page","link":"https:\/\/cleanwaterservices.org\/es\/permisos-y-desarrollo\/proceso-y-tarifas\/servidumbres\/","title":{"rendered":"Derechos de Acceso"},"content":{"rendered":"\n<figure class=\"wp-block-image alignright is-style-circle\"><img loading=\"lazy\" decoding=\"async\" width=\"1600\" height=\"1067\" src=\"https:\/\/cleanwaterservices.org\/wp-content\/uploads\/2022\/06\/FO_pipes.jpg\" alt=\"Un empleado de Clean Water Services descarga tuber\u00edas de una pila mientras usa un casco y una chaqueta de seguridad naranja. Est\u00e1 en un vecindario del condado de Washington trabajando en la instalaci\u00f3n.\" class=\"wp-image-2145\" srcset=\"https:\/\/cleanwaterservices.org\/wp-content\/uploads\/2022\/06\/FO_pipes.jpg 1600w, https:\/\/cleanwaterservices.org\/wp-content\/uploads\/2022\/06\/FO_pipes-300x200.jpg 300w, https:\/\/cleanwaterservices.org\/wp-content\/uploads\/2022\/06\/FO_pipes-1024x683.jpg 1024w, https:\/\/cleanwaterservices.org\/wp-content\/uploads\/2022\/06\/FO_pipes-768x512.jpg 768w, https:\/\/cleanwaterservices.org\/wp-content\/uploads\/2022\/06\/FO_pipes-1536x1024.jpg 1536w\" sizes=\"auto, 384px\" \/><\/figure>\n\n\n\n<p class=\"wp-block-paragraph\">Clean Water Services must hold easements for all public sanitary sewer, storm sewer, water quality\/quantity facilities, and vegetated corridors. For new development, most easements will be documented on the plat, and some are dedicated by document. Plat review is part of the Site Development process. Before construction starts, any off-site or unplatted easements by document must be approved and accepted by CWS. Please refer to&nbsp;<a href=\"https:\/\/cleanwaterservices.org\/es\/permisos-y-desarrollo\/proceso-y-tarifas\/servidumbres\/#language\">standard language for platted easements<\/a> for additional information.<\/p>\n\n\n\n<hr class=\"wp-block-separator has-alpha-channel-opacity\"\/>\n\n\n\n\n\n<h2 class=\"wp-block-heading\"><strong>Vacaciones de los Permisos de Acceso (Dejar de Reclamar)<\/strong><\/h2>\n\n\n\n<p class=\"wp-block-paragraph\">Para que CWS renuncie al inter\u00e9s legal en un permiso de acceso, el solicitante debe presentar la informaci\u00f3n y la tarifa requeridas. Si se reubica una instalaci\u00f3n en un permiso de acceso, el permiso de acceso no se puede quitar hasta que CWS complete y acepte la reubicaci\u00f3n.<\/p>\n\n\n\n<hr class=\"wp-block-separator has-alpha-channel-opacity\"\/>\n\n\n\n<h2 class=\"wp-block-heading\"><strong>Aprobaci\u00f3n de Ocupaci\u00f3n<\/strong><\/h2>\n\n\n\n<p class=\"wp-block-paragraph\">La propuesta del proyecto debe evitar el impacto de cualquier permiso de acceso existente en una propiedad. Solo con la aprobaci\u00f3n del personal de CWS se puede colocar una estructura permanente en o sobre un alcantarillado sanitario o un permiso de acceso para el manejo de aguas pluviales y superficiales. Una ocupaci\u00f3n aprobada no debe limitar el acceso de CWS a la instalaci\u00f3n para mantenimiento y reparaci\u00f3n. Se requiere aprobaci\u00f3n para edificios y estructuras elevadas como terrazas y voladizos. Para presentar una solicitud, env\u00ede informaci\u00f3n sobre el tama\u00f1o y el motivo de la ocupaci\u00f3n solicitada de la tarifa.<\/p>\n\n\n\n<hr class=\"wp-block-separator has-alpha-channel-opacity\"\/>\n\n\n\n<h2 class=\"wp-block-heading\" id=\"language\"><strong>Lenguaje Est\u00e1ndar Para Permisos Planeados de Acceso<\/strong><\/h2>\n\n\n\n<p class=\"wp-block-paragraph\">Si usted env\u00eda un plano dentro del Condado de Washington no incorporado, usted debe utilizar el siguiente lenguaje est\u00e1ndar. Si no se usa este lenguaje, es posible que sea necesario corregirlo y volver a enviarlo. Si no se usa este idioma, es posible que sea necesario corregirlo y volver a enviarlo.<\/p>\n\n\n\n<h3 class=\"wp-block-heading\"><strong>Tipos de Permisos Planeados de Acceso<\/strong><\/h3>\n\n\n\n<h4 class=\"wp-block-heading\"><strong>Permisos de acceso de protecci\u00f3n sobre alguna zona de amortiguamiento sensible<\/strong><\/h4>\n\n\n\n<ul class=\"wp-block-list\">\n<li><strong>Frase:<\/strong> Alcantarillado Pluvial, Aguas de Superficie, Drenaje, y Permiso de Acceso de Detenci\u00f3n<\/li>\n\n\n\n<li><strong>Ejemplo:<\/strong> El Tramo \u201cA\u201d est\u00e1 sujeto a una servidumbre de Alcantarillado Pluvial, Agua Superficial, Drenaje y Detenci\u00f3n en su totalidad para beneficiar a los Servicios de Agua Limpia.<\/li>\n<\/ul>\n\n\n\n<h4 class=\"wp-block-heading\"><strong>Permiso de acceso sobre alguna instalaci\u00f3n de calidad del agua<\/strong><\/h4>\n\n\n\n<ul class=\"wp-block-list\">\n<li><strong>Frase:<\/strong> Alcantarillado Pluvial, Aguas de Superficie, Drenaje, y Permiso de Acceso de Detenci\u00f3n<\/li>\n\n\n\n<li><strong>Ejemplo:<\/strong> El Tramo \u201cA\u201d est\u00e1 sujeto a un Permiso de Acceso de Alcantarillado Pluvial, Agua de Superficie, Drenaje y Detenci\u00f3n en su totalidad para beneficio de Clean Water Services.<\/li>\n<\/ul>\n\n\n\n<h4 class=\"wp-block-heading\"><strong>Permiso de acceso para un sistema de Alcantarillado Pluvial<\/strong><\/h4>\n\n\n\n<ul class=\"wp-block-list\">\n<li><strong>Frase:<\/strong> Permiso de acceso de Alcantarillado Pluvial<\/li>\n\n\n\n<li><strong>Ejemplo:<\/strong> Permiso de Acceso de Alcantarillado Pluvial para beneficio de Clean Water Services<\/li>\n<\/ul>\n\n\n\n<h4 class=\"wp-block-heading\">Permiso de acceso para un sistema de alcantarillado sanitario<\/h4>\n\n\n\n<ul class=\"wp-block-list\">\n<li><strong>Frase:<\/strong> Permiso de acceso de Alcantarillado Sanitario<\/li>\n\n\n\n<li><strong>Ejemplo:<\/strong> Permiso de acceso de Alcantarillado Sanitario para beneficio de Servicios de Agua Limpia.<\/li>\n<\/ul>\n\n\n\n<h4 class=\"wp-block-heading\">Permiso de acceso<\/h4>\n\n\n\n<ul class=\"wp-block-list\">\n<li><strong>Frase:<\/strong> Permiso de acceso<\/li>\n\n\n\n<li><strong>Ejemplo:<\/strong> Permiso de acceso para beneficio de Clean Water Services.<\/li>\n<\/ul>\n\n\n\n<h3 class=\"wp-block-heading\"><strong>Aclaraciones Adicionales<\/strong><\/h3>\n\n\n\n<ol class=\"wp-block-list\">\n<li>Los permisos de acceso destinados para beneficio de Clean Water Services no deben otorgarse al P\u00fablico. Los t\u00e9rminos incorrectos son errores comunes que hemos visto en las revisiones de los planos.\n<ul class=\"wp-block-list\">\n<li>CORRECTO: Permiso de Acceso de Alcantarillado Pluvial para Clean Water Services<\/li>\n\n\n\n<li>INCORRECTO: Permiso de Acceso de Alcantarillado para Clean Water Services<\/li>\n\n\n\n<li>INCORRECTO &#8211; Permiso de Acceso de Alcantarillado P\u00fablico<\/li>\n<\/ul>\n<\/li>\n\n\n\n<li>Un \u201cPermiso de Acceso de Servicios P\u00fablicos\u201d no cumple con los requisitos del permiso de acceso de Clean Water Services.<\/li>\n<\/ol>\n\n\n\n<p class=\"wp-block-paragraph\">Si usted tiene preguntas adicionales, comun\u00edquese con el <a href=\"mailto:permits@cleanwaterserevices.org\">Centro de Permisos<\/a> al 503.681.5100.<\/p>\n\n\n\n<p class=\"wp-block-paragraph\"><\/p>\n","protected":false},"excerpt":{"rendered":"<p>Clean Water Services must hold easements for all public sanitary sewer, storm sewer, water quality\/quantity facilities, and vegetated corridors. For new development, most easements will be documented on the plat, and some are dedicated by document. Plat review is part of the Site Development process. Before construction starts, any off-site or unplatted easements by document [&hellip;]<\/p>\n","protected":false},"author":220134337,"featured_media":0,"parent":4427,"menu_order":10,"comment_status":"closed","ping_status":"closed","template":"","meta":{"_acf_changed":false,"_crdt_document":"","footnotes":""},"class_list":["post-4447","page","type-page","status-publish","hentry"],"acf":[],"_links":{"self":[{"href":"https:\/\/cleanwaterservices.org\/es\/wp-json\/wp\/v2\/pages\/4447","targetHints":{"allow":["GET"]}}],"collection":[{"href":"https:\/\/cleanwaterservices.org\/es\/wp-json\/wp\/v2\/pages"}],"about":[{"href":"https:\/\/cleanwaterservices.org\/es\/wp-json\/wp\/v2\/types\/page"}],"author":[{"embeddable":true,"href":"https:\/\/cleanwaterservices.org\/es\/wp-json\/wp\/v2\/users\/220134337"}],"replies":[{"embeddable":true,"href":"https:\/\/cleanwaterservices.org\/es\/wp-json\/wp\/v2\/comments?post=4447"}],"version-history":[{"count":5,"href":"https:\/\/cleanwaterservices.org\/es\/wp-json\/wp\/v2\/pages\/4447\/revisions"}],"predecessor-version":[{"id":10908,"href":"https:\/\/cleanwaterservices.org\/es\/wp-json\/wp\/v2\/pages\/4447\/revisions\/10908"}],"up":[{"embeddable":true,"href":"https:\/\/cleanwaterservices.org\/es\/wp-json\/wp\/v2\/pages\/4427"}],"wp:attachment":[{"href":"https:\/\/cleanwaterservices.org\/es\/wp-json\/wp\/v2\/media?parent=4447"}],"curies":[{"name":"wp","href":"https:\/\/api.w.org\/{rel}","templated":true}]}}