{"id":4434,"date":"2022-05-24T11:55:05","date_gmt":"2022-05-24T18:55:05","guid":{"rendered":"https:\/\/cleanwaterservices.org\/permisos-y-desarrollo\/proceso-y-tarifas-redireccionamiento\/tarifa\/"},"modified":"2025-06-30T19:29:45","modified_gmt":"2025-07-01T02:29:45","slug":"tarifa","status":"publish","type":"page","link":"https:\/\/cleanwaterservices.org\/es\/permisos-y-desarrollo\/proceso-y-tarifas\/tarifa\/","title":{"rendered":"Tarifas"},"content":{"rendered":"\n<p class=\"wp-block-paragraph\"><strong>Las tarifas a continuaci\u00f3n entran en vigencia del 1 de julio de 2025 al 30 de junio de 2026<\/strong>, seg\u00fan Resoluci\u00f3n y Orden No. 24-8 <a href=\"https:\/\/cleanwaterservices.org\/wp-content\/uploads\/2024\/07\/CWS-FY2024-25-Rates-Charges.pdf\" target=\"_blank\" rel=\"noreferrer noopener\">Anexo A<\/a><\/p>\n\n\n\n<hr class=\"wp-block-separator has-alpha-channel-opacity\"\/>\n\n\n\n<h2 class=\"wp-block-heading\"><strong>Cargos de Urbanizaci\u00f3n del Sistema (SDC, siglas en ingl\u00e9s)<\/strong><\/h2>\n\n\n\n<ul class=\"wp-block-list\">\n<li><strong>SDC de Alcantarillado Sanitario<\/strong>: $7,139 por Unidad de Vivienda (DU) o Unidad de Vivienda Equivalente (EDU). 1 EDU = 16 unidades de accesorios.<\/li>\n\n\n\n<li><strong>SDC de Aguas Pluviales y Superficiales<\/strong>: $691 por unidad de superficie equivalente (ESU). 1 ESU = 2640 pies cuadrados de superficie impermeable.<\/li>\n\n\n\n<li><a href=\"https:\/\/cleanwaterservices.org\/wp-content\/uploads\/2023\/06\/Sanitary-Sewer-SDC-Rate-Methodology.pdf\" target=\"_blank\" rel=\"noreferrer noopener\"><strong>Metodolog\u00eda Para Cobros SDC por Alcantarillado Sanitario<\/strong><\/a>&nbsp;(PDF)<\/li>\n\n\n\n<li><strong><a href=\"https:\/\/cleanwaterservices.org\/wp-content\/uploads\/2023\/06\/SWM-System-Development-Charge-Analysis.pdf\" target=\"_blank\" rel=\"noreferrer noopener\">Metodolog\u00eda Para Cobros SDC por las aguas pluviales y de superficie<\/a>&nbsp;<\/strong>(PDF)<\/li>\n\n\n\n<li><a href=\"https:\/\/cleanwaterservices.org\/wp-content\/uploads\/2023\/06\/Home-Builders-Report-FY-2021-22.pdf\" target=\"_blank\" rel=\"noreferrer noopener\"><strong>Lista de Proyectos de Capital Para el A\u00f1o Fiscal 2021-2<\/strong>&nbsp;<\/a>(PDF)<\/li>\n<\/ul>\n\n\n\n<p class=\"wp-block-paragraph\"><em><strong>Si tiene alguna pregunta sobre los SDC, favor de comunicarse con nuestra Centro de Permisos llamando al 503.681.5100 o env\u00ede un correo electr\u00f3nico a <a href=\"mailto:permisos@cleanwaterservices.org\">permits@cleanwaterservices.org<\/a>.<\/strong><\/em><\/p>\n\n\n\n<p class=\"wp-block-paragraph\"><em><strong>Una Unidad de Vivienda (DU)<\/strong>es una unidad residencial separada con instalaciones de cocina, cama y ba\u00f1o, incluidas aquellas en viviendas m\u00faltiples, apartamentos, moteles, hoteles, casas m\u00f3viles o remolques. Donde lo permitan las reglamentaciones de zonificaci\u00f3n, una unidad de vivienda tambi\u00e9n incluye una unidad de vivienda auxiliar ubicada en el mismo lote.<\/em><\/p>\n\n\n\n<p class=\"wp-block-paragraph\"><em><strong>Una Unidad de Vivienda Equivalente (EDU) (o Unidad de Vivienda Equivalente &#8211; DUE)<\/strong> es una unidad no residencial que se considera equivalente a una unidad de vivienda como se define aqu\u00ed o en el C\u00f3digo de Plomer\u00eda de Oregon.<\/em><\/p>\n\n\n\n<p class=\"wp-block-paragraph\"><em><strong>UnaUnidad de Superficie Equivalente (UEE)<\/strong> es una unidad de medida basada en el \u00e1rea de superficie impermeable de un lote o parcela de una sola vivienda mejorada promedio, determinada por un muestreo estad\u00edsticamente significativo de tales parcelas.<\/em><\/p>\n\n\n\n<hr class=\"wp-block-separator has-alpha-channel-opacity\"\/>\n\n\n\n<h2 class=\"wp-block-heading\"><strong>Tarifas de Permisos<\/strong><\/h2>\n\n\n\n<ul class=\"wp-block-list\">\n<li><strong>Cuota de procesamiento de permisos:<\/strong> $110<\/li>\n\n\n\n<li><strong>Tarifa de procesamiento de reembolso:<\/strong> $25 m\u00e1s los costos definidos en la Secci\u00f3n III.C.14<\/li>\n\n\n\n<li><strong>Letreros para corredores con vegetaci\u00f3n\/\u00e1reas sensibles:<\/strong> $12 cada uno (4\u201dx4\u201d), $40 cada uno (12\u201dx18\u201d)<\/li>\n<\/ul>\n\n\n\n<hr class=\"wp-block-separator has-alpha-channel-opacity\"\/>\n\n\n\n<h2 class=\"wp-block-heading\"><strong>Tarifas de Inspecci\u00f3n<\/strong><\/h2>\n\n\n\n<ul class=\"wp-block-list\">\n<li><strong>Tarifade inspecci\u00f3n de control de erosi\u00f3n (aparte del desarrollo del sitio):<\/strong> $550 para construcciones nuevas; $190 por adiciones, remodelaciones y demoliciones que alterar\u00e1n menos de 1,000 pies cuadrados<\/li>\n\n\n\n<li><strong>Tarifade inspecci\u00f3n solo para el control de la erosi\u00f3n para sitios de desarrollo sin infraestructura o mejoras de corredores con vegetaci\u00f3n (tarifa solo de EC):<\/strong> $550 m\u00e1s $550 prorrateados por cada acre despu\u00e9s del primer medio acre<\/li>\n\n\n\n<li><strong>Tarifade inspecci\u00f3n solo para control de erosi\u00f3n con desarrollo posterior del sitio (tarifa de inspecci\u00f3n EC temprana):<\/strong> $550 o la mitad de la \u00danica Tarifa EC, la que sea mayor<\/li>\n\n\n\n<li><strong>Tarifade inspecci\u00f3n para urbanizar el sitio:<\/strong> $1,125 m\u00e1s $1,125 prorrateados por cada acre despu\u00e9s del primer medio acre<\/li>\n\n\n\n<li><strong>Tarifa de inspecci\u00f3n de aguas pluviales (aparte del desarrollo del sitio):<\/strong> $190 por proyecto<\/li>\n\n\n\n<li><strong>Tarifa de inspecci\u00f3n de toma de l\u00ednea:<\/strong> $190 por toma de l\u00ednea<\/li>\n\n\n\n<li><strong>Tarifa de inspecci\u00f3n de desconexi\u00f3n:<\/strong> $190 por desconexi\u00f3n<\/li>\n\n\n\n<li><strong>Tarifa de reinspecci\u00f3n:<\/strong> $100\/hora con un m\u00ednimo de $200<\/li>\n\n\n\n<li><strong>Tarifa de reinspecci\u00f3n del per\u00edodo de garant\u00eda para el sistema de tratamiento patentado:<\/strong> $100\/hora con un m\u00ednimo de $260 por b\u00f3veda patentada o resumidero patentado<\/li>\n\n\n\n<li><strong>Tarifa de inspecci\u00f3n de garant\u00eda extendida: <\/strong>$190 por cada extensi\u00f3n de 6 meses<\/li>\n\n\n\n<li><strong>Tarifa de inspecci\u00f3n de reconexi\u00f3n:<\/strong> $190 por reconexi\u00f3n<\/li>\n\n\n\n<li><strong>Tarifa de investigaci\u00f3n especial:<\/strong> $100\/hora. con un m\u00ednimo de $200<\/li>\n\n\n\n<li><strong>Cargo por tiempo extra de inspecci\u00f3n:<\/strong> $130\/hora con un m\u00ednimo de $260<\/li>\n\n\n\n<li><strong>Tarifa de permiso de control de erosi\u00f3n DEQ 1200-C y 1200-CN:<\/strong> tarifa de traspaso de DEQ<\/li>\n<\/ul>\n\n\n\n<hr class=\"wp-block-separator has-alpha-channel-opacity\"\/>\n\n\n\n<h2 class=\"wp-block-heading\"><strong>Tarifas de Verificaci\u00f3n de Planos<\/strong><\/h2>\n\n\n\n<ul class=\"wp-block-list\">\n<li><strong>Tarifa de solicitud de verificaci\u00f3n de planos para proyectos de desarrollo de Tarifa est\u00e1ndar de solicitud para proyectos que requieren la construcci\u00f3n de nueva infraestructura p\u00fablica, mejoras en corredores vegetados o control de erosi\u00f3n:<\/strong> $1,550<\/li>\n\n\n\n<li><strong>Tarifa de revisi\u00f3n de planos para desarrollo del sitio \u2013 Tarifa administrativa de solicitud para proyectos que requieren un permiso de desarrollo del sitio pero sin mejoras f\u00edsicas en el lugar<\/strong>: $550<\/li>\n\n\n\n<li><strong>Tarifa de verificaci\u00f3n de planos:<\/strong>4% del costo de construcci\u00f3n de agua pluvial y superficial, alcantarillado sanitario y mejoras en corredores con vegetaci\u00f3n proporcionados por el urbanizador <\/li>\n\n\n\n<li><strong>Tarifa de reenv\u00edo del cheque de plano:<\/strong> $600<\/li>\n\n\n\n<li><strong>Tarifa de horas extras de verificaci\u00f3n del plano:<\/strong> $175\/ hora con un m\u00ednimo de $350<\/li>\n\n\n\n<li><strong>Tarifa de revisi\u00f3n de aguas pluviales (aparte del desarrollo del sitio):<\/strong> $160 por solicitud<\/li>\n\n\n\n<li><strong>Tarifa de revisi\u00f3n de aguas pluviales (urbanizaci\u00f3n del sitio):<\/strong> $80 por solicitud.<\/li>\n<\/ul>\n\n\n\n<hr class=\"wp-block-separator has-alpha-channel-opacity\"\/>\n\n\n\n<h2 class=\"wp-block-heading\"><strong>Tarifas de certificaci\u00f3n del sitio, evaluaci\u00f3n del sitio y revisi\u00f3n del an\u00e1lisis de alternativas<\/strong><\/h2>\n\n\n\n<ul class=\"wp-block-list\">\n<li><strong>Tarifa de concurrencia de certificado de sitio b\u00e1sico:<\/strong> $110<\/li>\n\n\n\n<li><strong>Solicitud de evaluaci\u00f3n del sitio y tarifa de revisi\u00f3n b\u00e1sica:<\/strong> $800 adeudados con la solicitud.<\/li>\n\n\n\n<li><strong>Cuota de Certificaci\u00f3n de Invasi\u00f3n Menor\/Uso Permitido:<\/strong> $800 adem\u00e1s de la Cuota de Revisi\u00f3n Base. Vencimiento antes de que se emita la carta del proveedor de servicios<\/li>\n\n\n\n<li><strong>Tarifa de revisi\u00f3n de an\u00e1lisis alternativo por niveles:<\/strong> $1,600 adem\u00e1s de la tarifa de revisi\u00f3n b\u00e1sica. Vencimiento antes de que se emita la carta del proveedor de servicios<\/li>\n\n\n\n<li><strong>Tarifa de revisi\u00f3n de enmienda de carta de proveedor de servicios <\/strong>\n<ul class=\"wp-block-list\">\n<li>Primera solicitud\n<ul class=\"wp-block-list\">\n<li><strong>Enmienda Menor:<\/strong> $300 + diferencia en tarifas<\/li>\n\n\n\n<li><strong>Enmienda Mayor:<\/strong> $900 + diferencia en tarifas<\/li>\n<\/ul>\n<\/li>\n\n\n\n<li><strong>Solicitudes de enmiendas adicionales:<\/strong>$1,100<\/li>\n<\/ul>\n<\/li>\n<\/ul>\n\n\n\n<hr class=\"wp-block-separator has-alpha-channel-opacity\"\/>\n\n\n\n<h2 class=\"wp-block-heading\"><strong>Cuotas adicionales<\/strong><\/h2>\n\n\n\n<ul class=\"wp-block-list\">\n<li><strong>Tarifa de solicitud de casa modelo:<\/strong>$600<\/li>\n\n\n\n<li><strong>Tarifas de revisi\u00f3n de aprobaci\u00f3n de productos:<\/strong>$6,000<\/li>\n\n\n\n<li><strong>Tarifa de planificaci\u00f3n de servicios de recursos naturales y desarrollo econ\u00f3mico:<\/strong>$200 por hora<\/li>\n\n\n\n<li><strong>Tarifa de investigaci\u00f3n de cargos de SWM:<\/strong>$110 por solicitud <\/li>\n\n\n\n<li><strong>Tarifa de revisi\u00f3n de descarga temporal:<\/strong>$ 500 por ocurrencia<\/li>\n<\/ul>\n\n\n\n<p class=\"wp-block-paragraph\">Documentos adicionales<\/p>\n\n\n\n<ul class=\"wp-block-list\">\n<li>Lista de proyectos de capital del a\u00f1o fiscal 2021-22 (PDF)<\/li>\n\n\n\n<li>Detalles de la metodolog\u00eda de tarifas (PDF)<\/li>\n<\/ul>\n\n\n\n<p class=\"wp-block-paragraph\"><\/p>\n","protected":false},"excerpt":{"rendered":"<p>Las tarifas a continuaci\u00f3n entran en vigencia del 1 de julio de 2025 al 30 de junio de 2026, seg\u00fan Resoluci\u00f3n y Orden No. 24-8 Anexo A Cargos de Urbanizaci\u00f3n del Sistema (SDC, siglas en ingl\u00e9s) Si tiene alguna pregunta sobre los SDC, favor de comunicarse con nuestra Centro de Permisos llamando al 503.681.5100 o [&hellip;]<\/p>\n","protected":false},"author":220134337,"featured_media":0,"parent":4427,"menu_order":5,"comment_status":"closed","ping_status":"closed","template":"","meta":{"_acf_changed":false,"_crdt_document":"","footnotes":""},"class_list":["post-4434","page","type-page","status-publish","hentry"],"acf":[],"_links":{"self":[{"href":"https:\/\/cleanwaterservices.org\/es\/wp-json\/wp\/v2\/pages\/4434","targetHints":{"allow":["GET"]}}],"collection":[{"href":"https:\/\/cleanwaterservices.org\/es\/wp-json\/wp\/v2\/pages"}],"about":[{"href":"https:\/\/cleanwaterservices.org\/es\/wp-json\/wp\/v2\/types\/page"}],"author":[{"embeddable":true,"href":"https:\/\/cleanwaterservices.org\/es\/wp-json\/wp\/v2\/users\/220134337"}],"replies":[{"embeddable":true,"href":"https:\/\/cleanwaterservices.org\/es\/wp-json\/wp\/v2\/comments?post=4434"}],"version-history":[{"count":5,"href":"https:\/\/cleanwaterservices.org\/es\/wp-json\/wp\/v2\/pages\/4434\/revisions"}],"predecessor-version":[{"id":12266,"href":"https:\/\/cleanwaterservices.org\/es\/wp-json\/wp\/v2\/pages\/4434\/revisions\/12266"}],"up":[{"embeddable":true,"href":"https:\/\/cleanwaterservices.org\/es\/wp-json\/wp\/v2\/pages\/4427"}],"wp:attachment":[{"href":"https:\/\/cleanwaterservices.org\/es\/wp-json\/wp\/v2\/media?parent=4434"}],"curies":[{"name":"wp","href":"https:\/\/api.w.org\/{rel}","templated":true}]}}