{"id":4432,"date":"2022-05-24T11:46:37","date_gmt":"2022-05-24T18:46:37","guid":{"rendered":"https:\/\/cleanwaterservices.org\/permisos-y-desarrollo\/proceso-y-tarifas-redireccionamiento\/paso-a-paso-para-desarrolladores\/"},"modified":"2025-03-07T11:40:42","modified_gmt":"2025-03-07T19:40:42","slug":"paso-a-paso-para-desarrolladores","status":"publish","type":"page","link":"https:\/\/cleanwaterservices.org\/es\/permisos-y-desarrollo\/proceso-y-tarifas\/paso-a-paso-para-desarrolladores\/","title":{"rendered":"Paso a Paso para Urbanizadores"},"content":{"rendered":"\n<figure class=\"wp-block-image alignright is-style-circle\"><img loading=\"lazy\" decoding=\"async\" width=\"3840\" height=\"2160\" src=\"https:\/\/cleanwaterservices.org\/wp-content\/uploads\/2022\/06\/Bethany_Kaiser_west17.jpg\" alt=\"Bethany_Kaiser_west17\" class=\"wp-image-2064\" srcset=\"https:\/\/cleanwaterservices.org\/wp-content\/uploads\/2022\/06\/Bethany_Kaiser_west17.jpg 3840w, https:\/\/cleanwaterservices.org\/wp-content\/uploads\/2022\/06\/Bethany_Kaiser_west17-300x169.jpg 300w, https:\/\/cleanwaterservices.org\/wp-content\/uploads\/2022\/06\/Bethany_Kaiser_west17-1024x576.jpg 1024w, https:\/\/cleanwaterservices.org\/wp-content\/uploads\/2022\/06\/Bethany_Kaiser_west17-768x432.jpg 768w, https:\/\/cleanwaterservices.org\/wp-content\/uploads\/2022\/06\/Bethany_Kaiser_west17-1536x864.jpg 1536w, https:\/\/cleanwaterservices.org\/wp-content\/uploads\/2022\/06\/Bethany_Kaiser_west17-2048x1152.jpg 2048w\" sizes=\"auto, 384px\" \/><\/figure>\n\n\n\n<p class=\"wp-block-paragraph\">\u00bfEst\u00e1 desarrollando un \u00e1rea m\u00e1s grande con varios edificios, construcciones comerciales, <a href=\"https:\/\/cleanwaterservices.org\/wp-content\/uploads\/2025\/03\/partition-submittal-requirements-fact-sheet.pdf\" target=\"_blank\" rel=\"noreferrer noopener\">partes<\/a>o subdivisiones? Ser\u00e1 necesario revisar los permisos. Encuentre herramientas para el proceso aqu\u00ed.<\/p>\n\n\n\n<hr class=\"wp-block-separator has-alpha-channel-opacity\"\/>\n\n\n\n\n\n<h2 class=\"wp-block-heading\"><strong>Proyectos en \u00c1reas No Incorporadas<\/strong><\/h2>\n\n\n\n<p class=\"wp-block-paragraph\">En la <a href=\"https:\/\/cws.maps.arcgis.com\/apps\/webappviewer\/index.html?id=a2a448a5079d4dc18f78383af829f247\" target=\"_blank\" rel=\"noreferrer noopener nofollow\">jurisdicci\u00f3n de Clean Water Services<\/a> o en las ciudades de Banks, Gaston, Durham, King City, o North Plains.<\/p>\n\n\n\n<ul class=\"wp-block-list\">\n<li><strong>Paso 1:<\/strong> Todos los proyectos requieren la<a href=\"https:\/\/cleanwaterservices.org\/es\/permisos-y-desarrollo\/proceso-y-tarifas\/revision-ambiental\/\" data-type=\"page\" data-id=\"561\">Revisi\u00f3n Ambiental<\/a>. El resultado del proceso de revisi\u00f3n ambiental ser\u00e1 una Carta del Proveedor de Servicios (SPL, siglas en ingl\u00e9s).<\/li>\n\n\n\n<li><strong>Paso 2:<\/strong> Comun\u00edquese con su condado o ciudad para una revisi\u00f3n del Uso de la Tierra.<\/li>\n\n\n\n<li><strong>Paso 3:<\/strong> Una vez que el uso de la tierra haya sido aprobado por la jurisdicci\u00f3n correspondiente, presente su solicitud de permiso para el <a href=\"https:\/\/cleanwaterservices.org\/es\/permisos-y-desarrollo\/proceso-y-tarifas\/permiso-de-desarrollo-del-sitio\/\" data-type=\"page\" data-id=\"559\">Urbanismo del Lugar<\/a>. <\/li>\n\n\n\n<li><strong>Paso 4:<\/strong> Una vez que se emiten los permisos, la construcci\u00f3n puede comenzar. Llame para la <a href=\"https:\/\/cleanwaterservices.org\/es\/permisos-y-desarrollo\/proceso-y-tarifas\/inspecciones\/\" data-type=\"page\" data-id=\"569\">inspecci\u00f3n<\/a>.<\/li>\n<\/ul>\n\n\n\n<hr class=\"wp-block-separator has-alpha-channel-opacity\"\/>\n\n\n\n<h2 class=\"wp-block-heading\"><strong>Proyectos en Ciudades<\/strong><\/h2>\n\n\n\n<p class=\"wp-block-paragraph\"><a href=\"https:\/\/www.beavertonoregon.gov\/\" target=\"_blank\" rel=\"noreferrer noopener nofollow\">Beaverton<\/a> , <a href=\"https:\/\/www.ci.cornelius.or.us\/\" target=\"_blank\" rel=\"noreferrer noopener nofollow\">Cornelius<\/a> , <a href=\"https:\/\/www.forestgrove-or.gov\/\" target=\"_blank\" rel=\"noreferrer noopener nofollow\">Forest Grove<\/a> , <a href=\"https:\/\/www.hillsboro-oregon.gov\/\" target=\"_blank\" rel=\"noreferrer noopener nofollow\">Hillsboro<\/a> , <a href=\"https:\/\/www.sherwoodoregon.gov\/\" target=\"_blank\" rel=\"noreferrer noopener nofollow\">Sherwood<\/a> , <a href=\"https:\/\/www.tigard-or.gov\/\" target=\"_blank\" rel=\"noreferrer noopener nofollow\">Tigard<\/a> o <a href=\"https:\/\/www.tualatinoregon.gov\/\" target=\"_blank\" rel=\"noreferrer noopener nofollow\">Tualatin<\/a> *<\/p>\n\n\n\n<ul class=\"wp-block-list\">\n<li><strong>Paso 1:<\/strong> Todos los proyectos requieren la <a href=\"https:\/\/cleanwaterservices.org\/es\/permisos-y-desarrollo\/proceso-y-tarifas\/revision-ambiental\/\" data-type=\"page\" data-id=\"561\">Revisi\u00f3n Ambiental<\/a>. <\/li>\n\n\n\n<li><strong>Paso 2:<\/strong> Comun\u00edquese con su ciudad para el Uso de la Tierra y la Revisi\u00f3n de Permisos. <\/li>\n\n\n\n<li><strong>Paso 3:<\/strong> Su ciudad trabajar\u00e1 con nosotros para asegurarse de que se cumplan los est\u00e1ndares. Este proceso incluye una revisi\u00f3n de supervisi\u00f3n y autorizaci\u00f3n de permisos.<\/li>\n\n\n\n<li><strong>Paso 4:<\/strong> Una vez que su ciudad emita los permisos, la construcci\u00f3n puede comenzar y los empleados de la ciudad inspeccionar\u00e1n el proyecto.<\/li>\n<\/ul>\n\n\n\n<p class=\"wp-block-paragraph\"><em>*Para proyectos en las ciudades de Tualatin y Tigard, los trabajadores de Clean Water Services completar\u00e1n la Inspecci\u00f3n de Control de Erosi\u00f3n.<\/em><\/p>\n\n\n\n<div class=\"wp-block-buttons is-layout-flex wp-block-buttons-is-layout-flex\">\n<div class=\"wp-block-button is-style-arrow\"><a class=\"wp-block-button__link wp-element-button\" href=\"https:\/\/dynamic.cleanwaterservices.org\/Forms\/PreScreen\">Env\u00ede su formulario de preselecci\u00f3n<\/a><\/div>\n<\/div>\n","protected":false},"excerpt":{"rendered":"<p>\u00bfEst\u00e1 desarrollando un \u00e1rea m\u00e1s grande con varios edificios, construcciones comerciales, parteso subdivisiones? Ser\u00e1 necesario revisar los permisos. Encuentre herramientas para el proceso aqu\u00ed. Proyectos en \u00c1reas No Incorporadas En la jurisdicci\u00f3n de Clean Water Services o en las ciudades de Banks, Gaston, Durham, King City, o North Plains. Proyectos en Ciudades Beaverton , Cornelius [&hellip;]<\/p>\n","protected":false},"author":220134337,"featured_media":0,"parent":4427,"menu_order":3,"comment_status":"closed","ping_status":"closed","template":"","meta":{"_acf_changed":false,"_crdt_document":"","footnotes":""},"class_list":["post-4432","page","type-page","status-publish","hentry"],"acf":[],"_links":{"self":[{"href":"https:\/\/cleanwaterservices.org\/es\/wp-json\/wp\/v2\/pages\/4432","targetHints":{"allow":["GET"]}}],"collection":[{"href":"https:\/\/cleanwaterservices.org\/es\/wp-json\/wp\/v2\/pages"}],"about":[{"href":"https:\/\/cleanwaterservices.org\/es\/wp-json\/wp\/v2\/types\/page"}],"author":[{"embeddable":true,"href":"https:\/\/cleanwaterservices.org\/es\/wp-json\/wp\/v2\/users\/220134337"}],"replies":[{"embeddable":true,"href":"https:\/\/cleanwaterservices.org\/es\/wp-json\/wp\/v2\/comments?post=4432"}],"version-history":[{"count":5,"href":"https:\/\/cleanwaterservices.org\/es\/wp-json\/wp\/v2\/pages\/4432\/revisions"}],"predecessor-version":[{"id":10914,"href":"https:\/\/cleanwaterservices.org\/es\/wp-json\/wp\/v2\/pages\/4432\/revisions\/10914"}],"up":[{"embeddable":true,"href":"https:\/\/cleanwaterservices.org\/es\/wp-json\/wp\/v2\/pages\/4427"}],"wp:attachment":[{"href":"https:\/\/cleanwaterservices.org\/es\/wp-json\/wp\/v2\/media?parent=4432"}],"curies":[{"name":"wp","href":"https:\/\/api.w.org\/{rel}","templated":true}]}}