{"id":4412,"date":"2022-05-20T16:51:13","date_gmt":"2022-05-20T23:51:13","guid":{"rendered":"https:\/\/cleanwaterservices.org\/industria-de-negocios\/notificacion-de-emergencia\/"},"modified":"2022-06-30T21:38:44","modified_gmt":"2022-07-01T04:38:44","slug":"notificacion-de-emergencia","status":"publish","type":"page","link":"https:\/\/cleanwaterservices.org\/es\/industria-de-negocios\/notificacion-de-emergencia\/","title":{"rendered":"Notificaci\u00f3n de emergencia"},"content":{"rendered":"\n<h2 class=\"wp-block-heading\">Notificaci\u00f3n de derrame\/descarga<\/h2>\n\n<p class=\"wp-block-paragraph\">Si una industria tiene un derrame, una descarga lenta, una descarga no autorizada o cualquier otra descarga m\u00e1s all\u00e1 de la operaci\u00f3n normal permitida, se debe notificar a Clean Water Services lo antes posible.<\/p>\n\n<figure class=\"wp-block-image alignright size-large is-style-circle\"><img loading=\"lazy\" decoding=\"async\" width=\"1024\" height=\"683\" src=\"https:\/\/cleanwaterservices.org\/wp-content\/uploads\/2022\/06\/GettyImages-622301272-1024x683.jpg\" alt=\"GettyImages-622301272\" class=\"wp-image-2157\" srcset=\"https:\/\/cleanwaterservices.org\/wp-content\/uploads\/2022\/06\/GettyImages-622301272-1024x683.jpg 1024w, https:\/\/cleanwaterservices.org\/wp-content\/uploads\/2022\/06\/GettyImages-622301272-300x200.jpg 300w, https:\/\/cleanwaterservices.org\/wp-content\/uploads\/2022\/06\/GettyImages-622301272-768x512.jpg 768w, https:\/\/cleanwaterservices.org\/wp-content\/uploads\/2022\/06\/GettyImages-622301272-1536x1024.jpg 1536w, https:\/\/cleanwaterservices.org\/wp-content\/uploads\/2022\/06\/GettyImages-622301272-2048x1365.jpg 2048w\" sizes=\"auto, 384px\" \/><\/figure>\n\n<h3 class=\"wp-block-heading\"><strong>Procedimiento de horario comercial<\/strong><\/h3>\n\n<p class=\"wp-block-paragraph\">Siga estos procedimientos para las descargas que ocurran entre las 8 am y las 5 pm de lunes a viernes, excepto los feriados legales:<\/p>\n\n<ul class=\"is-style-bar wp-block-list\"><li><strong>Notifique inmediatamente al Programa de Servicios Ambientales de Servicios de Agua Limpia al 503.681.5175. <\/strong><\/li><li><strong>Provee la siguiente informacion:<\/strong><ol><li>Fecha, hora y lugar del derrame<\/li><li>Tipo, volumen y concentraci\u00f3n de residuos descargados<\/li><li>Qu\u00e9 acci\u00f3n correctiva se ha tomado<\/li><li>Nombre y n\u00famero de tel\u00e9fono de la persona de contacto industrial<\/li><\/ol><\/li><\/ul>\n\n<h3 class=\"wp-block-heading\"><strong>Procedimiento fuera de horario<\/strong><\/h3>\n\n<p class=\"wp-block-paragraph\">Siga estos procedimientos para las descargas que se produzcan despu\u00e9s del horario laboral normal, durante los d\u00edas festivos o los fines de semana:<\/p>\n\n<p class=\"wp-block-paragraph\">Llame a la oficina principal de CWS al 503.681.3600. Fuera del horario de atenci\u00f3n, se le conectar\u00e1 con el servicio de contestador de CWS. Aseg\u00farese de informar al servicio de contestador que existe una emergencia potencial, brind\u00e1ndoles la informaci\u00f3n de los puntos 1-4 anteriores.<\/p>\n","protected":false},"excerpt":{"rendered":"<p>Notificaci\u00f3n de derrame\/descarga Si una industria tiene un derrame, una descarga lenta, una descarga no autorizada o cualquier otra descarga m\u00e1s all\u00e1 de la operaci\u00f3n normal permitida, se debe notificar a Clean Water Services lo antes posible. Procedimiento de horario comercial Siga estos procedimientos para las descargas que ocurran entre las 8 am y las [&hellip;]<\/p>\n","protected":false},"author":220134311,"featured_media":0,"parent":4149,"menu_order":4,"comment_status":"closed","ping_status":"closed","template":"","meta":{"_acf_changed":false,"_crdt_document":"","footnotes":""},"class_list":["post-4412","page","type-page","status-publish","hentry"],"acf":[],"_links":{"self":[{"href":"https:\/\/cleanwaterservices.org\/es\/wp-json\/wp\/v2\/pages\/4412","targetHints":{"allow":["GET"]}}],"collection":[{"href":"https:\/\/cleanwaterservices.org\/es\/wp-json\/wp\/v2\/pages"}],"about":[{"href":"https:\/\/cleanwaterservices.org\/es\/wp-json\/wp\/v2\/types\/page"}],"author":[{"embeddable":true,"href":"https:\/\/cleanwaterservices.org\/es\/wp-json\/wp\/v2\/users\/220134311"}],"replies":[{"embeddable":true,"href":"https:\/\/cleanwaterservices.org\/es\/wp-json\/wp\/v2\/comments?post=4412"}],"version-history":[{"count":3,"href":"https:\/\/cleanwaterservices.org\/es\/wp-json\/wp\/v2\/pages\/4412\/revisions"}],"predecessor-version":[{"id":6499,"href":"https:\/\/cleanwaterservices.org\/es\/wp-json\/wp\/v2\/pages\/4412\/revisions\/6499"}],"up":[{"embeddable":true,"href":"https:\/\/cleanwaterservices.org\/es\/wp-json\/wp\/v2\/pages\/4149"}],"wp:attachment":[{"href":"https:\/\/cleanwaterservices.org\/es\/wp-json\/wp\/v2\/media?parent=4412"}],"curies":[{"name":"wp","href":"https:\/\/api.w.org\/{rel}","templated":true}]}}