{"id":4368,"date":"2022-05-20T12:52:29","date_gmt":"2022-05-20T19:52:29","guid":{"rendered":"https:\/\/cleanwaterservices.org\/comunidad-y-casa\/compromiso-de-la-comunidad-redireccionamiento\/proyectos-redireccionamiento\/arroyo-del-molino-de-cedro\/"},"modified":"2023-08-10T09:48:22","modified_gmt":"2023-08-10T16:48:22","slug":"arroyo-del-molino-de-cedro","status":"publish","type":"page","link":"https:\/\/cleanwaterservices.org\/es\/comunidad-y-casa\/compromiso-de-la-comunidad\/proyectos\/arroyo-del-molino-de-cedro\/","title":{"rendered":"Arroyo Cedar Mill Creek"},"content":{"rendered":"\n<figure class=\"wp-block-image alignright is-style-circle\"><img loading=\"lazy\" decoding=\"async\" width=\"6000\" height=\"4000\" src=\"https:\/\/cleanwaterservices.org\/wp-content\/uploads\/2022\/06\/DSC_0221.jpg\" alt=\"El canal de agua Cedar Mill North Johnson se complementa con muchas plantas verdes y un cielo soleado lleno de nubes.\" class=\"wp-image-2973\" srcset=\"https:\/\/cleanwaterservices.org\/wp-content\/uploads\/2022\/06\/DSC_0221.jpg 6000w, https:\/\/cleanwaterservices.org\/wp-content\/uploads\/2022\/06\/DSC_0221-300x200.jpg 300w, https:\/\/cleanwaterservices.org\/wp-content\/uploads\/2022\/06\/DSC_0221-1024x683.jpg 1024w, https:\/\/cleanwaterservices.org\/wp-content\/uploads\/2022\/06\/DSC_0221-768x512.jpg 768w, https:\/\/cleanwaterservices.org\/wp-content\/uploads\/2022\/06\/DSC_0221-1536x1024.jpg 1536w, https:\/\/cleanwaterservices.org\/wp-content\/uploads\/2022\/06\/DSC_0221-2048x1365.jpg 2048w\" sizes=\"auto, 384px\" \/><\/figure>\n\n\n\n<p class=\"wp-block-paragraph\">Los proyectos de infraestructura pueden presentar la oportunidad de trabajar en asociaci\u00f3n e incluir mejoras adicionales a un costo general m\u00e1s reducido. La necesidad de reemplazar una tuber\u00eda envejecida en la cuenca del arroyo Cedar Mill Creek brind\u00f3 a Clean Water Services la oportunidad de invertir tambi\u00e9n en mejoras del h\u00e1bitat ambiental y de la vida silvestre local.<\/p>\n\n\n\n<p class=\"wp-block-paragraph\">El proyecto de dos a\u00f1os reemplaz\u00f3 una tuber\u00eda antigua de alcantarillado sanitario de m\u00e1s de 40 a\u00f1os, que atravesaba el <a href=\"http:\/\/www.thprd.org\/parks-and-trails\/detail\/tualatin-hills-nature-park\" target=\"_blank\" rel=\"noreferrer noopener nofollow\">Parque Natural Tualatin Hills<\/a> y mejor\u00f3 el medio ambiente alrededor del arroyo Cedar Mill Creek. El proyecto est\u00e1 ayudando a Cedar Mill Creek a prosperar y proporciona agua fresca y limpia conforme va fluyendo a trav\u00e9s del Parque Natural Tualatin Hills hasta su confluencia en Beaverton Creek.<\/p>\n\n\n\n<p class=\"wp-block-paragraph\">Durante el proceso de construcci\u00f3n, la agencia Clean Water Services (CWS, siglas en ingl\u00e9s) cort\u00f3 \u00e1rboles en el \u00e1rea de construcci\u00f3n y volvi\u00f3 a usar la mayor\u00eda de esos \u00e1rboles durante el trabajo de mejora del arroyo. El proyecto est\u00e1 dise\u00f1ado para proteger las aves y otros animales salvajes, y mejorar varias veredas y caminos para mejorar la experiencia de los usuarios del parque. Ahora que la construcci\u00f3n est\u00e1 completa, los equipos est\u00e1n replantando miles de plantas, \u00e1rboles y arbustos nativos.<\/p>\n\n\n\n<p class=\"wp-block-paragraph\">Vea las diferentes etapas del proyecto y c\u00f3mo podr\u00eda verse el sitio en el futuro utilizando nuestra herramienta <a href=\"http:\/\/webbuilds.virtual-insights.com\/cedarmill360\/\" rel=\"nofollow noopener\">virtual de 360 \u200b\u200bgrados<\/a>.<\/p>\n\n\n\n<p class=\"wp-block-paragraph\">Vea el <a href=\"https:\/\/cleanwaterservices.org\/wp-content\/uploads\/2022\/06\/cedar-mill-map.pdf\" target=\"_blank\" rel=\"noreferrer noopener\">mapa de las veredas<\/a> (PDF) y acceda a detalles adicionales del proyecto y el cronograma en la hoja informativa \u2014 en <a href=\"https:\/\/cleanwaterservices.org\/wp-content\/uploads\/2022\/06\/cedar-mill-jenkins-fact-sheet-eng.pdf\" target=\"_blank\" rel=\"noreferrer noopener\">Ingl\u00e9s<\/a>(PDF) y en <a href=\"https:\/\/cleanwaterservices.org\/wp-content\/uploads\/2022\/06\/cedar-mill-jenkins-fact-sheet-spl.pdf\" target=\"_blank\" rel=\"noreferrer noopener\">Espa\u00f1ol<\/a>(PDF) \u2014 y aprenda m\u00e1s en Preguntas Hechas Frecuentemente (FAQ, siglas en ingl\u00e9s) \u2014 en <a href=\"https:\/\/cleanwaterservices.org\/wp-content\/uploads\/2022\/06\/cedar-mill-creek-saniswm-faqs.pdf\" target=\"_blank\" rel=\"noreferrer noopener\">Ingl\u00e9s y en Espa\u00f1ol<\/a>(PDF). Si usted tuviera otras preguntas, por favor p\u00f3ngase en contacto con <a href=\"mailto:hugginss@cleanwaterservices.org\">Shannon Huggins<\/a> llam\u00e1ndola a Clean Water Services.<\/p>\n\n\n\n<p class=\"wp-block-paragraph\"><\/p>\n\n\n","protected":false},"excerpt":{"rendered":"<p>Los proyectos de infraestructura pueden presentar la oportunidad de trabajar en asociaci\u00f3n e incluir mejoras adicionales a un costo general m\u00e1s reducido. La necesidad de reemplazar una tuber\u00eda envejecida en la cuenca del arroyo Cedar Mill Creek brind\u00f3 a Clean Water Services la oportunidad de invertir tambi\u00e9n en mejoras del h\u00e1bitat ambiental y de la [&hellip;]<\/p>\n","protected":false},"author":220134337,"featured_media":0,"parent":4359,"menu_order":2,"comment_status":"closed","ping_status":"closed","template":"","meta":{"_acf_changed":false,"_crdt_document":"","footnotes":""},"class_list":["post-4368","page","type-page","status-publish","hentry"],"acf":[],"_links":{"self":[{"href":"https:\/\/cleanwaterservices.org\/es\/wp-json\/wp\/v2\/pages\/4368","targetHints":{"allow":["GET"]}}],"collection":[{"href":"https:\/\/cleanwaterservices.org\/es\/wp-json\/wp\/v2\/pages"}],"about":[{"href":"https:\/\/cleanwaterservices.org\/es\/wp-json\/wp\/v2\/types\/page"}],"author":[{"embeddable":true,"href":"https:\/\/cleanwaterservices.org\/es\/wp-json\/wp\/v2\/users\/220134337"}],"replies":[{"embeddable":true,"href":"https:\/\/cleanwaterservices.org\/es\/wp-json\/wp\/v2\/comments?post=4368"}],"version-history":[{"count":5,"href":"https:\/\/cleanwaterservices.org\/es\/wp-json\/wp\/v2\/pages\/4368\/revisions"}],"predecessor-version":[{"id":9151,"href":"https:\/\/cleanwaterservices.org\/es\/wp-json\/wp\/v2\/pages\/4368\/revisions\/9151"}],"up":[{"embeddable":true,"href":"https:\/\/cleanwaterservices.org\/es\/wp-json\/wp\/v2\/pages\/4359"}],"wp:attachment":[{"href":"https:\/\/cleanwaterservices.org\/es\/wp-json\/wp\/v2\/media?parent=4368"}],"curies":[{"name":"wp","href":"https:\/\/api.w.org\/{rel}","templated":true}]}}