{"id":4361,"date":"2022-05-20T12:53:03","date_gmt":"2022-05-20T19:53:03","guid":{"rendered":"https:\/\/cleanwaterservices.org\/comunidad-y-casa\/compromiso-de-la-comunidad-redireccionamiento\/proyectos-redireccionamiento\/betania-del-norte\/"},"modified":"2022-06-30T21:38:44","modified_gmt":"2022-07-01T04:38:44","slug":"betania-del-norte","status":"publish","type":"page","link":"https:\/\/cleanwaterservices.org\/es\/comunidad-y-casa\/compromiso-de-la-comunidad\/proyectos\/betania-del-norte\/","title":{"rendered":"North Bethany"},"content":{"rendered":"\n<figure class=\"wp-block-image alignright is-style-circle\"><img loading=\"lazy\" decoding=\"async\" width=\"600\" height=\"600\" src=\"https:\/\/cleanwaterservices.org\/wp-content\/uploads\/2022\/06\/2F5A0095-300-dpi-1.jpg\" alt=\"El empleado de los servicios de agua limpia trabaja en el plano del sitio mientras est\u00e1 en el campo.\" class=\"wp-image-3942\" srcset=\"https:\/\/cleanwaterservices.org\/wp-content\/uploads\/2022\/06\/2F5A0095-300-dpi-1.jpg 600w, https:\/\/cleanwaterservices.org\/wp-content\/uploads\/2022\/06\/2F5A0095-300-dpi-1-300x300.jpg 300w, https:\/\/cleanwaterservices.org\/wp-content\/uploads\/2022\/06\/2F5A0095-300-dpi-1-150x150.jpg?crop=1 150w\" sizes=\"auto, 384px\" \/><\/figure>\n\n<p class=\"wp-block-paragraph\">Esta colaboraci\u00f3n comenz\u00f3 como una oportunidad para maximizar la eficiencia, coordinar la infraestructura y minimizar los conflictos potenciales entre dos proyectos distintos que se superponen geogr\u00e1ficamente.<\/p>\n\n<p class=\"wp-block-paragraph\">Un proyecto involucra una extensi\u00f3n del drenaje de North Bethany Trunk y el otro involucra explorar e implementar la restauraci\u00f3n de arroyos y el tratamiento natural a lo largo del Tributario Oeste hasta el arroyo Abbey Creek para reducir la velocidad y filtrar las corrientes de aguas pluviales.<\/p>\n\n<div style=\"height:100px\" aria-hidden=\"true\" class=\"wp-block-spacer\"><\/div>\n","protected":false},"excerpt":{"rendered":"<p>Esta colaboraci\u00f3n comenz\u00f3 como una oportunidad para maximizar la eficiencia, coordinar la infraestructura y minimizar los conflictos potenciales entre dos proyectos distintos que se superponen geogr\u00e1ficamente. Un proyecto involucra una extensi\u00f3n del drenaje de North Bethany Trunk y el otro involucra explorar e implementar la restauraci\u00f3n de arroyos y el tratamiento natural a lo largo [&hellip;]<\/p>\n","protected":false},"author":220134337,"featured_media":0,"parent":4359,"menu_order":2,"comment_status":"closed","ping_status":"closed","template":"","meta":{"_acf_changed":false,"_crdt_document":"","footnotes":""},"class_list":["post-4361","page","type-page","status-publish","hentry"],"acf":[],"_links":{"self":[{"href":"https:\/\/cleanwaterservices.org\/es\/wp-json\/wp\/v2\/pages\/4361","targetHints":{"allow":["GET"]}}],"collection":[{"href":"https:\/\/cleanwaterservices.org\/es\/wp-json\/wp\/v2\/pages"}],"about":[{"href":"https:\/\/cleanwaterservices.org\/es\/wp-json\/wp\/v2\/types\/page"}],"author":[{"embeddable":true,"href":"https:\/\/cleanwaterservices.org\/es\/wp-json\/wp\/v2\/users\/220134337"}],"replies":[{"embeddable":true,"href":"https:\/\/cleanwaterservices.org\/es\/wp-json\/wp\/v2\/comments?post=4361"}],"version-history":[{"count":5,"href":"https:\/\/cleanwaterservices.org\/es\/wp-json\/wp\/v2\/pages\/4361\/revisions"}],"predecessor-version":[{"id":6512,"href":"https:\/\/cleanwaterservices.org\/es\/wp-json\/wp\/v2\/pages\/4361\/revisions\/6512"}],"up":[{"embeddable":true,"href":"https:\/\/cleanwaterservices.org\/es\/wp-json\/wp\/v2\/pages\/4359"}],"wp:attachment":[{"href":"https:\/\/cleanwaterservices.org\/es\/wp-json\/wp\/v2\/media?parent=4361"}],"curies":[{"name":"wp","href":"https:\/\/api.w.org\/{rel}","templated":true}]}}