{"id":4336,"date":"2022-04-19T12:21:32","date_gmt":"2022-04-19T19:21:32","guid":{"rendered":"https:\/\/cleanwaterservices.org\/comunidad-y-casa\/compromiso-de-la-comunidad-redireccionamiento\/participacion-de-la-comunidad\/"},"modified":"2022-07-01T18:12:28","modified_gmt":"2022-07-02T01:12:28","slug":"general","status":"publish","type":"page","link":"https:\/\/cleanwaterservices.org\/es\/comunidad-y-casa\/compromiso-de-la-comunidad\/general\/","title":{"rendered":"Participaci\u00f3n Comunitaria"},"content":{"rendered":"\n<figure class=\"wp-block-image alignright is-style-circle\"><img loading=\"lazy\" decoding=\"async\" width=\"3508\" height=\"3508\" src=\"https:\/\/cleanwaterservices.org\/wp-content\/uploads\/2022\/06\/JES_3505-1.jpg\" alt=\"Un empleado de Clean Water Services con un polo azul habla con miembros de la comunidad en un evento mientras comparte volantes e informaci\u00f3n sobre Clean Water Grow. Evento, Comunidad, Difusi\u00f3n comunitaria, Educaci\u00f3n, Eli Bonilla, Empleado, CRECER, Jessica Owen, Venta de plantas nativas, Asuntos p\u00fablicos, Mesa, Anuncio, Folleto, Volante, Humano, Papel, Persona, Afiche shirt habla con miembros de la comunidad en un evento mientras comparte volantes e informaci\u00f3n sobre Clean Water Grow.\" class=\"wp-image-3939\" srcset=\"https:\/\/cleanwaterservices.org\/wp-content\/uploads\/2022\/06\/JES_3505-1.jpg 3508w, https:\/\/cleanwaterservices.org\/wp-content\/uploads\/2022\/06\/JES_3505-1-300x300.jpg 300w, https:\/\/cleanwaterservices.org\/wp-content\/uploads\/2022\/06\/JES_3505-1-1024x1024.jpg 1024w, https:\/\/cleanwaterservices.org\/wp-content\/uploads\/2022\/06\/JES_3505-1-150x150.jpg?crop=1 150w, https:\/\/cleanwaterservices.org\/wp-content\/uploads\/2022\/06\/JES_3505-1-768x768.jpg 768w, https:\/\/cleanwaterservices.org\/wp-content\/uploads\/2022\/06\/JES_3505-1-1536x1536.jpg 1536w, https:\/\/cleanwaterservices.org\/wp-content\/uploads\/2022\/06\/JES_3505-1-2048x2048.jpg 2048w\" sizes=\"auto, 384px\" \/><\/figure>\n\n\n\n<p class=\"wp-block-paragraph\">La agencia Clean Water Services cree en el poder de la participaci\u00f3n y asociaci\u00f3n equitativa de la comunidad. El di\u00e1logo y la colaboraci\u00f3n con los habitantes, los contribuyentes y las organizaciones comunitarias nos ayudan a servir a nuestra regi\u00f3n y reflejan nuestros valores compartidos. Sabemos que la mejor manera de lograr resultados que nos ayuden a todos es asegurarnos de que el p\u00fablico tenga la oportunidad de conocer y brindar informaci\u00f3n sobre las reglamentaciones, los proyectos y los programas que les interesan.<\/p>\n\n\n\n\n\n<p class=\"wp-block-paragraph\">Reconocemos que el compromiso debe ser culturalmente apropiado, inclusivo y que responda a las necesidades y barreras de las comunidades hist\u00f3ricamente desatendidas.<\/p>\n\n\n\n\n\n<h3 class=\"wp-block-heading\">Formas de Participaci\u00f3n<\/h3>\n\n\n\n<ul class=\"wp-block-list\"><li><a href=\"https:\/\/cleanwaterservices.org\/es\/acerca-de\/liderazgo-y-departamentos-redirigir\/comite-asesor-de-agua-limpia\/\" data-type=\"page\" data-id=\"642\">Comisi\u00f3n Consejera de Clean Water Services<\/a> (CWAC)<\/li><li><a href=\"https:\/\/cleanwaterservices.org\/es\/acerca-de\/liderazgo-y-departamentos-redirigir\/equipo-de-liderazgo\/#cws-bod\">Washington County Board Meetings<\/a><\/li><li>Visite nuestra mesa de promoci\u00f3n en alguno de los varios eventos comunitarios<\/li><li>Contacte a Shannon Huggins <a href=\"mailto:hugginss@cleanwaterservices.org\">v\u00eda correo electr\u00f3nico<\/a> o llam\u00e1ndola al 503.681.3600<\/li><\/ul>\n","protected":false},"excerpt":{"rendered":"<p>La agencia Clean Water Services cree en el poder de la participaci\u00f3n y asociaci\u00f3n equitativa de la comunidad. El di\u00e1logo y la colaboraci\u00f3n con los habitantes, los contribuyentes y las organizaciones comunitarias nos ayudan a servir a nuestra regi\u00f3n y reflejan nuestros valores compartidos. Sabemos que la mejor manera de lograr resultados que nos ayuden [&hellip;]<\/p>\n","protected":false},"author":220134314,"featured_media":0,"parent":4391,"menu_order":1,"comment_status":"closed","ping_status":"closed","template":"","meta":{"_acf_changed":false,"_crdt_document":"","footnotes":""},"class_list":["post-4336","page","type-page","status-publish","hentry"],"acf":[],"_links":{"self":[{"href":"https:\/\/cleanwaterservices.org\/es\/wp-json\/wp\/v2\/pages\/4336","targetHints":{"allow":["GET"]}}],"collection":[{"href":"https:\/\/cleanwaterservices.org\/es\/wp-json\/wp\/v2\/pages"}],"about":[{"href":"https:\/\/cleanwaterservices.org\/es\/wp-json\/wp\/v2\/types\/page"}],"author":[{"embeddable":true,"href":"https:\/\/cleanwaterservices.org\/es\/wp-json\/wp\/v2\/users\/220134314"}],"replies":[{"embeddable":true,"href":"https:\/\/cleanwaterservices.org\/es\/wp-json\/wp\/v2\/comments?post=4336"}],"version-history":[{"count":5,"href":"https:\/\/cleanwaterservices.org\/es\/wp-json\/wp\/v2\/pages\/4336\/revisions"}],"predecessor-version":[{"id":6721,"href":"https:\/\/cleanwaterservices.org\/es\/wp-json\/wp\/v2\/pages\/4336\/revisions\/6721"}],"up":[{"embeddable":true,"href":"https:\/\/cleanwaterservices.org\/es\/wp-json\/wp\/v2\/pages\/4391"}],"wp:attachment":[{"href":"https:\/\/cleanwaterservices.org\/es\/wp-json\/wp\/v2\/media?parent=4336"}],"curies":[{"name":"wp","href":"https:\/\/api.w.org\/{rel}","templated":true}]}}