{"id":4294,"date":"2022-05-20T12:42:40","date_gmt":"2022-05-20T19:42:40","guid":{"rendered":"https:\/\/cleanwaterservices.org\/comunidad-y-casa\/recursos\/como-desechar-redireccionar\/residuos-domesticos-peligrosos\/"},"modified":"2025-11-25T15:40:55","modified_gmt":"2025-11-25T23:40:55","slug":"residuos-domesticos-peligrosos","status":"publish","type":"page","link":"https:\/\/cleanwaterservices.org\/es\/comunidad-y-casa\/recursos\/como-desechar\/residuos-domesticos-peligrosos\/","title":{"rendered":"Desechos Caseros Peligrosos"},"content":{"rendered":"\n<figure class=\"wp-block-image alignright is-style-circle\"><img loading=\"lazy\" decoding=\"async\" width=\"5575\" height=\"3717\" src=\"https:\/\/cleanwaterservices.org\/wp-content\/uploads\/2022\/06\/paint_cans_garage.jpg\" alt=\"Muchas latas de pintura de colores abiertas con pinceles sentados en ellas. Imagen de arriba.\" class=\"wp-image-3931\" srcset=\"https:\/\/cleanwaterservices.org\/wp-content\/uploads\/2022\/06\/paint_cans_garage.jpg 5575w, https:\/\/cleanwaterservices.org\/wp-content\/uploads\/2022\/06\/paint_cans_garage-300x200.jpg 300w, https:\/\/cleanwaterservices.org\/wp-content\/uploads\/2022\/06\/paint_cans_garage-1024x683.jpg 1024w, https:\/\/cleanwaterservices.org\/wp-content\/uploads\/2022\/06\/paint_cans_garage-768x512.jpg 768w, https:\/\/cleanwaterservices.org\/wp-content\/uploads\/2022\/06\/paint_cans_garage-1536x1024.jpg 1536w, https:\/\/cleanwaterservices.org\/wp-content\/uploads\/2022\/06\/paint_cans_garage-2048x1365.jpg 2048w\" sizes=\"auto, 384px\" \/><\/figure>\n\n\n\n<p class=\"wp-block-paragraph\">Muchos productos para el hogar, como pintura, jab\u00f3n y fertilizantes, pueden da\u00f1ar a las personas, los peces, y la vida silvestre si se usan o desechan incorrectamente\u2014especialmente si se vierten en los desag\u00fces pluviales. La eliminaci\u00f3n segura es f\u00e1cil de hacer y puede tener un gran impacto.<\/p>\n\n\n\n\n\n<p class=\"wp-block-paragraph\">Lleve sus desechos peligrosos a las instalaciones permanentes de Metro durante todo el a\u00f1o, o a alg\u00fan evento de recolecci\u00f3n en el \u00e1rea de los tres condados en los meses de marzo a noviembre. Llame al n\u00famero de Reciclaje de Metro al 503.234.3000 o consulte su <a href=\"http:\/\/www.oregonmetro.gov\/index.cfm\/go\/by.web\/id=571\" target=\"_blank\" rel=\"noreferrer noopener nofollow\">sitio web<\/a> para obtener m\u00e1s informaci\u00f3n.<\/p>\n\n\n\n<h3 class=\"wp-block-heading\">Desperdicios de Pintura<\/h3>\n\n\n\n<p class=\"wp-block-paragraph\">\u00bfLa pintura que le sobra ocupa un espacio precioso en su garaje? Gracias a una ley de administraci\u00f3n de pintura pionera en la naci\u00f3n, varias ubicaciones en el condado de Washington actualmente est\u00e1n aceptando pintura. Obtenga m\u00e1s informaci\u00f3n y encuentre un punto de entrega cerca de usted en <a href=\"https:\/\/www.paintcare.org\/es\/states\/oregon\/\" target=\"_blank\" rel=\"noreferrer noopener nofollow\">PaintCare.org<\/a>.<\/p>\n\n\n\n<p class=\"wp-block-paragraph\"><\/p>\n","protected":false},"excerpt":{"rendered":"<p>Muchos productos para el hogar, como pintura, jab\u00f3n y fertilizantes, pueden da\u00f1ar a las personas, los peces, y la vida silvestre si se usan o desechan incorrectamente\u2014especialmente si se vierten en los desag\u00fces pluviales. La eliminaci\u00f3n segura es f\u00e1cil de hacer y puede tener un gran impacto. Lleve sus desechos peligrosos a las instalaciones permanentes [&hellip;]<\/p>\n","protected":false},"author":220134337,"featured_media":0,"parent":4286,"menu_order":3,"comment_status":"closed","ping_status":"closed","template":"","meta":{"_acf_changed":false,"_crdt_document":"","footnotes":""},"class_list":["post-4294","page","type-page","status-publish","hentry"],"acf":[],"_links":{"self":[{"href":"https:\/\/cleanwaterservices.org\/es\/wp-json\/wp\/v2\/pages\/4294","targetHints":{"allow":["GET"]}}],"collection":[{"href":"https:\/\/cleanwaterservices.org\/es\/wp-json\/wp\/v2\/pages"}],"about":[{"href":"https:\/\/cleanwaterservices.org\/es\/wp-json\/wp\/v2\/types\/page"}],"author":[{"embeddable":true,"href":"https:\/\/cleanwaterservices.org\/es\/wp-json\/wp\/v2\/users\/220134337"}],"replies":[{"embeddable":true,"href":"https:\/\/cleanwaterservices.org\/es\/wp-json\/wp\/v2\/comments?post=4294"}],"version-history":[{"count":7,"href":"https:\/\/cleanwaterservices.org\/es\/wp-json\/wp\/v2\/pages\/4294\/revisions"}],"predecessor-version":[{"id":13857,"href":"https:\/\/cleanwaterservices.org\/es\/wp-json\/wp\/v2\/pages\/4294\/revisions\/13857"}],"up":[{"embeddable":true,"href":"https:\/\/cleanwaterservices.org\/es\/wp-json\/wp\/v2\/pages\/4286"}],"wp:attachment":[{"href":"https:\/\/cleanwaterservices.org\/es\/wp-json\/wp\/v2\/media?parent=4294"}],"curies":[{"name":"wp","href":"https:\/\/api.w.org\/{rel}","templated":true}]}}