{"id":4292,"date":"2022-05-20T12:41:56","date_gmt":"2022-05-20T19:41:56","guid":{"rendered":"https:\/\/cleanwaterservices.org\/comunidad-y-casa\/recursos\/como-desechar-redireccionar\/medicamentos-no-utilizados-y-vencidos\/"},"modified":"2022-06-30T11:25:39","modified_gmt":"2022-06-30T18:25:39","slug":"medicamentos-no-utilizados-y-vencidos","status":"publish","type":"page","link":"https:\/\/cleanwaterservices.org\/es\/comunidad-y-casa\/recursos\/como-desechar\/medicamentos-no-utilizados-y-vencidos\/","title":{"rendered":"Medicamentos no Utilizados y Vencidos"},"content":{"rendered":"\n<figure class=\"wp-block-image alignright is-style-circle\"><img loading=\"lazy\" decoding=\"async\" width=\"2721\" height=\"1806\" src=\"https:\/\/cleanwaterservices.org\/wp-content\/uploads\/2022\/06\/meds-1.jpg\" alt=\"Las p\u00edldoras azules y blancas se derraman de dos frascos con receta que est\u00e1n sobre el mostrador.\" class=\"wp-image-3566\" srcset=\"https:\/\/cleanwaterservices.org\/wp-content\/uploads\/2022\/06\/meds-1.jpg 2721w, https:\/\/cleanwaterservices.org\/wp-content\/uploads\/2022\/06\/meds-1-300x199.jpg 300w, https:\/\/cleanwaterservices.org\/wp-content\/uploads\/2022\/06\/meds-1-1024x680.jpg 1024w, https:\/\/cleanwaterservices.org\/wp-content\/uploads\/2022\/06\/meds-1-768x510.jpg 768w, https:\/\/cleanwaterservices.org\/wp-content\/uploads\/2022\/06\/meds-1-1536x1019.jpg 1536w, https:\/\/cleanwaterservices.org\/wp-content\/uploads\/2022\/06\/meds-1-2048x1359.jpg 2048w\" sizes=\"auto, 384px\" \/><\/figure>\n\n<p class=\"wp-block-paragraph\">Todos tenemos un papel que desempe\u00f1ar para proteger los recursos hidr\u00e1ulicos de nuestra regi\u00f3n de los productos farmac\u00e9uticos, y de otros productos de uso com\u00fan para el cuidado personal, que podr\u00edan afectar la calidad del agua. A diferencia de la televisi\u00f3n y las pel\u00edculas, no hay seguridad cuando disponemos de los medicamentos en el ba\u00f1o, porque pueden causar problemas en los sistemas de alcantarillado o en los arroyos locales. Desechar los medicamentos de manera segura tambi\u00e9n puede ayudar a reducir el abuso de los medicamentos recetados entre los ni\u00f1os y adolescentes, adem\u00e1s de evitar su consumo accidental por parte de mascotas y de ni\u00f1os.<\/p>\n\n<h3 class=\"wp-block-heading\">Disposici\u00f3n Gratuita y Segura de Medicamentos<\/h3>\n\n<p class=\"wp-block-paragraph\">Al igual que con las computadoras y la pintura, en Oregon se requiere la eliminaci\u00f3n adecuada de los medicamentos. Visite el sitio web de <a href=\"https:\/\/medtakebackoregon.org\/\" target=\"_blank\" rel=\"noreferrer noopener nofollow\">Eliminaci\u00f3n Segura de Medicamentos de Oreg\u00f3n<\/a> e ingrese su c\u00f3digo postal para encontrar lugares de entrega aprobados para sus medicamentos recetados y de venta libre\/<\/p>\n","protected":false},"excerpt":{"rendered":"<p>Todos tenemos un papel que desempe\u00f1ar para proteger los recursos hidr\u00e1ulicos de nuestra regi\u00f3n de los productos farmac\u00e9uticos, y de otros productos de uso com\u00fan para el cuidado personal, que podr\u00edan afectar la calidad del agua. A diferencia de la televisi\u00f3n y las pel\u00edculas, no hay seguridad cuando disponemos de los medicamentos en el ba\u00f1o, [&hellip;]<\/p>\n","protected":false},"author":220134337,"featured_media":0,"parent":4286,"menu_order":2,"comment_status":"closed","ping_status":"closed","template":"","meta":{"_acf_changed":false,"_crdt_document":"","footnotes":""},"class_list":["post-4292","page","type-page","status-publish","hentry"],"acf":[],"_links":{"self":[{"href":"https:\/\/cleanwaterservices.org\/es\/wp-json\/wp\/v2\/pages\/4292","targetHints":{"allow":["GET"]}}],"collection":[{"href":"https:\/\/cleanwaterservices.org\/es\/wp-json\/wp\/v2\/pages"}],"about":[{"href":"https:\/\/cleanwaterservices.org\/es\/wp-json\/wp\/v2\/types\/page"}],"author":[{"embeddable":true,"href":"https:\/\/cleanwaterservices.org\/es\/wp-json\/wp\/v2\/users\/220134337"}],"replies":[{"embeddable":true,"href":"https:\/\/cleanwaterservices.org\/es\/wp-json\/wp\/v2\/comments?post=4292"}],"version-history":[{"count":5,"href":"https:\/\/cleanwaterservices.org\/es\/wp-json\/wp\/v2\/pages\/4292\/revisions"}],"predecessor-version":[{"id":5940,"href":"https:\/\/cleanwaterservices.org\/es\/wp-json\/wp\/v2\/pages\/4292\/revisions\/5940"}],"up":[{"embeddable":true,"href":"https:\/\/cleanwaterservices.org\/es\/wp-json\/wp\/v2\/pages\/4286"}],"wp:attachment":[{"href":"https:\/\/cleanwaterservices.org\/es\/wp-json\/wp\/v2\/media?parent=4292"}],"curies":[{"name":"wp","href":"https:\/\/api.w.org\/{rel}","templated":true}]}}