{"id":4287,"date":"2022-04-19T12:21:16","date_gmt":"2022-04-19T19:21:16","guid":{"rendered":"https:\/\/cleanwaterservices.org\/comunidad-y-casa\/recursos\/como-desechar-redireccionar\/como-desechar-desechos-y-escombros-de-jardin\/"},"modified":"2022-07-20T15:32:33","modified_gmt":"2022-07-20T22:32:33","slug":"general","status":"publish","type":"page","link":"https:\/\/cleanwaterservices.org\/es\/comunidad-y-casa\/recursos\/como-desechar\/general\/","title":{"rendered":"C\u00f3mo Desechar los Desperdicios y los Escombros de los Jardines"},"content":{"rendered":"\n<figure class=\"wp-block-image alignright is-style-circle\"><img loading=\"lazy\" decoding=\"async\" width=\"6048\" height=\"4032\" src=\"https:\/\/cleanwaterservices.org\/wp-content\/uploads\/2022\/05\/leaves_rake_pile.jpg\" alt=\"Un rastrillo se extiende sobre un c&#xE9;sped cubierto de hojas oto&#xF1;ales. Muchos de los cuales han sido rastrillados en una pila.\" class=\"wp-image-1261\" srcset=\"https:\/\/cleanwaterservices.org\/wp-content\/uploads\/2022\/05\/leaves_rake_pile.jpg 6048w, https:\/\/cleanwaterservices.org\/wp-content\/uploads\/2022\/05\/leaves_rake_pile-300x200.jpg 300w, https:\/\/cleanwaterservices.org\/wp-content\/uploads\/2022\/05\/leaves_rake_pile-768x512.jpg 768w, https:\/\/cleanwaterservices.org\/wp-content\/uploads\/2022\/05\/leaves_rake_pile-1024x683.jpg 1024w, https:\/\/cleanwaterservices.org\/wp-content\/uploads\/2022\/05\/leaves_rake_pile-1536x1024.jpg 1536w, https:\/\/cleanwaterservices.org\/wp-content\/uploads\/2022\/05\/leaves_rake_pile-2048x1365.jpg 2048w\" sizes=\"auto, 384px\" \/><\/figure>\n\n<p class=\"wp-block-paragraph\">La eliminaci\u00f3n adecuada de desperdicios dom\u00e9sticos peligrosos, hojas y recortes de pasto es vital para proteger nuestro medio ambiente. Cuando llueve, muchos de estos elementos se convierten en parte de las corrientes de aguas pluviales que pueden obstruir los desag\u00fces pluviales o contaminar el arroyo m\u00e1s cercano\u2014da\u00f1ando a los peces y otros seres vivientes.<\/p>\n\n<p class=\"wp-block-paragraph\">Explore c\u00f3mo y d\u00f3nde desechar correctamente los desperdicios dom\u00e9sticos peligrosos, los escombros del jard\u00edn y las hojas ca\u00eddas. Conozca d\u00f3nde se encuentra la estaci\u00f3n de descarga de veh\u00edculos recreativos m\u00e1s cercana. En oto\u00f1o, aseg\u00farese de consultar nuestra lista de eventos de entrega de hojas. Obtenga m\u00e1s informaci\u00f3n sobre las opciones de reciclaje de su hogar en <a href=\"https:\/\/www.washingtoncountyrecycles.org\/\" target=\"_blank\" rel=\"noreferrer noopener nofollow\">Reciclaje del Condado de Washington.<\/a> Usted tambi\u00e9n nos puede <a href=\"https:\/\/cleanwaterservices.org\/es\/acerca-de\/contactenos-enlace\/reportar-un-problema\/\" data-type=\"page\" data-id=\"24\">reportar el vertido de aguas pluviales<\/a>.<\/p>\n","protected":false},"excerpt":{"rendered":"<p>La eliminaci\u00f3n adecuada de desperdicios dom\u00e9sticos peligrosos, hojas y recortes de pasto es vital para proteger nuestro medio ambiente. Cuando llueve, muchos de estos elementos se convierten en parte de las corrientes de aguas pluviales que pueden obstruir los desag\u00fces pluviales o contaminar el arroyo m\u00e1s cercano\u2014da\u00f1ando a los peces y otros seres vivientes. Explore [&hellip;]<\/p>\n","protected":false},"author":220134314,"featured_media":0,"parent":4286,"menu_order":1,"comment_status":"closed","ping_status":"closed","template":"","meta":{"_acf_changed":false,"_crdt_document":"","footnotes":""},"class_list":["post-4287","page","type-page","status-publish","hentry"],"acf":[],"_links":{"self":[{"href":"https:\/\/cleanwaterservices.org\/es\/wp-json\/wp\/v2\/pages\/4287","targetHints":{"allow":["GET"]}}],"collection":[{"href":"https:\/\/cleanwaterservices.org\/es\/wp-json\/wp\/v2\/pages"}],"about":[{"href":"https:\/\/cleanwaterservices.org\/es\/wp-json\/wp\/v2\/types\/page"}],"author":[{"embeddable":true,"href":"https:\/\/cleanwaterservices.org\/es\/wp-json\/wp\/v2\/users\/220134314"}],"replies":[{"embeddable":true,"href":"https:\/\/cleanwaterservices.org\/es\/wp-json\/wp\/v2\/comments?post=4287"}],"version-history":[{"count":5,"href":"https:\/\/cleanwaterservices.org\/es\/wp-json\/wp\/v2\/pages\/4287\/revisions"}],"predecessor-version":[{"id":7423,"href":"https:\/\/cleanwaterservices.org\/es\/wp-json\/wp\/v2\/pages\/4287\/revisions\/7423"}],"up":[{"embeddable":true,"href":"https:\/\/cleanwaterservices.org\/es\/wp-json\/wp\/v2\/pages\/4286"}],"wp:attachment":[{"href":"https:\/\/cleanwaterservices.org\/es\/wp-json\/wp\/v2\/media?parent=4287"}],"curies":[{"name":"wp","href":"https:\/\/api.w.org\/{rel}","templated":true}]}}