{"id":4253,"date":"2022-05-20T12:35:15","date_gmt":"2022-05-20T19:35:15","guid":{"rendered":"https:\/\/cleanwaterservices.org\/kit-de-cala\/"},"modified":"2022-09-12T14:51:10","modified_gmt":"2022-09-12T21:51:10","slug":"kit-de-cala","status":"publish","type":"page","link":"https:\/\/cleanwaterservices.org\/es\/comunidad-y-casa\/recursos\/recursos-de-patio-y-vecindario\/soluciones-amigables-con-la-transmision\/kit-de-cala\/","title":{"rendered":"Paquete para el Arroyo"},"content":{"rendered":"\n<figure class=\"wp-block-image alignright is-style-circle\"><img loading=\"lazy\" decoding=\"async\" width=\"4608\" height=\"3072\" src=\"https:\/\/cleanwaterservices.org\/wp-content\/uploads\/2022\/06\/P1080091.jpg\" alt=\"Un empleado de Clean Water Services inspecciona la colecci\u00f3n de plantas aut\u00f3ctonas mientras trabaja en la donaci\u00f3n de plantas aut\u00f3ctonas en la granja del r\u00edo Tualatin en Hillsboro\" class=\"wp-image-1560\" srcset=\"https:\/\/cleanwaterservices.org\/wp-content\/uploads\/2022\/06\/P1080091.jpg 4608w, https:\/\/cleanwaterservices.org\/wp-content\/uploads\/2022\/06\/P1080091-300x200.jpg 300w, https:\/\/cleanwaterservices.org\/wp-content\/uploads\/2022\/06\/P1080091-1024x683.jpg 1024w, https:\/\/cleanwaterservices.org\/wp-content\/uploads\/2022\/06\/P1080091-768x512.jpg 768w, https:\/\/cleanwaterservices.org\/wp-content\/uploads\/2022\/06\/P1080091-1536x1024.jpg 1536w, https:\/\/cleanwaterservices.org\/wp-content\/uploads\/2022\/06\/P1080091-2048x1365.jpg 2048w\" sizes=\"auto, 384px\" \/><\/figure>\n\n<p class=\"wp-block-paragraph\">Si vive cerca de un arroyo o terreno pantanoso, hay pasos adicionales que puede tomar para apoyar una cuenca hidrogr\u00e1fica saludable.<\/p>\n\n<p class=\"wp-block-paragraph\">Cuando llueve, lo que va en el suelo, se va al r\u00edo. Explore estas herramientas y ayude a mantener el agua limpia en <a href=\"https:\/\/cleanwaterservices.org\/es\/nuestra-agua\/cuenca-del-rio-tualatin\/acerca-de-nuestro-rio-y-cuenca\/\" data-type=\"page\" data-id=\"599\">nuestra cuenca<\/a> y en su propio patio trasero:<\/p>\n\n<ul class=\"wp-block-list\"><li><a href=\"https:\/\/cleanwaterservices.org\/wp-content\/uploads\/2022\/05\/hoa-fact-sheet.pdf\" target=\"_blank\" rel=\"noreferrer noopener\">Asociaciones de Propietarios, Arroyos y Terrenos Pantanosos hoja de hechos <\/a> (PDF)<\/li><li><a href=\"https:\/\/cleanwaterservices.org\/wp-content\/uploads\/2022\/05\/streamside-care-guide.pdf\" target=\"_blank\" rel=\"noreferrer noopener\">Gu\u00eda para el Cuidado de las Corrientes folleto <\/a> (PDF)<\/li><li><a href=\"https:\/\/tualatinswcd.org\/priorities\/invasive-species-management\/weed-pest-directory\/\" data-type=\"URL\" data-id=\"https:\/\/tualatinswcd.org\/priorities\/invasive-species-management\/weed-pest-directory\/\" target=\"_blank\" rel=\"noreferrer noopener nofollow\">Identifique las Plantas Invasoras<\/a> <\/li><li><a href=\"https:\/\/cleanwaterservices.org\/es\/comunidad-y-casa\/recursos\/recursos-de-patio-y-vecindario\/plantas-autoctonas\/\" data-type=\"page\" data-id=\"447\">Plantas Nativas<\/a><\/li><li><a href=\"https:\/\/cleanwaterservices.org\/wp-content\/uploads\/2022\/05\/stream-friendly-home-and-yard-care.pdf\" target=\"_blank\" rel=\"noreferrer noopener\">Cuidado de su Casa y de su Jard\u00edn Respetuoso de la Naturaleza folleto <\/a> (PDF)<\/li><\/ul>\n","protected":false},"excerpt":{"rendered":"<p>Si vive cerca de un arroyo o terreno pantanoso, hay pasos adicionales que puede tomar para apoyar una cuenca hidrogr\u00e1fica saludable. Cuando llueve, lo que va en el suelo, se va al r\u00edo. Explore estas herramientas y ayude a mantener el agua limpia en nuestra cuenca y en su propio patio trasero: Asociaciones de Propietarios, [&hellip;]<\/p>\n","protected":false},"author":220134337,"featured_media":0,"parent":4257,"menu_order":3,"comment_status":"closed","ping_status":"closed","template":"","meta":{"_acf_changed":false,"_crdt_document":"","footnotes":""},"class_list":["post-4253","page","type-page","status-publish","hentry"],"acf":[],"_links":{"self":[{"href":"https:\/\/cleanwaterservices.org\/es\/wp-json\/wp\/v2\/pages\/4253","targetHints":{"allow":["GET"]}}],"collection":[{"href":"https:\/\/cleanwaterservices.org\/es\/wp-json\/wp\/v2\/pages"}],"about":[{"href":"https:\/\/cleanwaterservices.org\/es\/wp-json\/wp\/v2\/types\/page"}],"author":[{"embeddable":true,"href":"https:\/\/cleanwaterservices.org\/es\/wp-json\/wp\/v2\/users\/220134337"}],"replies":[{"embeddable":true,"href":"https:\/\/cleanwaterservices.org\/es\/wp-json\/wp\/v2\/comments?post=4253"}],"version-history":[{"count":5,"href":"https:\/\/cleanwaterservices.org\/es\/wp-json\/wp\/v2\/pages\/4253\/revisions"}],"predecessor-version":[{"id":7815,"href":"https:\/\/cleanwaterservices.org\/es\/wp-json\/wp\/v2\/pages\/4253\/revisions\/7815"}],"up":[{"embeddable":true,"href":"https:\/\/cleanwaterservices.org\/es\/wp-json\/wp\/v2\/pages\/4257"}],"wp:attachment":[{"href":"https:\/\/cleanwaterservices.org\/es\/wp-json\/wp\/v2\/media?parent=4253"}],"curies":[{"name":"wp","href":"https:\/\/api.w.org\/{rel}","templated":true}]}}