{"id":4251,"date":"2022-05-20T12:32:33","date_gmt":"2022-05-20T19:32:33","guid":{"rendered":"https:\/\/cleanwaterservices.org\/soluciones-amigables-con-la-transmision\/"},"modified":"2022-10-24T16:22:39","modified_gmt":"2022-10-24T23:22:39","slug":"general","status":"publish","type":"page","link":"https:\/\/cleanwaterservices.org\/es\/comunidad-y-casa\/recursos\/recursos-de-patio-y-vecindario\/soluciones-amigables-con-la-transmision\/general\/","title":{"rendered":"Soluciones Amigables para los Arroyos y las Corrientes de Agua"},"content":{"rendered":"\n<figure class=\"wp-block-image alignright is-style-circle\"><img loading=\"lazy\" decoding=\"async\" width=\"5007\" height=\"3338\" src=\"https:\/\/cleanwaterservices.org\/wp-content\/uploads\/2022\/05\/seeds_kid_adult.jpg\" alt=\"Un padre y su hijo recogen semillas para plantar en un jard\u00edn trasero. el padre est\u00e1 agachado y el ni\u00f1o peque\u00f1o toma una semilla de su mano.\" class=\"wp-image-1192\" srcset=\"https:\/\/cleanwaterservices.org\/wp-content\/uploads\/2022\/05\/seeds_kid_adult.jpg 5007w, https:\/\/cleanwaterservices.org\/wp-content\/uploads\/2022\/05\/seeds_kid_adult-300x200.jpg 300w, https:\/\/cleanwaterservices.org\/wp-content\/uploads\/2022\/05\/seeds_kid_adult-1024x683.jpg 1024w, https:\/\/cleanwaterservices.org\/wp-content\/uploads\/2022\/05\/seeds_kid_adult-768x512.jpg 768w, https:\/\/cleanwaterservices.org\/wp-content\/uploads\/2022\/05\/seeds_kid_adult-1536x1024.jpg 1536w, https:\/\/cleanwaterservices.org\/wp-content\/uploads\/2022\/05\/seeds_kid_adult-2048x1365.jpg 2048w\" sizes=\"auto, 384px\" \/><\/figure>\n\n\n\n<p class=\"wp-block-paragraph\">Elegir m\u00e9todos naturales para el cuidado del hogar y del jard\u00edn es f\u00e1cil, asequible, y mejor para nuestros arroyos, terrenos pantanosos y r\u00edos. \u00a1Cuestan menos y tambi\u00e9n requieren menos trabajo! A medida que el agua corre hacia abajo, recoge contaminantes como aceite, grasa, pesticidas, fertilizantes y desechos de mascotas. Estos pueden llegar a las corrientes de las lluvias y afectar la calidad del agua en el \u00e1rea. Explore los tratamientos naturales para el cuidado del hogar y del jard\u00edn para proteger los arroyos de nuestro vecindario.<\/p>\n\n\n\n<hr class=\"wp-block-separator has-alpha-channel-opacity\"\/>\n\n\n\n<h2 class=\"wp-block-heading\">Tratamiento para los Techos<\/h2>\n\n\n\n<h3 class=\"wp-block-heading\">Problema<\/h3>\n\n\n\n<p class=\"wp-block-paragraph\">Los productos qu\u00edmicos que matan el musgo y los l\u00edquenes de los techos suelen contener metales de cobre, zinc y sulfato de hierro que eventualmente se lavan en el agua.<\/p>\n\n\n\n<h3 class=\"wp-block-heading\">Soluci\u00f3n<\/h3>\n\n\n\n<p class=\"wp-block-paragraph\">Use alternativas al tratamiento qu\u00edmico para ayudar a proteger nuestra agua.<\/p>\n\n\n\n<ul class=\"is-style-bar wp-block-list\"><li><strong>Prevenci\u00f3n:<\/strong><ul><li>1. Mantenga los escombros y las hojas fuera de su techo. Todo eso retiene la humedad, que promueve el crecimiento y da\u00f1o causado por los hongos.<\/li><li>Los materiales no org\u00e1nicos para los techos resisten el crecimiento del musgo.<\/li><\/ul><\/li><li><strong>Si se necesitara el tratamiento:<\/strong><ol><li>Utilice productos que sean menos t\u00f3xicos y dise\u00f1ados para proteger el medio ambiente.<\/li><li>Use concentraciones m\u00ednimas como se recomienda en la etiqueta del producto.<\/li><li>Desconecte los desag\u00fces de las canaletas del techo cuando aplique tratamientos l\u00edquidos. El agua que escurra se filtrar\u00e1 a trav\u00e9s del suelo y se descompondr\u00e1, en lugar de ir al arroyo m\u00e1s cercano.<\/li><li>Trate los techos solo durante el clima seco para permitir que el tratamiento penetre en el techo.<\/li><li>Antes de contratar a un profesional de tratamiento de techos, pregunte qu\u00e9 usan y c\u00f3mo manejan el agua que escurre.<\/li><li>Despu\u00e9s del tratamiento, vigile el agua que escurre. Vuelva a conectar los desag\u00fces despu\u00e9s de al menos tres lluvias, o cuando ya no haya residuos qu\u00edmicos visibles o brillo.<\/li><\/ol><\/li><li><strong>Para obtener m\u00e1s informaci\u00f3n,<\/strong> descargue nuestra <a href=\"https:\/\/cleanwaterservices.org\/wp-content\/uploads\/2022\/05\/safe-roof-moss-control-fact-sheet.pdf\">hoja informativa sobre el control seguro del musgo en los tejados<\/a> (PDF).<\/li><\/ul>\n\n\n\n<hr class=\"wp-block-separator has-alpha-channel-opacity\"\/>\n\n\n\n<h2 class=\"wp-block-heading\">Lavado a Presi\u00f3n<\/h2>\n\n\n\n<h3 class=\"wp-block-heading\">Problema <\/h3>\n\n\n\n<p class=\"wp-block-paragraph\">Al lavar a presi\u00f3n su casa, terraza, acera, entrada de veh\u00edculos y los mismos autos, los contaminantes se pueden ir a los desag\u00fces pluviales y zanjas por donde escurre la lluvia.<\/p>\n\n\n\n<h3 class=\"wp-block-heading\">Soluci\u00f3n<\/h3>\n\n\n\n<p class=\"wp-block-paragraph\">Haga que sus actividades de limpieza sean m\u00e1s amigables con el agua que escurre siguiendo los siguientes consejos.<\/p>\n\n\n\n<ul class=\"wp-block-list\"><li><strong>Sugerencias Generales:<\/strong><ol><li>Barra las banquetas y las entradas de veh\u00edculos y coloque los desechos en la basura para mantener estos contaminantes y basura lejos de donde escurre la lluvia.<\/li><li>Si usted tiene que usar un limpiador para el lavado a presi\u00f3n, pruebe esta receta menos t\u00f3xica:<ul><li>2 tazas de detergente suave para ropa<\/li><li>1\/2 taza de vinagre<\/li><li>1\/4 taza de jugo de lim\u00f3n<\/li><\/ul><\/li><li>La presi\u00f3n del agua por s\u00ed sola con frecuencia elimina la suciedad y la mugre.<\/li><li>Antes de lavar a presi\u00f3n, trate de figurar c\u00f3mo evitar que los pedazos de pintura, la grasa y otros contaminantes lleguen a los drenajes pluviales, zanjas o v\u00edas por donde escurre la lluvia.<\/li><li>Recoja y deseche apropiadamente estos contaminantes, especialmente la pintura exterior que puede contener plomo, porque es venenoso para las plantas, los animales y los ni\u00f1os.<\/li><li>Utilice lavados autom\u00e1ticos de autos que reciclen el agua y desechen adecuadamente los detergentes.<\/li><li>Si usted <a href=\"https:\/\/cleanwaterservices.org\/es\/comunidad-y-casa\/recursos\/recursos-de-patio-y-vecindario\/soluciones-amigables-con-la-transmision\/lavarlo-bien\/\" data-type=\"page\" data-id=\"467\">lava su carro en casa<\/a>, estaci\u00f3nelo en el patio para permitir que los contaminantes se filtren a trav\u00e9s del subsuelo.<\/li><li>Si usted lava a presi\u00f3n, dirija el rociado hacia \u00e1reas con c\u00e9sped o plantas.<\/li><\/ol><\/li><\/ul>\n\n\n\n<hr class=\"wp-block-separator has-alpha-channel-opacity\"\/>\n\n\n\n<h2 class=\"wp-block-heading\" id=\"mulch\">Hacer Mantilla de Tierra<\/h2>\n\n\n\n<h3 class=\"wp-block-heading\">Problema<\/h3>\n\n\n\n<p class=\"wp-block-paragraph\">Cuando los escombros del jard\u00edn llegan a los arroyos y terrenos pantanosos, el exceso de material en descomposici\u00f3n puede reducir el ox\u00edgeno disuelto que necesita la vida acu\u00e1tica. Las hojas y los desechos del jard\u00edn tambi\u00e9n pueden obstruir el drenaje, y causar inundaciones.<\/p>\n\n\n\n<h3 class=\"wp-block-heading\">Soluci\u00f3n<\/h3>\n\n\n\n<p class=\"wp-block-paragraph\">Crear <a href=\"https:\/\/watershednavigator.org\/grow-healthy-soil-plants\/a-living-soil-sponge\" target=\"_blank\" rel=\"noreferrer noopener nofollow\">suelo viviente <\/a>a\u00f1adiendo material org\u00e1nico, como composta o abono, a su subsuelo y mantenerlo cubierto.<\/p>\n\n\n\n<hr class=\"wp-block-separator has-alpha-channel-opacity\"\/>\n\n\n\n<h2 class=\"wp-block-heading\">Cuidado de su Pasto y de su Jard\u00edn<\/h2>\n\n\n\n<h3 class=\"wp-block-heading\">Problema<\/h3>\n\n\n\n<p class=\"wp-block-paragraph\">Los herbicidas, pesticidas y fertilizantes qu\u00edmicos se filtran en nuestras v\u00edas por donde corre el agua y cambian la qu\u00edmica del agua. Agregan nutrientes que causan el crecimiento de algas y da\u00f1an la vida de los arroyos, desde plantas hasta insectos, anfibios, p\u00e1jaros, peces y mam\u00edferos. \u00a1A la gente tampoco le gusta el aspecto y el olor del agua contaminada!<\/p>\n\n\n\n<h3 class=\"wp-block-heading\">Soluci\u00f3n<\/h3>\n\n\n\n<p class=\"wp-block-paragraph\">Use recetas y m\u00e9todos no t\u00f3xicos para que ayuden a reducir el exceso de qu\u00edmicos y nutrientes en nuestros arroyos locales, terrenos pantanosos, y r\u00edos.<\/p>\n\n\n\n<ul class=\"wp-block-list\"><li><strong>Sugerencias Generales:<\/strong><ol><li><strong>1. Use <a href=\"https:\/\/cleanwaterservices.org\/es\/comunidad-y-casa\/recursos\/recursos-de-patio-y-vecindario\/plantas-autoctonas\/\" data-type=\"page\" data-id=\"447\">plantas nativas, \u00e1rboles, y arbustos<\/a> en su jard\u00edn y patio.<\/strong> e han adaptado al \u00e1rea y necesitan menos agua y mantenimiento. \u00a1Puede usar un <a href=\"https:\/\/watershednavigator.org\/grow-healthy-soil-plants\/plant-native-plants\" target=\"_blank\" rel=\"noreferrer noopener nofollow\">Buscador de Plantas Nativas<\/a>que le ayuden a encontrar las plantas adecuadas para usted! <\/li><li><strong>Saque las malas hierbas.<\/strong> Saque las malas hierbas cuando aparezcan por primera vez para evitar que se propaguen. Esto ahorra tiempo y energ\u00eda, y reduce el uso de productos qu\u00edmicos. Si necesita usar herbicidas, inf\u00f3rmese sobre c\u00f3mo los usamos con nuestra <a href=\"https:\/\/cleanwaterservices.org\/wp-content\/uploads\/2022\/05\/herbicides.pdf\" target=\"_blank\" rel=\"noreferrer noopener\">Hoja de Hechos Sobre Herbicidas<\/a> (PDF).<\/li><li><strong>Mira el pH del subsuelo.<\/strong> Use un paquete de prueba simple para verificar el pH de su subsuelo. El pH ideal reduce la necesidad de fertilizar, y ayuda a las plantas a absorber los nutrientes que necesitan.<\/li><li><strong>Riegue la cantidad justa. <\/strong>Riegue alrededor de una pulgada por semana para un pasto saludable. El riego excesivo de su c\u00e9sped fomenta el crecimiento de ra\u00edces poco profundas, promueve las malas hierbas, y elimina los nutrientes esenciales del suelo. El mejor momento para regar es temprano en la ma\u00f1ana.<\/li><li><strong>Deje de usar esa podadora de gasolina. <\/strong>Una cortadora de gasolina para su pasto puede contaminar tanto como un autom\u00f3vil. Las cortadoras modernas de pasto que se empujan son menos costosas para comprar, operar y mantener. Son mucho mejores para el medio ambiente, y proporcionan un buen ejercicio. O use plantas y pastos que necesiten menos corte.<\/li><\/ol><\/li><\/ul>\n\n\n\n\n\n\n","protected":false},"excerpt":{"rendered":"<p>Elegir m\u00e9todos naturales para el cuidado del hogar y del jard\u00edn es f\u00e1cil, asequible, y mejor para nuestros arroyos, terrenos pantanosos y r\u00edos. \u00a1Cuestan menos y tambi\u00e9n requieren menos trabajo! A medida que el agua corre hacia abajo, recoge contaminantes como aceite, grasa, pesticidas, fertilizantes y desechos de mascotas. Estos pueden llegar a las corrientes [&hellip;]<\/p>\n","protected":false},"author":220134337,"featured_media":0,"parent":4257,"menu_order":-1,"comment_status":"closed","ping_status":"closed","template":"","meta":{"_acf_changed":false,"_crdt_document":"","footnotes":""},"class_list":["post-4251","page","type-page","status-publish","hentry"],"acf":[],"_links":{"self":[{"href":"https:\/\/cleanwaterservices.org\/es\/wp-json\/wp\/v2\/pages\/4251","targetHints":{"allow":["GET"]}}],"collection":[{"href":"https:\/\/cleanwaterservices.org\/es\/wp-json\/wp\/v2\/pages"}],"about":[{"href":"https:\/\/cleanwaterservices.org\/es\/wp-json\/wp\/v2\/types\/page"}],"author":[{"embeddable":true,"href":"https:\/\/cleanwaterservices.org\/es\/wp-json\/wp\/v2\/users\/220134337"}],"replies":[{"embeddable":true,"href":"https:\/\/cleanwaterservices.org\/es\/wp-json\/wp\/v2\/comments?post=4251"}],"version-history":[{"count":5,"href":"https:\/\/cleanwaterservices.org\/es\/wp-json\/wp\/v2\/pages\/4251\/revisions"}],"predecessor-version":[{"id":8107,"href":"https:\/\/cleanwaterservices.org\/es\/wp-json\/wp\/v2\/pages\/4251\/revisions\/8107"}],"up":[{"embeddable":true,"href":"https:\/\/cleanwaterservices.org\/es\/wp-json\/wp\/v2\/pages\/4257"}],"wp:attachment":[{"href":"https:\/\/cleanwaterservices.org\/es\/wp-json\/wp\/v2\/media?parent=4251"}],"curies":[{"name":"wp","href":"https:\/\/api.w.org\/{rel}","templated":true}]}}