{"id":4249,"date":"2022-05-20T12:35:57","date_gmt":"2022-05-20T19:35:57","guid":{"rendered":"https:\/\/cleanwaterservices.org\/mantenlo-natural\/"},"modified":"2022-07-20T14:46:30","modified_gmt":"2022-07-20T21:46:30","slug":"mantenlo-natural","status":"publish","type":"page","link":"https:\/\/cleanwaterservices.org\/es\/comunidad-y-casa\/recursos\/recursos-de-patio-y-vecindario\/soluciones-amigables-con-la-transmision\/mantenlo-natural\/","title":{"rendered":"Mant\u00e9ngalo Natural"},"content":{"rendered":"\n<figure class=\"wp-block-image alignright is-style-circle\"><img loading=\"lazy\" decoding=\"async\" width=\"500\" height=\"333\" src=\"https:\/\/cleanwaterservices.org\/wp-content\/uploads\/2022\/06\/Native_01.jpg\" alt=\"Una planta nativa fotografiada de cerca con el sol brillando sobre una parte mientras el resto est&#xE1; en la sombra\" class=\"wp-image-5380\" srcset=\"https:\/\/cleanwaterservices.org\/wp-content\/uploads\/2022\/06\/Native_01.jpg 500w, https:\/\/cleanwaterservices.org\/wp-content\/uploads\/2022\/06\/Native_01-300x200.jpg 300w\" sizes=\"auto, 384px\" \/><\/figure>\n\n<p class=\"wp-block-paragraph\">Cuando llueve, lo que se va en el suelo, se va al r\u00edo. La lluvia, el riego excesivo, y el lavado a presi\u00f3n alrededor de su casa pueden llevar fertilizantes, herbicidas, pesticidas y otros contaminantes a los desag\u00fces pluviales y directamente a nuestros r\u00edos y arroyos.<\/p>\n\n<p class=\"wp-block-paragraph\">Hay muchas maneras de excavar y ayudar a mantener limpia nuestra agua desde su propio jard\u00edn:<\/p>\n\n<ul class=\"wp-block-list\"><li>Use menos productos qu\u00edmicos y deje los recortes de pasto en su jard\u00edn.<\/li><li>Utilice <a href=\"http:\/\/cleanwaterservices.org\/media\/1287\/stream-friendly-home-and-yard-care.pdf\">los cuidados del hogar y del jard\u00edn respetuosos con la naturaleza<\/a> (PDF).<\/li><li>Cultive sus plantas con <a href=\"https:\/\/www.cleanwatergrow.com\/\" target=\"_blank\" rel=\"noreferrer noopener nofollow\">un fertilizante apto para las corrientes<\/a>.<\/li><li><a href=\"https:\/\/oregonflora.org\/garden\/index.php\" rel=\"nofollow noopener\">Jard\u00edn con plantas nativas<\/a>.<\/li><li><a href=\"mailto:askus@cleanwaterservices.org\">Env\u00ede correo electr\u00f3nico<\/a> o llame al 503.681.3600 para solicitar un p\u00f3ster gratuito de <em>Jardiner\u00eda con Plantas Nativas<\/em> con 50 plantas nativas del noroeste con sus condiciones de crecimiento, una lista de viveros de plantas nativas, talleres educativos, ventas anuales de plantas nativas, y una gu\u00eda de referencias.<\/li><\/ul>\n","protected":false},"excerpt":{"rendered":"<p>Cuando llueve, lo que se va en el suelo, se va al r\u00edo. La lluvia, el riego excesivo, y el lavado a presi\u00f3n alrededor de su casa pueden llevar fertilizantes, herbicidas, pesticidas y otros contaminantes a los desag\u00fces pluviales y directamente a nuestros r\u00edos y arroyos. Hay muchas maneras de excavar y ayudar a mantener [&hellip;]<\/p>\n","protected":false},"author":220134337,"featured_media":0,"parent":4257,"menu_order":4,"comment_status":"closed","ping_status":"closed","template":"","meta":{"_acf_changed":false,"_crdt_document":"","footnotes":""},"class_list":["post-4249","page","type-page","status-publish","hentry"],"acf":[],"_links":{"self":[{"href":"https:\/\/cleanwaterservices.org\/es\/wp-json\/wp\/v2\/pages\/4249","targetHints":{"allow":["GET"]}}],"collection":[{"href":"https:\/\/cleanwaterservices.org\/es\/wp-json\/wp\/v2\/pages"}],"about":[{"href":"https:\/\/cleanwaterservices.org\/es\/wp-json\/wp\/v2\/types\/page"}],"author":[{"embeddable":true,"href":"https:\/\/cleanwaterservices.org\/es\/wp-json\/wp\/v2\/users\/220134337"}],"replies":[{"embeddable":true,"href":"https:\/\/cleanwaterservices.org\/es\/wp-json\/wp\/v2\/comments?post=4249"}],"version-history":[{"count":5,"href":"https:\/\/cleanwaterservices.org\/es\/wp-json\/wp\/v2\/pages\/4249\/revisions"}],"predecessor-version":[{"id":7396,"href":"https:\/\/cleanwaterservices.org\/es\/wp-json\/wp\/v2\/pages\/4249\/revisions\/7396"}],"up":[{"embeddable":true,"href":"https:\/\/cleanwaterservices.org\/es\/wp-json\/wp\/v2\/pages\/4257"}],"wp:attachment":[{"href":"https:\/\/cleanwaterservices.org\/es\/wp-json\/wp\/v2\/media?parent=4249"}],"curies":[{"name":"wp","href":"https:\/\/api.w.org\/{rel}","templated":true}]}}