{"id":4245,"date":"2022-05-20T12:36:31","date_gmt":"2022-05-20T19:36:31","guid":{"rendered":"https:\/\/cleanwaterservices.org\/lavarlo-bien\/"},"modified":"2023-02-16T14:58:38","modified_gmt":"2023-02-16T22:58:38","slug":"lavarlo-bien","status":"publish","type":"page","link":"https:\/\/cleanwaterservices.org\/es\/comunidad-y-casa\/recursos\/recursos-de-patio-y-vecindario\/soluciones-amigables-con-la-transmision\/lavarlo-bien\/","title":{"rendered":"L\u00e1velo Bien"},"content":{"rendered":"\n<figure class=\"wp-block-image alignright is-style-circle\"><img loading=\"lazy\" decoding=\"async\" width=\"5388\" height=\"3568\" src=\"https:\/\/cleanwaterservices.org\/wp-content\/uploads\/2022\/06\/soap_bucket.jpg\" alt=\"Unas manos enjabonadas sostienen una esponja y una manguera mientras llenan un cubo con agua jabonosa para preparar el lavado de un coche. El cubo est\u00e1 sobre la hierba con una peque\u00f1a botella de jab\u00f3n.\" class=\"wp-image-5388\" srcset=\"https:\/\/cleanwaterservices.org\/wp-content\/uploads\/2022\/06\/soap_bucket.jpg 5388w, https:\/\/cleanwaterservices.org\/wp-content\/uploads\/2022\/06\/soap_bucket-300x199.jpg 300w, https:\/\/cleanwaterservices.org\/wp-content\/uploads\/2022\/06\/soap_bucket-1024x678.jpg 1024w, https:\/\/cleanwaterservices.org\/wp-content\/uploads\/2022\/06\/soap_bucket-768x509.jpg 768w, https:\/\/cleanwaterservices.org\/wp-content\/uploads\/2022\/06\/soap_bucket-1536x1017.jpg 1536w, https:\/\/cleanwaterservices.org\/wp-content\/uploads\/2022\/06\/soap_bucket-2048x1356.jpg 2048w\" sizes=\"auto, 384px\" \/><\/figure>\n\n\n\n<p class=\"wp-block-paragraph\">El agua que escurre de su veh\u00edculo durante un lavado puede transportar contaminantes como aceite, anticongelante y \u00f3xido \u2060\u2014 sin mencionar el jab\u00f3n, a las v\u00edas fluviales locales. Ayude a mantener nuestra agua limpia cuando sea el momento de lavar su autom\u00f3vil, cami\u00f3n o camioneta.<\/p>\n\n\n\n<ul class=\"wp-block-list\">\n<li>Lleve su veh\u00edculo a un lavado de autos que recicle el agua usada.<\/li>\n\n\n\n<li>Si limpia su veh\u00edculo en casa, l\u00e1velo en el c\u00e9sped con jab\u00f3n biodegradable sin amon\u00edaco. Tambi\u00e9n puede enrollar toallas viejas y desviar el agua usada del camino de entrada a su pasto.<\/li>\n\n\n\n<li>Considere usar cubetas de agua en lugar de dejar la manguera abierta y ahorre as\u00ed hasta 150 galones de agua.<\/li>\n<\/ul>\n\n\n\n<p class=\"wp-block-paragraph\">Para obtener m\u00e1s informaci\u00f3n, descargue nuestra <a href=\"https:\/\/cleanwaterservices.org\/wp-content\/uploads\/2023\/02\/Community-Car-Wash-ADA.pdf\" target=\"_blank\" rel=\"noreferrer noopener\">hoja informativa sobre lavado comunitario de autos<\/a>.<\/p>\n\n\n","protected":false},"excerpt":{"rendered":"<p>El agua que escurre de su veh\u00edculo durante un lavado puede transportar contaminantes como aceite, anticongelante y \u00f3xido \u2060\u2014 sin mencionar el jab\u00f3n, a las v\u00edas fluviales locales. Ayude a mantener nuestra agua limpia cuando sea el momento de lavar su autom\u00f3vil, cami\u00f3n o camioneta. Para obtener m\u00e1s informaci\u00f3n, descargue nuestra hoja informativa sobre lavado [&hellip;]<\/p>\n","protected":false},"author":220134337,"featured_media":0,"parent":4257,"menu_order":5,"comment_status":"closed","ping_status":"closed","template":"","meta":{"_acf_changed":false,"_crdt_document":"","footnotes":""},"class_list":["post-4245","page","type-page","status-publish","hentry"],"acf":[],"_links":{"self":[{"href":"https:\/\/cleanwaterservices.org\/es\/wp-json\/wp\/v2\/pages\/4245","targetHints":{"allow":["GET"]}}],"collection":[{"href":"https:\/\/cleanwaterservices.org\/es\/wp-json\/wp\/v2\/pages"}],"about":[{"href":"https:\/\/cleanwaterservices.org\/es\/wp-json\/wp\/v2\/types\/page"}],"author":[{"embeddable":true,"href":"https:\/\/cleanwaterservices.org\/es\/wp-json\/wp\/v2\/users\/220134337"}],"replies":[{"embeddable":true,"href":"https:\/\/cleanwaterservices.org\/es\/wp-json\/wp\/v2\/comments?post=4245"}],"version-history":[{"count":5,"href":"https:\/\/cleanwaterservices.org\/es\/wp-json\/wp\/v2\/pages\/4245\/revisions"}],"predecessor-version":[{"id":8570,"href":"https:\/\/cleanwaterservices.org\/es\/wp-json\/wp\/v2\/pages\/4245\/revisions\/8570"}],"up":[{"embeddable":true,"href":"https:\/\/cleanwaterservices.org\/es\/wp-json\/wp\/v2\/pages\/4257"}],"wp:attachment":[{"href":"https:\/\/cleanwaterservices.org\/es\/wp-json\/wp\/v2\/media?parent=4245"}],"curies":[{"name":"wp","href":"https:\/\/api.w.org\/{rel}","templated":true}]}}