{"id":4240,"date":"2022-05-20T12:37:42","date_gmt":"2022-05-20T19:37:42","guid":{"rendered":"https:\/\/cleanwaterservices.org\/prevencion-de-inundaciones\/"},"modified":"2023-09-25T09:34:43","modified_gmt":"2023-09-25T16:34:43","slug":"prevencion-de-inundaciones","status":"publish","type":"page","link":"https:\/\/cleanwaterservices.org\/es\/comunidad-y-casa\/recursos\/recursos-de-patio-y-vecindario\/prevencion-de-inundaciones\/","title":{"rendered":"Prevenci\u00f3n de Inundaciones"},"content":{"rendered":"\n<figure class=\"wp-block-image alignright size-large is-style-circle\"><img loading=\"lazy\" decoding=\"async\" width=\"1024\" height=\"683\" src=\"https:\/\/cleanwaterservices.org\/wp-content\/uploads\/2022\/10\/RaketheGrate05-1024x683.jpg\" alt=\"Una persona rastrilla las hojas ca\u00eddas para alejarlas de un desag\u00fce pluvial.\" class=\"wp-image-8079\" srcset=\"https:\/\/cleanwaterservices.org\/wp-content\/uploads\/2022\/10\/RaketheGrate05-1024x683.jpg 1024w, https:\/\/cleanwaterservices.org\/wp-content\/uploads\/2022\/10\/RaketheGrate05-300x200.jpg 300w, https:\/\/cleanwaterservices.org\/wp-content\/uploads\/2022\/10\/RaketheGrate05-768x512.jpg 768w, https:\/\/cleanwaterservices.org\/wp-content\/uploads\/2022\/10\/RaketheGrate05-1536x1024.jpg 1536w, https:\/\/cleanwaterservices.org\/wp-content\/uploads\/2022\/10\/RaketheGrate05-2048x1366.jpg 2048w\" sizes=\"auto, 384px\" \/><figcaption class=\"wp-element-caption\">Una persona rastrilla las hojas ca\u00eddas para alejarlas de un desag\u00fce pluvial.<\/figcaption><\/figure>\n\n\n\n<p class=\"wp-block-paragraph\">Antes de que lleguen las fuertes lluvias, prepare su casa y ayude a prevenir inundaciones en el vecindario siguiendo estos consejos:<\/p>\n\n\n\n<ul class=\"wp-block-list\">\n<li>Remueva las hojas y escombros del jard\u00edn que se acumulen en las calles y desag\u00fces pluviales.<\/li>\n\n\n\n<li>Limpiar los canales y desag\u00fces de su techo.<\/li>\n\n\n\n<li>Mantenga los escombros del jard\u00edn y los montones de hojas lejos de las zanjas del drenaje y de los arroyos para que el agua que se acumule no lleve el material r\u00edo abajo y bloquee alguna alcantarilla.<\/li>\n\n\n\n<li>Lleve las hojas, los recortes del pasto y las agujas de pino a tirar gratuitamente al lugar de <a href=\"https:\/\/cleanwaterservices.org\/es\/comunidad-y-casa\/recursos\/como-desechar\/eliminacion-de-hojas\/\" data-type=\"page\" data-id=\"481\">Desecho de Hojas en el oto\u00f1o<\/a>.<\/li>\n\n\n\n<li>Si usted vive en un \u00e1rea propensa a inundaciones en las calles debido a los altos niveles de las corrientes, evite da\u00f1os a los veh\u00edculos estacion\u00e1ndolos en un terreno m\u00e1s alto.<\/li>\n<\/ul>\n\n\n\n\n\n<p class=\"wp-block-paragraph\">Durante las fuertes lluvias, los equipos de Clean Water Services est\u00e1n disponibles las 24 horas del d\u00eda llamando al 503.547.8100 para responder a los problemas de inundaciones que amenacen la salud p\u00fablica, la seguridad, o la propiedad. Si se produce una inundaci\u00f3n de agua peligrosa:<\/p>\n\n\n\n<ul class=\"wp-block-list\">\n<li>Visite alguna <a href=\"https:\/\/www.co.washington.or.us\/LUT\/Divisions\/Operations\/InclementWeather\/sandbag-sites.cfm\" target=\"_blank\" rel=\"noreferrer noopener nofollow\">estaci\u00f3n de auto servicio de arena<\/a> que est\u00e1n situadas al rededor de todo el condado de Washington. Llame con anticipaci\u00f3n para confirmar el horario de atenci\u00f3n y la disponibilidad tanto de arena como de bolsas. La arena es SOLO PARA PREVENCI\u00d3N DE INUNDACIONES. Recuerde traer su propia pala.<\/li>\n\n\n\n<li>Si el agua tiene m\u00e1s de varias pulgadas de profundidad, nunca se pare en un desag\u00fce pluvial, ni trate de removerlo. Ll\u00e1menos al 503.547.8100.<\/li>\n<\/ul>\n\n\n\n<p class=\"wp-block-paragraph\">Obtenga m\u00e1s informaci\u00f3n sobre el riesgo de las inundaciones, la preparaci\u00f3n para emergencias, y los seguros en nuestra p\u00e1gina <a href=\"https:\/\/cleanwaterservices.org\/es\/comunidad-y-casa\/servicios-de-alcantarillado-y-aguas-pluviales\/gestion-de-aguas-pluviales\/datos-de-inundaciones\/\" data-type=\"page\" data-id=\"209\">Hechos Sobre las Inundaciones<\/a>. <\/p>\n","protected":false},"excerpt":{"rendered":"<p>Antes de que lleguen las fuertes lluvias, prepare su casa y ayude a prevenir inundaciones en el vecindario siguiendo estos consejos: Durante las fuertes lluvias, los equipos de Clean Water Services est\u00e1n disponibles las 24 horas del d\u00eda llamando al 503.547.8100 para responder a los problemas de inundaciones que amenacen la salud p\u00fablica, la seguridad, [&hellip;]<\/p>\n","protected":false},"author":220134337,"featured_media":8080,"parent":4250,"menu_order":5,"comment_status":"closed","ping_status":"closed","template":"","meta":{"_acf_changed":false,"_crdt_document":"","footnotes":""},"class_list":["post-4240","page","type-page","status-publish","has-post-thumbnail","hentry"],"acf":[],"_links":{"self":[{"href":"https:\/\/cleanwaterservices.org\/es\/wp-json\/wp\/v2\/pages\/4240","targetHints":{"allow":["GET"]}}],"collection":[{"href":"https:\/\/cleanwaterservices.org\/es\/wp-json\/wp\/v2\/pages"}],"about":[{"href":"https:\/\/cleanwaterservices.org\/es\/wp-json\/wp\/v2\/types\/page"}],"author":[{"embeddable":true,"href":"https:\/\/cleanwaterservices.org\/es\/wp-json\/wp\/v2\/users\/220134337"}],"replies":[{"embeddable":true,"href":"https:\/\/cleanwaterservices.org\/es\/wp-json\/wp\/v2\/comments?post=4240"}],"version-history":[{"count":5,"href":"https:\/\/cleanwaterservices.org\/es\/wp-json\/wp\/v2\/pages\/4240\/revisions"}],"predecessor-version":[{"id":9279,"href":"https:\/\/cleanwaterservices.org\/es\/wp-json\/wp\/v2\/pages\/4240\/revisions\/9279"}],"up":[{"embeddable":true,"href":"https:\/\/cleanwaterservices.org\/es\/wp-json\/wp\/v2\/pages\/4250"}],"wp:featuredmedia":[{"embeddable":true,"href":"https:\/\/cleanwaterservices.org\/es\/wp-json\/wp\/v2\/media\/8080"}],"wp:attachment":[{"href":"https:\/\/cleanwaterservices.org\/es\/wp-json\/wp\/v2\/media?parent=4240"}],"curies":[{"name":"wp","href":"https:\/\/api.w.org\/{rel}","templated":true}]}}