{"id":4237,"date":"2022-05-20T12:38:59","date_gmt":"2022-05-20T19:38:59","guid":{"rendered":"https:\/\/cleanwaterservices.org\/recursos-del-vecindario-y-hoa\/"},"modified":"2025-08-26T09:02:30","modified_gmt":"2025-08-26T16:02:30","slug":"recursos-del-vecindario-y-hoa","status":"publish","type":"page","link":"https:\/\/cleanwaterservices.org\/es\/comunidad-y-casa\/recursos\/recursos-de-patio-y-vecindario\/recursos-del-vecindario-y-hoa\/","title":{"rendered":"Recursos del Vecindario y de HOA"},"content":{"rendered":"\n<p class=\"wp-block-paragraph\">Decidir la mejor manera de cuidar la tierra a lo largo de los arroyos y los terrenos pantanosos puede ser un desaf\u00edo, pero los grupos de propietarios y vecinos que trabajan unidos pueden tener un impacto positivo en nuestra cuenca. <\/p>\n\n\n\n\n\n<figure class=\"wp-block-image alignright is-style-circle\"><img loading=\"lazy\" decoding=\"async\" width=\"1920\" height=\"1280\" src=\"https:\/\/cleanwaterservices.org\/wp-content\/uploads\/2022\/05\/2016-aerial-Tigard-homes-308.jpg\" alt=\"Una vista a\u00e9rea de las casas de Tigard con el Monte Hood al fondo. Las casas est\u00e1n alineadas y tienen zonas naturales curadas a su alrededor.\" class=\"wp-image-1239\" srcset=\"https:\/\/cleanwaterservices.org\/wp-content\/uploads\/2022\/05\/2016-aerial-Tigard-homes-308.jpg 1920w, https:\/\/cleanwaterservices.org\/wp-content\/uploads\/2022\/05\/2016-aerial-Tigard-homes-308-300x200.jpg 300w, https:\/\/cleanwaterservices.org\/wp-content\/uploads\/2022\/05\/2016-aerial-Tigard-homes-308-1024x683.jpg 1024w, https:\/\/cleanwaterservices.org\/wp-content\/uploads\/2022\/05\/2016-aerial-Tigard-homes-308-768x512.jpg 768w, https:\/\/cleanwaterservices.org\/wp-content\/uploads\/2022\/05\/2016-aerial-Tigard-homes-308-1536x1024.jpg 1536w\" sizes=\"auto, 384px\" \/><\/figure>\n\n\n\n<p class=\"wp-block-paragraph\">Cada vecindario y Asociaci\u00f3n de Propietarios (HOA, siglas en ingl\u00e9s) es diferente y representa una oportunidad \u00fanica para involucrar a grupos de personas para ayudar a proteger nuestras v\u00edas fluviales. Explore las preguntas frecuentes (FAQs, siglas en ingl\u00e9s) a continuaci\u00f3n y comparta esta <a href=\"https:\/\/cleanwaterservices.org\/wp-content\/uploads\/2022\/05\/hoa-fact-sheet.pdf\" target=\"_blank\" data-type=\"URL\" data-id=\"https:\/\/cleanwaterservices.org\/wp-content\/uploads\/2022\/05\/hoa-fact-sheet.pdf\" rel=\"noreferrer noopener\">Hoja de Preguntas Frecuentes<\/a>\u202f(PDF) con su grupo de propietarios. Si no encuentra lo que busca, p\u00f3ngase por favor en <a href=\"https:\/\/cleanwaterservices.org\/es\/acerca-de\/contactenos-enlace\/\" data-type=\"URL\" data-id=\"https:\/\/cleanwaterservices.org\/about\/contact-us\/\">contacto con nosotros<\/a>.\u202f<\/p>\n\n\n\n<h2 class=\"wp-block-heading\">Preguntas Hechas con Frecuencia (FAQs)<\/h2>\n\n\n\n<h3 class=\"wp-block-heading\">\u00bfC\u00f3mo saben las HOA cu\u00e1les son las \u00e1reas responsables de mantener?<\/h3>\n\n\n\n<p class=\"wp-block-paragraph\">Los terrenos que son propiedad de una HOA se muestran en el mapa del plano de subdivisi\u00f3n presentado ante el Condado, que tambi\u00e9n describe las responsabilidades de mantenimiento que tiene cada HOA. Los documentos de gobierno de la HOA deben incluir el mapa del plano. Para obtener una copia de un mapa del plano, por favor comun\u00edquese con la oficina del top\u00f3grafo o agrimensor del condado de Washington al 503.846.8723.<\/p>\n\n\n\n<h3 class=\"wp-block-heading\">\u00bfSon los vecindarios y las HOA responsables del mantenimiento de los terrenos pantanosos y de los arroyos?<\/h3>\n\n\n\n<p class=\"wp-block-paragraph\">S\u00ed, muchas HOA poseen arroyos y terrenos pantanosos que se deben mantener como se describe en el plano registrado. Es importante mantener los terrenos pantanosos y arroyos con plantas nativas saludables para eliminar la contaminaci\u00f3n de las corrientes de agua y proteger la calidad del agua de nuestra comunidad. Se incluye una lista de contratistas de jardiner\u00eda con experiencia en este tipo de trabajo. Lea la Gu\u00eda del Cuidado de los Arroyos o en ingl\u00e9s\u202f<a href=\"http:\/\/cleanwaterservices.org\/media\/1283\/streamside-care-guide.pdf\" target=\"_blank\" rel=\"noreferrer noopener\">Streamside Care Guide<\/a>\u202f(PDF) para obtener m\u00e1s informaci\u00f3n sobre lo que usted puede hacer para mejorar y proteger las \u00e1reas de arroyos y humedales.<\/p>\n\n\n\n<h3 class=\"wp-block-heading\">\u00bfC\u00f3mo pueden los vecindarios y las HOA controlar las hierbas invasoras como la zarzamora y la hiedra?<\/h3>\n\n\n\n<p class=\"wp-block-paragraph\">El control m\u00e1s efectivo es la remoci\u00f3n continua de la zarzamora del Himalaya, la hiedra inglesa y otras especies de plantas invasoras, y la replantaci\u00f3n con plantas nativas. Aprenda m\u00e1s:<\/p>\n\n\n\n<ul class=\"wp-block-list\">\n<li><a href=\"https:\/\/tualatinswcd.org\/priorities\/invasive-species-management\/\" target=\"_blank\" rel=\"noreferrer noopener nofollow\">Plantas invasoras y no invasoras<\/a><\/li>\n\n\n\n<li><a href=\"https:\/\/oregonflora.org\/garden\/index.php\" target=\"_blank\" rel=\"noreferrer noopener nofollow\">Forma de encontrar plantas nativas<\/a><\/li>\n<\/ul>\n\n\n\n<h3 class=\"wp-block-heading\">\u00bfPueden los vecindarios y las HOA eliminar los \u00e1rboles a lo largo de los arroyos o de otras \u00e1reas?<\/h3>\n\n\n\n<p class=\"wp-block-paragraph\">Con la aprobaci\u00f3n de los Servicios de Agua Limpia, las HOA pueden remover \u00e1rboles de las extensiones cerca de los terrenos pantanosos y de los arroyos. Para obtener informaci\u00f3n, comun\u00edquese con nuestro escritorio de permisos llamando al 503.681.5100.<\/p>\n\n\n\n<h3 class=\"wp-block-heading\">\u00bfQu\u00e9 asistencia puede obtener un grupo de propietarios de viviendas de Clean Water Services?<\/h3>\n\n\n\n<p class=\"wp-block-paragraph\">En algunos casos, los trabajadores de Clean Water Services o nuestros socios&nbsp;<a href=\"https:\/\/tualatinswcd.org\/\" data-type=\"URL\" data-id=\"https:\/\/tualatinswcd.org\/\" target=\"_blank\" rel=\"noreferrer noopener nofollow\">Tualatin Soil and Water Conservation District<\/a>&nbsp;pueden ofrecer asistencia t\u00e9cnica y plantas nativas para ayudar a las HOA a mantener arroyos y terrenos pantanosos saludables. Ll\u00e1menos al 503.681.3600 para m\u00e1s informaci\u00f3n.<\/p>\n\n\n\n<p class=\"wp-block-paragraph\">Si usted est\u00e1 construyendo mejoras de infraestructura de drenaje para alg\u00fan grupo de propiedades, usted tambi\u00e9n puede solicitar <a href=\"https:\/\/cleanwaterservices.org\/wp-content\/uploads\/2022\/05\/stormwater-lid.pdf\" target=\"_blank\" data-type=\"URL\" data-id=\"https:\/\/cleanwaterservices.org\/wp-content\/uploads\/2022\/05\/stormwater-lid.pdf\" rel=\"noreferrer noopener\">un distrito de mejoramiento local de aguas pluviales<\/a>\u202f(PDF) para recibir la ayuda de CWS.<\/p>\n\n\n\n<h3 class=\"wp-block-heading\">\u00bfQui\u00e9n mantiene las instalaciones de calidad del agua?<\/h3>\n\n\n\n<p class=\"wp-block-paragraph\">Algunas instalaciones de calidad del agua son p\u00fablicas y otras son privadas. Si usted no est\u00e1 seguro de si una instalaci\u00f3n de calidad del agua es p\u00fablica o privada, llame a nuestra l\u00ednea principal, 503.681.3600. Hay algunas instalaciones privadas cuyo mantenimiento puede ser responsabilidad de los propietarios. Obtenga m\u00e1s informaci\u00f3n sobre el <a href=\"https:\/\/cleanwaterservices.org\/es\/industria-de-negocios\/programa-de-instalaciones-privadas-de-calidad-del-agua\/\" data-type=\"URL\" data-id=\"https:\/\/cleanwaterservices.org\/es\/industria-de-negocios\/programa-de-instalaciones-privadas-de-calidad-del-agua\/\">Programa Privado de la Administraci\u00f3n de Instalaciones de Calidad del Agua<\/a>. Las instalaciones que se consideran \u00abp\u00fablicas\u00bb son mantenidas por Clean Water Services o por las ciudades asociadas. Si hay mucha vegetaci\u00f3n en alguna instalaci\u00f3n de calidad del agua, los Servicios de Agua Limpia pueden remover parte de la vegetaci\u00f3n. Llame a Operaciones de Campo para reprotar este problema al 503.547.8100.&nbsp;<\/p>\n\n\n\n<h3 class=\"wp-block-heading\">Me di cuenta de que hay un derecho a tener acceso para Clean Water Services sobre el tramo que mantiene la HOA. \u00bfQu\u00e9 significa este derecho a tener acceso?<\/h3>\n\n\n\n<p class=\"wp-block-paragraph\">El derecho a tener acceso restringe el desarrollo pero permite que el due\u00f1o de la propiedad (a menudo la HOA) mantenga especies invasoras y mejore la vegetaci\u00f3n nativa en el \u00e1rea. Los Servicios de Agua Limpia pueden tener un derecho de acceso sobre terrenos pantanosos, arroyos y corredores con vegetaci\u00f3n adyacentes para el drenaje de las aguas pluviales y superficiales, y para preservar la calidad del agua.<\/p>\n\n\n\n<hr class=\"wp-block-separator has-alpha-channel-opacity\"\/>\n\n\n\n<h2 class=\"wp-block-heading\">Glosario<\/h2>\n\n\n\n<h3 class=\"wp-block-heading\">Derecho de Acceso<\/h3>\n\n\n\n<p class=\"wp-block-paragraph\">El derecho a tener acceso es un inter\u00e9s en un terreno que permite al propietario del inter\u00e9s, el concesionario, a usar o disfrutar el terreno de otro, el otorgante. No otorga el derecho a poseer la tierra, pero le da al concesionario la capacidad de usar todo o una parte de la tierra como se especifica en el derecho al acceso.<\/p>\n\n\n\n<h3 class=\"wp-block-heading\">Plano<\/h3>\n\n\n\n<p class=\"wp-block-paragraph\">Un plano topogr\u00e1fico de un pueblo, secci\u00f3n o subdivisi\u00f3n que indica las ubicaciones exactas y los l\u00edmites de propiedades individuales, calles, servidumbres y \u00e1reas p\u00fablicas de recreaci\u00f3n. Los planos generalmente se requieren para la aprobaci\u00f3n del gobierno de las subdivisiones y generalmente son documentos registrados p\u00fablicamente.<\/p>\n\n\n\n<h3 class=\"wp-block-heading\">Tracto<\/h3>\n\n\n\n<p class=\"wp-block-paragraph\">Uno o m\u00e1s lotes o parcelas contiguos de la misma propiedad.<\/p>\n\n\n\n<p class=\"wp-block-paragraph\"><\/p>\n","protected":false},"excerpt":{"rendered":"<p>Decidir la mejor manera de cuidar la tierra a lo largo de los arroyos y los terrenos pantanosos puede ser un desaf\u00edo, pero los grupos de propietarios y vecinos que trabajan unidos pueden tener un impacto positivo en nuestra cuenca. Cada vecindario y Asociaci\u00f3n de Propietarios (HOA, siglas en ingl\u00e9s) es diferente y representa una [&hellip;]<\/p>\n","protected":false},"author":220134337,"featured_media":0,"parent":4250,"menu_order":6,"comment_status":"closed","ping_status":"closed","template":"","meta":{"_acf_changed":false,"_crdt_document":"","footnotes":""},"class_list":["post-4237","page","type-page","status-publish","hentry"],"acf":[],"_links":{"self":[{"href":"https:\/\/cleanwaterservices.org\/es\/wp-json\/wp\/v2\/pages\/4237","targetHints":{"allow":["GET"]}}],"collection":[{"href":"https:\/\/cleanwaterservices.org\/es\/wp-json\/wp\/v2\/pages"}],"about":[{"href":"https:\/\/cleanwaterservices.org\/es\/wp-json\/wp\/v2\/types\/page"}],"author":[{"embeddable":true,"href":"https:\/\/cleanwaterservices.org\/es\/wp-json\/wp\/v2\/users\/220134337"}],"replies":[{"embeddable":true,"href":"https:\/\/cleanwaterservices.org\/es\/wp-json\/wp\/v2\/comments?post=4237"}],"version-history":[{"count":5,"href":"https:\/\/cleanwaterservices.org\/es\/wp-json\/wp\/v2\/pages\/4237\/revisions"}],"predecessor-version":[{"id":12891,"href":"https:\/\/cleanwaterservices.org\/es\/wp-json\/wp\/v2\/pages\/4237\/revisions\/12891"}],"up":[{"embeddable":true,"href":"https:\/\/cleanwaterservices.org\/es\/wp-json\/wp\/v2\/pages\/4250"}],"wp:attachment":[{"href":"https:\/\/cleanwaterservices.org\/es\/wp-json\/wp\/v2\/media?parent=4237"}],"curies":[{"name":"wp","href":"https:\/\/api.w.org\/{rel}","templated":true}]}}