{"id":4235,"date":"2022-05-20T10:01:27","date_gmt":"2022-05-20T17:01:27","guid":{"rendered":"https:\/\/cleanwaterservices.org\/plantas-autoctonas\/"},"modified":"2026-03-02T16:11:37","modified_gmt":"2026-03-03T00:11:37","slug":"plantas-autoctonas","status":"publish","type":"page","link":"https:\/\/cleanwaterservices.org\/es\/comunidad-y-casa\/recursos\/recursos-de-patio-y-vecindario\/plantas-autoctonas\/","title":{"rendered":"Plantas Nativas"},"content":{"rendered":"\n<p class=\"wp-block-paragraph\">Usted puede crear un paisaje natural en su jard\u00edn que necesite menos riego y menos productos qu\u00edmicos y que sea resistente a las plagas y enfermedades. <a href=\"https:\/\/oregonflora.org\/garden\/index.php\" rel=\"nofollow noopener\">Las plantas nativas<\/a> tambi\u00e9n atraen p\u00e1jaros, mariposas y vida silvestre beneficiosa para su jard\u00edn al mismo tiempo que reducen la erosi\u00f3n y protegen la calidad del agua. Descubra un <a href=\"https:\/\/backyardhabitats.org\/resource-library\/\" target=\"_blank\" rel=\"noreferrer noopener nofollow\">vivero de plantas nativas<\/a> cerca de usted.&nbsp;<\/p>\n\n\n\n<figure class=\"wp-block-image alignright size-large is-style-circle\"><img loading=\"lazy\" decoding=\"async\" width=\"1024\" height=\"683\" src=\"https:\/\/cleanwaterservices.org\/wp-content\/uploads\/2022\/05\/DSC_2032-1024x683.jpg\" alt=\"Un empleado de los Servicios de Agua Limpia sostiene un portapapeles mientras habla con los miembros de la comunidad en una donaci\u00f3n de plantas nativas ubicada en la Granja del R\u00edo Tualatin. Los miembros de la comunidad sostienen plantas aut\u00f3ctonas mientras recorren la selecci\u00f3n de m\u00e1s plantas aut\u00f3ctonas.\" class=\"wp-image-1069\" srcset=\"https:\/\/cleanwaterservices.org\/wp-content\/uploads\/2022\/05\/DSC_2032-1024x683.jpg 1024w, https:\/\/cleanwaterservices.org\/wp-content\/uploads\/2022\/05\/DSC_2032-300x200.jpg 300w, https:\/\/cleanwaterservices.org\/wp-content\/uploads\/2022\/05\/DSC_2032-768x512.jpg 768w, https:\/\/cleanwaterservices.org\/wp-content\/uploads\/2022\/05\/DSC_2032-1536x1024.jpg 1536w, https:\/\/cleanwaterservices.org\/wp-content\/uploads\/2022\/05\/DSC_2032-2048x1365.jpg 2048w\" sizes=\"auto, 384px\" \/><\/figure>\n\n\n\n<h2 class=\"wp-block-heading\">Haga Planes para Plantar<\/h2>\n\n\n\n<ul class=\"wp-block-list\">\n<li>Eliminar las <a href=\"https:\/\/tualatinswcd.org\/priorities\/invasive-species-management\/weed-pest-directory\/\" target=\"_blank\" data-type=\"URL\" data-id=\"https:\/\/tualatinswcd.org\/priorities\/invasive-species-management\/weed-pest-directory\/\" rel=\"noreferrer noopener nofollow\">plantas invasoras no aut\u00f3ctonas<\/a><\/li>\n\n\n\n<li>Use el <a href=\"https:\/\/oregonflora.org\/garden\/index.php\" target=\"_blank\" rel=\"noreferrer noopener nofollow\">Buscador de Plantas Nativas<\/a> para escoger para escoger sus plantas apropiadas.<\/li>\n\n\n\n<li>\u2022 Plante con estos est\u00e1ndares de densidad para establecer una comunidad vegetal saludable:\n<ul class=\"wp-block-list\">\n<li>pies cuadrados x 0.01 = n\u00famero de \u00e1rboles<\/li>\n\n\n\n<li>pies cuadrados x 0.05 = n\u00famero de arbustos<\/li>\n<\/ul>\n<\/li>\n<\/ul>\n\n\n\n<p class=\"wp-block-paragraph\">Consulte la <a href=\"https:\/\/cleanwaterservices.org\/wp-content\/uploads\/2022\/05\/streamside-care-guide.pdf\" target=\"_blank\" rel=\"noreferrer noopener\">Gu\u00eda para el cuidado de los arroyos<\/a> (PDF) para saber c\u00f3mo puede mejorar su propiedad y proteger los arroyos locales. \u00bfQuiere usted agregar una instalaci\u00f3n privada de calidad del agua a su jard\u00edn? <a href=\"https:\/\/cleanwaterservices.org\/es\/industria-de-negocios\/programa-de-instalaciones-privadas-de-calidad-del-agua\/\" data-type=\"page\" data-id=\"537\">Explore estos recursos<\/a> para comenzar su proyecto.<\/p>\n\n\n\n<div class=\"block-cws-image \">\n\t<div class=\"cws-image__img \">\n\t\t<img loading=\"lazy\" decoding=\"async\" width=\"300\" height=\"248\" src=\"https:\/\/cleanwaterservices.org\/wp-content\/uploads\/2022\/05\/WASHCO-Map-300x248.png\" srcset=\"https:\/\/cleanwaterservices.org\/wp-content\/uploads\/2022\/05\/WASHCO-Map-300x248.png 300w, https:\/\/cleanwaterservices.org\/wp-content\/uploads\/2022\/05\/WASHCO-Map-768x636.png 768w, https:\/\/cleanwaterservices.org\/wp-content\/uploads\/2022\/05\/WASHCO-Map.png 830w\" sizes=\"auto, (max-width: 820px) 93vw, 515px\" class=\"wp-image-1075\" alt=\"Animated Map of Washington County showing the Clean water Services service district within the Tualatin River Basin. Areas such as Forest Grove, Hillsboro, Beaverton, and Sherwood are labeled throughout with a highlight on the Tualatin river and its main tributaries.\">\t<\/div>\n\t\t<div class=\"cws-image__caption\">\n\t\t<h3 class=\"title\">Plantas nativas para tu jard\u00edn <\/h3>\t\t<div class=\"text\"><p>Clean Water Services est\u00e1 trabajando intencionalmente para compartir recursos de plantas en toda la cuenca. Estaremos regalando plantas nativas en la primavera de 2026 en el lado oeste de nuestra \u00e1rea de servicio.<\/p>\n<ul>\n<li><a href=\"https:\/\/mandmmarketplace.com\/\" rel=\"nofollow noopener\">M&amp;M Marketplace<\/a> \u2013 21 de marzo, 1 \u2013 5 p.m.<\/li>\n<li><a href=\"https:\/\/wccls.bibliocommons.com\/events\/698653924a9fd98b7f7c80d2\" rel=\"nofollow noopener\">Banks Public Library<\/a> \u2013 9 de mayo, 11 a.m. \u2013 3 p.m.<\/li>\n<\/ul>\n<p>Estos eventos son gratuitos y est\u00e1n abiertos al p\u00fablico.<\/p>\n<p>Por favor, siga nuestras redes sociales y suscr\u00edbase a nuestro <span data-teams=\"true\"> <a href=\"https:\/\/lp.constantcontactpages.com\/sl\/3HqvXWE\" rel=\"nofollow noopener\">bolet\u00edn electr\u00f3nico<\/a> <\/span> para obtener informaci\u00f3n sobre los eventos de plantas en oto\u00f1o y primavera. \u00bfNecesita plantas nativas antes? Encuentre un <a href=\"https:\/\/backyardhabitats.org\/resource-library\/\" rel=\"nofollow noopener\">vivero de plantas nativas<\/a> cerca de usted.<\/p>\n<p>&nbsp;<\/p>\n<\/div>\t<\/div>\n<\/div>\n\n\n\n<p class=\"wp-block-paragraph\"><\/p>\n\n\n\n\n","protected":false},"excerpt":{"rendered":"<p>Usted puede crear un paisaje natural en su jard\u00edn que necesite menos riego y menos productos qu\u00edmicos y que sea resistente a las plagas y enfermedades. Las plantas nativas tambi\u00e9n atraen p\u00e1jaros, mariposas y vida silvestre beneficiosa para su jard\u00edn al mismo tiempo que reducen la erosi\u00f3n y protegen la calidad del agua. Descubra un [&hellip;]<\/p>\n","protected":false},"author":220134311,"featured_media":0,"parent":4250,"menu_order":2,"comment_status":"closed","ping_status":"closed","template":"","meta":{"_acf_changed":false,"_crdt_document":"","footnotes":""},"class_list":["post-4235","page","type-page","status-publish","hentry"],"acf":[],"_links":{"self":[{"href":"https:\/\/cleanwaterservices.org\/es\/wp-json\/wp\/v2\/pages\/4235","targetHints":{"allow":["GET"]}}],"collection":[{"href":"https:\/\/cleanwaterservices.org\/es\/wp-json\/wp\/v2\/pages"}],"about":[{"href":"https:\/\/cleanwaterservices.org\/es\/wp-json\/wp\/v2\/types\/page"}],"author":[{"embeddable":true,"href":"https:\/\/cleanwaterservices.org\/es\/wp-json\/wp\/v2\/users\/220134311"}],"replies":[{"embeddable":true,"href":"https:\/\/cleanwaterservices.org\/es\/wp-json\/wp\/v2\/comments?post=4235"}],"version-history":[{"count":8,"href":"https:\/\/cleanwaterservices.org\/es\/wp-json\/wp\/v2\/pages\/4235\/revisions"}],"predecessor-version":[{"id":14418,"href":"https:\/\/cleanwaterservices.org\/es\/wp-json\/wp\/v2\/pages\/4235\/revisions\/14418"}],"up":[{"embeddable":true,"href":"https:\/\/cleanwaterservices.org\/es\/wp-json\/wp\/v2\/pages\/4250"}],"wp:attachment":[{"href":"https:\/\/cleanwaterservices.org\/es\/wp-json\/wp\/v2\/media?parent=4235"}],"curies":[{"name":"wp","href":"https:\/\/api.w.org\/{rel}","templated":true}]}}