{"id":4232,"date":"2022-04-19T12:18:47","date_gmt":"2022-04-19T19:18:47","guid":{"rendered":"https:\/\/cleanwaterservices.org\/comunidad-y-casa\/servicios-de-alcantarillado-y-aguas-pluviales\/barrido-de-calles\/"},"modified":"2025-10-14T08:34:04","modified_gmt":"2025-10-14T15:34:04","slug":"barrido-de-calles","status":"publish","type":"page","link":"https:\/\/cleanwaterservices.org\/es\/comunidad-y-casa\/servicios-de-alcantarillado-y-aguas-pluviales\/barrido-de-calles\/","title":{"rendered":"Barrido de las Calles"},"content":{"rendered":"\n<p class=\"wp-block-paragraph\">Cuando llueve, la contaminaci\u00f3n llega a los drenajes pluviales y da\u00f1a nuestros r\u00edos y arroyos. <\/p>\n\n\n\n<figure class=\"wp-block-image alignright size-large is-style-circle\"><img loading=\"lazy\" decoding=\"async\" width=\"1024\" height=\"768\" src=\"https:\/\/cleanwaterservices.org\/wp-content\/uploads\/2022\/06\/Street-Sweeper-in-community-1024x768.jpg\" alt=\"Barrendero en la comunidad\" class=\"wp-image-1851\" srcset=\"https:\/\/cleanwaterservices.org\/wp-content\/uploads\/2022\/06\/Street-Sweeper-in-community-1024x768.jpg 1024w, https:\/\/cleanwaterservices.org\/wp-content\/uploads\/2022\/06\/Street-Sweeper-in-community-300x225.jpg 300w, https:\/\/cleanwaterservices.org\/wp-content\/uploads\/2022\/06\/Street-Sweeper-in-community-768x576.jpg 768w, https:\/\/cleanwaterservices.org\/wp-content\/uploads\/2022\/06\/Street-Sweeper-in-community-1536x1152.jpg 1536w, https:\/\/cleanwaterservices.org\/wp-content\/uploads\/2022\/06\/Street-Sweeper-in-community-2048x1536.jpg 2048w\" sizes=\"auto, 384px\" \/><\/figure>\n\n\n\n<p class=\"wp-block-paragraph\">Una vez al mes, barremos todas las calles con cunetas y banquetas en las \u00e1reas no incorporadas del condado de Washington. Si usted vive dentro de los l\u00edmites de una ciudad incorporada, el equipo de Obras P\u00fablicas de su ciudad es responsable de barrer. Barremos aproximadamente a la misma hora todos los meses; sin embargo, pueden ocurrir demoras debido al clima y al mantenimiento de los veh\u00edculos.<\/p>\n\n\n\n\n\n<p class=\"wp-block-paragraph\">Nuestras barredoras de calles est\u00e1n dise\u00f1adas para recoger escombros naturales. Por favor, no amontone hojas ni otros desperdicios del jard\u00edn, porque pueden provocar el bloqueo de los drenajes pluviales y hacer resbaladizos los caminos. Averig\u00fce en qu\u00e9 zona vive usted ingresando su direcci\u00f3n en la esquina superior derecha de nuestra <a href=\"https:\/\/experience.arcgis.com\/experience\/e88acc4936e7439d9e0a64d145d6521f\" target=\"_blank\" rel=\"noreferrer noopener nofollow\">Herramienta de Mapa de las Zonas de Barrido de las Calles<\/a>. Llame al tel\u00e9fono 503.547.8115 para determinar las fechas aproximadas en las que estaremos en su zona.<\/p>\n\n\n\n<p class=\"wp-block-paragraph\">El barrido de las calles es parte de nuestro<a href=\"https:\/\/cleanwaterservices.org\/es\/comunidad-y-casa\/servicios-de-alcantarillado-y-aguas-pluviales\/gestion-de-aguas-pluviales\/manejo-de-las-aguas-pluviales\/\" data-type=\"page\" data-id=\"432\">programa administrativo de las aguas superficiales (SWM).<\/a> Cada residente de la comunidad contribuye al costo del programa porque todos usamos edificios, calles, estacionamientos y banquetas. El hogar promedio paga $10.97 por mes, mientras que las propiedades m\u00e1s grandes pueden pagar m\u00e1s.<\/p>\n\n\n\n<p class=\"wp-block-paragraph\"><strong>Si usted tiene preguntas sobre el barrido de las calles<\/strong>, comun\u00edquese con nuestro equipo de operaciones de campo al 503.547.8100 o consulte nuestra <a href=\"https:\/\/cleanwaterservices.org\/wp-content\/uploads\/2022\/06\/street-sweeping-fact-sheet.pdf\" target=\"_blank\" rel=\"noreferrer noopener\">Hoja de Hechos Sobre el Barrido de las Calles<\/a> (PDF).<\/p>\n\n\n\n<p class=\"wp-block-paragraph\"><\/p>\n","protected":false},"excerpt":{"rendered":"<p>Cuando llueve, la contaminaci\u00f3n llega a los drenajes pluviales y da\u00f1a nuestros r\u00edos y arroyos. Una vez al mes, barremos todas las calles con cunetas y banquetas en las \u00e1reas no incorporadas del condado de Washington. Si usted vive dentro de los l\u00edmites de una ciudad incorporada, el equipo de Obras P\u00fablicas de su ciudad [&hellip;]<\/p>\n","protected":false},"author":220134314,"featured_media":0,"parent":4213,"menu_order":5,"comment_status":"closed","ping_status":"closed","template":"","meta":{"_acf_changed":false,"_crdt_document":"","footnotes":""},"class_list":["post-4232","page","type-page","status-publish","hentry"],"acf":[],"_links":{"self":[{"href":"https:\/\/cleanwaterservices.org\/es\/wp-json\/wp\/v2\/pages\/4232","targetHints":{"allow":["GET"]}}],"collection":[{"href":"https:\/\/cleanwaterservices.org\/es\/wp-json\/wp\/v2\/pages"}],"about":[{"href":"https:\/\/cleanwaterservices.org\/es\/wp-json\/wp\/v2\/types\/page"}],"author":[{"embeddable":true,"href":"https:\/\/cleanwaterservices.org\/es\/wp-json\/wp\/v2\/users\/220134314"}],"replies":[{"embeddable":true,"href":"https:\/\/cleanwaterservices.org\/es\/wp-json\/wp\/v2\/comments?post=4232"}],"version-history":[{"count":5,"href":"https:\/\/cleanwaterservices.org\/es\/wp-json\/wp\/v2\/pages\/4232\/revisions"}],"predecessor-version":[{"id":13344,"href":"https:\/\/cleanwaterservices.org\/es\/wp-json\/wp\/v2\/pages\/4232\/revisions\/13344"}],"up":[{"embeddable":true,"href":"https:\/\/cleanwaterservices.org\/es\/wp-json\/wp\/v2\/pages\/4213"}],"wp:attachment":[{"href":"https:\/\/cleanwaterservices.org\/es\/wp-json\/wp\/v2\/media?parent=4232"}],"curies":[{"name":"wp","href":"https:\/\/api.w.org\/{rel}","templated":true}]}}