{"id":4220,"date":"2022-05-17T14:36:40","date_gmt":"2022-05-17T21:36:40","guid":{"rendered":"https:\/\/cleanwaterservices.org\/gestion-de-aguas-pluviales\/gestion-de-aguas-pluviales\/"},"modified":"2022-07-18T16:26:41","modified_gmt":"2022-07-18T23:26:41","slug":"manejo-de-las-aguas-pluviales","status":"publish","type":"page","link":"https:\/\/cleanwaterservices.org\/es\/comunidad-y-casa\/servicios-de-alcantarillado-y-aguas-pluviales\/gestion-de-aguas-pluviales\/manejo-de-las-aguas-pluviales\/","title":{"rendered":"Manejo de las Aguas Pluviales"},"content":{"rendered":"\n<figure class=\"wp-block-image alignright size-large is-style-circle\"><img loading=\"lazy\" decoding=\"async\" width=\"1024\" height=\"768\" src=\"https:\/\/cleanwaterservices.org\/wp-content\/uploads\/2022\/06\/GettyImages-1134024494-1024x768.jpg\" alt=\"Un desag&#xFC;e pluvial con restos naturales y agua\" class=\"wp-image-1611\" srcset=\"https:\/\/cleanwaterservices.org\/wp-content\/uploads\/2022\/06\/GettyImages-1134024494-1024x768.jpg 1024w, https:\/\/cleanwaterservices.org\/wp-content\/uploads\/2022\/06\/GettyImages-1134024494-300x225.jpg 300w, https:\/\/cleanwaterservices.org\/wp-content\/uploads\/2022\/06\/GettyImages-1134024494-768x576.jpg 768w, https:\/\/cleanwaterservices.org\/wp-content\/uploads\/2022\/06\/GettyImages-1134024494-1536x1152.jpg 1536w, https:\/\/cleanwaterservices.org\/wp-content\/uploads\/2022\/06\/GettyImages-1134024494-2048x1536.jpg 2048w\" sizes=\"auto, 384px\" \/><\/figure>\n\n<p class=\"wp-block-paragraph\">Cuando llueve, las aguas pluviales inundan las calles, los techos, los jardines y los estacionamientos\u2014recogiendo aceite, sedimentos, bacterias, grasas y productos qu\u00edmicos que pueden contaminar nuestros arroyos y el r\u00edo Tualatin.<\/p>\n\n<p class=\"wp-block-paragraph\">Los Servicios de Agua Limpia y los empleados de la ciudad son responsables del sistema de flujo de las aguas pluviales, o las que escurren, de un lugar a otro, conocido como transporte de aguas pluviales. Para mantener esto, CWS proporciona los siguientes servicios:<\/p>\n\n<ul class=\"wp-block-list\"><li>Mantenimiento del sistema p\u00fablico de transporte de las aguas pluviales, incluidas 529 millas de las 1,565 millas de alcantarillado pluvial y tuber\u00edas, zanjas abiertas, estanques de retenci\u00f3n de aguas pluviales, e instalaciones de la calidad del agua. <\/li><li><a href=\"https:\/\/cleanwaterservices.org\/es\/comunidad-y-casa\/servicios-de-alcantarillado-y-aguas-pluviales\/barrido-de-calles\/\" data-type=\"page\" data-id=\"75\">Barrido de las calles y banquetas p\u00fablicas<\/a> mensualmente y limpieza de los desag\u00fces pluviales y resumideros.<\/li><li>Respuesta de emergencia las 24 horas del d\u00eda para denuncias de inundaciones y contaminaci\u00f3n del agua. Investigaci\u00f3n de la calidad del agua y respuesta a los derrames.<\/li><li>Investigaci\u00f3n de la calidad del agua y respuesta a los derrames.<\/li><li>Monitoreo de la calidad del agua en <a href=\"https:\/\/cleanwaterservices.org\/es\/nuestra-agua\/cuenca-del-rio-tualatin\/acerca-de-nuestro-rio-y-cuenca\/\" data-type=\"page\" data-id=\"599\">el R\u00edo Tualatin<\/a> y sus afluentes.<\/li><li>Desarrollo de <a href=\"https:\/\/cleanwaterservices.org\/es\/permisos-y-desarrollo\/estandares-de-diseno-y-construccion\/ver-los-estandares\/\" data-type=\"page\" data-id=\"1445\">los est\u00e1ndares del dise\u00f1o y construcci\u00f3n<\/a>.<\/li><li>Implementaci\u00f3n y cumplimiento de los reglamentos en el sitio del <a href=\"https:\/\/cleanwaterservices.org\/es\/permisos-y-desarrollo\/proceso-y-tarifas\/control-de-la-erosion\/\" data-type=\"page\" data-id=\"565\">control de la erosi\u00f3n<\/a>.<\/li><li>Protecci\u00f3n de los corredores con vegetaci\u00f3n (zonas de amortiguamiento) entre los nuevos desarrollos, y arroyos, y terrenos pantanosos.<\/li><li>Construcci\u00f3n de proyectos regionales de calidad del agua, mejoramiento de arroyos y manejo de inundaciones.<\/li><li>Planificaci\u00f3n de cuencas hidrogr\u00e1ficas para la salud a largo plazo de nuestros arroyos urbanos.<\/li><li><a href=\"https:\/\/cleanwaterservices.org\/es\/comunidad-y-casa\/compromiso-de-la-comunidad\/educacion\/general\/\" data-type=\"page\" data-id=\"86\">Educaci\u00f3n P\u00fablica<\/a>, lcance comunitario, y asociaciones para la prevenci\u00f3n de la contaminaci\u00f3n y la salud de las cuencas hidrogr\u00e1ficas<\/li><li><a href=\"https:\/\/cleanwaterservices.org\/es\/industria-de-negocios\/programa-de-instalaciones-privadas-de-calidad-del-agua\/\" data-type=\"page\" data-id=\"537\">Programa para Administrar las Instalaciones Privadas para la Calidad del Agua<\/a>.<\/li><li>Clean Water Services no mantiene sistemas de drenaje privados ni tiene la autoridad para intervenir en disputas <a href=\"https:\/\/cleanwaterservices.org\/wp-content\/uploads\/2022\/06\/lot-to-lot-drainage.pdf\" target=\"_blank\" rel=\"noreferrer noopener\">privadas de lote a lote<\/a> (PDF) referentes al drenaje.<\/li><li>Las llanuras de inundaci\u00f3n est\u00e1n reguladas por muchas agencias Estatales y Federales, y la informaci\u00f3n sobre las llanuras de inundaci\u00f3n est\u00e1 disponible a trav\u00e9s del <a href=\"https:\/\/www.co.washington.or.us\/LUT\/Divisions\/Engineering\/flood-resources.cfm\" target=\"_blank\" rel=\"noreferrer noopener nofollow\">sitio web de informaci\u00f3n sobre inundaciones del Condado de Washington<\/a>.<\/li><\/ul>\n\n<h4 class=\"wp-block-heading\">\u00bfQu\u00e9 son las aguas superficiales?<\/h4>\n\n<p class=\"wp-block-paragraph\">Las aguas de la superficie consisten en arroyos, terrenos pantanosos, r\u00edos y manantiales. Las aguas superficiales pueden verse afectadas por las actividades en la cuenca. Mejorar su salud implica abordar los flujos de agua (altos y bajos), las condiciones de la vegetaci\u00f3n, los h\u00e1bitats, las especies invasoras, la invasi\u00f3n humana y las fuentes de contaminaci\u00f3n. Las actividades como la plantaci\u00f3n de \u00e1rboles, la mejora, la reparaci\u00f3n de alcantarillas, las mejoras en los desag\u00fces de aguas pluviales y la restauraci\u00f3n del flujo reciben prioridad a trav\u00e9s de la planificaci\u00f3n de cuencas hidrogr\u00e1ficas realizada por Clean Water Services. El perfeccionamiento de las reglamentaciones, las oportunidades educativas, los incentivos y otras actividades del programa que mejoran las aguas superficiales son un aspecto continuo del Programa de Administraci\u00f3n de las Aguas Superficiales (SWM, siglas en ingl). Clean Water Services, nuestras 12 ciudades asociadas, el condado de Washington, los grupos de amigos y otros <a href=\"https:\/\/cleanwaterservices.org\/es\/comunidad-y-casa\/compromiso-de-la-comunidad\/involucrate\/unase-a-los-socios\/\" data-type=\"URL\" data-id=\"https:\/\/cleanwaterservices.org\/community-home\/community-engagement\/get-involved\/partners\/\">socios de las cuencas hidrogr\u00e1ficas<\/a> colaboran para ayudar a mejorar nuestros recursos hidr\u00e1ulicos.<\/p>\n\n<hr class=\"wp-block-separator has-alpha-channel-opacity\"\/>\n\n<h2 class=\"wp-block-heading\">\u00bfQu\u00e9 puede usted hacer?<\/h2>\n\n<p class=\"wp-block-paragraph\">La protecci\u00f3n de los arroyos, los terrenos pantanosos y el R\u00edo Tualatin de nuestro vecindario comienza en casa. Todos jugamos un papel en el mantenimiento de un medio ambiente saludable y una comunidad habitable.<\/p>\n\n<p class=\"wp-block-paragraph\">La agencia Clean Water Services est\u00e1 trabajando arduamente en proteger la calidad del agua en nuestros arroyos, pero necesitamos de su ayuda. Estos son algunos consejos para ayudarle a proteger los arroyos locales y <a href=\"https:\/\/cleanwaterservices.org\/es\/nuestra-agua\/cuenca-del-rio-tualatin\/acerca-de-nuestro-rio-y-cuenca\/\" data-type=\"page\" data-id=\"599\">el R\u00edo Tualatin<\/a>.<\/p>\n\n<ul class=\"wp-block-list\"><li><a href=\"https:\/\/cleanwaterservices.org\/es\/comunidad-y-casa\/compromiso-de-la-comunidad\/involucrate\/marcar-desagues-pluviales\/\" data-type=\"page\" data-id=\"495\">Marque los drenajes<\/a>en su vecindario con el mensaje \u00abNo lo tire aqu\u00ed, porque se va al r\u00edo\u00bb. <\/li><li><a href=\"https:\/\/cleanwaterservices.org\/es\/comunidad-y-casa\/recursos\/como-desechar\/general\/\" data-type=\"page\" data-id=\"82\">Apropiadamente disponga<\/a>de o recicle el aceite de motor, el anticongelante, la pintura, los solventes y otros materiales t\u00f3xicos.<\/li><li>Mantenga las hojas, los recortes del pasto, la suciedad, y la basura fuera de los drenajes pluviales, zanjas, arroyos, estanques y terrenos pantanosos.<\/li><li>Limpie el excremento y basura de <a href=\"https:\/\/cleanwaterservices.org\/es\/comunidad-y-casa\/recursos\/como-desechar\/recogelo\/\" data-type=\"page\" data-id=\"483\">sus mascotas<\/a> para evitar la contaminaci\u00f3n del arroyo por bacterias y organismos par\u00e1sitos.<\/li><li>Use alternativas no t\u00f3xicas o use pesticidas y herbicidas menos t\u00f3xicos. Obtenga m\u00e1s informaci\u00f3n sobre el uso de herbicidas en nuestra <a href=\"https:\/\/cleanwaterservices.org\/wp-content\/uploads\/2022\/05\/herbicides.pdf\" target=\"_blank\" rel=\"noreferrer noopener\">Hoja de Hechos Sobre Herbicidas<\/a> (PDF).<\/li><li>No fertilice en exceso<a href=\"https:\/\/cleanwaterservices.org\/es\/comunidad-y-casa\/recursos\/recursos-de-patio-y-vecindario\/soluciones-amigables-con-la-transmision\/mantenlo-natural\/\" data-type=\"page\" data-id=\"465\">el pasto<\/a>ni sus jardines.<\/li><li>Desconecte los canales de drenaje del techo cuando aplique productos para el control de musgo en su techo. Para obtener m\u00e1s informaci\u00f3n, descargue nuestra <a href=\"https:\/\/cleanwaterservices.org\/wp-content\/uploads\/2022\/05\/safe-roof-moss-control-fact-sheet.pdf\" target=\"_blank\" rel=\"noreferrer noopener\">hoja informativa sobre el control seguro del musgo en los tejados<\/a> (PDF).<\/li><li>No permita que los jabones y detergentes del lavado de autos fluyan por la calle ni en los sumideros.<\/li><li><a href=\"https:\/\/cleanwaterservices.org\/es\/comunidad-y-casa\/recursos\/recursos-de-patio-y-vecindario\/plantas-autoctonas\/\" data-type=\"page\" data-id=\"447\">Plantar nativos<\/a> arbustos y cobertura vegetal para cubrir la tierra lisa y evitar la erosi\u00f3n<\/li><li><a href=\"https:\/\/cleanwaterservices.org\/es\/acerca-de\/contactenos-enlace\/reportar-un-problema\/\" data-type=\"page\" data-id=\"24\">Reporte<\/a> las inundaciones y dem\u00e1s problemas serios a los Servicios de Agua Limpia.<\/li><\/ul>\n","protected":false},"excerpt":{"rendered":"<p>Cuando llueve, las aguas pluviales inundan las calles, los techos, los jardines y los estacionamientos\u2014recogiendo aceite, sedimentos, bacterias, grasas y productos qu\u00edmicos que pueden contaminar nuestros arroyos y el r\u00edo Tualatin. Los Servicios de Agua Limpia y los empleados de la ciudad son responsables del sistema de flujo de las aguas pluviales, o las que [&hellip;]<\/p>\n","protected":false},"author":220134314,"featured_media":0,"parent":4208,"menu_order":2,"comment_status":"closed","ping_status":"closed","template":"","meta":{"_acf_changed":false,"_crdt_document":"","footnotes":""},"class_list":["post-4220","page","type-page","status-publish","hentry"],"acf":[],"_links":{"self":[{"href":"https:\/\/cleanwaterservices.org\/es\/wp-json\/wp\/v2\/pages\/4220","targetHints":{"allow":["GET"]}}],"collection":[{"href":"https:\/\/cleanwaterservices.org\/es\/wp-json\/wp\/v2\/pages"}],"about":[{"href":"https:\/\/cleanwaterservices.org\/es\/wp-json\/wp\/v2\/types\/page"}],"author":[{"embeddable":true,"href":"https:\/\/cleanwaterservices.org\/es\/wp-json\/wp\/v2\/users\/220134314"}],"replies":[{"embeddable":true,"href":"https:\/\/cleanwaterservices.org\/es\/wp-json\/wp\/v2\/comments?post=4220"}],"version-history":[{"count":5,"href":"https:\/\/cleanwaterservices.org\/es\/wp-json\/wp\/v2\/pages\/4220\/revisions"}],"predecessor-version":[{"id":7325,"href":"https:\/\/cleanwaterservices.org\/es\/wp-json\/wp\/v2\/pages\/4220\/revisions\/7325"}],"up":[{"embeddable":true,"href":"https:\/\/cleanwaterservices.org\/es\/wp-json\/wp\/v2\/pages\/4208"}],"wp:attachment":[{"href":"https:\/\/cleanwaterservices.org\/es\/wp-json\/wp\/v2\/media?parent=4220"}],"curies":[{"name":"wp","href":"https:\/\/api.w.org\/{rel}","templated":true}]}}