{"id":4216,"date":"2022-05-03T09:43:00","date_gmt":"2022-05-03T16:43:00","guid":{"rendered":"https:\/\/cleanwaterservices.org\/gestion-de-aguas-pluviales\/datos-de-inundaciones\/"},"modified":"2022-07-02T18:17:18","modified_gmt":"2022-07-03T01:17:18","slug":"datos-de-inundaciones","status":"publish","type":"page","link":"https:\/\/cleanwaterservices.org\/es\/comunidad-y-casa\/servicios-de-alcantarillado-y-aguas-pluviales\/gestion-de-aguas-pluviales\/datos-de-inundaciones\/","title":{"rendered":"Hechos Sobre las Inundaciones en el condado de Washington"},"content":{"rendered":"\n<p class=\"wp-block-paragraph\">La agencia Clean Water Services a menudo recibe consultas sobre las inundaciones porque protegemos los recursos hidr\u00e1ulicos y ayudamos a mantener el sistema de drenaje p\u00fablico. Esta informaci\u00f3n es una referencia r\u00e1pida para ayudar a responder sus preguntas.<\/p>\n\n\n\n<hr class=\"wp-block-separator has-alpha-channel-opacity\"\/>\n\n\n\n<h2 class=\"wp-block-heading\">Prep\u00e1rese<\/h2>\n\n\n\n<p class=\"wp-block-paragraph\">Las personas, especialmente aquellas que viven en llanuras de inundaci\u00f3n, deben estar preparadas para protegerse a s\u00ed mismas y sus propiedades. Desde el seguro contra inundaciones hasta la limpieza de escombros del jard\u00edn, <a href=\"https:\/\/watershednavigator.org\/understand-rain-storms\/preparing-for-floods\" target=\"_blank\" rel=\"noreferrer noopener nofollow\">estas herramientas y tareas<\/a> pueden ayudar a proteger su casa y su vecindario del aumento del nivel del agua y de las inundaciones<\/p>\n\n\n\n<p class=\"wp-block-paragraph\">El condado de Washington y las ciudades individuales regulan el desarrollo en las llanuras de inundaci\u00f3n para minimizar el riesgo de inundaciones y permitir que los habitantes califiquen para el seguro contra las inundaciones. El condado y las ciudades administran el programa nacional de seguro contra inundaciones de FEMA. Desafortunadamente, algunas llanuras de inundaci\u00f3n se desarrollaron antes de las reglamentaciones del uso de la tierra existentes y las delineaciones de las llanuras de inundaci\u00f3n y, por lo tanto, son m\u00e1s propensas a las inundaciones<\/p>\n\n\n\n<ul class=\"wp-block-list\"><li><a href=\"https:\/\/msc.fema.gov\/portal\" target=\"_blank\" rel=\"noreferrer noopener nofollow\">Sitio web de FEMA<\/a> para saber si usted vive en una llanura de inundaci\u00f3n<\/li><li><a href=\"https:\/\/www.floodsmart.gov\/\" target=\"_blank\" rel=\"noreferrer noopener nofollow\">Sitio web de Floodsmart<\/a> para calcular su riesgo de inundaci\u00f3n<\/li><li><a href=\"https:\/\/www.ocem.org\/\" target=\"_blank\" rel=\"noreferrer noopener nofollow\">Informaci\u00f3n sobre las inundaciones en el Condado de Washington<\/a>de la Cooperativa del Manejo de Emergencias del Condado de Washington<\/li><li><a href=\"https:\/\/www.fema.gov\/floodplain-management\" target=\"_blank\" rel=\"noreferrer noopener nofollow\">Informaci\u00f3n de la Agencia Federal del Manejo de Emergencias (FEMA, siglas en ingl\u00e9s)<\/a><\/li><li><a href=\"https:\/\/alerts.weather.gov\/cap\/wwaatmget.php?x=ORC067\" target=\"_blank\" rel=\"noreferrer noopener nofollow\">Pron\u00f3stico de alertas de inundaciones locales del Servicio Meteorol\u00f3gico Nacional<\/a><\/li><\/ul>\n\n\n\n<p class=\"wp-block-paragraph\">Cuando hay inundaciones, las autoridades se enfocan en proteger la seguridad p\u00fablica y la infraestructura p\u00fablica (carreteras, puentes, l\u00edneas de servicios p\u00fablicos, etc.).<\/p>\n\n\n\n<div class=\"block-cws-image \">\n\t<div class=\"cws-image__img \">\n\t\t<img loading=\"lazy\" decoding=\"async\" width=\"300\" height=\"214\" src=\"https:\/\/cleanwaterservices.org\/wp-content\/uploads\/2022\/06\/flood-642586_1280-300x214.jpg\" srcset=\"https:\/\/cleanwaterservices.org\/wp-content\/uploads\/2022\/06\/flood-642586_1280-300x214.jpg 300w, https:\/\/cleanwaterservices.org\/wp-content\/uploads\/2022\/06\/flood-642586_1280-1024x731.jpg 1024w, https:\/\/cleanwaterservices.org\/wp-content\/uploads\/2022\/06\/flood-642586_1280-768x548.jpg 768w, https:\/\/cleanwaterservices.org\/wp-content\/uploads\/2022\/06\/flood-642586_1280.jpg 1280w\" sizes=\"auto, (max-width: 820px) 93vw, 515px\" class=\"wp-image-1836\" alt=\"An Aerial image of a residential area completely flooded, leaving everything but the rooftops, trees, and cars underwater.\">\t<\/div>\n\t\t<div class=\"cws-image__caption\">\n\t\t<h3 class=\"title\">Seguro Contra Inundaciones<\/h3>\t\t<div class=\"text\"><p>La mejor manera de protegerse de las p\u00e9rdidas financieras es tener un seguro contra las inundaciones. \u00bfDeber\u00eda usted pagar un seguro contra inundaciones si no vive en un \u00e1rea designada de riesgo de inundaci\u00f3n? Consulte el <a href=\"https:\/\/www.fema.gov\/benefit-cost-analysis\" target=\"_blank\" rel=\"noopener nofollow\">an\u00e1lisis de an\u00e1lisis de costo y beneficio<\/a>. La mayor\u00eda de las p\u00f3lizas de seguro de propietario de vivienda no cubren inundaciones. No necesita usted vivir en una llanura de inundaci\u00f3n para comprar un seguro contra las inundaciones. Para encontrar un seguro contra inundaciones, visite <a href=\"https:\/\/www.floodsmart.gov\/\" target=\"_blank\" rel=\"noopener nofollow\">floodsmart.gov<\/a> o llame sin cargo alguno al 1.888.435.6637.<\/p>\n<\/div>\t<\/div>\n<\/div>\n\n\n\n\n\n<h2 class=\"wp-block-heading\">Prepare su Casa para la Lluvia<\/h2>\n\n\n\n<p class=\"wp-block-paragraph\">Ayude a prevenir inundaciones en su vecindario y proteja su casa:<\/p>\n\n\n\n<ul class=\"wp-block-list\"><li>Remueva las hojas y escombros del jard\u00edn que se acumulen en las calles y desag\u00fces pluviales.<\/li><li>Limpiar los canales y desag\u00fces de su techo.<\/li><li>Mantenga los escombros de su jard\u00edn y los montones de hojas lejos de las zanjas del drenaje y de las corrientes para que el agua que sube no lleve material r\u00edo abajo y bloquee alguna de las alcantarillas.<\/li><\/ul>\n\n\n\n<p class=\"wp-block-paragraph\">La primera gran lluvia despu\u00e9s de un largo per\u00edodo de clima seco arrastra toda la contaminaci\u00f3n que se haya acumulado en el suelo hacia <a href=\"https:\/\/cleanwaterservices.org\/es\/comunidad-y-casa\/compromiso-de-la-comunidad\/involucrate\/marcar-desagues-pluviales\/\" data-type=\"page\" data-id=\"495\">los drenajes pluviales<\/a>. En el condado de Washington, todo lo que pasa por nuestros desag\u00fces pluviales se va directamente al arroyo, a los terrenos pantanosos y a nuestro R\u00edo Tualatin m\u00e1s cercanos \u2014 y no a una instalaci\u00f3n de tratamiento. Prevenga la acumulaci\u00f3n de contaminantes en el suelo usando <a href=\"https:\/\/cleanwaterservices.org\/es\/comunidad-y-casa\/recursos\/recursos-de-patio-y-vecindario\/soluciones-amigables-con-la-transmision\/general\/\" data-type=\"page\" data-id=\"457\">soluciones amigables con las corrientes<\/a> en su jard\u00edn durante todo el a\u00f1o.<\/p>\n","protected":false},"excerpt":{"rendered":"<p>La agencia Clean Water Services a menudo recibe consultas sobre las inundaciones porque protegemos los recursos hidr\u00e1ulicos y ayudamos a mantener el sistema de drenaje p\u00fablico. Esta informaci\u00f3n es una referencia r\u00e1pida para ayudar a responder sus preguntas. Prep\u00e1rese Las personas, especialmente aquellas que viven en llanuras de inundaci\u00f3n, deben estar preparadas para protegerse a [&hellip;]<\/p>\n","protected":false},"author":220134314,"featured_media":0,"parent":4208,"menu_order":4,"comment_status":"closed","ping_status":"closed","template":"","meta":{"_acf_changed":false,"_crdt_document":"","footnotes":""},"class_list":["post-4216","page","type-page","status-publish","hentry"],"acf":[],"_links":{"self":[{"href":"https:\/\/cleanwaterservices.org\/es\/wp-json\/wp\/v2\/pages\/4216","targetHints":{"allow":["GET"]}}],"collection":[{"href":"https:\/\/cleanwaterservices.org\/es\/wp-json\/wp\/v2\/pages"}],"about":[{"href":"https:\/\/cleanwaterservices.org\/es\/wp-json\/wp\/v2\/types\/page"}],"author":[{"embeddable":true,"href":"https:\/\/cleanwaterservices.org\/es\/wp-json\/wp\/v2\/users\/220134314"}],"replies":[{"embeddable":true,"href":"https:\/\/cleanwaterservices.org\/es\/wp-json\/wp\/v2\/comments?post=4216"}],"version-history":[{"count":5,"href":"https:\/\/cleanwaterservices.org\/es\/wp-json\/wp\/v2\/pages\/4216\/revisions"}],"predecessor-version":[{"id":6878,"href":"https:\/\/cleanwaterservices.org\/es\/wp-json\/wp\/v2\/pages\/4216\/revisions\/6878"}],"up":[{"embeddable":true,"href":"https:\/\/cleanwaterservices.org\/es\/wp-json\/wp\/v2\/pages\/4208"}],"wp:attachment":[{"href":"https:\/\/cleanwaterservices.org\/es\/wp-json\/wp\/v2\/media?parent=4216"}],"curies":[{"name":"wp","href":"https:\/\/api.w.org\/{rel}","templated":true}]}}