{"id":4189,"date":"2022-06-19T13:46:16","date_gmt":"2022-06-19T20:46:16","guid":{"rendered":"https:\/\/cleanwaterservices.org\/industria-de-negocios\/prevencion-y-eliminacion-de-residuos-redireccionamiento\/prevencion-y-eliminacion-de-residuos\/"},"modified":"2025-11-24T13:43:27","modified_gmt":"2025-11-24T21:43:27","slug":"general","status":"publish","type":"page","link":"https:\/\/cleanwaterservices.org\/es\/industria-de-negocios\/prevencion-y-eliminacion-de-residuos\/general\/","title":{"rendered":"Prevenci\u00f3n y Eliminaci\u00f3n de Residuos"},"content":{"rendered":"\n<p class=\"wp-block-paragraph\">Siempre que sea posible, las personas y las organizaciones deben implementar pr\u00e1cticas que reduzcan o eliminen los desechos en su origen. <\/p>\n\n\n\n<ul class=\"wp-block-list\">\n<li><a href=\"https:\/\/ecobiz.org\/\" target=\"_blank\" rel=\"noreferrer noopener nofollow\">EcoBiz<\/a> certifica los talleres de autos y de jardineros <\/li>\n\n\n\n<li><a href=\"https:\/\/cleanwaterservices.org\/es\/industria-de-negocios\/prevencion-y-eliminacion-de-residuos\/general\/#mercury\">Reducci\u00f3n de Mercurio<\/a><\/li>\n\n\n\n<li><a href=\"https:\/\/cleanwaterservices.org\/es\/industria-de-negocios\/prevencion-y-eliminacion-de-residuos\/descargas-temporales\/\">Descargas Temporales Sanitarias<\/a><\/li>\n<\/ul>\n\n\n\n<div class=\"block-cws-image \">\n\t<div class=\"cws-image__img \">\n\t\t<img loading=\"lazy\" decoding=\"async\" width=\"300\" height=\"199\" src=\"https:\/\/cleanwaterservices.org\/wp-content\/uploads\/2022\/06\/GettyImages-104684406-300x199.jpg\" srcset=\"https:\/\/cleanwaterservices.org\/wp-content\/uploads\/2022\/06\/GettyImages-104684406-300x199.jpg 300w, https:\/\/cleanwaterservices.org\/wp-content\/uploads\/2022\/06\/GettyImages-104684406-1024x680.jpg 1024w, https:\/\/cleanwaterservices.org\/wp-content\/uploads\/2022\/06\/GettyImages-104684406-768x510.jpg 768w, https:\/\/cleanwaterservices.org\/wp-content\/uploads\/2022\/06\/GettyImages-104684406-1536x1020.jpg 1536w, https:\/\/cleanwaterservices.org\/wp-content\/uploads\/2022\/06\/GettyImages-104684406-2048x1360.jpg 2048w\" sizes=\"auto, (max-width: 820px) 93vw, 515px\" class=\"wp-image-2447\" alt=\"Hazardous waste in a natural area floating within the water. large waste swirls line the top of the water.\">\t<\/div>\n\t\t<div class=\"cws-image__caption\">\n\t\t<h3 class=\"title\">Eliminaci\u00f3n de Residuos<\/h3>\t\t<div class=\"text\"><p>Si termina usted con residuos peligrosos, siga las pautas a continuaci\u00f3n para una eliminaci\u00f3n segura o use la gu\u00eda de Metro para la eliminaci\u00f3n de desperdicios peligrosos <a href=\"https:\/\/www.oregonmetro.gov\/tools-working\/guide-small-business-hazardous-waste-disposal\" target=\"_blank\" rel=\"noopener nofollow\">gu\u00eda para eliminar residuos peligrosos<\/a>.<\/p>\n<ul>\n<li><a href=\"https:\/\/cleanwaterservices.org\/wp-content\/uploads\/2022\/06\/40cfr-part-40312-p.pdf\" target=\"_blank\" rel=\"noopener\">Citatorio Regulatorio en 40 CFR Parte 403.12(p)<\/a> (PDF)<\/li>\n<\/ul>\n<\/div>\t<\/div>\n<\/div>\n\n\n\n<h2 class=\"wp-block-heading\" id=\"mercury\">Reducci\u00f3n de Mercurio<\/h2>\n\n\n\n<p class=\"wp-block-paragraph\">El mercurio es un elemento qu\u00edmico natural que se puede encontrar en productos como amalgamas dentales, bater\u00edas, luces fluorescentes compactas, joyas, cremas para la piel, term\u00f3metros de pintura, interruptores y retransmisores, etc. Si bien es probable que muchos de estos productos no lleguen al sistema de alcantarillado sanitario en grandes cantidades, queremos mantener el mercurio fuera del medio ambiente tanto como sea posible. Nuestras instalaciones de recuperaci\u00f3n de recursos hidr\u00e1ulicos no est\u00e1n dise\u00f1adas para eliminar metales como el mercurio y la plata, y necesitamos la ayuda de empresas e industrias para cumplir con las leyes federales y estatales y tomar medidas para reducir la contaminaci\u00f3n.<\/p>\n\n\n\n<ul class=\"wp-block-list\">\n<li><a href=\"https:\/\/cleanwaterservices.org\/wp-content\/uploads\/2022\/06\/mercury-minimization-plan.pdf\" target=\"_blank\" rel=\"noreferrer noopener\">Plan Para <\/a><a href=\"https:\/\/cleanwaterservices.org\/wp-content\/uploads\/2023\/12\/Mercury-Minimization-Plan-May-2021-ADA.pdf\" target=\"_blank\" rel=\"noreferrer noopener\">Minimizaci\u00f3n del Mercurio<\/a> (PDF) <\/li>\n\n\n\n<li><a href=\"https:\/\/www.oregon.gov\/deq\/Hazards-and-Cleanup\/hw\/Pages\/Mercury-Info.aspx\" target=\"_blank\" rel=\"noreferrer noopener nofollow\">Informaci\u00f3n de Oregon DEQ<\/a><\/li>\n<\/ul>\n\n\n\n<h3 class=\"wp-block-heading\">Desperdicios DentalesaDesperdicios Dentales<\/h3>\n\n\n\n<ul class=\"wp-block-list\">\n<li>Oregon Dental La Asociaci\u00f3n Dental de Oregon, el Departamento de Calidad Ambiental de Oregon, y las jurisdicciones locales como Clean Water Services desarrollaron mejores pr\u00e1cticas administrativas para reciclar mercurio, amalgama, plata y plomo, y mantener estos contaminantes fuera del flujo de desechos.<\/li>\n\n\n\n<li><a href=\"https:\/\/www.oregondental.org\/\" target=\"_blank\" rel=\"noreferrer noopener nofollow\">Sitio web de la Asociaci\u00f3n Dental de Oregon<\/a><\/li>\n\n\n\n<li><a href=\"https:\/\/www.epa.gov\/eg\/dental-effluent-guidelines-documents\" target=\"_blank\" data-type=\"URL\" data-id=\"https:\/\/www.epa.gov\/eg\/dental-effluent-guidelines-documents\" rel=\"noreferrer noopener nofollow\">Gu\u00edas sobre efluentes dentales de EPA<\/a> <\/li>\n\n\n\n<li><a href=\"https:\/\/cleanwaterservices.org\/wp-content\/uploads\/2022\/06\/best-management-practices-recycler-list5e1c02ddb07d6e0c8f46ff0000eea05b.pdf\" target=\"_blank\" rel=\"noreferrer noopener\">Recicladores de Desechos Dentales<\/a> (PDF)<\/li>\n\n\n\n<li><a href=\"https:\/\/cleanwaterservices.org\/wp-content\/uploads\/2022\/06\/dental-office-pollution-prevention.pdf\" target=\"_blank\" rel=\"noreferrer noopener\">Folleto para la Prevenci\u00f3n de la Contaminaci\u00f3n Dental<\/a> (PDF)<\/li>\n<\/ul>\n\n\n\n<hr class=\"wp-block-separator has-alpha-channel-opacity\"\/>\n\n\n\n<h2 class=\"wp-block-heading\" id=\"liquid\">Programa de Transporte de Residuos L\u00edquidos<\/h2>\n\n\n\n<p class=\"wp-block-paragraph\">Los sedimentos son materiales l\u00edquidos y s\u00f3lidos extra\u00eddos de fosas s\u00e9pticas o de otros tanques de retenci\u00f3n para aguas residuales dom\u00e9sticas. Los desechos de inodoros qu\u00edmicos son materiales l\u00edquidos y s\u00f3lidos extra\u00eddos de los inodoros qu\u00edmicos port\u00e1tiles.<\/p>\n\n\n\n<p class=\"wp-block-paragraph\">Los transportistas de aguas residuales pueden obtener una licencia para descargar aguas residuales en las instalaciones de recuperaci\u00f3n de recursos hidr\u00e1ulicos de Durham o Rock Creek. Aquellos que deseen obtener una licencia o que tengan preguntas sobre si se aceptar\u00e1n ciertos residuos s\u00e9pticos, env\u00ede un correo electr\u00f3nico a nuestro Programa de Servicios Ambientales al <a href=\"mailto:Hauledwaste@cleanwaterservices.org\">Hauledwaste@cleanwaterservices.org<\/a>. (No se acepta material que contenga residuos industriales.)<\/p>\n\n\n\n<p class=\"wp-block-paragraph\">Todo transportista de desechos l\u00edquidos debe completar y enviar la <a href=\"https:\/\/acrobat.adobe.com\/id\/urn:aaid:sc:VA6C2:a1ac4283-2c4b-4a6d-9650-5d1dc8a0e1a5?x_api_client_id=edge_extension_viewer&amp;x_api_client_location=share&amp;locale=en-US&amp;theme=dark&amp;page_theme=light\" target=\"_blank\" rel=\"noreferrer noopener nofollow\">Solicitud de Permiso de Transportista de Desechos L\u00edquidos<\/a> (PDF).<\/p>\n\n\n\n<figure class=\"wp-block-embed alignright is-type-video is-provider-youtube wp-block-embed-youtube wp-embed-aspect-4-3 wp-has-aspect-ratio\"><div class=\"wp-block-embed__wrapper\">\n<iframe loading=\"lazy\" title=\"Waste Receiving Training\" width=\"750\" height=\"563\" src=\"https:\/\/www.youtube.com\/embed\/bAoA7Qds-1Y?feature=oembed\" frameborder=\"0\" allow=\"accelerometer; autoplay; clipboard-write; encrypted-media; gyroscope; picture-in-picture; web-share\" referrerpolicy=\"strict-origin-when-cross-origin\" allowfullscreen><\/iframe>\n<\/div><\/figure>\n\n\n\n<h3 class=\"wp-block-heading\"><strong>Horas de Servicio<\/strong><\/h3>\n\n\n\n<p class=\"wp-block-paragraph\">24 horas del d\u00eda, 7 d\u00edas de la semana<\/p>\n\n\n\n<h3 class=\"wp-block-heading\"><strong>Ubicaciones de Descarga<\/strong><\/h3>\n\n\n\n<p class=\"wp-block-paragraph\">Instalaciones de Recuperaci\u00f3n de Recursos Hidr\u00e1ulicos de Durham<br><a href=\"https:\/\/maps.google.com\/maps?q=16580+SW+85th,+Tigard,+OR+97224&amp;spn=0.019609,0.026582&amp;hl=en\" target=\"_blank\" rel=\"noreferrer noopener nofollow\">16580 SW 85th<br>Tigard, OR 97224<\/a><\/p>\n\n\n\n<p class=\"wp-block-paragraph\">Instalaciones de Recuperaci\u00f3n de Recursos Hidr\u00e1ulicos de Rock Creek<br><a href=\"https:\/\/maps.google.com\/maps?q=3235+SE+River+Road,+Hillsboro,+OR+97123&amp;spn=0.019575,0.026582&amp;hl=en\" target=\"_blank\" rel=\"noreferrer noopener nofollow\">3235 SE River Road<br>Hillsboro, OR 97123<\/a><\/p>\n\n\n\n<hr class=\"wp-block-separator has-alpha-channel-opacity\"\/>\n\n\n\n<h2 class=\"wp-block-heading\" id=\"wash\">Programa de Agua Para Lavar<\/h2>\n\n\n\n<p class=\"wp-block-paragraph\">El programa de agua de lavado de Clean Water Services se aplica a su negocio si lava o limpia con vapor veh\u00edculos u otros equipos, incluidos autobuses, autos de alquiler, autos nuevos y usados en lotes, montacargas, carritos de golf y cortadoras de c\u00e9sped.<\/p>\n\n\n\n<p class=\"wp-block-paragraph\">Las operaciones de lavado de veh\u00edculos y equipos deben descargar todas las aguas residuales que contengan calor, jab\u00f3n, o productos qu\u00edmicos al sistema de alcantarillado sanitario. El \u00e1rea urbanizada del condado de Washington tiene sistemas separados de conducci\u00f3n de aguas pluviales y alcantarillado sanitario. Para descargar el agua de lavado al sistema sanitario, se necesita un permiso de agua de lavado de los Servicios de Agua Limpia y se deben cumplir los requisitos del tapete de lavado.<\/p>\n\n\n\n<ul class=\"wp-block-list\">\n<li><a href=\"https:\/\/cleanwaterservices.org\/wp-content\/uploads\/2025\/11\/Vehicle-and-Equipment-Wash-Water-2025_V2_ADA.pdf\" target=\"_blank\" rel=\"noreferrer noopener\">Hoja de Hechos Sobre el Lavado de Agua de veh\u00edculos y el Equipo<\/a> (PDF)<\/li>\n\n\n\n<li><a href=\"https:\/\/cleanwaterservices.org\/wp-content\/uploads\/2022\/06\/wash-water-application.pdf\" target=\"_blank\" rel=\"noreferrer noopener\">Forma de Solicitud para el Permiso de Clean Water Services para Lavado de Agua <\/a> (PDF)<\/li>\n<\/ul>\n","protected":false},"excerpt":{"rendered":"<p>Siempre que sea posible, las personas y las organizaciones deben implementar pr\u00e1cticas que reduzcan o eliminen los desechos en su origen. Reducci\u00f3n de Mercurio El mercurio es un elemento qu\u00edmico natural que se puede encontrar en productos como amalgamas dentales, bater\u00edas, luces fluorescentes compactas, joyas, cremas para la piel, term\u00f3metros de pintura, interruptores y retransmisores, [&hellip;]<\/p>\n","protected":false},"author":220134337,"featured_media":0,"parent":4185,"menu_order":0,"comment_status":"closed","ping_status":"closed","template":"","meta":{"_acf_changed":false,"_crdt_document":"","footnotes":""},"class_list":["post-4189","page","type-page","status-publish","hentry"],"acf":[],"_links":{"self":[{"href":"https:\/\/cleanwaterservices.org\/es\/wp-json\/wp\/v2\/pages\/4189","targetHints":{"allow":["GET"]}}],"collection":[{"href":"https:\/\/cleanwaterservices.org\/es\/wp-json\/wp\/v2\/pages"}],"about":[{"href":"https:\/\/cleanwaterservices.org\/es\/wp-json\/wp\/v2\/types\/page"}],"author":[{"embeddable":true,"href":"https:\/\/cleanwaterservices.org\/es\/wp-json\/wp\/v2\/users\/220134337"}],"replies":[{"embeddable":true,"href":"https:\/\/cleanwaterservices.org\/es\/wp-json\/wp\/v2\/comments?post=4189"}],"version-history":[{"count":6,"href":"https:\/\/cleanwaterservices.org\/es\/wp-json\/wp\/v2\/pages\/4189\/revisions"}],"predecessor-version":[{"id":13834,"href":"https:\/\/cleanwaterservices.org\/es\/wp-json\/wp\/v2\/pages\/4189\/revisions\/13834"}],"up":[{"embeddable":true,"href":"https:\/\/cleanwaterservices.org\/es\/wp-json\/wp\/v2\/pages\/4185"}],"wp:attachment":[{"href":"https:\/\/cleanwaterservices.org\/es\/wp-json\/wp\/v2\/media?parent=4189"}],"curies":[{"name":"wp","href":"https:\/\/api.w.org\/{rel}","templated":true}]}}