{"id":4187,"date":"2022-05-31T17:23:05","date_gmt":"2022-06-01T00:23:05","guid":{"rendered":"https:\/\/cleanwaterservices.org\/nuestra-agua\/recuperacion-de-recursos-redireccionamiento\/acerca-de-la-recuperacion-de-recursos\/"},"modified":"2024-04-09T09:58:59","modified_gmt":"2024-04-09T16:58:59","slug":"acerca-de-la-recuperacion-de-recursos","status":"publish","type":"page","link":"https:\/\/cleanwaterservices.org\/es\/nuestra-agua\/recuperacion-de-recursos\/acerca-de-la-recuperacion-de-recursos\/","title":{"rendered":"Acerca de la Recuperaci\u00f3n de Recursos"},"content":{"rendered":"\n<figure class=\"wp-block-image alignright size-large is-style-circle\"><img loading=\"lazy\" decoding=\"async\" width=\"1024\" height=\"683\" src=\"https:\/\/cleanwaterservices.org\/wp-content\/uploads\/2022\/06\/2016-aerial-Forest-Grove-Fernhill-wetlands-159-1024x683.jpg\" alt=\"2016-aerial-Forest-Grove-Fernhill-wetlands-159\" class=\"wp-image-2603\" srcset=\"https:\/\/cleanwaterservices.org\/wp-content\/uploads\/2022\/06\/2016-aerial-Forest-Grove-Fernhill-wetlands-159-1024x683.jpg 1024w, https:\/\/cleanwaterservices.org\/wp-content\/uploads\/2022\/06\/2016-aerial-Forest-Grove-Fernhill-wetlands-159-300x200.jpg 300w, https:\/\/cleanwaterservices.org\/wp-content\/uploads\/2022\/06\/2016-aerial-Forest-Grove-Fernhill-wetlands-159-768x512.jpg 768w, https:\/\/cleanwaterservices.org\/wp-content\/uploads\/2022\/06\/2016-aerial-Forest-Grove-Fernhill-wetlands-159-1536x1024.jpg 1536w, https:\/\/cleanwaterservices.org\/wp-content\/uploads\/2022\/06\/2016-aerial-Forest-Grove-Fernhill-wetlands-159.jpg 1920w\" sizes=\"auto, 384px\" \/><\/figure>\n\n\n\n<p class=\"wp-block-paragraph\">Las empresas de servicios p\u00fablicos de recuperaci\u00f3n de recursos hidr\u00e1ulicos de todo el mundo est\u00e1n experimentando una revoluci\u00f3n.<\/p>\n\n\n\n\n\n<p class=\"wp-block-paragraph\">En la agencia Clean Water Services, hemos pasado de los sistemas de tratamiento convencionales de tuber\u00edas, bombas y plantas, a instalaciones de recuperaci\u00f3n de recursos. Desde <a href=\"https:\/\/cleanwaterservices.org\/es\/nuestra-agua\/recuperacion-de-recursos\/reuso-del-agua\/\">agua reciclada<\/a> y energ\u00eda hasta nutrientes como <a href=\"https:\/\/cleanwaterservices.org\/es\/nuestra-agua\/recuperacion-de-recursos\/nutrientes\/\" data-type=\"page\" data-id=\"623\">bios\u00f3lidos<\/a> y <a href=\"https:\/\/www.cleanwatergrow.com\/\" rel=\"nofollow noopener\">fertilizantes de liberaci\u00f3n lenta<\/a>, nuestras pr\u00e1cticas innovadoras producen <a href=\"https:\/\/cleanwaterservices.org\/es\/nuestra-agua\/proceso-de-tratamiento-de-agua\/general\/\">agua limpia<\/a>, <a href=\"https:\/\/cleanwaterservices.org\/es\/nuestra-agua\/recuperacion-de-recursos\/nutrientes\/\">nutrientes<\/a> y <a href=\"https:\/\/cleanwaterservices.org\/es\/nuestra-agua\/recuperacion-de-recursos\/energia\/\">energ\u00eda<\/a> para minimizar el desperdicio, maximizar los recursos y ahorrar dinero a los contribuyentes.<\/p>\n\n\n\n<div style=\"height:40px\" aria-hidden=\"true\" class=\"wp-block-spacer\"><\/div>\n","protected":false},"excerpt":{"rendered":"<p>Las empresas de servicios p\u00fablicos de recuperaci\u00f3n de recursos hidr\u00e1ulicos de todo el mundo est\u00e1n experimentando una revoluci\u00f3n. En la agencia Clean Water Services, hemos pasado de los sistemas de tratamiento convencionales de tuber\u00edas, bombas y plantas, a instalaciones de recuperaci\u00f3n de recursos. Desde agua reciclada y energ\u00eda hasta nutrientes como bios\u00f3lidos y fertilizantes de [&hellip;]<\/p>\n","protected":false},"author":220134337,"featured_media":0,"parent":4186,"menu_order":0,"comment_status":"closed","ping_status":"closed","template":"","meta":{"_acf_changed":false,"_crdt_document":"","footnotes":""},"class_list":["post-4187","page","type-page","status-publish","hentry"],"acf":[],"_links":{"self":[{"href":"https:\/\/cleanwaterservices.org\/es\/wp-json\/wp\/v2\/pages\/4187","targetHints":{"allow":["GET"]}}],"collection":[{"href":"https:\/\/cleanwaterservices.org\/es\/wp-json\/wp\/v2\/pages"}],"about":[{"href":"https:\/\/cleanwaterservices.org\/es\/wp-json\/wp\/v2\/types\/page"}],"author":[{"embeddable":true,"href":"https:\/\/cleanwaterservices.org\/es\/wp-json\/wp\/v2\/users\/220134337"}],"replies":[{"embeddable":true,"href":"https:\/\/cleanwaterservices.org\/es\/wp-json\/wp\/v2\/comments?post=4187"}],"version-history":[{"count":5,"href":"https:\/\/cleanwaterservices.org\/es\/wp-json\/wp\/v2\/pages\/4187\/revisions"}],"predecessor-version":[{"id":9922,"href":"https:\/\/cleanwaterservices.org\/es\/wp-json\/wp\/v2\/pages\/4187\/revisions\/9922"}],"up":[{"embeddable":true,"href":"https:\/\/cleanwaterservices.org\/es\/wp-json\/wp\/v2\/pages\/4186"}],"wp:attachment":[{"href":"https:\/\/cleanwaterservices.org\/es\/wp-json\/wp\/v2\/media?parent=4187"}],"curies":[{"name":"wp","href":"https:\/\/api.w.org\/{rel}","templated":true}]}}