{"id":4159,"date":"2022-05-20T16:50:44","date_gmt":"2022-05-20T23:50:44","guid":{"rendered":"https:\/\/cleanwaterservices.org\/industria-de-negocios\/programa-de-instalaciones-privadas-de-calidad-del-agua\/"},"modified":"2026-02-06T14:52:51","modified_gmt":"2026-02-06T22:52:51","slug":"programa-de-instalaciones-privadas-de-calidad-del-agua","status":"publish","type":"page","link":"https:\/\/cleanwaterservices.org\/es\/industria-de-negocios\/programa-de-instalaciones-privadas-de-calidad-del-agua\/","title":{"rendered":"Programa para las Instalaciones Privadas de la Calidad del Agua"},"content":{"rendered":"\n<p class=\"wp-block-paragraph\">Clean Water Services y sus ciudades asociadas iniciaron un programa para inspeccionar peri\u00f3dicamente y apoyar el mantenimiento de las instalaciones de calidad del agua de propiedad privada. Estas instalaciones est\u00e1n construidas para proteger los valiosos recursos hidr\u00e1ulicos al eliminar la contaminaci\u00f3n de la corriente de aguas pluviales antes de que ingrese a los arroyos locales y al R\u00edo Tualatin.<\/p>\n\n\n\n<h3 class=\"wp-block-heading\"><strong>Ciudades Asociadas<\/strong><\/h3>\n\n\n\n<p class=\"wp-block-paragraph\">Nuestras ciudades asociadas m\u00e1s grandes han desarrollado programas de inspecci\u00f3n que se alinean con el programa de inspecci\u00f3n de Clean Water Services. Llevar\u00e1n a cabo inspecciones y se pueden utilizar como recurso. Si su propiedad est\u00e1 ubicada en una de estas ciudades \u2014 <a href=\"https:\/\/www.beavertonoregon.gov\/\" target=\"_blank\" rel=\"noreferrer noopener nofollow\">Beaverton<\/a> , <a href=\"https:\/\/www.ci.cornelius.or.us\/\" target=\"_blank\" rel=\"noreferrer noopener nofollow\">Cornelius<\/a> , <a href=\"https:\/\/www.forestgrove-or.gov\/\" target=\"_blank\" rel=\"noreferrer noopener nofollow\">Forest Grove<\/a> , <a href=\"https:\/\/www.hillsboro-oregon.gov\/\" target=\"_blank\" rel=\"noreferrer noopener nofollow\">Hillsboro<\/a> , <a href=\"https:\/\/www.sherwoodoregon.gov\/\" target=\"_blank\" rel=\"noreferrer noopener nofollow\">Sherwood<\/a> , <a href=\"https:\/\/www.tigard-or.gov\/\" target=\"_blank\" rel=\"noreferrer noopener nofollow\">Tigard<\/a> o <a href=\"https:\/\/www.tualatinoregon.gov\/engineering\/private-water-quality-facility-program\" target=\"_blank\" rel=\"noreferrer noopener nofollow\">Tualatin<\/a> \u2014 comun\u00edquese por favor con la ciudad correspondiente si tiene preguntas sobre su instalaci\u00f3n privada de calidad del agua. <\/p>\n\n\n\n<p class=\"wp-block-paragraph\">If your property is in unincorporated portions of Washington County or in Banks, Gaston, Durham, King City, or North Plains, <a href=\"https:\/\/cleanwaterservices.org\/es\/industria-de-negocios\/programa-de-instalaciones-privadas-de-calidad-del-agua\/#contact-pwqf\">contact Clean Water Services<\/a> with questions.&nbsp;<\/p>\n\n\n\n<h3 class=\"wp-block-heading\"><strong>Habitantes<\/strong><\/h3>\n\n\n\n<p class=\"wp-block-paragraph\">Obtenga informaci\u00f3n sobre c\u00f3mo mantener la instalaci\u00f3n privada de calidad del agua en<a href=\"https:\/\/cleanwaterservices.org\/wp-content\/uploads\/2022\/06\/home-lida.pdf\" target=\"_blank\" rel=\"noreferrer noopener\">su jard\u00edn<\/a>(PDF) y explore la informaci\u00f3n sobre la I<a href=\"https:\/\/cleanwaterservices.org\/wp-content\/uploads\/2022\/06\/green-infrastructure-fact-sheet.pdf\" target=\"_blank\" rel=\"noreferrer noopener\">nfraestructura Ecol\u00f3gica<\/a> (PDF). <\/p>\n\n\n\n<hr class=\"wp-block-separator has-alpha-channel-opacity\"\/>\n\n\n\n<h2 class=\"wp-block-heading\"><strong>Elementos del Programa<\/strong><\/h2>\n\n\n\n<h3 id=\"regulations\" class=\"wp-block-heading\">Regulaciones y Gu\u00edas<\/h3>\n\n\n\n<p class=\"wp-block-paragraph\">Clean Water Services y las ciudades asociadas implementaron el programa privado de la administraci\u00f3n de instalaciones de calidad del agua bajo el Plan de Administraci\u00f3n de Aguas Pluviales de CWS en 2001. El programa incluye la inspecci\u00f3n de todas las instalaciones residenciales, comerciales e industriales de calidad del agua pluvial mantenidas por propietarios privados. El objetivo general del programa es educar a los propietarios sobre c\u00f3mo funcionan estas instalaciones y garantizar que las instalaciones se mantengan y operen correctamente. Los siguientes recursos est\u00e1n disponibles para ayudar a los propietarios.<\/p>\n\n\n\n<h3 class=\"wp-block-heading\"><strong>Gu\u00edas de Inspecci\u00f3n<\/strong><\/h3>\n\n\n\n<p class=\"wp-block-paragraph\">La <a href=\"https:\/\/cleanwaterservices.org\/wp-content\/uploads\/2022\/09\/PWQF-Inspection-Guide-6-2022-ADA.pdf\" target=\"_blank\" rel=\"noreferrer noopener\">Gu\u00eda de Inspecci\u00f3n<\/a> (PDF, 11MB) es un complemento de los <a href=\"https:\/\/cleanwaterservices.org\/es\/permisos-y-desarrollo\/estandares-de-diseno-y-construccion\/ver-los-estandares\/\" data-type=\"page\" data-id=\"1445\">Est\u00e1ndares de Dise\u00f1o y Construcci\u00f3n<\/a> de los Servicios de Agua Limpia y se debe utilizar junto con las Normas y otras reglamentaciones y c\u00f3digos locales aplicables. Esta gu\u00eda explica los beneficios de los Enfoques de Desarrollo de Bajo Impacto (LIDA, siglas en ingl\u00e9s), la planificaci\u00f3n del sitio y el proceso de dise\u00f1o. Tambi\u00e9n incluye planes de operaci\u00f3n y mantenimiento para cada tipo de instalaci\u00f3n.<\/p>\n\n\n\n<h3 class=\"wp-block-heading\"><strong>Planes de Operaci\u00f3n y Mantenimiento<\/strong><\/h3>\n\n\n\n<p class=\"wp-block-paragraph\">Estos planes gu\u00edan a los propietarios en lo referente a la frecuencia de inspecci\u00f3n adecuada y las tareas de mantenimiento recomendadas para cada tipo de instalaci\u00f3n. Vaya a la p\u00e1gina 43 de la <a href=\"https:\/\/cleanwaterservices.org\/wp-content\/uploads\/2022\/09\/PWQF-Inspection-Guide-6-2022-ADA.pdf\" target=\"_blank\" rel=\"noreferrer noopener\">Gu\u00eda de Inspecci\u00f3n<\/a> (PDF, 11MB) y mantenga un <a href=\"https:\/\/cleanwaterservices.org\/wp-content\/uploads\/2022\/06\/pwqf-inspection-log.pdf\" target=\"_blank\" rel=\"noreferrer noopener\">Registro de Inspecci\u00f3n<\/a> (PDF).<\/p>\n\n\n\n<h3 class=\"wp-block-heading\">Material Comunitario<\/h3>\n\n\n\n<ul class=\"wp-block-list\">\n<li><a href=\"https:\/\/cleanwaterservices.org\/wp-content\/uploads\/2022\/06\/pwqf-brochure.pdf\" target=\"_blank\" rel=\"noreferrer noopener\">Folleto de Mantenimiento PWQF<\/a> (PDF) <\/li>\n\n\n\n<li><a href=\"https:\/\/cleanwaterservices.org\/wp-content\/uploads\/2022\/06\/pwqf-maintenance-field-guide.pdf\" target=\"_blank\" rel=\"noreferrer noopener\">Gu\u00eda para el Mantenimiento de Campo PWQF<\/a> (PDF) <\/li>\n\n\n\n<li><a href=\"https:\/\/cleanwaterservices.org\/wp-content\/uploads\/2022\/09\/Native-plant-and-seed-2023.pdf\" target=\"_blank\" rel=\"noreferrer noopener\">Viveros y Recursos de Semillas<\/a> (PDF)<\/li>\n\n\n\n<li><a href=\"https:\/\/cleanwaterservices.org\/wp-content\/uploads\/2022\/05\/invasive-plant-handout.pdf\" target=\"_blank\" rel=\"noreferrer noopener\">Volantes Sobre Plantas Invasoras<\/a> (PDF)<\/li>\n\n\n\n<li><a href=\"https:\/\/cleanwaterservices.org\/wp-content\/uploads\/2022\/06\/wqf-native-plant-brochure.pdf\" target=\"_blank\" rel=\"noreferrer noopener\">Plantas Nativas para PWQF<\/a> (PDF) <\/li>\n\n\n\n<li><a href=\"https:\/\/cleanwaterservices.org\/wp-content\/uploads\/2025\/07\/ADA-Integrated-Pest-Management-Plan-2024-v2-1-1.pdf\" target=\"_blank\" rel=\"noreferrer noopener\">Plan Administrativo Integrado para las Plagas<\/a> (PDF)<\/li>\n\n\n\n<li><a href=\"https:\/\/www.conteches.com\/Products\/Stormwater-Management\/Treatment\/Stormwater-Management-StormFilter\" target=\"_blank\" rel=\"noreferrer noopener nofollow\">Dep\u00f3sitos y B\u00f3vedas de Captura para Filtros<\/a><\/li>\n<\/ul>\n\n\n\n<h3 class=\"wp-block-heading\">Planes de Operaci\u00f3n y Mantenimiento<\/h3>\n\n\n\n<ul class=\"wp-block-list\">\n<li><a href=\"https:\/\/cleanwaterservices.org\/wp-content\/uploads\/2022\/09\/porous-pavement.pdf\" target=\"_blank\" rel=\"noreferrer noopener\">Pavimento Poroso<\/a> (PDF) <\/li>\n\n\n\n<li><a href=\"https:\/\/cleanwaterservices.org\/wp-content\/uploads\/2022\/09\/green-roof.pdf\" target=\"_blank\" rel=\"noreferrer noopener\">Techo Ecol\u00f3gico <\/a> (PDF)<\/li>\n\n\n\n<li><a href=\"https:\/\/cleanwaterservices.org\/wp-content\/uploads\/2022\/06\/infiltration-planter-rain-garden.pdf\" target=\"_blank\" rel=\"noreferrer noopener\">Jardinera de Infiltraci\u00f3n, Jard\u00edn de Lluvia<\/a> (PDF) <\/li>\n\n\n\n<li><a href=\"https:\/\/cleanwaterservices.org\/wp-content\/uploads\/2022\/06\/flow-through-planter.pdf\" target=\"_blank\" rel=\"noreferrer noopener\">Jardinera de Paso Continuo<\/a> (PDF)<\/li>\n\n\n\n<li><a href=\"https:\/\/cleanwaterservices.org\/wp-content\/uploads\/2022\/06\/lida-swale.pdf\" target=\"_blank\" rel=\"noreferrer noopener\">Llanura de Inundaci\u00f3n LIDA<\/a> (PDF)<\/li>\n\n\n\n<li><a href=\"https:\/\/cleanwaterservices.org\/wp-content\/uploads\/2022\/06\/vegetated-filter-strip.pdf\" target=\"_blank\" rel=\"noreferrer noopener\">Franja de Filtro con Vegetaci\u00f3n<\/a> (PDF)<\/li>\n\n\n\n<li><a href=\"https:\/\/cleanwaterservices.org\/wp-content\/uploads\/2022\/06\/vegetated-swale.pdf\" target=\"_blank\" rel=\"noreferrer noopener\">Llanura de Inundaci\u00f3n con Vegetaci\u00f3n<\/a> (PDF)<\/li>\n\n\n\n<li><a href=\"https:\/\/cleanwaterservices.org\/wp-content\/uploads\/2022\/09\/extended-dry-basin.pdf\" target=\"_blank\" rel=\"noreferrer noopener\">Cuenca seca Extendida<\/a> (PDF)<\/li>\n\n\n\n<li><a href=\"https:\/\/cleanwaterservices.org\/wp-content\/uploads\/2022\/09\/constructed-water-quality-wetland.pdf\" target=\"_blank\" rel=\"noreferrer noopener\">Terreno Pantanoso Construido para la Calidad del Agua<\/a> (PDF)<\/li>\n<\/ul>\n\n\n\n<h3 class=\"wp-block-heading\">Recursos\/Entrenamiento del Contratista<\/h3>\n\n\n\n<ul class=\"wp-block-list\">\n<li><a href=\"https:\/\/cleanwaterservices.org\/wp-content\/uploads\/2026\/02\/VWQF-Pref-Providers-01.26-ADA-1.pdf\" target=\"_blank\" rel=\"noreferrer noopener\">Contratistas de Mantenimiento<\/a> (PDF)<\/li>\n\n\n\n<li><a href=\"https:\/\/cleanwaterservices.org\/wp-content\/uploads\/2022\/06\/vegetated-private-wqf-training.pdf\" target=\"_blank\" rel=\"noreferrer noopener\">Entrenamiento Privado WQF de Vegetaci\u00f3n<\/a> (PDF)<\/li>\n\n\n\n<li>Pague por el entrenamiento en l\u00ednea (La Naturaleza de la Infraestructura Ecol\u00f3gica o La Naturaleza de la Infraestructura Ecol\u00f3gica) cuando configure su cuenta en CWL<a href=\"https:\/\/www.cleanwaterlearning.org\/?KeyName=VWQFonline\" target=\"_blank\" rel=\"noreferrer noopener nofollow\">en l\u00ednea<\/a><\/li>\n<\/ul>\n\n\n\n<hr class=\"wp-block-separator has-alpha-channel-opacity\"\/>\n\n\n\n<h2 class=\"wp-block-heading\">Preguntas Hechas con Frecuencia (FAQ, siglas en ingl\u00e9s)<\/h2>\n\n\n\n<div class=\"wp-block-pb-accordion-item c-accordion__item js-accordion-item no-js\" data-initially-open=\"false\" data-click-to-close=\"true\" data-auto-close=\"true\" data-scroll=\"false\" data-scroll-offset=\"0\"><h2 id=\"at-41590\" class=\"c-accordion__title js-accordion-controller\" role=\"button\">\u00bfCu\u00e1l es la intenci\u00f3n del programa privado de administraci\u00f3n de instalaciones de calidad del agua?<\/h2><div id=\"ac-41590\" class=\"c-accordion__content\">\n<p class=\"wp-block-paragraph\">El objetivo de este programa es garantizar que las instalaciones privadas de calidad del agua funcionen seg\u00fan lo previsto, y educar a los propietarios de estas instalaciones sobre las pr\u00e1cticas adecuadas de inspecci\u00f3n y mantenimiento, que mantendr\u00e1n la instalaci\u00f3n funcionando correctamente.<\/p>\n<\/div><\/div>\n\n\n\n<div class=\"wp-block-pb-accordion-item c-accordion__item js-accordion-item no-js\" data-initially-open=\"false\" data-click-to-close=\"true\" data-auto-close=\"true\" data-scroll=\"false\" data-scroll-offset=\"0\"><h2 id=\"at-41591\" class=\"c-accordion__title js-accordion-controller\" role=\"button\">\u00bfCu\u00e1l es el prop\u00f3sito de una instalaci\u00f3n de calidad del agua y c\u00f3mo funciona?<\/h2><div id=\"ac-41591\" class=\"c-accordion__content\">\n<p class=\"wp-block-paragraph\">Las instalaciones de calidad del agua generalmente se dividen en dos: con vegetaci\u00f3n y estructurales. Cada tipo de instalaci\u00f3n de calidad del agua est\u00e1 dise\u00f1ado para cumplir con los est\u00e1ndares descritos en los Est\u00e1ndares de Dise\u00f1o y Construcci\u00f3n de los Servicios de Agua Limpia. En general, las aguas pluviales pasan a trav\u00e9s de las instalaciones con vegetaci\u00f3n, y la vegetaci\u00f3n filtra una gran variedad de contaminantes y nutrientes de las aguas pluviales. En una instalaci\u00f3n estructural, los contaminantes de las aguas pluviales se eliminan a trav\u00e9s de los medios filtrantes como la perlita. Tambi\u00e9n hay pozos de mantenimiento de la calidad del agua, o bocas de inspecci\u00f3n, que capturan sedimentos y materiales flotantes antes de la descarga en las instalaciones de la calidad del agua con vegetaci\u00f3n o estructurales.<\/p>\n<\/div><\/div>\n\n\n\n<div class=\"wp-block-pb-accordion-item c-accordion__item js-accordion-item no-js\" data-initially-open=\"false\" data-click-to-close=\"true\" data-auto-close=\"true\" data-scroll=\"false\" data-scroll-offset=\"0\"><h2 id=\"at-41592\" class=\"c-accordion__title js-accordion-controller\" role=\"button\">\u00bfPor qu\u00e9 Clean Water Services inspecciona las instalaciones privadas de la calidad del agua?<\/h2><div id=\"ac-41592\" class=\"c-accordion__content\">\n<p class=\"wp-block-paragraph\">De acuerdo con el permiso del Sistema Nacional de Eliminaci\u00f3n de Descargas de Contaminantes (NPDES, siglas en ingl\u00e9s) emitido por el Departamento de Calidad Ambiental de Oreg\u00f3n (DEQ), estamos obligados a identificar a los propietarios de instalaciones privadas de calidad del agua, desarrollar e implementar un programa de inspecci\u00f3n, y desarrollar y distribuir materiales educativos que describan el prop\u00f3sito de estas instalaciones de la calidad del agua y las t\u00e9cnicas de mantenimiento para mantener en funcionamiento las instalaciones privadas de la calidad del agua.<\/p>\n<\/div><\/div>\n\n\n\n<div class=\"wp-block-pb-accordion-item c-accordion__item js-accordion-item no-js\" data-initially-open=\"false\" data-click-to-close=\"true\" data-auto-close=\"true\" data-scroll=\"false\" data-scroll-offset=\"0\"><h2 id=\"at-41593\" class=\"c-accordion__title js-accordion-controller\" role=\"button\">\u00bfCon qu\u00e9 frecuencia puedo esperar que Clean Water Services inspeccione mis instalaciones?<\/h2><div id=\"ac-41593\" class=\"c-accordion__content\">\n<p class=\"wp-block-paragraph\">Clean Water Services visitar\u00e1 su instalaci\u00f3n al menos una vez cada cuatro a\u00f1os para inspeccionar y consultar con usted sobre el mantenimiento necesario para corregir cualquier deficiencia identificada. Tambi\u00e9n le enviaremos avisos anuales para recordarle su obligaci\u00f3n de mantener apropiadamente su instalaci\u00f3n. CWS siempre intentar\u00e1 notificarle antes de ingresar a la propiedad para realizar inspecciones.<\/p>\n<\/div><\/div>\n\n\n\n<div class=\"wp-block-pb-accordion-item c-accordion__item js-accordion-item no-js\" data-initially-open=\"false\" data-click-to-close=\"true\" data-auto-close=\"true\" data-scroll=\"false\" data-scroll-offset=\"0\"><h2 id=\"at-41594\" class=\"c-accordion__title js-accordion-controller\" role=\"button\">Como propietario de una instalaci\u00f3n privada de la calidad del agua, \u00bfcu\u00e1l es mi responsabilidad?<\/h2><div id=\"ac-41594\" class=\"c-accordion__content\">\n<p class=\"wp-block-paragraph\">Como propietario, usted es responsable de inspeccionar su instalaci\u00f3n anualmente y realizar el mantenimiento para garantizar que su instalaci\u00f3n contin\u00fae funcionando correctamente. Si recibe una lista de correcci\u00f3n de mantenimiento de Clean Water Services que identifica deficiencias en su instalaci\u00f3n, debe desarrollar un plan para corregir esas deficiencias.<\/p>\n<\/div><\/div>\n\n\n\n<div class=\"wp-block-pb-accordion-item c-accordion__item js-accordion-item no-js\" data-initially-open=\"false\" data-click-to-close=\"true\" data-auto-close=\"true\" data-scroll=\"false\" data-scroll-offset=\"0\"><h2 id=\"at-41595\" class=\"c-accordion__title js-accordion-controller\" role=\"button\">\u00bfQu\u00e9 sucede si no realizo el mantenimiento requerido despu\u00e9s de que Clean Water Services identifique las deficiencias?<\/h2><div id=\"ac-41595\" class=\"c-accordion__content\">\n<p class=\"wp-block-paragraph\">Clean Water Services trabajar\u00e1 con cada propietario para cumplir con las solicitudes para enfrentar las deficiencias identificadas durante una inspecci\u00f3n. El primer paso es educar a cada propietario sobre la importancia del mantenimiento y c\u00f3mo mantener sus instalaciones. El objetivo es lograr el cumplimiento voluntario. Si no se puede lograr el cumplimiento voluntario, podemos implementar un proceso de cumplimiento escalonado.<\/p>\n<\/div><\/div>\n\n\n\n<div class=\"wp-block-pb-accordion-item c-accordion__item js-accordion-item no-js\" data-initially-open=\"false\" data-click-to-close=\"true\" data-auto-close=\"true\" data-scroll=\"false\" data-scroll-offset=\"0\"><h2 id=\"at-41596\" class=\"c-accordion__title js-accordion-controller\" role=\"button\">\u00bfC\u00f3mo mantengo mi instalaci\u00f3n de calidad del agua?<\/h2><div id=\"ac-41596\" class=\"c-accordion__content\">\n<p class=\"wp-block-paragraph\">Cada propietario de una instalaci\u00f3n privada de calidad del agua recibir\u00e1 un paquete de informaci\u00f3n que incluye orientaci\u00f3n sobre c\u00f3mo inspeccionar y mantener su instalaci\u00f3n: <\/p>\n\n\n\n<ul class=\"wp-block-list\">\n<li>Ejemplos de vegetaci\u00f3n aprobada que se puede plantar en instalaciones con vegetaci\u00f3n.<\/li>\n\n\n\n<li>Hojas informativas que lo ayudan a identificar malezas invasoras y m\u00e9todos de control.<\/li>\n\n\n\n<li>Planes de operaci\u00f3n y mantenimiento que brindan orientaci\u00f3n sobre c\u00f3mo mantener cada tipo de instalaci\u00f3n.<\/li>\n\n\n\n<li>Una lista de contratistas que hayan completado una capacitaci\u00f3n especializada sobre c\u00f3mo realizar el mantenimiento necesario para garantizar que sus instalaciones funcionen correctamente.<\/li>\n<\/ul>\n\n\n\n<p class=\"wp-block-paragraph\"><a href=\"https:\/\/cleanwaterservices.org\/es\/industria-de-negocios\/programa-de-instalaciones-privadas-de-calidad-del-agua\/#regulations\">This information is available on our website.<\/a><\/p>\n<\/div><\/div>\n\n\n\n<div class=\"wp-block-pb-accordion-item c-accordion__item js-accordion-item no-js\" data-initially-open=\"false\" data-click-to-close=\"true\" data-auto-close=\"true\" data-scroll=\"false\" data-scroll-offset=\"0\"><h2 id=\"at-41597\" class=\"c-accordion__title js-accordion-controller\" role=\"button\">\u00bfPor qu\u00e9 es tan importante mantener mi instalaci\u00f3n de calidad del agua?<\/h2><div id=\"ac-41597\" class=\"c-accordion__content\">\n<p class=\"wp-block-paragraph\">Una instalaci\u00f3n que funcione bien reducir\u00e1 la contaminaci\u00f3n de las aguas pluviales que ingresan a las v\u00edas fluviales locales y puede reducir los problemas de erosi\u00f3n y las inundaciones localizadas. Las instalaciones de calidad del agua con vegetaci\u00f3n tambi\u00e9n pueden ser hermosas y aumentar el valor est\u00e9tico de su propiedad si se mantienen adecuadamente. En \u00faltima instancia, estas instalaciones ayudan a proteger la calidad del agua en la cuenca del r\u00edo Tualatin, un recurso natural que brinda agua potable y oportunidades recreativas en el condado de Washington.<\/p>\n<\/div><\/div>\n\n\n\n<hr class=\"wp-block-separator has-alpha-channel-opacity\"\/>\n\n\n\n<h2 id=\"contact-pwqf\" class=\"wp-block-heading\">Contactos<\/h2>\n\n\n\n<p class=\"wp-block-paragraph\"><strong>Rachel Burr<\/strong><br>Supervisors del Programa de Inspecci\u00f3n<br>503.681.3613<br><a href=\"mailto:burrr@cleanwaterservices.org\">burrr@cleanwaterservices.org<\/a><\/p>\n\n\n\n<p class=\"wp-block-paragraph\"><strong>Kelly Jett<\/strong><br>Especialista en Servicios T\u00e9cnicos 3<br>503.681.3696<br><a href=\"mailto:jettk@cleanwaterservices.org\">jettk@cleanwaterservices.org<\/a><\/p>\n\n\n\n<p class=\"wp-block-paragraph\"><strong>Arthur Kinne<\/strong><br>Especialista en Servicios T\u00e9cnicos 2<br>503.681.4435<br><a href=\"mailto:kinnea@cleanwaterservices.org\" target=\"_blank\" rel=\"noreferrer noopener\">kinnea@cleanwaterservices.org<\/a><\/p>\n\n\n\n<p class=\"wp-block-paragraph\"><\/p>\n","protected":false},"excerpt":{"rendered":"<p>Clean Water Services y sus ciudades asociadas iniciaron un programa para inspeccionar peri\u00f3dicamente y apoyar el mantenimiento de las instalaciones de calidad del agua de propiedad privada. Estas instalaciones est\u00e1n construidas para proteger los valiosos recursos hidr\u00e1ulicos al eliminar la contaminaci\u00f3n de la corriente de aguas pluviales antes de que ingrese a los arroyos locales [&hellip;]<\/p>\n","protected":false},"author":220134337,"featured_media":0,"parent":4149,"menu_order":3,"comment_status":"closed","ping_status":"closed","template":"","meta":{"_acf_changed":false,"_crdt_document":"","footnotes":""},"class_list":["post-4159","page","type-page","status-publish","hentry"],"acf":[],"_links":{"self":[{"href":"https:\/\/cleanwaterservices.org\/es\/wp-json\/wp\/v2\/pages\/4159","targetHints":{"allow":["GET"]}}],"collection":[{"href":"https:\/\/cleanwaterservices.org\/es\/wp-json\/wp\/v2\/pages"}],"about":[{"href":"https:\/\/cleanwaterservices.org\/es\/wp-json\/wp\/v2\/types\/page"}],"author":[{"embeddable":true,"href":"https:\/\/cleanwaterservices.org\/es\/wp-json\/wp\/v2\/users\/220134337"}],"replies":[{"embeddable":true,"href":"https:\/\/cleanwaterservices.org\/es\/wp-json\/wp\/v2\/comments?post=4159"}],"version-history":[{"count":6,"href":"https:\/\/cleanwaterservices.org\/es\/wp-json\/wp\/v2\/pages\/4159\/revisions"}],"predecessor-version":[{"id":14326,"href":"https:\/\/cleanwaterservices.org\/es\/wp-json\/wp\/v2\/pages\/4159\/revisions\/14326"}],"up":[{"embeddable":true,"href":"https:\/\/cleanwaterservices.org\/es\/wp-json\/wp\/v2\/pages\/4149"}],"wp:attachment":[{"href":"https:\/\/cleanwaterservices.org\/es\/wp-json\/wp\/v2\/media?parent=4159"}],"curies":[{"name":"wp","href":"https:\/\/api.w.org\/{rel}","templated":true}]}}