{"id":4153,"date":"2022-05-20T16:50:06","date_gmt":"2022-05-20T23:50:06","guid":{"rendered":"https:\/\/cleanwaterservices.org\/descargas-temporales\/"},"modified":"2022-07-18T08:20:16","modified_gmt":"2022-07-18T15:20:16","slug":"descargas-temporales","status":"publish","type":"page","link":"https:\/\/cleanwaterservices.org\/es\/industria-de-negocios\/prevencion-y-eliminacion-de-residuos\/descargas-temporales\/","title":{"rendered":"Descargas Temporales"},"content":{"rendered":"\n<figure class=\"wp-block-image alignright is-style-circle\"><img loading=\"lazy\" decoding=\"async\" width=\"1600\" height=\"1067\" src=\"https:\/\/cleanwaterservices.org\/wp-content\/uploads\/2022\/05\/DSC7641a.jpg\" alt=\"Dos empleados de Clean Water Services trabajan juntos en el papeleo mientras conversan. Se sientan en un cub&#xED;culo y cada uno tiene un papel frente a ellos como referencia.\" class=\"wp-image-1137\" srcset=\"https:\/\/cleanwaterservices.org\/wp-content\/uploads\/2022\/05\/DSC7641a.jpg 1600w, https:\/\/cleanwaterservices.org\/wp-content\/uploads\/2022\/05\/DSC7641a-300x200.jpg 300w, https:\/\/cleanwaterservices.org\/wp-content\/uploads\/2022\/05\/DSC7641a-1024x683.jpg 1024w, https:\/\/cleanwaterservices.org\/wp-content\/uploads\/2022\/05\/DSC7641a-768x512.jpg 768w, https:\/\/cleanwaterservices.org\/wp-content\/uploads\/2022\/05\/DSC7641a-1536x1024.jpg 1536w\" sizes=\"auto, 384px\" \/><\/figure>\n\n<p class=\"wp-block-paragraph\">Como su socio en la administraci\u00f3n de los recursos hidr\u00e1ulicos, nuestro equipo de Servicios ambientales ofrece orientaci\u00f3n y asistencia t\u00e9cnica para garantizar que cumpla con las reglamentaciones federales. Nuestro proceso le ayuda a cumplir la normativa y a eliminar las aguas residuales de forma responsable, incluidos los vertidos temporales, como el agua de limpieza de l\u00edneas, el desag\u00fce o los proyectos a corto plazo.  <\/p>\n\n<p class=\"wp-block-paragraph\">Para comenzar, seleccione su tipo de descarga temporal a continuaci\u00f3n, siga las instrucciones y env\u00ede la solicitud correspondiente. Una vez recibido, su Investigador de Servicios Ambientales enviar\u00e1 su solicitud para comentarios y aprobaci\u00f3n final.<\/p>\n\n<hr class=\"wp-block-separator has-alpha-channel-opacity\"\/>\n\n<h2 class=\"wp-block-heading\"><strong>Tipos de Descargas Temporales<\/strong><\/h2>\n\n<h3 class=\"wp-block-heading\"><strong>Agua Clorinada<\/strong><\/h3>\n\n<p class=\"wp-block-paragraph\">Las ciudades, los centros recreativos, los distritos de agua, los departamentos de bomberos, y los contratistas a menudo necesitan desechar el agua clorinada. Hay diferentes opciones disponibles, basadas en una variedad de factores.<\/p>\n\n<p class=\"wp-block-paragraph\">Siga estas gu\u00edas para descargar agua de lavado o desinfecci\u00f3n de l\u00edneas, limpieza de albercas, pruebas de hidrantes, y otras actividades similares:<\/p>\n\n<ul class=\"wp-block-list\"><li><strong>Caudal m\u00e1ximo:<\/strong> 50 galones\/minuto<\/li><li><strong>Volumen total m\u00e1ximo:<\/strong> 24,000 galones\/d\u00eda<\/li><li><strong>La descarga debe ocurrir de lunes a viernes, 9 am &#8211; 6 pm<\/strong><\/li><\/ul>\n\n<p class=\"wp-block-paragraph\">Regulamos las descargas de agua clorinada al sistema de alcantarillado sanitario para reducir el riesgo de un evento de desbordamiento. <a href=\"https:\/\/cleanwaterservices.org\/wp-content\/uploads\/2022\/06\/temporary-sanitary-discharges.pdf\">Complete esta solicitud<\/a>(PDF) para solicitar un proceso acelerado de dos d\u00edas para descargar su agua potable no contaminada. <\/p>\n\n<h3 class=\"wp-block-heading\"><strong>Sitios de Remediaci\u00f3n y Descargas Contaminadas<\/strong><\/h3>\n\n<p class=\"wp-block-paragraph\">La descarga de aguas residuales de los sitios de remediaci\u00f3n es rara, pero puede presentar grandes riesgos ambientales. Antes de la descarga, <a href=\"https:\/\/cleanwaterservices.org\/wp-content\/uploads\/2022\/06\/temporary-sanitary-discharges.pdf\" target=\"_blank\" rel=\"noreferrer noopener\">complete su solicitud<\/a> (PDF). La solicitud se debe presentar al menos con dos semanas de anticipaci\u00f3n para permitir una revisi\u00f3n y aprobaci\u00f3n adecuadas.<\/p>\n\n<h3 class=\"wp-block-heading\"><strong>Otras Descargas No Contaminadas<\/strong><\/h3>\n\n<p class=\"wp-block-paragraph\">Otras solicitudes de descarga temporal, como el desag\u00fce de la construcci\u00f3n, la purificaci\u00f3n de la l\u00ednea de flotaci\u00f3n, y la eliminaci\u00f3n de agua por lotes, se eval\u00faan individualmente. <a href=\"https:\/\/cleanwaterservices.org\/wp-content\/uploads\/2022\/06\/temporary-sanitary-discharges.pdf\" target=\"_blank\" rel=\"noreferrer noopener\">Entre su solicitud<\/a> (PDF) al menos dos semanas antes de la descarga.<\/p>\n","protected":false},"excerpt":{"rendered":"<p>Como su socio en la administraci\u00f3n de los recursos hidr\u00e1ulicos, nuestro equipo de Servicios ambientales ofrece orientaci\u00f3n y asistencia t\u00e9cnica para garantizar que cumpla con las reglamentaciones federales. Nuestro proceso le ayuda a cumplir la normativa y a eliminar las aguas residuales de forma responsable, incluidos los vertidos temporales, como el agua de limpieza de [&hellip;]<\/p>\n","protected":false},"author":220134337,"featured_media":0,"parent":4185,"menu_order":3,"comment_status":"closed","ping_status":"closed","template":"","meta":{"_acf_changed":false,"_crdt_document":"","footnotes":""},"class_list":["post-4153","page","type-page","status-publish","hentry"],"acf":[],"_links":{"self":[{"href":"https:\/\/cleanwaterservices.org\/es\/wp-json\/wp\/v2\/pages\/4153","targetHints":{"allow":["GET"]}}],"collection":[{"href":"https:\/\/cleanwaterservices.org\/es\/wp-json\/wp\/v2\/pages"}],"about":[{"href":"https:\/\/cleanwaterservices.org\/es\/wp-json\/wp\/v2\/types\/page"}],"author":[{"embeddable":true,"href":"https:\/\/cleanwaterservices.org\/es\/wp-json\/wp\/v2\/users\/220134337"}],"replies":[{"embeddable":true,"href":"https:\/\/cleanwaterservices.org\/es\/wp-json\/wp\/v2\/comments?post=4153"}],"version-history":[{"count":5,"href":"https:\/\/cleanwaterservices.org\/es\/wp-json\/wp\/v2\/pages\/4153\/revisions"}],"predecessor-version":[{"id":7283,"href":"https:\/\/cleanwaterservices.org\/es\/wp-json\/wp\/v2\/pages\/4153\/revisions\/7283"}],"up":[{"embeddable":true,"href":"https:\/\/cleanwaterservices.org\/es\/wp-json\/wp\/v2\/pages\/4185"}],"wp:attachment":[{"href":"https:\/\/cleanwaterservices.org\/es\/wp-json\/wp\/v2\/media?parent=4153"}],"curies":[{"name":"wp","href":"https:\/\/api.w.org\/{rel}","templated":true}]}}